{"id":4201,"date":"2025-10-29T18:56:37","date_gmt":"2025-10-29T18:56:37","guid":{"rendered":"https:\/\/www.fbee.me\/sadece-turkiyede\/"},"modified":"2025-11-17T17:55:48","modified_gmt":"2025-11-17T17:55:48","slug":"sadece-turkiyede","status":"publish","type":"page","link":"https:\/\/www.fbee.me\/tr\/sadece-turkiyede\/","title":{"rendered":"Sadece T\u00fcrkiye&#8217;de"},"content":{"rendered":"<h3>Medikal turizm &#8211; hayatlar\u0131 de\u011fi\u015ftiren \u00f6zel bak\u0131m!<\/h3>\n<p>Sa\u011fl\u0131\u011f\u0131n\u0131z en iyisini hak ediyor. S\u0131radanl\u0131kla yetinmeyin &#8211; d\u00fcnya standartlar\u0131nda t\u0131bb\u0131, en son teknolojiyi ve d\u00fcnyaca \u00fcnl\u00fc uzmanlar\u0131 se\u00e7in. Medikal turizm, modern t\u0131bb\u0131n s\u0131n\u0131rlar\u0131n\u0131 zorlayan ve sa\u011fl\u0131\u011f\u0131n\u0131z, g\u00fczelli\u011finiz ve canl\u0131l\u0131\u011f\u0131n\u0131z i\u00e7in devrim niteli\u011finde \u00e7\u00f6z\u00fcmler getiren tedavilere kap\u0131 a\u00e7ar.    <\/p>\n<h3><\/h3>\n<h3>Spor turizmi &#8211; S\u0131n\u0131rlar\u0131 zorlay\u0131n, ke\u015ffedin, h\u00fckmedin!<\/h3>\n<p>Bu normal bir turizm de\u011fil. Bu bir meydan okuma! Adrenalin, dayan\u0131kl\u0131l\u0131k ve ke\u015ffin bir kombinasyonu &#8211; g\u00fcc\u00fcn\u00fcz\u00fcn, zihinsel dayan\u0131kl\u0131l\u0131\u011f\u0131n\u0131z\u0131n ve macera arzunuzun bir testi. Her ad\u0131m, her t\u0131rman\u0131\u015f, her deneyim sizi daha da ileriye ta\u015f\u0131yacak.     <\/p>\n<h3><\/h3>\n<h3>Daha fazlas\u0131n\u0131 m\u0131 istiyorsunuz? Bunu hak ediyorsunuz!   <\/h3>\n<p>Geli\u015fmi\u015f cerrahi prosed\u00fcrler ve estetik iyile\u015ftirmelerden rejeneratif t\u0131p ve ya\u015fam\u0131 uzatan tedavilere kadar her husus, ola\u011fan\u00fcst\u00fc sonu\u00e7lar sa\u011flamak i\u00e7in \u00f6zenle tasarlanm\u0131\u015ft\u0131r.<\/p>\n","protected":false},"excerpt":{"rendered":"<p>Medikal turizm &#8211; hayatlar\u0131 de\u011fi\u015ftiren \u00f6zel bak\u0131m! Sa\u011fl\u0131\u011f\u0131n\u0131z en iyisini hak ediyor. S\u0131radanl\u0131kla yetinmeyin &#8211; d\u00fcnya standartlar\u0131nda t\u0131bb\u0131, en son teknolojiyi ve d\u00fcnyaca \u00fcnl\u00fc uzmanlar\u0131 se\u00e7in. Medikal turizm, modern t\u0131bb\u0131n s\u0131n\u0131rlar\u0131n\u0131 zorlayan ve sa\u011fl\u0131\u011f\u0131n\u0131z, g\u00fczelli\u011finiz ve canl\u0131l\u0131\u011f\u0131n\u0131z i\u00e7in devrim niteli\u011finde \u00e7\u00f6z\u00fcmler getiren tedavilere kap\u0131 a\u00e7ar. Spor turizmi &#8211; S\u0131n\u0131rlar\u0131 zorlay\u0131n, ke\u015ffedin, h\u00fckmedin! Bu normal bir [&hellip;]<\/p>\n","protected":false},"author":2,"featured_media":0,"parent":0,"menu_order":0,"comment_status":"closed","ping_status":"closed","template":"page-templates\/template-category-page-turkey.php","meta":{"_acf_changed":false,"footnotes":""},"class_list":["post-4201","page","type-page","status-publish","hentry"],"acf":[],"yoast_head":"<!-- This site is optimized with the Yoast SEO plugin v26.0 - https:\/\/yoast.com\/wordpress\/plugins\/seo\/ -->\n<title>Sadece T\u00fcrkiye&#039;de - FBEE<\/title>\n<meta name=\"robots\" content=\"index, follow, max-snippet:-1, max-image-preview:large, max-video-preview:-1\" \/>\n<link rel=\"canonical\" href=\"https:\/\/www.fbee.me\/tr\/sadece-turkiyede\/\" \/>\n<meta property=\"og:locale\" content=\"tr_TR\" \/>\n<meta property=\"og:type\" content=\"article\" \/>\n<meta property=\"og:title\" content=\"Sadece T\u00fcrkiye&#039;de - FBEE\" \/>\n<meta property=\"og:description\" content=\"Medikal turizm &#8211; hayatlar\u0131 de\u011fi\u015ftiren \u00f6zel bak\u0131m! Sa\u011fl\u0131\u011f\u0131n\u0131z en iyisini hak ediyor. S\u0131radanl\u0131kla yetinmeyin &#8211; d\u00fcnya standartlar\u0131nda t\u0131bb\u0131, en son teknolojiyi ve d\u00fcnyaca \u00fcnl\u00fc uzmanlar\u0131 se\u00e7in. Medikal turizm, modern t\u0131bb\u0131n s\u0131n\u0131rlar\u0131n\u0131 zorlayan ve sa\u011fl\u0131\u011f\u0131n\u0131z, g\u00fczelli\u011finiz ve canl\u0131l\u0131\u011f\u0131n\u0131z i\u00e7in devrim niteli\u011finde \u00e7\u00f6z\u00fcmler getiren tedavilere kap\u0131 a\u00e7ar. Spor turizmi &#8211; S\u0131n\u0131rlar\u0131 zorlay\u0131n, ke\u015ffedin, h\u00fckmedin! Bu normal bir [&hellip;]\" \/>\n<meta property=\"og:url\" content=\"https:\/\/www.fbee.me\/tr\/sadece-turkiyede\/\" \/>\n<meta property=\"og:site_name\" content=\"FBEE\" \/>\n<meta property=\"article:modified_time\" content=\"2025-11-17T17:55:48+00:00\" \/>\n<meta name=\"twitter:card\" content=\"summary_large_image\" \/>\n<meta name=\"twitter:label1\" content=\"Tahmini okuma s\u00fcresi\" \/>\n\t<meta name=\"twitter:data1\" content=\"1 dakika\" \/>\n<script type=\"application\/ld+json\" class=\"yoast-schema-graph\">{\"@context\":\"https:\/\/schema.org\",\"@graph\":[{\"@type\":\"WebPage\",\"@id\":\"https:\/\/www.fbee.me\/tr\/sadece-turkiyede\/\",\"url\":\"https:\/\/www.fbee.me\/tr\/sadece-turkiyede\/\",\"name\":\"Sadece T\u00fcrkiye'de - FBEE\",\"isPartOf\":{\"@id\":\"https:\/\/www.fbee.me\/#website\"},\"datePublished\":\"2025-10-29T18:56:37+00:00\",\"dateModified\":\"2025-11-17T17:55:48+00:00\",\"breadcrumb\":{\"@id\":\"https:\/\/www.fbee.me\/tr\/sadece-turkiyede\/#breadcrumb\"},\"inLanguage\":\"tr\",\"potentialAction\":[{\"@type\":\"ReadAction\",\"target\":[\"https:\/\/www.fbee.me\/tr\/sadece-turkiyede\/\"]}]},{\"@type\":\"BreadcrumbList\",\"@id\":\"https:\/\/www.fbee.me\/tr\/sadece-turkiyede\/#breadcrumb\",\"itemListElement\":[{\"@type\":\"ListItem\",\"position\":1,\"name\":\"Home\",\"item\":\"https:\/\/www.fbee.me\/anasayfa\/\"},{\"@type\":\"ListItem\",\"position\":2,\"name\":\"Sadece T\u00fcrkiye&#8217;de\"}]},{\"@type\":\"WebSite\",\"@id\":\"https:\/\/www.fbee.me\/#website\",\"url\":\"https:\/\/www.fbee.me\/\",\"name\":\"FBEE\",\"description\":\"\",\"publisher\":{\"@id\":\"https:\/\/www.fbee.me\/#organization\"},\"potentialAction\":[{\"@type\":\"SearchAction\",\"target\":{\"@type\":\"EntryPoint\",\"urlTemplate\":\"https:\/\/www.fbee.me\/?s={search_term_string}\"},\"query-input\":{\"@type\":\"PropertyValueSpecification\",\"valueRequired\":true,\"valueName\":\"search_term_string\"}}],\"inLanguage\":\"tr\"},{\"@type\":\"Organization\",\"@id\":\"https:\/\/www.fbee.me\/#organization\",\"name\":\"FBEE\",\"url\":\"https:\/\/www.fbee.me\/\",\"logo\":{\"@type\":\"ImageObject\",\"inLanguage\":\"tr\",\"@id\":\"https:\/\/www.fbee.me\/#\/schema\/logo\/image\/\",\"url\":\"https:\/\/www.fbee.me\/wp-content\/uploads\/2025\/01\/FBEE_logo_NEW_final_horizontal-2-1.svg\",\"contentUrl\":\"https:\/\/www.fbee.me\/wp-content\/uploads\/2025\/01\/FBEE_logo_NEW_final_horizontal-2-1.svg\",\"width\":1,\"height\":1,\"caption\":\"FBEE\"},\"image\":{\"@id\":\"https:\/\/www.fbee.me\/#\/schema\/logo\/image\/\"}}]}<\/script>\n<!-- \/ Yoast SEO plugin. -->","yoast_head_json":{"title":"Sadece T\u00fcrkiye'de - FBEE","robots":{"index":"index","follow":"follow","max-snippet":"max-snippet:-1","max-image-preview":"max-image-preview:large","max-video-preview":"max-video-preview:-1"},"canonical":"https:\/\/www.fbee.me\/tr\/sadece-turkiyede\/","og_locale":"tr_TR","og_type":"article","og_title":"Sadece T\u00fcrkiye'de - FBEE","og_description":"Medikal turizm &#8211; hayatlar\u0131 de\u011fi\u015ftiren \u00f6zel bak\u0131m! Sa\u011fl\u0131\u011f\u0131n\u0131z en iyisini hak ediyor. S\u0131radanl\u0131kla yetinmeyin &#8211; d\u00fcnya standartlar\u0131nda t\u0131bb\u0131, en son teknolojiyi ve d\u00fcnyaca \u00fcnl\u00fc uzmanlar\u0131 se\u00e7in. Medikal turizm, modern t\u0131bb\u0131n s\u0131n\u0131rlar\u0131n\u0131 zorlayan ve sa\u011fl\u0131\u011f\u0131n\u0131z, g\u00fczelli\u011finiz ve canl\u0131l\u0131\u011f\u0131n\u0131z i\u00e7in devrim niteli\u011finde \u00e7\u00f6z\u00fcmler getiren tedavilere kap\u0131 a\u00e7ar. Spor turizmi &#8211; S\u0131n\u0131rlar\u0131 zorlay\u0131n, ke\u015ffedin, h\u00fckmedin! Bu normal bir [&hellip;]","og_url":"https:\/\/www.fbee.me\/tr\/sadece-turkiyede\/","og_site_name":"FBEE","article_modified_time":"2025-11-17T17:55:48+00:00","twitter_card":"summary_large_image","twitter_misc":{"Tahmini okuma s\u00fcresi":"1 dakika"},"schema":{"@context":"https:\/\/schema.org","@graph":[{"@type":"WebPage","@id":"https:\/\/www.fbee.me\/tr\/sadece-turkiyede\/","url":"https:\/\/www.fbee.me\/tr\/sadece-turkiyede\/","name":"Sadece T\u00fcrkiye'de - FBEE","isPartOf":{"@id":"https:\/\/www.fbee.me\/#website"},"datePublished":"2025-10-29T18:56:37+00:00","dateModified":"2025-11-17T17:55:48+00:00","breadcrumb":{"@id":"https:\/\/www.fbee.me\/tr\/sadece-turkiyede\/#breadcrumb"},"inLanguage":"tr","potentialAction":[{"@type":"ReadAction","target":["https:\/\/www.fbee.me\/tr\/sadece-turkiyede\/"]}]},{"@type":"BreadcrumbList","@id":"https:\/\/www.fbee.me\/tr\/sadece-turkiyede\/#breadcrumb","itemListElement":[{"@type":"ListItem","position":1,"name":"Home","item":"https:\/\/www.fbee.me\/anasayfa\/"},{"@type":"ListItem","position":2,"name":"Sadece T\u00fcrkiye&#8217;de"}]},{"@type":"WebSite","@id":"https:\/\/www.fbee.me\/#website","url":"https:\/\/www.fbee.me\/","name":"FBEE","description":"","publisher":{"@id":"https:\/\/www.fbee.me\/#organization"},"potentialAction":[{"@type":"SearchAction","target":{"@type":"EntryPoint","urlTemplate":"https:\/\/www.fbee.me\/?s={search_term_string}"},"query-input":{"@type":"PropertyValueSpecification","valueRequired":true,"valueName":"search_term_string"}}],"inLanguage":"tr"},{"@type":"Organization","@id":"https:\/\/www.fbee.me\/#organization","name":"FBEE","url":"https:\/\/www.fbee.me\/","logo":{"@type":"ImageObject","inLanguage":"tr","@id":"https:\/\/www.fbee.me\/#\/schema\/logo\/image\/","url":"https:\/\/www.fbee.me\/wp-content\/uploads\/2025\/01\/FBEE_logo_NEW_final_horizontal-2-1.svg","contentUrl":"https:\/\/www.fbee.me\/wp-content\/uploads\/2025\/01\/FBEE_logo_NEW_final_horizontal-2-1.svg","width":1,"height":1,"caption":"FBEE"},"image":{"@id":"https:\/\/www.fbee.me\/#\/schema\/logo\/image\/"}}]}},"_links":{"self":[{"href":"https:\/\/www.fbee.me\/tr\/wp-json\/wp\/v2\/pages\/4201","targetHints":{"allow":["GET"]}}],"collection":[{"href":"https:\/\/www.fbee.me\/tr\/wp-json\/wp\/v2\/pages"}],"about":[{"href":"https:\/\/www.fbee.me\/tr\/wp-json\/wp\/v2\/types\/page"}],"author":[{"embeddable":true,"href":"https:\/\/www.fbee.me\/tr\/wp-json\/wp\/v2\/users\/2"}],"replies":[{"embeddable":true,"href":"https:\/\/www.fbee.me\/tr\/wp-json\/wp\/v2\/comments?post=4201"}],"version-history":[{"count":2,"href":"https:\/\/www.fbee.me\/tr\/wp-json\/wp\/v2\/pages\/4201\/revisions"}],"predecessor-version":[{"id":4354,"href":"https:\/\/www.fbee.me\/tr\/wp-json\/wp\/v2\/pages\/4201\/revisions\/4354"}],"wp:attachment":[{"href":"https:\/\/www.fbee.me\/tr\/wp-json\/wp\/v2\/media?parent=4201"}],"curies":[{"name":"wp","href":"https:\/\/api.w.org\/{rel}","templated":true}]}}