{"id":4194,"date":"2025-10-29T21:29:29","date_gmt":"2025-10-29T21:29:29","guid":{"rendered":"https:\/\/www.fbee.me\/hizmet-garantisi\/"},"modified":"2025-12-08T14:08:02","modified_gmt":"2025-12-08T14:08:02","slug":"hizmet-garantisi","status":"publish","type":"page","link":"https:\/\/www.fbee.me\/tr\/hizmet-garantisi\/","title":{"rendered":"Hizmet Garantisi"},"content":{"rendered":"<h2><b>FBEE Memnuniyet Garantisi<\/b><\/h2>\n<p class=\"p3\">Memnuniyetiniz bizim \u00f6nceli\u011fimizdir.<\/p>\n<p class=\"p3\">Bir hizmet beklentilerinizi kar\u015f\u0131lamazsa <span class=\"s2\"><b>FBEE Memnuniyet Garantisi<\/b><\/span> i\u015fleri do\u011fru yapaca\u011f\u0131m\u0131z\u0131 garanti eder.<\/p>\n<p class=\"p3\">A\u015fa\u011f\u0131da bu garanti kapsam\u0131nda nelerin yer ald\u0131\u011f\u0131n\u0131 bulabilirsiniz (h\u00fck\u00fcm ve ko\u015fullar\u0131m\u0131za uygun olarak).<\/p>\n<p>&nbsp;<\/p>\n<h3 class=\"p3\"><b>Memnuniyet Garantisine Neler Dahildir?<\/b><\/h3>\n<ul>\n<li>\n<p class=\"p1\"><b>Tatmin edici olmayan i\u015f kalitesi:<\/b><b><\/b><\/p>\n<p class=\"p2\">Hizmetin kalitesi beklentileri kar\u015f\u0131lamazsa, tamamen \u00fccretsiz olarak yeniden yap\u0131lmas\u0131n\u0131 ayarlayaca\u011f\u0131z.<\/p>\n<\/li>\n<li>\n<p class=\"p1\"><b>Gelmeme veya bir saatten fazla gecikme:<\/b><b><\/b><\/p>\n<p class=\"p2\">Bir sonraki uygun saat ve tarihte alternatif bir randevu d\u00fczenleyece\u011fiz.<\/p>\n<\/li>\n<li>\n<p class=\"p1\"><b>Hizmet personelinin uygunsuz davran\u0131\u015flar\u0131:<\/b><b><\/b><\/p>\n<p class=\"p2\">Herhangi bir suistimal durumunda, hizmeti yeniden planlayabilir veya ba\u015fka bir uygun \u00e7\u00f6z\u00fcm sa\u011flayabiliriz.<\/p>\n<\/li>\n<li>\n<p class=\"p1\"><b>Faturaland\u0131rma hatalar\u0131:<\/b><b><\/b><\/p>\n<p class=\"p2\">Sizden yanl\u0131\u015f \u00fccret al\u0131nd\u0131ysa, fazla tutar orijinal \u00f6deme y\u00f6nteminiz kullan\u0131larak iade edilecektir.<\/p>\n<\/li>\n<li>\n<p class=\"p1\"><b>E\u015fyalarda hasar:<\/b><b><\/b><\/p>\n<p class=\"p2\">Herhangi bir hasar\u0131 onarmak i\u00e7in elimizden geleni yapaca\u011f\u0131z. Onar\u0131m\u0131n m\u00fcmk\u00fcn olmamas\u0131 durumunda<span class=\"s1\"><b> 500 EUR<\/b><\/span> Memnuniyet Garantisinin t\u00fcm ko\u015fullar\u0131n\u0131n yerine getirilmesi \u015fart\u0131yla sa\u011flanacakt\u0131r. <\/p>\n<p class=\"p2\"><i>Hasar veya eksik bir \u00fcr\u00fcn olmas\u0131 durumunda, sizden m\u00fclkiyet ve de\u011fer kan\u0131t\u0131 (\u00f6rne\u011fin, orijinal sat\u0131n alma makbuzu) sa\u011flaman\u0131z istenebilir. FBEE, maksimum 500 EUR&#8217;ya kadar onar\u0131m veya de\u011fi\u015ftirme de\u011ferini tahmin edecektir. <\/i><\/p>\n<\/li>\n<\/ul>\n<h3><\/h3>\n<h3><b>Garanti Ne Zaman Uygulan\u0131r?<\/b><\/h3>\n<ul>\n<li>\n<p class=\"p1\">Hizmet rezervasyonu ve teslimi <span class=\"s1\"><b>FBEE platformu<\/b><\/span> ge\u00e7erli bir sipari\u015f numaras\u0131 ile.<\/p>\n<p class=\"p1\"><i>Teklife dayal\u0131 veya \u00e7evrimd\u0131\u015f\u0131 hizmetler kapsam dahilinde de\u011fildir.<\/i><i><\/i><\/p>\n<\/li>\n<li>\n<p class=\"p1\">Hizmet son bir y\u0131l i\u00e7inde tamamlanm\u0131\u015ft\u0131r. <span class=\"s1\"><b>48 saat<\/b><\/span>ve \u015fikayet bu zaman dilimi i\u00e7erisinde yap\u0131lm\u0131\u015ft\u0131r.<\/p>\n<\/li>\n<li>\n<p class=\"p1\">Sipari\u015f verildi <span class=\"s1\"><b>tamamen \u00f6denmi\u015f<\/b><\/span>ve hesab\u0131n\u0131z iyi durumda.<\/p>\n<\/li>\n<\/ul>\n<h3><\/h3>\n<h3><b>Par\u00e7a ve Malzeme Garantisi<\/b><\/h3>\n<ul>\n<li>\n<p class=\"p1\">Malzemeler veya par\u00e7alar teknisyenimiz taraf\u0131ndan tedarik edilmi\u015fse, bir <span class=\"s1\"><b>bir ayl\u0131k i\u015f\u00e7ilik garantisi<\/b><\/span> ge\u00e7erlidir.<\/p>\n<\/li>\n<li>\n<p class=\"p1\">Par\u00e7alar\u0131n kendileri yaln\u0131zca bir \u00fcretici veya distrib\u00fct\u00f6r garantisi varsa kapsam dahilindedir.<\/p>\n<\/li>\n<li>\n<p class=\"p1\">Baz\u0131 hizmetlerin \u00f6zel garanti ko\u015fullar\u0131 veya istisnalar\u0131 olabilir &#8211; daha fazla bilgi i\u00e7in l\u00fctfen hizmet ayr\u0131nt\u0131lar\u0131na bak\u0131n.<\/p>\n<\/li>\n<\/ul>\n<h2><\/h2>\n<h3><b>M\u00fc\u015fterilerimize De\u011fer Veriyoruz<\/b><\/h3>\n<p class=\"p3\">M\u00fc\u015fterilerimizin ihtiya\u00e7lar\u0131n\u0131 ger\u00e7ekten \u00f6nemsiyoruz ve hedefimiz her zaman a\u015fa\u011f\u0131dakileri sa\u011flamakt\u0131r <span class=\"s2\"><b>tam memnuniyet<\/b><\/span>.<\/p>\n<p class=\"p3\">Taleplerinizin sadece en iyi hizmeti hak etti\u011fine inan\u0131yoruz. <span class=\"s2\"><b>kendi alanlar\u0131nda en iyi profesyoneller<\/b><\/span>.<\/p>\n<p class=\"p3\">FBEE yaln\u0131zca kendi hizmetlerini ger\u00e7ekle\u015ftirme yetkisine sahip lisansl\u0131 uzmanlarla \u00e7al\u0131\u015f\u0131r.<\/p>\n<p class=\"p3\">Biz <span class=\"s2\"><b>kalitenin s\u00fcrekli olarak izlenmesi<\/b><\/span> ve e\u011fer herhangi bir potansiyel sorun tespit edersek <span class=\"s2\"><b>proaktif olarak ula\u015f\u0131n<\/b><\/span> hizmetinizin standartlar\u0131m\u0131z\u0131 kar\u015f\u0131lad\u0131\u011f\u0131ndan emin olmak i\u00e7in.<\/p>\n<h2><\/h2>\n<h3><b>Bir \u015feyler planland\u0131\u011f\u0131 gibi gitmedi mi?<\/b><\/h3>\n<p class=\"p3\">Bazen i\u015flerin tam olarak beklendi\u011fi gibi gitmedi\u011fini ve deneyiminizden tam olarak memnun kalmayabilece\u011finizi anl\u0131yoruz.<\/p>\n<p class=\"p3\">Bu gibi durumlarda, biz buraday\u0131z <span class=\"s2\"><b>yard\u0131m edin ve i\u015fleri yoluna koyun<\/b><\/span>.<\/p>\n<p class=\"p3\">Bir \u015fikayette bulunmak isterseniz, a\u015fa\u011f\u0131daki formu doldurarak bizimle ileti\u015fime ge\u00e7ebilirsiniz<\/p>\n<p class=\"p3\">veya \u015fu adrese e-posta g\u00f6ndererek <span class=\"s2\"><b>office@fbee.me<\/b><\/span>.<\/p>\n<p class=\"p3\">Talebinize yan\u0131t verece\u011fiz <span class=\"s2\"><b>8 i\u015f saati i\u00e7inde<\/b><\/span>.<\/p>\n<p><a class=\"btn\" href=\"https:\/\/www.fbee.me\/tr\/ekibimizle-iletisime-gecin\/\">\u0130leti\u015fim<\/a><\/p>\n","protected":false},"excerpt":{"rendered":"<p>FBEE Memnuniyet Garantisi Memnuniyetiniz bizim \u00f6nceli\u011fimizdir. Bir hizmet beklentilerinizi kar\u015f\u0131lamazsa FBEE Memnuniyet Garantisi i\u015fleri do\u011fru yapaca\u011f\u0131m\u0131z\u0131 garanti eder. A\u015fa\u011f\u0131da bu garanti kapsam\u0131nda nelerin yer ald\u0131\u011f\u0131n\u0131 bulabilirsiniz (h\u00fck\u00fcm ve ko\u015fullar\u0131m\u0131za uygun olarak). &nbsp; Memnuniyet Garantisine Neler Dahildir? Tatmin edici olmayan i\u015f kalitesi: Hizmetin kalitesi beklentileri kar\u015f\u0131lamazsa, tamamen \u00fccretsiz olarak yeniden yap\u0131lmas\u0131n\u0131 ayarlayaca\u011f\u0131z. Gelmeme veya bir saatten [&hellip;]<\/p>\n","protected":false},"author":4,"featured_media":0,"parent":0,"menu_order":0,"comment_status":"closed","ping_status":"closed","template":"page-templates\/template-documents.php","meta":{"_acf_changed":false,"footnotes":""},"class_list":["post-4194","page","type-page","status-publish","hentry"],"acf":[],"yoast_head":"<!-- This site is optimized with the Yoast SEO plugin v26.0 - https:\/\/yoast.com\/wordpress\/plugins\/seo\/ -->\n<title>Hizmet Garantisi - FBEE<\/title>\n<meta name=\"robots\" content=\"index, follow, max-snippet:-1, max-image-preview:large, max-video-preview:-1\" \/>\n<link rel=\"canonical\" href=\"https:\/\/www.fbee.me\/tr\/hizmet-garantisi\/\" \/>\n<meta property=\"og:locale\" content=\"tr_TR\" \/>\n<meta property=\"og:type\" content=\"article\" \/>\n<meta property=\"og:title\" content=\"Hizmet Garantisi - FBEE\" \/>\n<meta property=\"og:description\" content=\"FBEE Memnuniyet Garantisi Memnuniyetiniz bizim \u00f6nceli\u011fimizdir. Bir hizmet beklentilerinizi kar\u015f\u0131lamazsa FBEE Memnuniyet Garantisi i\u015fleri do\u011fru yapaca\u011f\u0131m\u0131z\u0131 garanti eder. A\u015fa\u011f\u0131da bu garanti kapsam\u0131nda nelerin yer ald\u0131\u011f\u0131n\u0131 bulabilirsiniz (h\u00fck\u00fcm ve ko\u015fullar\u0131m\u0131za uygun olarak). &nbsp; Memnuniyet Garantisine Neler Dahildir? Tatmin edici olmayan i\u015f kalitesi: Hizmetin kalitesi beklentileri kar\u015f\u0131lamazsa, tamamen \u00fccretsiz olarak yeniden yap\u0131lmas\u0131n\u0131 ayarlayaca\u011f\u0131z. Gelmeme veya bir saatten [&hellip;]\" \/>\n<meta property=\"og:url\" content=\"https:\/\/www.fbee.me\/tr\/hizmet-garantisi\/\" \/>\n<meta property=\"og:site_name\" content=\"FBEE\" \/>\n<meta property=\"article:modified_time\" content=\"2025-12-08T14:08:02+00:00\" \/>\n<meta name=\"twitter:card\" content=\"summary_large_image\" \/>\n<meta name=\"twitter:label1\" content=\"Tahmini okuma s\u00fcresi\" \/>\n\t<meta name=\"twitter:data1\" content=\"2 dakika\" \/>\n<script type=\"application\/ld+json\" class=\"yoast-schema-graph\">{\"@context\":\"https:\/\/schema.org\",\"@graph\":[{\"@type\":\"WebPage\",\"@id\":\"https:\/\/www.fbee.me\/tr\/hizmet-garantisi\/\",\"url\":\"https:\/\/www.fbee.me\/tr\/hizmet-garantisi\/\",\"name\":\"Hizmet Garantisi - FBEE\",\"isPartOf\":{\"@id\":\"https:\/\/www.fbee.me\/#website\"},\"datePublished\":\"2025-10-29T21:29:29+00:00\",\"dateModified\":\"2025-12-08T14:08:02+00:00\",\"breadcrumb\":{\"@id\":\"https:\/\/www.fbee.me\/tr\/hizmet-garantisi\/#breadcrumb\"},\"inLanguage\":\"tr\",\"potentialAction\":[{\"@type\":\"ReadAction\",\"target\":[\"https:\/\/www.fbee.me\/tr\/hizmet-garantisi\/\"]}]},{\"@type\":\"BreadcrumbList\",\"@id\":\"https:\/\/www.fbee.me\/tr\/hizmet-garantisi\/#breadcrumb\",\"itemListElement\":[{\"@type\":\"ListItem\",\"position\":1,\"name\":\"Home\",\"item\":\"https:\/\/www.fbee.me\/anasayfa\/\"},{\"@type\":\"ListItem\",\"position\":2,\"name\":\"Hizmet Garantisi\"}]},{\"@type\":\"WebSite\",\"@id\":\"https:\/\/www.fbee.me\/#website\",\"url\":\"https:\/\/www.fbee.me\/\",\"name\":\"FBEE\",\"description\":\"\",\"publisher\":{\"@id\":\"https:\/\/www.fbee.me\/#organization\"},\"potentialAction\":[{\"@type\":\"SearchAction\",\"target\":{\"@type\":\"EntryPoint\",\"urlTemplate\":\"https:\/\/www.fbee.me\/?s={search_term_string}\"},\"query-input\":{\"@type\":\"PropertyValueSpecification\",\"valueRequired\":true,\"valueName\":\"search_term_string\"}}],\"inLanguage\":\"tr\"},{\"@type\":\"Organization\",\"@id\":\"https:\/\/www.fbee.me\/#organization\",\"name\":\"FBEE\",\"url\":\"https:\/\/www.fbee.me\/\",\"logo\":{\"@type\":\"ImageObject\",\"inLanguage\":\"tr\",\"@id\":\"https:\/\/www.fbee.me\/#\/schema\/logo\/image\/\",\"url\":\"https:\/\/www.fbee.me\/wp-content\/uploads\/2025\/01\/FBEE_logo_NEW_final_horizontal-2-1.svg\",\"contentUrl\":\"https:\/\/www.fbee.me\/wp-content\/uploads\/2025\/01\/FBEE_logo_NEW_final_horizontal-2-1.svg\",\"width\":1,\"height\":1,\"caption\":\"FBEE\"},\"image\":{\"@id\":\"https:\/\/www.fbee.me\/#\/schema\/logo\/image\/\"}}]}<\/script>\n<!-- \/ Yoast SEO plugin. -->","yoast_head_json":{"title":"Hizmet Garantisi - FBEE","robots":{"index":"index","follow":"follow","max-snippet":"max-snippet:-1","max-image-preview":"max-image-preview:large","max-video-preview":"max-video-preview:-1"},"canonical":"https:\/\/www.fbee.me\/tr\/hizmet-garantisi\/","og_locale":"tr_TR","og_type":"article","og_title":"Hizmet Garantisi - FBEE","og_description":"FBEE Memnuniyet Garantisi Memnuniyetiniz bizim \u00f6nceli\u011fimizdir. Bir hizmet beklentilerinizi kar\u015f\u0131lamazsa FBEE Memnuniyet Garantisi i\u015fleri do\u011fru yapaca\u011f\u0131m\u0131z\u0131 garanti eder. A\u015fa\u011f\u0131da bu garanti kapsam\u0131nda nelerin yer ald\u0131\u011f\u0131n\u0131 bulabilirsiniz (h\u00fck\u00fcm ve ko\u015fullar\u0131m\u0131za uygun olarak). &nbsp; Memnuniyet Garantisine Neler Dahildir? Tatmin edici olmayan i\u015f kalitesi: Hizmetin kalitesi beklentileri kar\u015f\u0131lamazsa, tamamen \u00fccretsiz olarak yeniden yap\u0131lmas\u0131n\u0131 ayarlayaca\u011f\u0131z. Gelmeme veya bir saatten [&hellip;]","og_url":"https:\/\/www.fbee.me\/tr\/hizmet-garantisi\/","og_site_name":"FBEE","article_modified_time":"2025-12-08T14:08:02+00:00","twitter_card":"summary_large_image","twitter_misc":{"Tahmini okuma s\u00fcresi":"2 dakika"},"schema":{"@context":"https:\/\/schema.org","@graph":[{"@type":"WebPage","@id":"https:\/\/www.fbee.me\/tr\/hizmet-garantisi\/","url":"https:\/\/www.fbee.me\/tr\/hizmet-garantisi\/","name":"Hizmet Garantisi - FBEE","isPartOf":{"@id":"https:\/\/www.fbee.me\/#website"},"datePublished":"2025-10-29T21:29:29+00:00","dateModified":"2025-12-08T14:08:02+00:00","breadcrumb":{"@id":"https:\/\/www.fbee.me\/tr\/hizmet-garantisi\/#breadcrumb"},"inLanguage":"tr","potentialAction":[{"@type":"ReadAction","target":["https:\/\/www.fbee.me\/tr\/hizmet-garantisi\/"]}]},{"@type":"BreadcrumbList","@id":"https:\/\/www.fbee.me\/tr\/hizmet-garantisi\/#breadcrumb","itemListElement":[{"@type":"ListItem","position":1,"name":"Home","item":"https:\/\/www.fbee.me\/anasayfa\/"},{"@type":"ListItem","position":2,"name":"Hizmet Garantisi"}]},{"@type":"WebSite","@id":"https:\/\/www.fbee.me\/#website","url":"https:\/\/www.fbee.me\/","name":"FBEE","description":"","publisher":{"@id":"https:\/\/www.fbee.me\/#organization"},"potentialAction":[{"@type":"SearchAction","target":{"@type":"EntryPoint","urlTemplate":"https:\/\/www.fbee.me\/?s={search_term_string}"},"query-input":{"@type":"PropertyValueSpecification","valueRequired":true,"valueName":"search_term_string"}}],"inLanguage":"tr"},{"@type":"Organization","@id":"https:\/\/www.fbee.me\/#organization","name":"FBEE","url":"https:\/\/www.fbee.me\/","logo":{"@type":"ImageObject","inLanguage":"tr","@id":"https:\/\/www.fbee.me\/#\/schema\/logo\/image\/","url":"https:\/\/www.fbee.me\/wp-content\/uploads\/2025\/01\/FBEE_logo_NEW_final_horizontal-2-1.svg","contentUrl":"https:\/\/www.fbee.me\/wp-content\/uploads\/2025\/01\/FBEE_logo_NEW_final_horizontal-2-1.svg","width":1,"height":1,"caption":"FBEE"},"image":{"@id":"https:\/\/www.fbee.me\/#\/schema\/logo\/image\/"}}]}},"_links":{"self":[{"href":"https:\/\/www.fbee.me\/tr\/wp-json\/wp\/v2\/pages\/4194","targetHints":{"allow":["GET"]}}],"collection":[{"href":"https:\/\/www.fbee.me\/tr\/wp-json\/wp\/v2\/pages"}],"about":[{"href":"https:\/\/www.fbee.me\/tr\/wp-json\/wp\/v2\/types\/page"}],"author":[{"embeddable":true,"href":"https:\/\/www.fbee.me\/tr\/wp-json\/wp\/v2\/users\/4"}],"replies":[{"embeddable":true,"href":"https:\/\/www.fbee.me\/tr\/wp-json\/wp\/v2\/comments?post=4194"}],"version-history":[{"count":3,"href":"https:\/\/www.fbee.me\/tr\/wp-json\/wp\/v2\/pages\/4194\/revisions"}],"predecessor-version":[{"id":4386,"href":"https:\/\/www.fbee.me\/tr\/wp-json\/wp\/v2\/pages\/4194\/revisions\/4386"}],"wp:attachment":[{"href":"https:\/\/www.fbee.me\/tr\/wp-json\/wp\/v2\/media?parent=4194"}],"curies":[{"name":"wp","href":"https:\/\/api.w.org\/{rel}","templated":true}]}}