{"id":4180,"date":"2025-10-29T21:44:44","date_gmt":"2025-10-29T21:44:44","guid":{"rendered":"https:\/\/www.fbee.me\/bir-inceleme-yazin\/"},"modified":"2025-10-29T21:44:44","modified_gmt":"2025-10-29T21:44:44","slug":"bir-inceleme-yazin","status":"publish","type":"page","link":"https:\/\/www.fbee.me\/tr\/bir-inceleme-yazin\/","title":{"rendered":"Bir \u0130nceleme Yaz\u0131n"},"content":{"rendered":"<h2 class=\"p1\" style=\"text-align: center;\"><b>B\u00fcy\u00fcmemize yard\u0131mc\u0131 oluyorsunuz.<\/b><b><\/b><\/h2>\n<p class=\"p2\" style=\"text-align: center;\">Geri bildirimleriniz, hizmetlerimizin kalitesini s\u00fcrekli olarak geli\u015ftirmemizi ve m\u00fc\u015fterilerimizin ihtiya\u00e7lar\u0131na daha iyi yan\u0131t vermemizi sa\u011flar.<\/p>\n<p class=\"p2\" style=\"text-align: center;\">Hizmetlerimizi kulland\u0131ysan\u0131z, k\u0131sa bir yorum b\u0131rakarak deneyiminizi payla\u015f\u0131rsan\u0131z minnettar oluruz.<\/p>\n<p class=\"p2\" style=\"text-align: center;\">Her g\u00f6r\u00fc\u015f \u00f6nemlidir ve ilerlememize yard\u0131mc\u0131 olur.<\/p>\n","protected":false},"excerpt":{"rendered":"<p>B\u00fcy\u00fcmemize yard\u0131mc\u0131 oluyorsunuz. Geri bildirimleriniz, hizmetlerimizin kalitesini s\u00fcrekli olarak geli\u015ftirmemizi ve m\u00fc\u015fterilerimizin ihtiya\u00e7lar\u0131na daha iyi yan\u0131t vermemizi sa\u011flar. Hizmetlerimizi kulland\u0131ysan\u0131z, k\u0131sa bir yorum b\u0131rakarak deneyiminizi payla\u015f\u0131rsan\u0131z minnettar oluruz. Her g\u00f6r\u00fc\u015f \u00f6nemlidir ve ilerlememize yard\u0131mc\u0131 olur.<\/p>\n","protected":false},"author":4,"featured_media":0,"parent":0,"menu_order":0,"comment_status":"closed","ping_status":"closed","template":"page-templates\/template-write-a-review.php","meta":{"_acf_changed":false,"footnotes":""},"class_list":["post-4180","page","type-page","status-publish","hentry"],"acf":[],"yoast_head":"<!-- This site is optimized with the Yoast SEO plugin v26.0 - https:\/\/yoast.com\/wordpress\/plugins\/seo\/ -->\n<title>Bir \u0130nceleme Yaz\u0131n - FBEE<\/title>\n<meta name=\"robots\" content=\"index, follow, max-snippet:-1, max-image-preview:large, max-video-preview:-1\" \/>\n<link rel=\"canonical\" href=\"https:\/\/www.fbee.me\/bir-inceleme-yazin\/\" \/>\n<meta property=\"og:locale\" content=\"tr_TR\" \/>\n<meta property=\"og:type\" content=\"article\" \/>\n<meta property=\"og:title\" content=\"Bir \u0130nceleme Yaz\u0131n - FBEE\" \/>\n<meta property=\"og:description\" content=\"B\u00fcy\u00fcmemize yard\u0131mc\u0131 oluyorsunuz. Geri bildirimleriniz, hizmetlerimizin kalitesini s\u00fcrekli olarak geli\u015ftirmemizi ve m\u00fc\u015fterilerimizin ihtiya\u00e7lar\u0131na daha iyi yan\u0131t vermemizi sa\u011flar. Hizmetlerimizi kulland\u0131ysan\u0131z, k\u0131sa bir yorum b\u0131rakarak deneyiminizi payla\u015f\u0131rsan\u0131z minnettar oluruz. Her g\u00f6r\u00fc\u015f \u00f6nemlidir ve ilerlememize yard\u0131mc\u0131 olur.\" \/>\n<meta property=\"og:url\" content=\"https:\/\/www.fbee.me\/bir-inceleme-yazin\/\" \/>\n<meta property=\"og:site_name\" content=\"FBEE\" \/>\n<meta name=\"twitter:card\" content=\"summary_large_image\" \/>\n<script type=\"application\/ld+json\" class=\"yoast-schema-graph\">{\"@context\":\"https:\/\/schema.org\",\"@graph\":[{\"@type\":\"WebPage\",\"@id\":\"https:\/\/www.fbee.me\/bir-inceleme-yazin\/\",\"url\":\"https:\/\/www.fbee.me\/bir-inceleme-yazin\/\",\"name\":\"Bir \u0130nceleme Yaz\u0131n - FBEE\",\"isPartOf\":{\"@id\":\"https:\/\/www.fbee.me\/#website\"},\"datePublished\":\"2025-10-29T21:44:44+00:00\",\"breadcrumb\":{\"@id\":\"https:\/\/www.fbee.me\/bir-inceleme-yazin\/#breadcrumb\"},\"inLanguage\":\"tr\",\"potentialAction\":[{\"@type\":\"ReadAction\",\"target\":[\"https:\/\/www.fbee.me\/bir-inceleme-yazin\/\"]}]},{\"@type\":\"BreadcrumbList\",\"@id\":\"https:\/\/www.fbee.me\/bir-inceleme-yazin\/#breadcrumb\",\"itemListElement\":[{\"@type\":\"ListItem\",\"position\":1,\"name\":\"Home\",\"item\":\"https:\/\/www.fbee.me\/anasayfa\/\"},{\"@type\":\"ListItem\",\"position\":2,\"name\":\"Bir \u0130nceleme Yaz\u0131n\"}]},{\"@type\":\"WebSite\",\"@id\":\"https:\/\/www.fbee.me\/#website\",\"url\":\"https:\/\/www.fbee.me\/\",\"name\":\"FBEE\",\"description\":\"\",\"publisher\":{\"@id\":\"https:\/\/www.fbee.me\/#organization\"},\"potentialAction\":[{\"@type\":\"SearchAction\",\"target\":{\"@type\":\"EntryPoint\",\"urlTemplate\":\"https:\/\/www.fbee.me\/?s={search_term_string}\"},\"query-input\":{\"@type\":\"PropertyValueSpecification\",\"valueRequired\":true,\"valueName\":\"search_term_string\"}}],\"inLanguage\":\"tr\"},{\"@type\":\"Organization\",\"@id\":\"https:\/\/www.fbee.me\/#organization\",\"name\":\"FBEE\",\"url\":\"https:\/\/www.fbee.me\/\",\"logo\":{\"@type\":\"ImageObject\",\"inLanguage\":\"tr\",\"@id\":\"https:\/\/www.fbee.me\/#\/schema\/logo\/image\/\",\"url\":\"https:\/\/www.fbee.me\/wp-content\/uploads\/2025\/01\/FBEE_logo_NEW_final_horizontal-2-1.svg\",\"contentUrl\":\"https:\/\/www.fbee.me\/wp-content\/uploads\/2025\/01\/FBEE_logo_NEW_final_horizontal-2-1.svg\",\"width\":1,\"height\":1,\"caption\":\"FBEE\"},\"image\":{\"@id\":\"https:\/\/www.fbee.me\/#\/schema\/logo\/image\/\"}}]}<\/script>\n<!-- \/ Yoast SEO plugin. -->","yoast_head_json":{"title":"Bir \u0130nceleme Yaz\u0131n - FBEE","robots":{"index":"index","follow":"follow","max-snippet":"max-snippet:-1","max-image-preview":"max-image-preview:large","max-video-preview":"max-video-preview:-1"},"canonical":"https:\/\/www.fbee.me\/bir-inceleme-yazin\/","og_locale":"tr_TR","og_type":"article","og_title":"Bir \u0130nceleme Yaz\u0131n - FBEE","og_description":"B\u00fcy\u00fcmemize yard\u0131mc\u0131 oluyorsunuz. Geri bildirimleriniz, hizmetlerimizin kalitesini s\u00fcrekli olarak geli\u015ftirmemizi ve m\u00fc\u015fterilerimizin ihtiya\u00e7lar\u0131na daha iyi yan\u0131t vermemizi sa\u011flar. Hizmetlerimizi kulland\u0131ysan\u0131z, k\u0131sa bir yorum b\u0131rakarak deneyiminizi payla\u015f\u0131rsan\u0131z minnettar oluruz. Her g\u00f6r\u00fc\u015f \u00f6nemlidir ve ilerlememize yard\u0131mc\u0131 olur.","og_url":"https:\/\/www.fbee.me\/bir-inceleme-yazin\/","og_site_name":"FBEE","twitter_card":"summary_large_image","schema":{"@context":"https:\/\/schema.org","@graph":[{"@type":"WebPage","@id":"https:\/\/www.fbee.me\/bir-inceleme-yazin\/","url":"https:\/\/www.fbee.me\/bir-inceleme-yazin\/","name":"Bir \u0130nceleme Yaz\u0131n - FBEE","isPartOf":{"@id":"https:\/\/www.fbee.me\/#website"},"datePublished":"2025-10-29T21:44:44+00:00","breadcrumb":{"@id":"https:\/\/www.fbee.me\/bir-inceleme-yazin\/#breadcrumb"},"inLanguage":"tr","potentialAction":[{"@type":"ReadAction","target":["https:\/\/www.fbee.me\/bir-inceleme-yazin\/"]}]},{"@type":"BreadcrumbList","@id":"https:\/\/www.fbee.me\/bir-inceleme-yazin\/#breadcrumb","itemListElement":[{"@type":"ListItem","position":1,"name":"Home","item":"https:\/\/www.fbee.me\/anasayfa\/"},{"@type":"ListItem","position":2,"name":"Bir \u0130nceleme Yaz\u0131n"}]},{"@type":"WebSite","@id":"https:\/\/www.fbee.me\/#website","url":"https:\/\/www.fbee.me\/","name":"FBEE","description":"","publisher":{"@id":"https:\/\/www.fbee.me\/#organization"},"potentialAction":[{"@type":"SearchAction","target":{"@type":"EntryPoint","urlTemplate":"https:\/\/www.fbee.me\/?s={search_term_string}"},"query-input":{"@type":"PropertyValueSpecification","valueRequired":true,"valueName":"search_term_string"}}],"inLanguage":"tr"},{"@type":"Organization","@id":"https:\/\/www.fbee.me\/#organization","name":"FBEE","url":"https:\/\/www.fbee.me\/","logo":{"@type":"ImageObject","inLanguage":"tr","@id":"https:\/\/www.fbee.me\/#\/schema\/logo\/image\/","url":"https:\/\/www.fbee.me\/wp-content\/uploads\/2025\/01\/FBEE_logo_NEW_final_horizontal-2-1.svg","contentUrl":"https:\/\/www.fbee.me\/wp-content\/uploads\/2025\/01\/FBEE_logo_NEW_final_horizontal-2-1.svg","width":1,"height":1,"caption":"FBEE"},"image":{"@id":"https:\/\/www.fbee.me\/#\/schema\/logo\/image\/"}}]}},"_links":{"self":[{"href":"https:\/\/www.fbee.me\/tr\/wp-json\/wp\/v2\/pages\/4180","targetHints":{"allow":["GET"]}}],"collection":[{"href":"https:\/\/www.fbee.me\/tr\/wp-json\/wp\/v2\/pages"}],"about":[{"href":"https:\/\/www.fbee.me\/tr\/wp-json\/wp\/v2\/types\/page"}],"author":[{"embeddable":true,"href":"https:\/\/www.fbee.me\/tr\/wp-json\/wp\/v2\/users\/4"}],"replies":[{"embeddable":true,"href":"https:\/\/www.fbee.me\/tr\/wp-json\/wp\/v2\/comments?post=4180"}],"version-history":[{"count":0,"href":"https:\/\/www.fbee.me\/tr\/wp-json\/wp\/v2\/pages\/4180\/revisions"}],"wp:attachment":[{"href":"https:\/\/www.fbee.me\/tr\/wp-json\/wp\/v2\/media?parent=4180"}],"curies":[{"name":"wp","href":"https:\/\/api.w.org\/{rel}","templated":true}]}}