{"id":3697,"date":"2025-10-04T09:45:55","date_gmt":"2025-10-04T09:45:55","guid":{"rendered":"https:\/\/www.fbee.me\/odemeler-politikasi\/"},"modified":"2025-10-30T16:56:52","modified_gmt":"2025-10-30T16:56:52","slug":"odemeler-politikasi","status":"publish","type":"page","link":"https:\/\/www.fbee.me\/tr\/odemeler-politikasi\/","title":{"rendered":"\u00d6deme ve iade politikas\u0131"},"content":{"rendered":"<div class=\"mb-4\">\n<h1 class=\"p1\"><b>SEJFMAN s. r. o. (&#8220;FBEE&#8221;) \u00d6deme Ko\u015fullar\u0131  <\/b><b><\/b><\/h1>\n<p class=\"p3\">SEJFMAN s. r. o.&#8217;nun (bundan b\u00f6yle &#8220;FBEE&#8221; olarak an\u0131lacakt\u0131r) \u00f6deme ko\u015fullar\u0131d\u0131r.  <\/p>\n<p class=\"p3\">Bu ko\u015fullar yaln\u0131zca FBEE taraf\u0131ndan fbee.me web sitesinde ve\/veya ilgili mobil uygulamalar\u0131 (&#8220;FBEE&#8221;) arac\u0131l\u0131\u011f\u0131yla y\u00fcr\u00fct\u00fclen faaliyetler i\u00e7in ge\u00e7erlidir ve herhangi bir &#8220;\u00e7evrimd\u0131\u015f\u0131&#8221; faaliyet veya web sitesiyle ilgisi olmayan faaliyetler i\u00e7in ge\u00e7erli de\u011fildir.<\/p>\n<p class=\"p3\">Kullan\u0131c\u0131 taraf\u0131ndan web sitemiz arac\u0131l\u0131\u011f\u0131yla sipari\u015f edilen t\u00fcm \u00fcr\u00fcn veya hizmetler &#8220;Hizmetler&#8221; olarak adland\u0131r\u0131l\u0131r.<\/p>\n<hr>\n<h3><b>\u00d6DEME Y\u00d6NTEMLERI\u0307<\/b><\/h3>\n<p class=\"p3\">\u015eirket, \u00fcr\u00fcn ve hizmetler i\u00e7in nakit veya Visa ve Mastercard banka ve kredi kartlar\u0131yla \u00f6deme kabul etmektedir.<\/p>\n<p class=\"p3\">Web sitesi \u00fczerinden rezerve edilen hizmetler de ilgili hizmet sa\u011flay\u0131c\u0131lar\u0131n s\u00f6zle\u015fme ko\u015fullar\u0131na tabidir.<\/p>\n<hr>\n<h3><b>HIZMETLER I\u00c7IN \u00d6DEME<\/b><\/h3>\n<p class=\"p1\"><b>\u00d6deme Kesintisi:<\/b><b><\/b><\/p>\n<p class=\"p3\">Kullan\u0131c\u0131lardan ancak ortak hizmet sa\u011flay\u0131c\u0131m\u0131z hizmetin teslim edildi\u011fini onaylad\u0131ktan sonra \u00fccret al\u0131n\u0131r. FBEE, \u00f6demeyi i\u015fleme koymadan \u00f6nce kullan\u0131c\u0131dan teslimat onay\u0131 talep etmeyecektir. <\/p>\n<p class=\"p1\"><b>Tek Seferlik Rezervasyonlar:<\/b><b><\/b><\/p>\n<p class=\"p3\">Tek seferlik \u00f6n \u00f6demeli rezervasyonlar i\u00e7in (kredi kart\u0131, banka kart\u0131, ApplePay, GooglePay, vb.), hizmet de\u011ferine kar\u015f\u0131l\u0131k gelen tutar kullan\u0131c\u0131n\u0131n kart\u0131na \u00f6nceden provize edilecek ve nihai \u00fccret yaln\u0131zca hizmet tamamland\u0131ktan ve sa\u011flay\u0131c\u0131 taraf\u0131ndan onayland\u0131ktan sonra i\u015flenecektir.<\/p>\n<p class=\"p1\"><b>Yinelenen Rezervasyonlar:<\/b><b><\/b><\/p>\n<p class=\"p3\">Yinelenen rezervasyonlar i\u00e7in \u00f6deme pe\u015fin olarak al\u0131nmaz. \u00dccret ancak her hizmet tamamland\u0131ktan ve ortak sa\u011flay\u0131c\u0131m\u0131z taraf\u0131ndan onayland\u0131ktan sonra i\u015flenir. <\/p>\n<hr>\n<h3><b>\u00c7OKLU PARA BIRIMI I\u015eLEMLERI<\/b><\/h3>\n<p class=\"p3\">Bu se\u00e7enek mevcutsa, g\u00f6r\u00fcnt\u00fclenen fiyat ve kullan\u0131c\u0131 taraf\u0131ndan se\u00e7ilen para birimi, karttan tahsil edilen ve i\u015flem makbuzunda g\u00f6sterilen para birimiyle e\u015fle\u015fecektir.<\/p>\n<p class=\"p3\">KDV veya iste\u011fe ba\u011fl\u0131 eklentiler uygulan\u0131yorsa, kullan\u0131c\u0131 toplam tutar\u0131 &#8220;\u00d6denecek Toplam&#8221; olarak g\u00f6recektir.<\/p>\n<hr>\n<h3><b>\u00d6DEME ONAYI<\/b><\/h3>\n<p class=\"p3\">Kullan\u0131c\u0131, rezervasyon s\u0131ras\u0131nda verilen e-posta adresi, uygulama i\u00e7i bildirim veya her ikisi arac\u0131l\u0131\u011f\u0131yla bir \u00f6deme onay\u0131 alacakt\u0131r.<\/p>\n<p class=\"p3\">Onay, \u00f6deme i\u015fleme al\u0131n\u0131r al\u0131nmaz g\u00f6nderilecektir.<\/p>\n<hr>\n<h3><b>\u0130ADELER<\/b><\/h3>\n<p class=\"p3\">FBEE, ortak bir hizmet sa\u011flay\u0131c\u0131s\u0131ndan gelen onaya dayanarak, hizmet ger\u00e7ekten teslim edilmemi\u015f olmas\u0131na ra\u011fmen bir kullan\u0131c\u0131dan \u00fccret al\u0131rsa, FBEE tutar\u0131n tamam\u0131n\u0131 iade edecektir.<\/p>\n<p class=\"p3\">B\u00f6yle bir durumu FBEE&#8217;ye e-posta yoluyla bildirmek kullan\u0131c\u0131n\u0131n sorumlulu\u011fundad\u0131r. <span class=\"s2\"><b>office@fbee.me<\/b><\/span> planlanan servis saatinden sonraki 24 saat i\u00e7inde.<\/p>\n<p class=\"p3\">Yukar\u0131da belirtilenler de dahil olmak \u00fczere di\u011fer t\u00fcm geri \u00f6demeler, FBEE&#8217;nin takdirine ba\u011fl\u0131 olarak orijinal \u00f6deme y\u00f6ntemi kullan\u0131larak ger\u00e7ekle\u015ftirilecektir.<\/p>\n<hr>\n<h3><b>I\u0307PTAL \u00dcCRETLERI\u0307<\/b><\/h3>\n<p class=\"p3\">Web sitesi veya uygulama arac\u0131l\u0131\u011f\u0131yla hizmet rezervasyonu yapan kullan\u0131c\u0131lar, hesaplar\u0131na giri\u015f yaparak veya e-posta yoluyla rezervasyonlar\u0131n\u0131 y\u00f6netebilirler.<\/p>\n<p class=\"p3\">Tarih, saat veya hizmet detaylar\u0131, hizmetin ba\u015flama saatinden yeterince \u00f6nce yap\u0131lmas\u0131 halinde de\u011fi\u015ftirilebilir.<\/p>\n<p class=\"p3\">Bir kullan\u0131c\u0131 iptal veya de\u011fi\u015fiklik i\u00e7in yeterli bildirimde bulunmazsa, iptal \u00fccretleri uygulanabilir.<\/p>\n<p class=\"p3\">Bu \u00fccretler, zaman zaman g\u00fcncellenebilecek olan ge\u00e7erli iptal ko\u015fullar\u0131na tabidir.<\/p>\n<p class=\"p3\">Kullan\u0131c\u0131, web sitesi \u00fczerinden hizmet sipari\u015f ederek bu \u015fartlar\u0131 kabul eder ve ge\u00e7erli \u00fccretleri \u00f6demeyi taahh\u00fct eder.<\/p>\n<p class=\"p3\">FBEE, bu \u00fccretleri geri almak veya web sitesinin hizmetlerine daha fazla eri\u015fimi k\u0131s\u0131tlamak i\u00e7in yasal yollar\u0131 kullanma hakk\u0131n\u0131 sakl\u0131 tutar.<\/p>\n<hr>\n<h3><b>I\u0307PTAL VE G\u00d6STERI\u0307MSI\u0307ZLI\u0307K POLI\u0307TI\u0307KASI<\/b><\/h3>\n<p class=\"p3\">\u0130ptal veya de\u011fi\u015fiklik talebi, hizmetin ba\u015flama saatinden 6 saatten daha k\u0131sa bir s\u00fcre \u00f6nce iletilirse <span class=\"s2\"><b>ge\u00e7 i\u0307ptal<\/b><\/span>.<\/p>\n<p class=\"p3\">M\u00fc\u015fteri planlanan saatte kararla\u015ft\u0131r\u0131lan yerde bulunmazsa ve hizmet teslim edilemezse, bu bir <span class=\"s2\"><b>g\u00f6steri\u0307lmemi\u0307\u015f<\/b><\/span>.<\/p>\n<p class=\"p3\">Bu gibi durumlarda, iptal \u00fccretleri uygulan\u0131r ve miktar hizmet t\u00fcr\u00fcne ba\u011fl\u0131d\u0131r.<\/p>\n<hr>\n<h3><b>\u00dcCRETLERI\u0307N UYGULANMASI<\/b><\/h3>\n<ul>\n<li>\n<p class=\"p1\">Herhangi bir iptal \u00fccreti, iptal veya de\u011fi\u015fiklik talebi g\u00f6nderilirken m\u00fc\u015fteriye bildirilecektir.<\/p>\n<\/li>\n<li>\n<p class=\"p1\">\u00dccretler iptal s\u0131ras\u0131nda (ge\u00e7 iptaller i\u00e7in) veya hizmet tamamland\u0131ktan sonra (ge\u00e7 de\u011fi\u015fiklikler i\u00e7in) tahsil edilir.<\/p>\n<\/li>\n<li>\n<p class=\"p1\">FBEE ortak sa\u011flay\u0131c\u0131dan bildirim ald\u0131ktan sonra g\u00f6sterilmeyen \u00fccretler tahsil edilir.<\/p>\n<\/li>\n<li>\n<p class=\"p1\">Karttan \u00f6n provizyon al\u0131nm\u0131\u015fsa ve hizmet 6 saatten daha uzun bir s\u00fcre \u00f6nceden iptal edilirse, tutar\u0131n tamam\u0131 karta veya c\u00fczdana iade edilecektir.<\/p>\n<\/li>\n<li>\n<p class=\"p1\">Rezervasyon tutar\u0131 \u00f6nceden yetkilendirilmi\u015fse ve ge\u00e7 bir iptal ya da gelmeme durumu meydana gelirse, yetkilendirilen tutar iptal politikas\u0131na g\u00f6re tamamen ya da k\u0131smen al\u0131n\u0131r ve kalan tutar (varsa) karta ya da orijinal \u00f6deme y\u00f6ntemine iade edilir.<\/p>\n<\/li>\n<li>\n<p class=\"p1\">\u00dccret tutar\u0131 iptal s\u0131ras\u0131nda bildirilecek ve e-posta veya uygulama i\u00e7i bildirim ile onaylanacakt\u0131r.<\/p>\n<\/li>\n<\/ul>\n<hr>\n<\/div>\n<div class=\"general_content\">\n<div id=\"cancellations-policy\">\n<h4><b><strong>I\u0307PTAL POLI\u0307TI\u0307KASI<\/strong><\/b><\/h4>\n<table>\n<tbody>\n<tr>\n<td>\n<p class=\"p1\">Rezervasyondan sonra 15 dakika i\u00e7inde<\/p>\n<\/td>\n<td>\n<p class=\"p1\">\u00dccretsiz<\/p>\n<\/td>\n<\/tr>\n<tr>\n<td>\n<p class=\"p1\">Hizmet ba\u015flang\u0131c\u0131ndan 48 saatten fazla s\u00fcre \u00f6nce<\/p>\n<\/td>\n<td>\n<p class=\"p1\">\u00dccretsiz<\/p>\n<\/td>\n<\/tr>\n<tr>\n<td>\n<p class=\"p1\">Hizmetin ba\u015flamas\u0131na 48 saatten az bir s\u00fcre kala<\/p>\n<\/td>\n<td>\n<p class=\"p1\">Hizmet bedelinin %100&#8217;\u00fc (maks. 150 \u20ac)<\/p>\n<\/td>\n<\/tr>\n<tr>\n<td>\n<p class=\"p1\">Servis ba\u015flad\u0131ktan sonra<\/p>\n<\/td>\n<td>\n<p class=\"p1\">Hizmet bedelinin %100&#8217;\u00fc (maks. 150 \u20ac)<\/p>\n<\/td>\n<\/tr>\n<\/tbody>\n<\/table>\n<\/div>\n<\/div>\n","protected":false},"excerpt":{"rendered":"<p>SEJFMAN s. r. o. (&#8220;FBEE&#8221;) \u00d6deme Ko\u015fullar\u0131 SEJFMAN s. r. o.&#8217;nun (bundan b\u00f6yle &#8220;FBEE&#8221; olarak an\u0131lacakt\u0131r) \u00f6deme ko\u015fullar\u0131d\u0131r. Bu ko\u015fullar yaln\u0131zca FBEE taraf\u0131ndan fbee.me web sitesinde ve\/veya ilgili mobil uygulamalar\u0131 (&#8220;FBEE&#8221;) arac\u0131l\u0131\u011f\u0131yla y\u00fcr\u00fct\u00fclen faaliyetler i\u00e7in ge\u00e7erlidir ve herhangi bir &#8220;\u00e7evrimd\u0131\u015f\u0131&#8221; faaliyet veya web sitesiyle ilgisi olmayan faaliyetler i\u00e7in ge\u00e7erli de\u011fildir. Kullan\u0131c\u0131 taraf\u0131ndan web sitemiz arac\u0131l\u0131\u011f\u0131yla [&hellip;]<\/p>\n","protected":false},"author":2,"featured_media":0,"parent":0,"menu_order":0,"comment_status":"closed","ping_status":"closed","template":"page-templates\/template-documents.php","meta":{"_acf_changed":false,"footnotes":""},"class_list":["post-3697","page","type-page","status-publish","hentry"],"acf":[],"yoast_head":"<!-- This site is optimized with the Yoast SEO plugin v26.0 - https:\/\/yoast.com\/wordpress\/plugins\/seo\/ -->\n<title>\u00d6deme ve iade politikas\u0131 - FBEE<\/title>\n<meta name=\"robots\" content=\"index, follow, max-snippet:-1, max-image-preview:large, max-video-preview:-1\" \/>\n<link rel=\"canonical\" href=\"https:\/\/www.fbee.me\/tr\/odemeler-politikasi\/\" \/>\n<meta property=\"og:locale\" content=\"tr_TR\" \/>\n<meta property=\"og:type\" content=\"article\" \/>\n<meta property=\"og:title\" content=\"\u00d6deme ve iade politikas\u0131 - FBEE\" \/>\n<meta property=\"og:description\" content=\"SEJFMAN s. r. o. (&#8220;FBEE&#8221;) \u00d6deme Ko\u015fullar\u0131 SEJFMAN s. r. o.&#8217;nun (bundan b\u00f6yle &#8220;FBEE&#8221; olarak an\u0131lacakt\u0131r) \u00f6deme ko\u015fullar\u0131d\u0131r. Bu ko\u015fullar yaln\u0131zca FBEE taraf\u0131ndan fbee.me web sitesinde ve\/veya ilgili mobil uygulamalar\u0131 (&#8220;FBEE&#8221;) arac\u0131l\u0131\u011f\u0131yla y\u00fcr\u00fct\u00fclen faaliyetler i\u00e7in ge\u00e7erlidir ve herhangi bir &#8220;\u00e7evrimd\u0131\u015f\u0131&#8221; faaliyet veya web sitesiyle ilgisi olmayan faaliyetler i\u00e7in ge\u00e7erli de\u011fildir. Kullan\u0131c\u0131 taraf\u0131ndan web sitemiz arac\u0131l\u0131\u011f\u0131yla [&hellip;]\" \/>\n<meta property=\"og:url\" content=\"https:\/\/www.fbee.me\/tr\/odemeler-politikasi\/\" \/>\n<meta property=\"og:site_name\" content=\"FBEE\" \/>\n<meta property=\"article:modified_time\" content=\"2025-10-30T16:56:52+00:00\" \/>\n<meta name=\"twitter:card\" content=\"summary_large_image\" \/>\n<meta name=\"twitter:label1\" content=\"Tahmini okuma s\u00fcresi\" \/>\n\t<meta name=\"twitter:data1\" content=\"4 dakika\" \/>\n<script type=\"application\/ld+json\" class=\"yoast-schema-graph\">{\"@context\":\"https:\/\/schema.org\",\"@graph\":[{\"@type\":\"WebPage\",\"@id\":\"https:\/\/www.fbee.me\/tr\/odemeler-politikasi\/\",\"url\":\"https:\/\/www.fbee.me\/tr\/odemeler-politikasi\/\",\"name\":\"\u00d6deme ve iade politikas\u0131 - FBEE\",\"isPartOf\":{\"@id\":\"https:\/\/www.fbee.me\/#website\"},\"datePublished\":\"2025-10-04T09:45:55+00:00\",\"dateModified\":\"2025-10-30T16:56:52+00:00\",\"breadcrumb\":{\"@id\":\"https:\/\/www.fbee.me\/tr\/odemeler-politikasi\/#breadcrumb\"},\"inLanguage\":\"tr\",\"potentialAction\":[{\"@type\":\"ReadAction\",\"target\":[\"https:\/\/www.fbee.me\/tr\/odemeler-politikasi\/\"]}]},{\"@type\":\"BreadcrumbList\",\"@id\":\"https:\/\/www.fbee.me\/tr\/odemeler-politikasi\/#breadcrumb\",\"itemListElement\":[{\"@type\":\"ListItem\",\"position\":1,\"name\":\"Home\",\"item\":\"https:\/\/www.fbee.me\/anasayfa\/\"},{\"@type\":\"ListItem\",\"position\":2,\"name\":\"\u00d6deme ve iade politikas\u0131\"}]},{\"@type\":\"WebSite\",\"@id\":\"https:\/\/www.fbee.me\/#website\",\"url\":\"https:\/\/www.fbee.me\/\",\"name\":\"FBEE\",\"description\":\"\",\"publisher\":{\"@id\":\"https:\/\/www.fbee.me\/#organization\"},\"potentialAction\":[{\"@type\":\"SearchAction\",\"target\":{\"@type\":\"EntryPoint\",\"urlTemplate\":\"https:\/\/www.fbee.me\/?s={search_term_string}\"},\"query-input\":{\"@type\":\"PropertyValueSpecification\",\"valueRequired\":true,\"valueName\":\"search_term_string\"}}],\"inLanguage\":\"tr\"},{\"@type\":\"Organization\",\"@id\":\"https:\/\/www.fbee.me\/#organization\",\"name\":\"FBEE\",\"url\":\"https:\/\/www.fbee.me\/\",\"logo\":{\"@type\":\"ImageObject\",\"inLanguage\":\"tr\",\"@id\":\"https:\/\/www.fbee.me\/#\/schema\/logo\/image\/\",\"url\":\"https:\/\/www.fbee.me\/wp-content\/uploads\/2025\/01\/FBEE_logo_NEW_final_horizontal-2-1.svg\",\"contentUrl\":\"https:\/\/www.fbee.me\/wp-content\/uploads\/2025\/01\/FBEE_logo_NEW_final_horizontal-2-1.svg\",\"width\":1,\"height\":1,\"caption\":\"FBEE\"},\"image\":{\"@id\":\"https:\/\/www.fbee.me\/#\/schema\/logo\/image\/\"}}]}<\/script>\n<!-- \/ Yoast SEO plugin. -->","yoast_head_json":{"title":"\u00d6deme ve iade politikas\u0131 - FBEE","robots":{"index":"index","follow":"follow","max-snippet":"max-snippet:-1","max-image-preview":"max-image-preview:large","max-video-preview":"max-video-preview:-1"},"canonical":"https:\/\/www.fbee.me\/tr\/odemeler-politikasi\/","og_locale":"tr_TR","og_type":"article","og_title":"\u00d6deme ve iade politikas\u0131 - FBEE","og_description":"SEJFMAN s. r. o. (&#8220;FBEE&#8221;) \u00d6deme Ko\u015fullar\u0131 SEJFMAN s. r. o.&#8217;nun (bundan b\u00f6yle &#8220;FBEE&#8221; olarak an\u0131lacakt\u0131r) \u00f6deme ko\u015fullar\u0131d\u0131r. Bu ko\u015fullar yaln\u0131zca FBEE taraf\u0131ndan fbee.me web sitesinde ve\/veya ilgili mobil uygulamalar\u0131 (&#8220;FBEE&#8221;) arac\u0131l\u0131\u011f\u0131yla y\u00fcr\u00fct\u00fclen faaliyetler i\u00e7in ge\u00e7erlidir ve herhangi bir &#8220;\u00e7evrimd\u0131\u015f\u0131&#8221; faaliyet veya web sitesiyle ilgisi olmayan faaliyetler i\u00e7in ge\u00e7erli de\u011fildir. Kullan\u0131c\u0131 taraf\u0131ndan web sitemiz arac\u0131l\u0131\u011f\u0131yla [&hellip;]","og_url":"https:\/\/www.fbee.me\/tr\/odemeler-politikasi\/","og_site_name":"FBEE","article_modified_time":"2025-10-30T16:56:52+00:00","twitter_card":"summary_large_image","twitter_misc":{"Tahmini okuma s\u00fcresi":"4 dakika"},"schema":{"@context":"https:\/\/schema.org","@graph":[{"@type":"WebPage","@id":"https:\/\/www.fbee.me\/tr\/odemeler-politikasi\/","url":"https:\/\/www.fbee.me\/tr\/odemeler-politikasi\/","name":"\u00d6deme ve iade politikas\u0131 - FBEE","isPartOf":{"@id":"https:\/\/www.fbee.me\/#website"},"datePublished":"2025-10-04T09:45:55+00:00","dateModified":"2025-10-30T16:56:52+00:00","breadcrumb":{"@id":"https:\/\/www.fbee.me\/tr\/odemeler-politikasi\/#breadcrumb"},"inLanguage":"tr","potentialAction":[{"@type":"ReadAction","target":["https:\/\/www.fbee.me\/tr\/odemeler-politikasi\/"]}]},{"@type":"BreadcrumbList","@id":"https:\/\/www.fbee.me\/tr\/odemeler-politikasi\/#breadcrumb","itemListElement":[{"@type":"ListItem","position":1,"name":"Home","item":"https:\/\/www.fbee.me\/anasayfa\/"},{"@type":"ListItem","position":2,"name":"\u00d6deme ve iade politikas\u0131"}]},{"@type":"WebSite","@id":"https:\/\/www.fbee.me\/#website","url":"https:\/\/www.fbee.me\/","name":"FBEE","description":"","publisher":{"@id":"https:\/\/www.fbee.me\/#organization"},"potentialAction":[{"@type":"SearchAction","target":{"@type":"EntryPoint","urlTemplate":"https:\/\/www.fbee.me\/?s={search_term_string}"},"query-input":{"@type":"PropertyValueSpecification","valueRequired":true,"valueName":"search_term_string"}}],"inLanguage":"tr"},{"@type":"Organization","@id":"https:\/\/www.fbee.me\/#organization","name":"FBEE","url":"https:\/\/www.fbee.me\/","logo":{"@type":"ImageObject","inLanguage":"tr","@id":"https:\/\/www.fbee.me\/#\/schema\/logo\/image\/","url":"https:\/\/www.fbee.me\/wp-content\/uploads\/2025\/01\/FBEE_logo_NEW_final_horizontal-2-1.svg","contentUrl":"https:\/\/www.fbee.me\/wp-content\/uploads\/2025\/01\/FBEE_logo_NEW_final_horizontal-2-1.svg","width":1,"height":1,"caption":"FBEE"},"image":{"@id":"https:\/\/www.fbee.me\/#\/schema\/logo\/image\/"}}]}},"_links":{"self":[{"href":"https:\/\/www.fbee.me\/tr\/wp-json\/wp\/v2\/pages\/3697","targetHints":{"allow":["GET"]}}],"collection":[{"href":"https:\/\/www.fbee.me\/tr\/wp-json\/wp\/v2\/pages"}],"about":[{"href":"https:\/\/www.fbee.me\/tr\/wp-json\/wp\/v2\/types\/page"}],"author":[{"embeddable":true,"href":"https:\/\/www.fbee.me\/tr\/wp-json\/wp\/v2\/users\/2"}],"replies":[{"embeddable":true,"href":"https:\/\/www.fbee.me\/tr\/wp-json\/wp\/v2\/comments?post=3697"}],"version-history":[{"count":2,"href":"https:\/\/www.fbee.me\/tr\/wp-json\/wp\/v2\/pages\/3697\/revisions"}],"predecessor-version":[{"id":4269,"href":"https:\/\/www.fbee.me\/tr\/wp-json\/wp\/v2\/pages\/3697\/revisions\/4269"}],"wp:attachment":[{"href":"https:\/\/www.fbee.me\/tr\/wp-json\/wp\/v2\/media?parent=3697"}],"curies":[{"name":"wp","href":"https:\/\/api.w.org\/{rel}","templated":true}]}}