{"id":3267,"date":"2025-07-11T01:41:40","date_gmt":"2025-07-11T01:41:40","guid":{"rendered":"https:\/\/www.fbee.me\/temizlik\/"},"modified":"2025-10-18T02:56:16","modified_gmt":"2025-10-18T02:56:16","slug":"temizlik","status":"publish","type":"page","link":"https:\/\/www.fbee.me\/tr\/temizlik\/","title":{"rendered":"TEM\u0130ZL\u0130K"},"content":{"rendered":"<h3>Temizlik Hizmetleri &#8211; Yeni Bir Standart Belirleyen Kusursuz Temizlik!<\/h3>\n<p>Temizlik sadece bir ayr\u0131nt\u0131 de\u011fildir; uyum, \u00fcretkenlik ve esenlik getiren m\u00fckemmel bir ortam\u0131n temelidir. \u00d6d\u00fcn vermeyi unutun ve s\u0131radan alanlar\u0131 kusursuz bak\u0131ml\u0131 tazelik ve hijyen vahalar\u0131na d\u00f6n\u00fc\u015ft\u00fcren profesyonellere g\u00fcvenin. Biz sadece temizlik yapm\u0131yoruz, m\u00fckemmeli yarat\u0131yoruz!  <\/p>\n<p>&nbsp;<\/p>\n<h3><strong>S\u0131radan bir temizlikten daha fazlas\u0131n\u0131 m\u0131 ar\u0131yorsunuz? E\u015fsiz temizlik sunuyoruz! <\/strong><\/h3>\n<p>Eviniz, ofisiniz, oteliniz, ticari alan\u0131n\u0131z veya tadilat sonras\u0131 temizlik olsun, ekibimiz beklentilerinizi a\u015facak hassasiyet, profesyonellik ve kusursuz sonu\u00e7lar sa\u011flar.<\/p>\n","protected":false},"excerpt":{"rendered":"<p>Temizlik Hizmetleri &#8211; Yeni Bir Standart Belirleyen Kusursuz Temizlik! Temizlik sadece bir ayr\u0131nt\u0131 de\u011fildir; uyum, \u00fcretkenlik ve esenlik getiren m\u00fckemmel bir ortam\u0131n temelidir. \u00d6d\u00fcn vermeyi unutun ve s\u0131radan alanlar\u0131 kusursuz bak\u0131ml\u0131 tazelik ve hijyen vahalar\u0131na d\u00f6n\u00fc\u015ft\u00fcren profesyonellere g\u00fcvenin. Biz sadece temizlik yapm\u0131yoruz, m\u00fckemmeli yarat\u0131yoruz! &nbsp; S\u0131radan bir temizlikten daha fazlas\u0131n\u0131 m\u0131 ar\u0131yorsunuz? E\u015fsiz temizlik sunuyoruz! [&hellip;]<\/p>\n","protected":false},"author":2,"featured_media":0,"parent":0,"menu_order":0,"comment_status":"closed","ping_status":"closed","template":"page-templates\/template-category-page.php","meta":{"_acf_changed":false,"footnotes":""},"class_list":["post-3267","page","type-page","status-publish","hentry"],"acf":[],"yoast_head":"<!-- This site is optimized with the Yoast SEO plugin v26.0 - https:\/\/yoast.com\/wordpress\/plugins\/seo\/ -->\n<title>TEM\u0130ZL\u0130K - FBEE<\/title>\n<meta name=\"robots\" content=\"index, follow, max-snippet:-1, max-image-preview:large, max-video-preview:-1\" \/>\n<link rel=\"canonical\" href=\"https:\/\/www.fbee.me\/tr\/temizlik\/\" \/>\n<meta property=\"og:locale\" content=\"tr_TR\" \/>\n<meta property=\"og:type\" content=\"article\" \/>\n<meta property=\"og:title\" content=\"TEM\u0130ZL\u0130K - FBEE\" \/>\n<meta property=\"og:description\" content=\"Temizlik Hizmetleri &#8211; Yeni Bir Standart Belirleyen Kusursuz Temizlik! Temizlik sadece bir ayr\u0131nt\u0131 de\u011fildir; uyum, \u00fcretkenlik ve esenlik getiren m\u00fckemmel bir ortam\u0131n temelidir. \u00d6d\u00fcn vermeyi unutun ve s\u0131radan alanlar\u0131 kusursuz bak\u0131ml\u0131 tazelik ve hijyen vahalar\u0131na d\u00f6n\u00fc\u015ft\u00fcren profesyonellere g\u00fcvenin. Biz sadece temizlik yapm\u0131yoruz, m\u00fckemmeli yarat\u0131yoruz! &nbsp; S\u0131radan bir temizlikten daha fazlas\u0131n\u0131 m\u0131 ar\u0131yorsunuz? E\u015fsiz temizlik sunuyoruz! [&hellip;]\" \/>\n<meta property=\"og:url\" content=\"https:\/\/www.fbee.me\/tr\/temizlik\/\" \/>\n<meta property=\"og:site_name\" content=\"FBEE\" \/>\n<meta property=\"article:modified_time\" content=\"2025-10-18T02:56:16+00:00\" \/>\n<meta name=\"twitter:card\" content=\"summary_large_image\" \/>\n<script type=\"application\/ld+json\" class=\"yoast-schema-graph\">{\"@context\":\"https:\/\/schema.org\",\"@graph\":[{\"@type\":\"WebPage\",\"@id\":\"https:\/\/www.fbee.me\/tr\/temizlik\/\",\"url\":\"https:\/\/www.fbee.me\/tr\/temizlik\/\",\"name\":\"TEM\u0130ZL\u0130K - FBEE\",\"isPartOf\":{\"@id\":\"https:\/\/www.fbee.me\/#website\"},\"datePublished\":\"2025-07-11T01:41:40+00:00\",\"dateModified\":\"2025-10-18T02:56:16+00:00\",\"breadcrumb\":{\"@id\":\"https:\/\/www.fbee.me\/tr\/temizlik\/#breadcrumb\"},\"inLanguage\":\"tr\",\"potentialAction\":[{\"@type\":\"ReadAction\",\"target\":[\"https:\/\/www.fbee.me\/tr\/temizlik\/\"]}]},{\"@type\":\"BreadcrumbList\",\"@id\":\"https:\/\/www.fbee.me\/tr\/temizlik\/#breadcrumb\",\"itemListElement\":[{\"@type\":\"ListItem\",\"position\":1,\"name\":\"Home\",\"item\":\"https:\/\/www.fbee.me\/anasayfa\/\"},{\"@type\":\"ListItem\",\"position\":2,\"name\":\"TEM\u0130ZL\u0130K\"}]},{\"@type\":\"WebSite\",\"@id\":\"https:\/\/www.fbee.me\/#website\",\"url\":\"https:\/\/www.fbee.me\/\",\"name\":\"FBEE\",\"description\":\"\",\"publisher\":{\"@id\":\"https:\/\/www.fbee.me\/#organization\"},\"potentialAction\":[{\"@type\":\"SearchAction\",\"target\":{\"@type\":\"EntryPoint\",\"urlTemplate\":\"https:\/\/www.fbee.me\/?s={search_term_string}\"},\"query-input\":{\"@type\":\"PropertyValueSpecification\",\"valueRequired\":true,\"valueName\":\"search_term_string\"}}],\"inLanguage\":\"tr\"},{\"@type\":\"Organization\",\"@id\":\"https:\/\/www.fbee.me\/#organization\",\"name\":\"FBEE\",\"url\":\"https:\/\/www.fbee.me\/\",\"logo\":{\"@type\":\"ImageObject\",\"inLanguage\":\"tr\",\"@id\":\"https:\/\/www.fbee.me\/#\/schema\/logo\/image\/\",\"url\":\"https:\/\/www.fbee.me\/wp-content\/uploads\/2025\/01\/FBEE_logo_NEW_final_horizontal-2-1.svg\",\"contentUrl\":\"https:\/\/www.fbee.me\/wp-content\/uploads\/2025\/01\/FBEE_logo_NEW_final_horizontal-2-1.svg\",\"width\":1,\"height\":1,\"caption\":\"FBEE\"},\"image\":{\"@id\":\"https:\/\/www.fbee.me\/#\/schema\/logo\/image\/\"}}]}<\/script>\n<!-- \/ Yoast SEO plugin. -->","yoast_head_json":{"title":"TEM\u0130ZL\u0130K - FBEE","robots":{"index":"index","follow":"follow","max-snippet":"max-snippet:-1","max-image-preview":"max-image-preview:large","max-video-preview":"max-video-preview:-1"},"canonical":"https:\/\/www.fbee.me\/tr\/temizlik\/","og_locale":"tr_TR","og_type":"article","og_title":"TEM\u0130ZL\u0130K - FBEE","og_description":"Temizlik Hizmetleri &#8211; Yeni Bir Standart Belirleyen Kusursuz Temizlik! Temizlik sadece bir ayr\u0131nt\u0131 de\u011fildir; uyum, \u00fcretkenlik ve esenlik getiren m\u00fckemmel bir ortam\u0131n temelidir. \u00d6d\u00fcn vermeyi unutun ve s\u0131radan alanlar\u0131 kusursuz bak\u0131ml\u0131 tazelik ve hijyen vahalar\u0131na d\u00f6n\u00fc\u015ft\u00fcren profesyonellere g\u00fcvenin. Biz sadece temizlik yapm\u0131yoruz, m\u00fckemmeli yarat\u0131yoruz! &nbsp; S\u0131radan bir temizlikten daha fazlas\u0131n\u0131 m\u0131 ar\u0131yorsunuz? E\u015fsiz temizlik sunuyoruz! [&hellip;]","og_url":"https:\/\/www.fbee.me\/tr\/temizlik\/","og_site_name":"FBEE","article_modified_time":"2025-10-18T02:56:16+00:00","twitter_card":"summary_large_image","schema":{"@context":"https:\/\/schema.org","@graph":[{"@type":"WebPage","@id":"https:\/\/www.fbee.me\/tr\/temizlik\/","url":"https:\/\/www.fbee.me\/tr\/temizlik\/","name":"TEM\u0130ZL\u0130K - FBEE","isPartOf":{"@id":"https:\/\/www.fbee.me\/#website"},"datePublished":"2025-07-11T01:41:40+00:00","dateModified":"2025-10-18T02:56:16+00:00","breadcrumb":{"@id":"https:\/\/www.fbee.me\/tr\/temizlik\/#breadcrumb"},"inLanguage":"tr","potentialAction":[{"@type":"ReadAction","target":["https:\/\/www.fbee.me\/tr\/temizlik\/"]}]},{"@type":"BreadcrumbList","@id":"https:\/\/www.fbee.me\/tr\/temizlik\/#breadcrumb","itemListElement":[{"@type":"ListItem","position":1,"name":"Home","item":"https:\/\/www.fbee.me\/anasayfa\/"},{"@type":"ListItem","position":2,"name":"TEM\u0130ZL\u0130K"}]},{"@type":"WebSite","@id":"https:\/\/www.fbee.me\/#website","url":"https:\/\/www.fbee.me\/","name":"FBEE","description":"","publisher":{"@id":"https:\/\/www.fbee.me\/#organization"},"potentialAction":[{"@type":"SearchAction","target":{"@type":"EntryPoint","urlTemplate":"https:\/\/www.fbee.me\/?s={search_term_string}"},"query-input":{"@type":"PropertyValueSpecification","valueRequired":true,"valueName":"search_term_string"}}],"inLanguage":"tr"},{"@type":"Organization","@id":"https:\/\/www.fbee.me\/#organization","name":"FBEE","url":"https:\/\/www.fbee.me\/","logo":{"@type":"ImageObject","inLanguage":"tr","@id":"https:\/\/www.fbee.me\/#\/schema\/logo\/image\/","url":"https:\/\/www.fbee.me\/wp-content\/uploads\/2025\/01\/FBEE_logo_NEW_final_horizontal-2-1.svg","contentUrl":"https:\/\/www.fbee.me\/wp-content\/uploads\/2025\/01\/FBEE_logo_NEW_final_horizontal-2-1.svg","width":1,"height":1,"caption":"FBEE"},"image":{"@id":"https:\/\/www.fbee.me\/#\/schema\/logo\/image\/"}}]}},"_links":{"self":[{"href":"https:\/\/www.fbee.me\/tr\/wp-json\/wp\/v2\/pages\/3267","targetHints":{"allow":["GET"]}}],"collection":[{"href":"https:\/\/www.fbee.me\/tr\/wp-json\/wp\/v2\/pages"}],"about":[{"href":"https:\/\/www.fbee.me\/tr\/wp-json\/wp\/v2\/types\/page"}],"author":[{"embeddable":true,"href":"https:\/\/www.fbee.me\/tr\/wp-json\/wp\/v2\/users\/2"}],"replies":[{"embeddable":true,"href":"https:\/\/www.fbee.me\/tr\/wp-json\/wp\/v2\/comments?post=3267"}],"version-history":[{"count":1,"href":"https:\/\/www.fbee.me\/tr\/wp-json\/wp\/v2\/pages\/3267\/revisions"}],"predecessor-version":[{"id":3270,"href":"https:\/\/www.fbee.me\/tr\/wp-json\/wp\/v2\/pages\/3267\/revisions\/3270"}],"wp:attachment":[{"href":"https:\/\/www.fbee.me\/tr\/wp-json\/wp\/v2\/media?parent=3267"}],"curies":[{"name":"wp","href":"https:\/\/api.w.org\/{rel}","templated":true}]}}