{"id":3250,"date":"2025-07-21T21:21:14","date_gmt":"2025-07-21T21:21:14","guid":{"rendered":"https:\/\/www.fbee.me\/yeniden-insa-renovasyon\/"},"modified":"2025-10-18T02:55:43","modified_gmt":"2025-10-18T02:55:43","slug":"yeniden-insa-renovasyon","status":"publish","type":"page","link":"https:\/\/www.fbee.me\/tr\/yeniden-insa-renovasyon\/","title":{"rendered":"YENI\u0307DEN I\u0307N\u015eA &amp; RENOVASYON"},"content":{"rendered":"<h3>Yenileme &amp; Tadilat &#8211; M\u00fckemmelli\u011fi Yeniden Tan\u0131mlayan Dahiyane Bir D\u00f6n\u00fc\u015f\u00fcm!<\/h3>\n<p>Her yenileme ve tadilat projesinin h\u0131rs, hassasiyet ve detaylara tavizsiz bir dikkatle tasarlanm\u0131\u015f bir ba\u015fyap\u0131t oldu\u011fu bir d\u00fcnyaya ad\u0131m at\u0131n. Hizmetlerimiz, yenilik\u00e7i tasar\u0131m, birinci s\u0131n\u0131f malzemeler ve uzman i\u015f\u00e7ili\u011fi harmanlayarak her alan\u0131 m\u00fckemmel bir eve veya modern bir i\u015f yerine d\u00f6n\u00fc\u015ft\u00fcr\u00fcr. <\/p>\n","protected":false},"excerpt":{"rendered":"<p>Yenileme &amp; Tadilat &#8211; M\u00fckemmelli\u011fi Yeniden Tan\u0131mlayan Dahiyane Bir D\u00f6n\u00fc\u015f\u00fcm! Her yenileme ve tadilat projesinin h\u0131rs, hassasiyet ve detaylara tavizsiz bir dikkatle tasarlanm\u0131\u015f bir ba\u015fyap\u0131t oldu\u011fu bir d\u00fcnyaya ad\u0131m at\u0131n. Hizmetlerimiz, yenilik\u00e7i tasar\u0131m, birinci s\u0131n\u0131f malzemeler ve uzman i\u015f\u00e7ili\u011fi harmanlayarak her alan\u0131 m\u00fckemmel bir eve veya modern bir i\u015f yerine d\u00f6n\u00fc\u015ft\u00fcr\u00fcr.<\/p>\n","protected":false},"author":2,"featured_media":0,"parent":0,"menu_order":0,"comment_status":"closed","ping_status":"closed","template":"page-templates\/template-category-page.php","meta":{"_acf_changed":false,"footnotes":""},"class_list":["post-3250","page","type-page","status-publish","hentry"],"acf":[],"yoast_head":"<!-- This site is optimized with the Yoast SEO plugin v26.0 - https:\/\/yoast.com\/wordpress\/plugins\/seo\/ -->\n<title>YENI\u0307DEN I\u0307N\u015eA &amp; RENOVASYON - FBEE<\/title>\n<meta name=\"robots\" content=\"index, follow, max-snippet:-1, max-image-preview:large, max-video-preview:-1\" \/>\n<link rel=\"canonical\" href=\"https:\/\/www.fbee.me\/tr\/yeniden-insa-renovasyon\/\" \/>\n<meta property=\"og:locale\" content=\"tr_TR\" \/>\n<meta property=\"og:type\" content=\"article\" \/>\n<meta property=\"og:title\" content=\"YENI\u0307DEN I\u0307N\u015eA &amp; RENOVASYON - FBEE\" \/>\n<meta property=\"og:description\" content=\"Yenileme &amp; Tadilat &#8211; M\u00fckemmelli\u011fi Yeniden Tan\u0131mlayan Dahiyane Bir D\u00f6n\u00fc\u015f\u00fcm! Her yenileme ve tadilat projesinin h\u0131rs, hassasiyet ve detaylara tavizsiz bir dikkatle tasarlanm\u0131\u015f bir ba\u015fyap\u0131t oldu\u011fu bir d\u00fcnyaya ad\u0131m at\u0131n. Hizmetlerimiz, yenilik\u00e7i tasar\u0131m, birinci s\u0131n\u0131f malzemeler ve uzman i\u015f\u00e7ili\u011fi harmanlayarak her alan\u0131 m\u00fckemmel bir eve veya modern bir i\u015f yerine d\u00f6n\u00fc\u015ft\u00fcr\u00fcr.\" \/>\n<meta property=\"og:url\" content=\"https:\/\/www.fbee.me\/tr\/yeniden-insa-renovasyon\/\" \/>\n<meta property=\"og:site_name\" content=\"FBEE\" \/>\n<meta property=\"article:modified_time\" content=\"2025-10-18T02:55:43+00:00\" \/>\n<meta name=\"twitter:card\" content=\"summary_large_image\" \/>\n<script type=\"application\/ld+json\" class=\"yoast-schema-graph\">{\"@context\":\"https:\/\/schema.org\",\"@graph\":[{\"@type\":\"WebPage\",\"@id\":\"https:\/\/www.fbee.me\/tr\/yeniden-insa-renovasyon\/\",\"url\":\"https:\/\/www.fbee.me\/tr\/yeniden-insa-renovasyon\/\",\"name\":\"YENI\u0307DEN I\u0307N\u015eA &amp; RENOVASYON - FBEE\",\"isPartOf\":{\"@id\":\"https:\/\/www.fbee.me\/#website\"},\"datePublished\":\"2025-07-21T21:21:14+00:00\",\"dateModified\":\"2025-10-18T02:55:43+00:00\",\"breadcrumb\":{\"@id\":\"https:\/\/www.fbee.me\/tr\/yeniden-insa-renovasyon\/#breadcrumb\"},\"inLanguage\":\"tr\",\"potentialAction\":[{\"@type\":\"ReadAction\",\"target\":[\"https:\/\/www.fbee.me\/tr\/yeniden-insa-renovasyon\/\"]}]},{\"@type\":\"BreadcrumbList\",\"@id\":\"https:\/\/www.fbee.me\/tr\/yeniden-insa-renovasyon\/#breadcrumb\",\"itemListElement\":[{\"@type\":\"ListItem\",\"position\":1,\"name\":\"Home\",\"item\":\"https:\/\/www.fbee.me\/anasayfa\/\"},{\"@type\":\"ListItem\",\"position\":2,\"name\":\"YENI\u0307DEN I\u0307N\u015eA &amp; RENOVASYON\"}]},{\"@type\":\"WebSite\",\"@id\":\"https:\/\/www.fbee.me\/#website\",\"url\":\"https:\/\/www.fbee.me\/\",\"name\":\"FBEE\",\"description\":\"\",\"publisher\":{\"@id\":\"https:\/\/www.fbee.me\/#organization\"},\"potentialAction\":[{\"@type\":\"SearchAction\",\"target\":{\"@type\":\"EntryPoint\",\"urlTemplate\":\"https:\/\/www.fbee.me\/?s={search_term_string}\"},\"query-input\":{\"@type\":\"PropertyValueSpecification\",\"valueRequired\":true,\"valueName\":\"search_term_string\"}}],\"inLanguage\":\"tr\"},{\"@type\":\"Organization\",\"@id\":\"https:\/\/www.fbee.me\/#organization\",\"name\":\"FBEE\",\"url\":\"https:\/\/www.fbee.me\/\",\"logo\":{\"@type\":\"ImageObject\",\"inLanguage\":\"tr\",\"@id\":\"https:\/\/www.fbee.me\/#\/schema\/logo\/image\/\",\"url\":\"https:\/\/www.fbee.me\/wp-content\/uploads\/2025\/01\/FBEE_logo_NEW_final_horizontal-2-1.svg\",\"contentUrl\":\"https:\/\/www.fbee.me\/wp-content\/uploads\/2025\/01\/FBEE_logo_NEW_final_horizontal-2-1.svg\",\"width\":1,\"height\":1,\"caption\":\"FBEE\"},\"image\":{\"@id\":\"https:\/\/www.fbee.me\/#\/schema\/logo\/image\/\"}}]}<\/script>\n<!-- \/ Yoast SEO plugin. -->","yoast_head_json":{"title":"YENI\u0307DEN I\u0307N\u015eA &amp; RENOVASYON - FBEE","robots":{"index":"index","follow":"follow","max-snippet":"max-snippet:-1","max-image-preview":"max-image-preview:large","max-video-preview":"max-video-preview:-1"},"canonical":"https:\/\/www.fbee.me\/tr\/yeniden-insa-renovasyon\/","og_locale":"tr_TR","og_type":"article","og_title":"YENI\u0307DEN I\u0307N\u015eA &amp; RENOVASYON - FBEE","og_description":"Yenileme &amp; Tadilat &#8211; M\u00fckemmelli\u011fi Yeniden Tan\u0131mlayan Dahiyane Bir D\u00f6n\u00fc\u015f\u00fcm! Her yenileme ve tadilat projesinin h\u0131rs, hassasiyet ve detaylara tavizsiz bir dikkatle tasarlanm\u0131\u015f bir ba\u015fyap\u0131t oldu\u011fu bir d\u00fcnyaya ad\u0131m at\u0131n. Hizmetlerimiz, yenilik\u00e7i tasar\u0131m, birinci s\u0131n\u0131f malzemeler ve uzman i\u015f\u00e7ili\u011fi harmanlayarak her alan\u0131 m\u00fckemmel bir eve veya modern bir i\u015f yerine d\u00f6n\u00fc\u015ft\u00fcr\u00fcr.","og_url":"https:\/\/www.fbee.me\/tr\/yeniden-insa-renovasyon\/","og_site_name":"FBEE","article_modified_time":"2025-10-18T02:55:43+00:00","twitter_card":"summary_large_image","schema":{"@context":"https:\/\/schema.org","@graph":[{"@type":"WebPage","@id":"https:\/\/www.fbee.me\/tr\/yeniden-insa-renovasyon\/","url":"https:\/\/www.fbee.me\/tr\/yeniden-insa-renovasyon\/","name":"YENI\u0307DEN I\u0307N\u015eA &amp; RENOVASYON - FBEE","isPartOf":{"@id":"https:\/\/www.fbee.me\/#website"},"datePublished":"2025-07-21T21:21:14+00:00","dateModified":"2025-10-18T02:55:43+00:00","breadcrumb":{"@id":"https:\/\/www.fbee.me\/tr\/yeniden-insa-renovasyon\/#breadcrumb"},"inLanguage":"tr","potentialAction":[{"@type":"ReadAction","target":["https:\/\/www.fbee.me\/tr\/yeniden-insa-renovasyon\/"]}]},{"@type":"BreadcrumbList","@id":"https:\/\/www.fbee.me\/tr\/yeniden-insa-renovasyon\/#breadcrumb","itemListElement":[{"@type":"ListItem","position":1,"name":"Home","item":"https:\/\/www.fbee.me\/anasayfa\/"},{"@type":"ListItem","position":2,"name":"YENI\u0307DEN I\u0307N\u015eA &amp; RENOVASYON"}]},{"@type":"WebSite","@id":"https:\/\/www.fbee.me\/#website","url":"https:\/\/www.fbee.me\/","name":"FBEE","description":"","publisher":{"@id":"https:\/\/www.fbee.me\/#organization"},"potentialAction":[{"@type":"SearchAction","target":{"@type":"EntryPoint","urlTemplate":"https:\/\/www.fbee.me\/?s={search_term_string}"},"query-input":{"@type":"PropertyValueSpecification","valueRequired":true,"valueName":"search_term_string"}}],"inLanguage":"tr"},{"@type":"Organization","@id":"https:\/\/www.fbee.me\/#organization","name":"FBEE","url":"https:\/\/www.fbee.me\/","logo":{"@type":"ImageObject","inLanguage":"tr","@id":"https:\/\/www.fbee.me\/#\/schema\/logo\/image\/","url":"https:\/\/www.fbee.me\/wp-content\/uploads\/2025\/01\/FBEE_logo_NEW_final_horizontal-2-1.svg","contentUrl":"https:\/\/www.fbee.me\/wp-content\/uploads\/2025\/01\/FBEE_logo_NEW_final_horizontal-2-1.svg","width":1,"height":1,"caption":"FBEE"},"image":{"@id":"https:\/\/www.fbee.me\/#\/schema\/logo\/image\/"}}]}},"_links":{"self":[{"href":"https:\/\/www.fbee.me\/tr\/wp-json\/wp\/v2\/pages\/3250","targetHints":{"allow":["GET"]}}],"collection":[{"href":"https:\/\/www.fbee.me\/tr\/wp-json\/wp\/v2\/pages"}],"about":[{"href":"https:\/\/www.fbee.me\/tr\/wp-json\/wp\/v2\/types\/page"}],"author":[{"embeddable":true,"href":"https:\/\/www.fbee.me\/tr\/wp-json\/wp\/v2\/users\/2"}],"replies":[{"embeddable":true,"href":"https:\/\/www.fbee.me\/tr\/wp-json\/wp\/v2\/comments?post=3250"}],"version-history":[{"count":1,"href":"https:\/\/www.fbee.me\/tr\/wp-json\/wp\/v2\/pages\/3250\/revisions"}],"predecessor-version":[{"id":3399,"href":"https:\/\/www.fbee.me\/tr\/wp-json\/wp\/v2\/pages\/3250\/revisions\/3399"}],"wp:attachment":[{"href":"https:\/\/www.fbee.me\/tr\/wp-json\/wp\/v2\/media?parent=3250"}],"curies":[{"name":"wp","href":"https:\/\/api.w.org\/{rel}","templated":true}]}}