{"id":3244,"date":"2025-07-21T21:16:50","date_gmt":"2025-07-21T21:16:50","guid":{"rendered":"https:\/\/www.fbee.me\/bakim\/"},"modified":"2025-10-18T02:55:51","modified_gmt":"2025-10-18T02:55:51","slug":"bakim","status":"publish","type":"page","link":"https:\/\/www.fbee.me\/tr\/bakim\/","title":{"rendered":"BAKIM"},"content":{"rendered":"<h3 class=\"p1\"><b>Bak\u0131m Hizmetleri: Tamirci Hizmetleri &#8211; Her Detayda M\u00fckemmellik, \u00d6d\u00fcn Vermeyen G\u00fcvenilirlik!<\/b><\/h3>\n<p>Herhangi bir mekan\u0131n kusursuz \u00e7al\u0131\u015fmas\u0131 tesad\u00fcf de\u011fildir &#8211; titiz bak\u0131m, e\u015fsiz uzmanl\u0131k ve sorunlar\u0131 ortaya \u00e7\u0131kmadan \u00f6nce \u00e7\u00f6zme becerisinin sonucudur. Bizimle, k\u00fc\u00e7\u00fck onar\u0131mlardan tam \u00f6l\u00e7ekli bak\u0131ma kadar tesisinizin her y\u00f6n\u00fc \u00fczerinde tam kontrol sahibi olursunuz. <\/p>\n<p>&nbsp;<\/p>\n<h3 class=\"p1\">H\u0131zl\u0131, verimli ve g\u00fcvenilir bir \u00e7\u00f6z\u00fcme mi ihtiyac\u0131n\u0131z var? Bizimle, garanti! <\/h3>\n<p>Deneyimli profesyonellerden olu\u015fan ekibimiz evinizin, ofisinizin, ticari tesisinizin veya \u00fcretim tesisinizin 7\/24 sorunsuz \u00e7al\u0131\u015fmas\u0131n\u0131 sa\u011flar &#8211; stres yok, gecikme yok, taviz yok!<\/p>\n","protected":false},"excerpt":{"rendered":"<p>Bak\u0131m Hizmetleri: Tamirci Hizmetleri &#8211; Her Detayda M\u00fckemmellik, \u00d6d\u00fcn Vermeyen G\u00fcvenilirlik! Herhangi bir mekan\u0131n kusursuz \u00e7al\u0131\u015fmas\u0131 tesad\u00fcf de\u011fildir &#8211; titiz bak\u0131m, e\u015fsiz uzmanl\u0131k ve sorunlar\u0131 ortaya \u00e7\u0131kmadan \u00f6nce \u00e7\u00f6zme becerisinin sonucudur. Bizimle, k\u00fc\u00e7\u00fck onar\u0131mlardan tam \u00f6l\u00e7ekli bak\u0131ma kadar tesisinizin her y\u00f6n\u00fc \u00fczerinde tam kontrol sahibi olursunuz. &nbsp; H\u0131zl\u0131, verimli ve g\u00fcvenilir bir \u00e7\u00f6z\u00fcme mi ihtiyac\u0131n\u0131z [&hellip;]<\/p>\n","protected":false},"author":2,"featured_media":0,"parent":0,"menu_order":0,"comment_status":"closed","ping_status":"closed","template":"page-templates\/template-category-page.php","meta":{"_acf_changed":false,"footnotes":""},"class_list":["post-3244","page","type-page","status-publish","hentry"],"acf":[],"yoast_head":"<!-- This site is optimized with the Yoast SEO plugin v26.0 - https:\/\/yoast.com\/wordpress\/plugins\/seo\/ -->\n<title>BAKIM - FBEE<\/title>\n<meta name=\"robots\" content=\"index, follow, max-snippet:-1, max-image-preview:large, max-video-preview:-1\" \/>\n<link rel=\"canonical\" href=\"https:\/\/www.fbee.me\/tr\/bakim\/\" \/>\n<meta property=\"og:locale\" content=\"tr_TR\" \/>\n<meta property=\"og:type\" content=\"article\" \/>\n<meta property=\"og:title\" content=\"BAKIM - FBEE\" \/>\n<meta property=\"og:description\" content=\"Bak\u0131m Hizmetleri: Tamirci Hizmetleri &#8211; Her Detayda M\u00fckemmellik, \u00d6d\u00fcn Vermeyen G\u00fcvenilirlik! Herhangi bir mekan\u0131n kusursuz \u00e7al\u0131\u015fmas\u0131 tesad\u00fcf de\u011fildir &#8211; titiz bak\u0131m, e\u015fsiz uzmanl\u0131k ve sorunlar\u0131 ortaya \u00e7\u0131kmadan \u00f6nce \u00e7\u00f6zme becerisinin sonucudur. Bizimle, k\u00fc\u00e7\u00fck onar\u0131mlardan tam \u00f6l\u00e7ekli bak\u0131ma kadar tesisinizin her y\u00f6n\u00fc \u00fczerinde tam kontrol sahibi olursunuz. &nbsp; H\u0131zl\u0131, verimli ve g\u00fcvenilir bir \u00e7\u00f6z\u00fcme mi ihtiyac\u0131n\u0131z [&hellip;]\" \/>\n<meta property=\"og:url\" content=\"https:\/\/www.fbee.me\/tr\/bakim\/\" \/>\n<meta property=\"og:site_name\" content=\"FBEE\" \/>\n<meta property=\"article:modified_time\" content=\"2025-10-18T02:55:51+00:00\" \/>\n<meta name=\"twitter:card\" content=\"summary_large_image\" \/>\n<meta name=\"twitter:label1\" content=\"Tahmini okuma s\u00fcresi\" \/>\n\t<meta name=\"twitter:data1\" content=\"1 dakika\" \/>\n<script type=\"application\/ld+json\" class=\"yoast-schema-graph\">{\"@context\":\"https:\/\/schema.org\",\"@graph\":[{\"@type\":\"WebPage\",\"@id\":\"https:\/\/www.fbee.me\/tr\/bakim\/\",\"url\":\"https:\/\/www.fbee.me\/tr\/bakim\/\",\"name\":\"BAKIM - FBEE\",\"isPartOf\":{\"@id\":\"https:\/\/www.fbee.me\/#website\"},\"datePublished\":\"2025-07-21T21:16:50+00:00\",\"dateModified\":\"2025-10-18T02:55:51+00:00\",\"breadcrumb\":{\"@id\":\"https:\/\/www.fbee.me\/tr\/bakim\/#breadcrumb\"},\"inLanguage\":\"tr\",\"potentialAction\":[{\"@type\":\"ReadAction\",\"target\":[\"https:\/\/www.fbee.me\/tr\/bakim\/\"]}]},{\"@type\":\"BreadcrumbList\",\"@id\":\"https:\/\/www.fbee.me\/tr\/bakim\/#breadcrumb\",\"itemListElement\":[{\"@type\":\"ListItem\",\"position\":1,\"name\":\"Home\",\"item\":\"https:\/\/www.fbee.me\/anasayfa\/\"},{\"@type\":\"ListItem\",\"position\":2,\"name\":\"BAKIM\"}]},{\"@type\":\"WebSite\",\"@id\":\"https:\/\/www.fbee.me\/#website\",\"url\":\"https:\/\/www.fbee.me\/\",\"name\":\"FBEE\",\"description\":\"\",\"publisher\":{\"@id\":\"https:\/\/www.fbee.me\/#organization\"},\"potentialAction\":[{\"@type\":\"SearchAction\",\"target\":{\"@type\":\"EntryPoint\",\"urlTemplate\":\"https:\/\/www.fbee.me\/?s={search_term_string}\"},\"query-input\":{\"@type\":\"PropertyValueSpecification\",\"valueRequired\":true,\"valueName\":\"search_term_string\"}}],\"inLanguage\":\"tr\"},{\"@type\":\"Organization\",\"@id\":\"https:\/\/www.fbee.me\/#organization\",\"name\":\"FBEE\",\"url\":\"https:\/\/www.fbee.me\/\",\"logo\":{\"@type\":\"ImageObject\",\"inLanguage\":\"tr\",\"@id\":\"https:\/\/www.fbee.me\/#\/schema\/logo\/image\/\",\"url\":\"https:\/\/www.fbee.me\/wp-content\/uploads\/2025\/01\/FBEE_logo_NEW_final_horizontal-2-1.svg\",\"contentUrl\":\"https:\/\/www.fbee.me\/wp-content\/uploads\/2025\/01\/FBEE_logo_NEW_final_horizontal-2-1.svg\",\"width\":1,\"height\":1,\"caption\":\"FBEE\"},\"image\":{\"@id\":\"https:\/\/www.fbee.me\/#\/schema\/logo\/image\/\"}}]}<\/script>\n<!-- \/ Yoast SEO plugin. -->","yoast_head_json":{"title":"BAKIM - FBEE","robots":{"index":"index","follow":"follow","max-snippet":"max-snippet:-1","max-image-preview":"max-image-preview:large","max-video-preview":"max-video-preview:-1"},"canonical":"https:\/\/www.fbee.me\/tr\/bakim\/","og_locale":"tr_TR","og_type":"article","og_title":"BAKIM - FBEE","og_description":"Bak\u0131m Hizmetleri: Tamirci Hizmetleri &#8211; Her Detayda M\u00fckemmellik, \u00d6d\u00fcn Vermeyen G\u00fcvenilirlik! Herhangi bir mekan\u0131n kusursuz \u00e7al\u0131\u015fmas\u0131 tesad\u00fcf de\u011fildir &#8211; titiz bak\u0131m, e\u015fsiz uzmanl\u0131k ve sorunlar\u0131 ortaya \u00e7\u0131kmadan \u00f6nce \u00e7\u00f6zme becerisinin sonucudur. Bizimle, k\u00fc\u00e7\u00fck onar\u0131mlardan tam \u00f6l\u00e7ekli bak\u0131ma kadar tesisinizin her y\u00f6n\u00fc \u00fczerinde tam kontrol sahibi olursunuz. &nbsp; H\u0131zl\u0131, verimli ve g\u00fcvenilir bir \u00e7\u00f6z\u00fcme mi ihtiyac\u0131n\u0131z [&hellip;]","og_url":"https:\/\/www.fbee.me\/tr\/bakim\/","og_site_name":"FBEE","article_modified_time":"2025-10-18T02:55:51+00:00","twitter_card":"summary_large_image","twitter_misc":{"Tahmini okuma s\u00fcresi":"1 dakika"},"schema":{"@context":"https:\/\/schema.org","@graph":[{"@type":"WebPage","@id":"https:\/\/www.fbee.me\/tr\/bakim\/","url":"https:\/\/www.fbee.me\/tr\/bakim\/","name":"BAKIM - FBEE","isPartOf":{"@id":"https:\/\/www.fbee.me\/#website"},"datePublished":"2025-07-21T21:16:50+00:00","dateModified":"2025-10-18T02:55:51+00:00","breadcrumb":{"@id":"https:\/\/www.fbee.me\/tr\/bakim\/#breadcrumb"},"inLanguage":"tr","potentialAction":[{"@type":"ReadAction","target":["https:\/\/www.fbee.me\/tr\/bakim\/"]}]},{"@type":"BreadcrumbList","@id":"https:\/\/www.fbee.me\/tr\/bakim\/#breadcrumb","itemListElement":[{"@type":"ListItem","position":1,"name":"Home","item":"https:\/\/www.fbee.me\/anasayfa\/"},{"@type":"ListItem","position":2,"name":"BAKIM"}]},{"@type":"WebSite","@id":"https:\/\/www.fbee.me\/#website","url":"https:\/\/www.fbee.me\/","name":"FBEE","description":"","publisher":{"@id":"https:\/\/www.fbee.me\/#organization"},"potentialAction":[{"@type":"SearchAction","target":{"@type":"EntryPoint","urlTemplate":"https:\/\/www.fbee.me\/?s={search_term_string}"},"query-input":{"@type":"PropertyValueSpecification","valueRequired":true,"valueName":"search_term_string"}}],"inLanguage":"tr"},{"@type":"Organization","@id":"https:\/\/www.fbee.me\/#organization","name":"FBEE","url":"https:\/\/www.fbee.me\/","logo":{"@type":"ImageObject","inLanguage":"tr","@id":"https:\/\/www.fbee.me\/#\/schema\/logo\/image\/","url":"https:\/\/www.fbee.me\/wp-content\/uploads\/2025\/01\/FBEE_logo_NEW_final_horizontal-2-1.svg","contentUrl":"https:\/\/www.fbee.me\/wp-content\/uploads\/2025\/01\/FBEE_logo_NEW_final_horizontal-2-1.svg","width":1,"height":1,"caption":"FBEE"},"image":{"@id":"https:\/\/www.fbee.me\/#\/schema\/logo\/image\/"}}]}},"_links":{"self":[{"href":"https:\/\/www.fbee.me\/tr\/wp-json\/wp\/v2\/pages\/3244","targetHints":{"allow":["GET"]}}],"collection":[{"href":"https:\/\/www.fbee.me\/tr\/wp-json\/wp\/v2\/pages"}],"about":[{"href":"https:\/\/www.fbee.me\/tr\/wp-json\/wp\/v2\/types\/page"}],"author":[{"embeddable":true,"href":"https:\/\/www.fbee.me\/tr\/wp-json\/wp\/v2\/users\/2"}],"replies":[{"embeddable":true,"href":"https:\/\/www.fbee.me\/tr\/wp-json\/wp\/v2\/comments?post=3244"}],"version-history":[{"count":1,"href":"https:\/\/www.fbee.me\/tr\/wp-json\/wp\/v2\/pages\/3244\/revisions"}],"predecessor-version":[{"id":3397,"href":"https:\/\/www.fbee.me\/tr\/wp-json\/wp\/v2\/pages\/3244\/revisions\/3397"}],"wp:attachment":[{"href":"https:\/\/www.fbee.me\/tr\/wp-json\/wp\/v2\/media?parent=3244"}],"curies":[{"name":"wp","href":"https:\/\/api.w.org\/{rel}","templated":true}]}}