{"id":3231,"date":"2025-07-10T16:44:00","date_gmt":"2025-07-10T16:44:00","guid":{"rendered":"https:\/\/www.fbee.me\/saglik-turizmi\/"},"modified":"2025-10-18T02:56:03","modified_gmt":"2025-10-18T02:56:03","slug":"saglik-turizmi","status":"publish","type":"page","link":"https:\/\/www.fbee.me\/tr\/saglik-turizmi\/","title":{"rendered":"Sa\u011fl\u0131k turizmi"},"content":{"rendered":"<h3>Medikal Turizm &#8211; Hayatlar\u0131 De\u011fi\u015ftiren Ayr\u0131cal\u0131kl\u0131 Bak\u0131m!<\/h3>\n<p>Sa\u011fl\u0131\u011f\u0131n\u0131z en iyisini hak ediyor. Ortalamayla yetinmeyin; birinci s\u0131n\u0131f t\u0131bb\u0131, en ileri teknolojiyi ve d\u00fcnya \u00e7ap\u0131nda tan\u0131nan uzmanlar\u0131 se\u00e7in. Medikal turizm, modern t\u0131bb\u0131n s\u0131n\u0131rlar\u0131n\u0131 zorlayan tedavilere kap\u0131 a\u00e7arak sa\u011fl\u0131\u011f\u0131n\u0131z, g\u00fczelli\u011finiz ve canl\u0131l\u0131\u011f\u0131n\u0131z i\u00e7in devrim niteli\u011finde \u00e7\u00f6z\u00fcmler sunar.  <\/p>\n<h3><\/h3>\n<h3>Daha fazlas\u0131n\u0131 m\u0131 istiyorsunuz? Bunu hak ediyorsunuz! <\/h3>\n<p>Geli\u015fmi\u015f cerrahi prosed\u00fcrler ve estetik iyile\u015ftirmelerden rejeneratif t\u0131p ve ya\u015fam\u0131 uzatan tedavilere kadar her \u015fey, ola\u011fan\u00fcst\u00fc sonu\u00e7lar elde etmek i\u00e7in \u00f6zenle tasarlanm\u0131\u015ft\u0131r.<\/p>\n","protected":false},"excerpt":{"rendered":"<p>Medikal Turizm &#8211; Hayatlar\u0131 De\u011fi\u015ftiren Ayr\u0131cal\u0131kl\u0131 Bak\u0131m! Sa\u011fl\u0131\u011f\u0131n\u0131z en iyisini hak ediyor. Ortalamayla yetinmeyin; birinci s\u0131n\u0131f t\u0131bb\u0131, en ileri teknolojiyi ve d\u00fcnya \u00e7ap\u0131nda tan\u0131nan uzmanlar\u0131 se\u00e7in. Medikal turizm, modern t\u0131bb\u0131n s\u0131n\u0131rlar\u0131n\u0131 zorlayan tedavilere kap\u0131 a\u00e7arak sa\u011fl\u0131\u011f\u0131n\u0131z, g\u00fczelli\u011finiz ve canl\u0131l\u0131\u011f\u0131n\u0131z i\u00e7in devrim niteli\u011finde \u00e7\u00f6z\u00fcmler sunar. Daha fazlas\u0131n\u0131 m\u0131 istiyorsunuz? Bunu hak ediyorsunuz! Geli\u015fmi\u015f cerrahi prosed\u00fcrler ve [&hellip;]<\/p>\n","protected":false},"author":2,"featured_media":0,"parent":0,"menu_order":0,"comment_status":"closed","ping_status":"closed","template":"page-templates\/template-category-page.php","meta":{"_acf_changed":false,"footnotes":""},"class_list":["post-3231","page","type-page","status-publish","hentry"],"acf":[],"yoast_head":"<!-- This site is optimized with the Yoast SEO plugin v26.0 - https:\/\/yoast.com\/wordpress\/plugins\/seo\/ -->\n<title>Sa\u011fl\u0131k turizmi - FBEE<\/title>\n<meta name=\"robots\" content=\"index, follow, max-snippet:-1, max-image-preview:large, max-video-preview:-1\" \/>\n<link rel=\"canonical\" href=\"https:\/\/www.fbee.me\/tr\/saglik-turizmi\/\" \/>\n<meta property=\"og:locale\" content=\"tr_TR\" \/>\n<meta property=\"og:type\" content=\"article\" \/>\n<meta property=\"og:title\" content=\"Sa\u011fl\u0131k turizmi - FBEE\" \/>\n<meta property=\"og:description\" content=\"Medikal Turizm &#8211; Hayatlar\u0131 De\u011fi\u015ftiren Ayr\u0131cal\u0131kl\u0131 Bak\u0131m! Sa\u011fl\u0131\u011f\u0131n\u0131z en iyisini hak ediyor. Ortalamayla yetinmeyin; birinci s\u0131n\u0131f t\u0131bb\u0131, en ileri teknolojiyi ve d\u00fcnya \u00e7ap\u0131nda tan\u0131nan uzmanlar\u0131 se\u00e7in. Medikal turizm, modern t\u0131bb\u0131n s\u0131n\u0131rlar\u0131n\u0131 zorlayan tedavilere kap\u0131 a\u00e7arak sa\u011fl\u0131\u011f\u0131n\u0131z, g\u00fczelli\u011finiz ve canl\u0131l\u0131\u011f\u0131n\u0131z i\u00e7in devrim niteli\u011finde \u00e7\u00f6z\u00fcmler sunar. Daha fazlas\u0131n\u0131 m\u0131 istiyorsunuz? Bunu hak ediyorsunuz! Geli\u015fmi\u015f cerrahi prosed\u00fcrler ve [&hellip;]\" \/>\n<meta property=\"og:url\" content=\"https:\/\/www.fbee.me\/tr\/saglik-turizmi\/\" \/>\n<meta property=\"og:site_name\" content=\"FBEE\" \/>\n<meta property=\"article:modified_time\" content=\"2025-10-18T02:56:03+00:00\" \/>\n<meta name=\"twitter:card\" content=\"summary_large_image\" \/>\n<meta name=\"twitter:label1\" content=\"Tahmini okuma s\u00fcresi\" \/>\n\t<meta name=\"twitter:data1\" content=\"1 dakika\" \/>\n<script type=\"application\/ld+json\" class=\"yoast-schema-graph\">{\"@context\":\"https:\/\/schema.org\",\"@graph\":[{\"@type\":\"WebPage\",\"@id\":\"https:\/\/www.fbee.me\/tr\/saglik-turizmi\/\",\"url\":\"https:\/\/www.fbee.me\/tr\/saglik-turizmi\/\",\"name\":\"Sa\u011fl\u0131k turizmi - FBEE\",\"isPartOf\":{\"@id\":\"https:\/\/www.fbee.me\/#website\"},\"datePublished\":\"2025-07-10T16:44:00+00:00\",\"dateModified\":\"2025-10-18T02:56:03+00:00\",\"breadcrumb\":{\"@id\":\"https:\/\/www.fbee.me\/tr\/saglik-turizmi\/#breadcrumb\"},\"inLanguage\":\"tr\",\"potentialAction\":[{\"@type\":\"ReadAction\",\"target\":[\"https:\/\/www.fbee.me\/tr\/saglik-turizmi\/\"]}]},{\"@type\":\"BreadcrumbList\",\"@id\":\"https:\/\/www.fbee.me\/tr\/saglik-turizmi\/#breadcrumb\",\"itemListElement\":[{\"@type\":\"ListItem\",\"position\":1,\"name\":\"Home\",\"item\":\"https:\/\/www.fbee.me\/anasayfa\/\"},{\"@type\":\"ListItem\",\"position\":2,\"name\":\"Sa\u011fl\u0131k turizmi\"}]},{\"@type\":\"WebSite\",\"@id\":\"https:\/\/www.fbee.me\/#website\",\"url\":\"https:\/\/www.fbee.me\/\",\"name\":\"FBEE\",\"description\":\"\",\"publisher\":{\"@id\":\"https:\/\/www.fbee.me\/#organization\"},\"potentialAction\":[{\"@type\":\"SearchAction\",\"target\":{\"@type\":\"EntryPoint\",\"urlTemplate\":\"https:\/\/www.fbee.me\/?s={search_term_string}\"},\"query-input\":{\"@type\":\"PropertyValueSpecification\",\"valueRequired\":true,\"valueName\":\"search_term_string\"}}],\"inLanguage\":\"tr\"},{\"@type\":\"Organization\",\"@id\":\"https:\/\/www.fbee.me\/#organization\",\"name\":\"FBEE\",\"url\":\"https:\/\/www.fbee.me\/\",\"logo\":{\"@type\":\"ImageObject\",\"inLanguage\":\"tr\",\"@id\":\"https:\/\/www.fbee.me\/#\/schema\/logo\/image\/\",\"url\":\"https:\/\/www.fbee.me\/wp-content\/uploads\/2025\/01\/FBEE_logo_NEW_final_horizontal-2-1.svg\",\"contentUrl\":\"https:\/\/www.fbee.me\/wp-content\/uploads\/2025\/01\/FBEE_logo_NEW_final_horizontal-2-1.svg\",\"width\":1,\"height\":1,\"caption\":\"FBEE\"},\"image\":{\"@id\":\"https:\/\/www.fbee.me\/#\/schema\/logo\/image\/\"}}]}<\/script>\n<!-- \/ Yoast SEO plugin. -->","yoast_head_json":{"title":"Sa\u011fl\u0131k turizmi - FBEE","robots":{"index":"index","follow":"follow","max-snippet":"max-snippet:-1","max-image-preview":"max-image-preview:large","max-video-preview":"max-video-preview:-1"},"canonical":"https:\/\/www.fbee.me\/tr\/saglik-turizmi\/","og_locale":"tr_TR","og_type":"article","og_title":"Sa\u011fl\u0131k turizmi - FBEE","og_description":"Medikal Turizm &#8211; Hayatlar\u0131 De\u011fi\u015ftiren Ayr\u0131cal\u0131kl\u0131 Bak\u0131m! Sa\u011fl\u0131\u011f\u0131n\u0131z en iyisini hak ediyor. Ortalamayla yetinmeyin; birinci s\u0131n\u0131f t\u0131bb\u0131, en ileri teknolojiyi ve d\u00fcnya \u00e7ap\u0131nda tan\u0131nan uzmanlar\u0131 se\u00e7in. Medikal turizm, modern t\u0131bb\u0131n s\u0131n\u0131rlar\u0131n\u0131 zorlayan tedavilere kap\u0131 a\u00e7arak sa\u011fl\u0131\u011f\u0131n\u0131z, g\u00fczelli\u011finiz ve canl\u0131l\u0131\u011f\u0131n\u0131z i\u00e7in devrim niteli\u011finde \u00e7\u00f6z\u00fcmler sunar. Daha fazlas\u0131n\u0131 m\u0131 istiyorsunuz? Bunu hak ediyorsunuz! Geli\u015fmi\u015f cerrahi prosed\u00fcrler ve [&hellip;]","og_url":"https:\/\/www.fbee.me\/tr\/saglik-turizmi\/","og_site_name":"FBEE","article_modified_time":"2025-10-18T02:56:03+00:00","twitter_card":"summary_large_image","twitter_misc":{"Tahmini okuma s\u00fcresi":"1 dakika"},"schema":{"@context":"https:\/\/schema.org","@graph":[{"@type":"WebPage","@id":"https:\/\/www.fbee.me\/tr\/saglik-turizmi\/","url":"https:\/\/www.fbee.me\/tr\/saglik-turizmi\/","name":"Sa\u011fl\u0131k turizmi - FBEE","isPartOf":{"@id":"https:\/\/www.fbee.me\/#website"},"datePublished":"2025-07-10T16:44:00+00:00","dateModified":"2025-10-18T02:56:03+00:00","breadcrumb":{"@id":"https:\/\/www.fbee.me\/tr\/saglik-turizmi\/#breadcrumb"},"inLanguage":"tr","potentialAction":[{"@type":"ReadAction","target":["https:\/\/www.fbee.me\/tr\/saglik-turizmi\/"]}]},{"@type":"BreadcrumbList","@id":"https:\/\/www.fbee.me\/tr\/saglik-turizmi\/#breadcrumb","itemListElement":[{"@type":"ListItem","position":1,"name":"Home","item":"https:\/\/www.fbee.me\/anasayfa\/"},{"@type":"ListItem","position":2,"name":"Sa\u011fl\u0131k turizmi"}]},{"@type":"WebSite","@id":"https:\/\/www.fbee.me\/#website","url":"https:\/\/www.fbee.me\/","name":"FBEE","description":"","publisher":{"@id":"https:\/\/www.fbee.me\/#organization"},"potentialAction":[{"@type":"SearchAction","target":{"@type":"EntryPoint","urlTemplate":"https:\/\/www.fbee.me\/?s={search_term_string}"},"query-input":{"@type":"PropertyValueSpecification","valueRequired":true,"valueName":"search_term_string"}}],"inLanguage":"tr"},{"@type":"Organization","@id":"https:\/\/www.fbee.me\/#organization","name":"FBEE","url":"https:\/\/www.fbee.me\/","logo":{"@type":"ImageObject","inLanguage":"tr","@id":"https:\/\/www.fbee.me\/#\/schema\/logo\/image\/","url":"https:\/\/www.fbee.me\/wp-content\/uploads\/2025\/01\/FBEE_logo_NEW_final_horizontal-2-1.svg","contentUrl":"https:\/\/www.fbee.me\/wp-content\/uploads\/2025\/01\/FBEE_logo_NEW_final_horizontal-2-1.svg","width":1,"height":1,"caption":"FBEE"},"image":{"@id":"https:\/\/www.fbee.me\/#\/schema\/logo\/image\/"}}]}},"_links":{"self":[{"href":"https:\/\/www.fbee.me\/tr\/wp-json\/wp\/v2\/pages\/3231","targetHints":{"allow":["GET"]}}],"collection":[{"href":"https:\/\/www.fbee.me\/tr\/wp-json\/wp\/v2\/pages"}],"about":[{"href":"https:\/\/www.fbee.me\/tr\/wp-json\/wp\/v2\/types\/page"}],"author":[{"embeddable":true,"href":"https:\/\/www.fbee.me\/tr\/wp-json\/wp\/v2\/users\/2"}],"replies":[{"embeddable":true,"href":"https:\/\/www.fbee.me\/tr\/wp-json\/wp\/v2\/comments?post=3231"}],"version-history":[{"count":1,"href":"https:\/\/www.fbee.me\/tr\/wp-json\/wp\/v2\/pages\/3231\/revisions"}],"predecessor-version":[{"id":3409,"href":"https:\/\/www.fbee.me\/tr\/wp-json\/wp\/v2\/pages\/3231\/revisions\/3409"}],"wp:attachment":[{"href":"https:\/\/www.fbee.me\/tr\/wp-json\/wp\/v2\/media?parent=3231"}],"curies":[{"name":"wp","href":"https:\/\/api.w.org\/{rel}","templated":true}]}}