{"id":3225,"date":"2025-07-21T20:57:06","date_gmt":"2025-07-21T20:57:06","guid":{"rendered":"https:\/\/www.fbee.me\/spor-turizmi\/"},"modified":"2025-10-18T02:55:55","modified_gmt":"2025-10-18T02:55:55","slug":"spor-turizmi","status":"publish","type":"page","link":"https:\/\/www.fbee.me\/tr\/spor-turizmi\/","title":{"rendered":"SPOR TUR\u0130ZM\u0130"},"content":{"rendered":"<h3>Spor Turizmi &#8211; S\u0131n\u0131rlar\u0131 Zorlay\u0131n, Ke\u015ffedin, H\u00fckmedin!<\/h3>\n<p>Bu s\u0131radan bir turizm de\u011fil. Bu bir meydan okuma! Adrenalin, dayan\u0131kl\u0131l\u0131k ve ke\u015ffin bir birle\u015fimi; g\u00fcc\u00fcn\u00fcz\u00fcn, zihinsel direncinizin ve maceraya olan a\u00e7l\u0131\u011f\u0131n\u0131z\u0131n bir testi. Her ad\u0131m, her t\u0131rman\u0131\u015f, her deneyim sizi daha da ileriye g\u00f6t\u00fcr\u00fcr.   <\/p>\n<h3><\/h3>\n<h3>Daha fazlas\u0131n\u0131 m\u0131 istiyorsunuz? Gereken her \u015feye sahipsin! <\/h3>\n<p>\u0130ster destans\u0131 da\u011f t\u0131rman\u0131\u015flar\u0131, nefes kesici bisiklet rotalar\u0131, ekstrem sporlar ya da d\u00fcnyan\u0131n en \u00e7arp\u0131c\u0131 yerlerinde maratonlar ar\u0131yor olun, tutkunuzu burada bulacaks\u0131n\u0131z. Spor turizmi, s\u0131n\u0131rlar\u0131n\u0131z\u0131 a\u015ft\u0131\u011f\u0131n\u0131z ve kendi hikayenizi yazd\u0131\u011f\u0131n\u0131z bir ya\u015fam tarz\u0131d\u0131r. <\/p>\n","protected":false},"excerpt":{"rendered":"<p>Spor Turizmi &#8211; S\u0131n\u0131rlar\u0131 Zorlay\u0131n, Ke\u015ffedin, H\u00fckmedin! Bu s\u0131radan bir turizm de\u011fil. Bu bir meydan okuma! Adrenalin, dayan\u0131kl\u0131l\u0131k ve ke\u015ffin bir birle\u015fimi; g\u00fcc\u00fcn\u00fcz\u00fcn, zihinsel direncinizin ve maceraya olan a\u00e7l\u0131\u011f\u0131n\u0131z\u0131n bir testi. Her ad\u0131m, her t\u0131rman\u0131\u015f, her deneyim sizi daha da ileriye g\u00f6t\u00fcr\u00fcr. Daha fazlas\u0131n\u0131 m\u0131 istiyorsunuz? Gereken her \u015feye sahipsin! \u0130ster destans\u0131 da\u011f t\u0131rman\u0131\u015flar\u0131, nefes [&hellip;]<\/p>\n","protected":false},"author":2,"featured_media":0,"parent":0,"menu_order":0,"comment_status":"closed","ping_status":"closed","template":"page-templates\/template-category-page.php","meta":{"_acf_changed":false,"footnotes":""},"class_list":["post-3225","page","type-page","status-publish","hentry"],"acf":[],"yoast_head":"<!-- This site is optimized with the Yoast SEO plugin v26.0 - https:\/\/yoast.com\/wordpress\/plugins\/seo\/ -->\n<title>SPOR TUR\u0130ZM\u0130 - FBEE<\/title>\n<meta name=\"robots\" content=\"index, follow, max-snippet:-1, max-image-preview:large, max-video-preview:-1\" \/>\n<link rel=\"canonical\" href=\"https:\/\/www.fbee.me\/tr\/spor-turizmi\/\" \/>\n<meta property=\"og:locale\" content=\"tr_TR\" \/>\n<meta property=\"og:type\" content=\"article\" \/>\n<meta property=\"og:title\" content=\"SPOR TUR\u0130ZM\u0130 - FBEE\" \/>\n<meta property=\"og:description\" content=\"Spor Turizmi &#8211; S\u0131n\u0131rlar\u0131 Zorlay\u0131n, Ke\u015ffedin, H\u00fckmedin! Bu s\u0131radan bir turizm de\u011fil. Bu bir meydan okuma! Adrenalin, dayan\u0131kl\u0131l\u0131k ve ke\u015ffin bir birle\u015fimi; g\u00fcc\u00fcn\u00fcz\u00fcn, zihinsel direncinizin ve maceraya olan a\u00e7l\u0131\u011f\u0131n\u0131z\u0131n bir testi. Her ad\u0131m, her t\u0131rman\u0131\u015f, her deneyim sizi daha da ileriye g\u00f6t\u00fcr\u00fcr. Daha fazlas\u0131n\u0131 m\u0131 istiyorsunuz? Gereken her \u015feye sahipsin! \u0130ster destans\u0131 da\u011f t\u0131rman\u0131\u015flar\u0131, nefes [&hellip;]\" \/>\n<meta property=\"og:url\" content=\"https:\/\/www.fbee.me\/tr\/spor-turizmi\/\" \/>\n<meta property=\"og:site_name\" content=\"FBEE\" \/>\n<meta property=\"article:modified_time\" content=\"2025-10-18T02:55:55+00:00\" \/>\n<meta name=\"twitter:card\" content=\"summary_large_image\" \/>\n<meta name=\"twitter:label1\" content=\"Tahmini okuma s\u00fcresi\" \/>\n\t<meta name=\"twitter:data1\" content=\"1 dakika\" \/>\n<script type=\"application\/ld+json\" class=\"yoast-schema-graph\">{\"@context\":\"https:\/\/schema.org\",\"@graph\":[{\"@type\":\"WebPage\",\"@id\":\"https:\/\/www.fbee.me\/tr\/spor-turizmi\/\",\"url\":\"https:\/\/www.fbee.me\/tr\/spor-turizmi\/\",\"name\":\"SPOR TUR\u0130ZM\u0130 - FBEE\",\"isPartOf\":{\"@id\":\"https:\/\/www.fbee.me\/#website\"},\"datePublished\":\"2025-07-21T20:57:06+00:00\",\"dateModified\":\"2025-10-18T02:55:55+00:00\",\"breadcrumb\":{\"@id\":\"https:\/\/www.fbee.me\/tr\/spor-turizmi\/#breadcrumb\"},\"inLanguage\":\"tr\",\"potentialAction\":[{\"@type\":\"ReadAction\",\"target\":[\"https:\/\/www.fbee.me\/tr\/spor-turizmi\/\"]}]},{\"@type\":\"BreadcrumbList\",\"@id\":\"https:\/\/www.fbee.me\/tr\/spor-turizmi\/#breadcrumb\",\"itemListElement\":[{\"@type\":\"ListItem\",\"position\":1,\"name\":\"Home\",\"item\":\"https:\/\/www.fbee.me\/anasayfa\/\"},{\"@type\":\"ListItem\",\"position\":2,\"name\":\"SPOR TUR\u0130ZM\u0130\"}]},{\"@type\":\"WebSite\",\"@id\":\"https:\/\/www.fbee.me\/#website\",\"url\":\"https:\/\/www.fbee.me\/\",\"name\":\"FBEE\",\"description\":\"\",\"publisher\":{\"@id\":\"https:\/\/www.fbee.me\/#organization\"},\"potentialAction\":[{\"@type\":\"SearchAction\",\"target\":{\"@type\":\"EntryPoint\",\"urlTemplate\":\"https:\/\/www.fbee.me\/?s={search_term_string}\"},\"query-input\":{\"@type\":\"PropertyValueSpecification\",\"valueRequired\":true,\"valueName\":\"search_term_string\"}}],\"inLanguage\":\"tr\"},{\"@type\":\"Organization\",\"@id\":\"https:\/\/www.fbee.me\/#organization\",\"name\":\"FBEE\",\"url\":\"https:\/\/www.fbee.me\/\",\"logo\":{\"@type\":\"ImageObject\",\"inLanguage\":\"tr\",\"@id\":\"https:\/\/www.fbee.me\/#\/schema\/logo\/image\/\",\"url\":\"https:\/\/www.fbee.me\/wp-content\/uploads\/2025\/01\/FBEE_logo_NEW_final_horizontal-2-1.svg\",\"contentUrl\":\"https:\/\/www.fbee.me\/wp-content\/uploads\/2025\/01\/FBEE_logo_NEW_final_horizontal-2-1.svg\",\"width\":1,\"height\":1,\"caption\":\"FBEE\"},\"image\":{\"@id\":\"https:\/\/www.fbee.me\/#\/schema\/logo\/image\/\"}}]}<\/script>\n<!-- \/ Yoast SEO plugin. -->","yoast_head_json":{"title":"SPOR TUR\u0130ZM\u0130 - FBEE","robots":{"index":"index","follow":"follow","max-snippet":"max-snippet:-1","max-image-preview":"max-image-preview:large","max-video-preview":"max-video-preview:-1"},"canonical":"https:\/\/www.fbee.me\/tr\/spor-turizmi\/","og_locale":"tr_TR","og_type":"article","og_title":"SPOR TUR\u0130ZM\u0130 - FBEE","og_description":"Spor Turizmi &#8211; S\u0131n\u0131rlar\u0131 Zorlay\u0131n, Ke\u015ffedin, H\u00fckmedin! Bu s\u0131radan bir turizm de\u011fil. Bu bir meydan okuma! Adrenalin, dayan\u0131kl\u0131l\u0131k ve ke\u015ffin bir birle\u015fimi; g\u00fcc\u00fcn\u00fcz\u00fcn, zihinsel direncinizin ve maceraya olan a\u00e7l\u0131\u011f\u0131n\u0131z\u0131n bir testi. Her ad\u0131m, her t\u0131rman\u0131\u015f, her deneyim sizi daha da ileriye g\u00f6t\u00fcr\u00fcr. Daha fazlas\u0131n\u0131 m\u0131 istiyorsunuz? Gereken her \u015feye sahipsin! \u0130ster destans\u0131 da\u011f t\u0131rman\u0131\u015flar\u0131, nefes [&hellip;]","og_url":"https:\/\/www.fbee.me\/tr\/spor-turizmi\/","og_site_name":"FBEE","article_modified_time":"2025-10-18T02:55:55+00:00","twitter_card":"summary_large_image","twitter_misc":{"Tahmini okuma s\u00fcresi":"1 dakika"},"schema":{"@context":"https:\/\/schema.org","@graph":[{"@type":"WebPage","@id":"https:\/\/www.fbee.me\/tr\/spor-turizmi\/","url":"https:\/\/www.fbee.me\/tr\/spor-turizmi\/","name":"SPOR TUR\u0130ZM\u0130 - FBEE","isPartOf":{"@id":"https:\/\/www.fbee.me\/#website"},"datePublished":"2025-07-21T20:57:06+00:00","dateModified":"2025-10-18T02:55:55+00:00","breadcrumb":{"@id":"https:\/\/www.fbee.me\/tr\/spor-turizmi\/#breadcrumb"},"inLanguage":"tr","potentialAction":[{"@type":"ReadAction","target":["https:\/\/www.fbee.me\/tr\/spor-turizmi\/"]}]},{"@type":"BreadcrumbList","@id":"https:\/\/www.fbee.me\/tr\/spor-turizmi\/#breadcrumb","itemListElement":[{"@type":"ListItem","position":1,"name":"Home","item":"https:\/\/www.fbee.me\/anasayfa\/"},{"@type":"ListItem","position":2,"name":"SPOR TUR\u0130ZM\u0130"}]},{"@type":"WebSite","@id":"https:\/\/www.fbee.me\/#website","url":"https:\/\/www.fbee.me\/","name":"FBEE","description":"","publisher":{"@id":"https:\/\/www.fbee.me\/#organization"},"potentialAction":[{"@type":"SearchAction","target":{"@type":"EntryPoint","urlTemplate":"https:\/\/www.fbee.me\/?s={search_term_string}"},"query-input":{"@type":"PropertyValueSpecification","valueRequired":true,"valueName":"search_term_string"}}],"inLanguage":"tr"},{"@type":"Organization","@id":"https:\/\/www.fbee.me\/#organization","name":"FBEE","url":"https:\/\/www.fbee.me\/","logo":{"@type":"ImageObject","inLanguage":"tr","@id":"https:\/\/www.fbee.me\/#\/schema\/logo\/image\/","url":"https:\/\/www.fbee.me\/wp-content\/uploads\/2025\/01\/FBEE_logo_NEW_final_horizontal-2-1.svg","contentUrl":"https:\/\/www.fbee.me\/wp-content\/uploads\/2025\/01\/FBEE_logo_NEW_final_horizontal-2-1.svg","width":1,"height":1,"caption":"FBEE"},"image":{"@id":"https:\/\/www.fbee.me\/#\/schema\/logo\/image\/"}}]}},"_links":{"self":[{"href":"https:\/\/www.fbee.me\/tr\/wp-json\/wp\/v2\/pages\/3225","targetHints":{"allow":["GET"]}}],"collection":[{"href":"https:\/\/www.fbee.me\/tr\/wp-json\/wp\/v2\/pages"}],"about":[{"href":"https:\/\/www.fbee.me\/tr\/wp-json\/wp\/v2\/types\/page"}],"author":[{"embeddable":true,"href":"https:\/\/www.fbee.me\/tr\/wp-json\/wp\/v2\/users\/2"}],"replies":[{"embeddable":true,"href":"https:\/\/www.fbee.me\/tr\/wp-json\/wp\/v2\/comments?post=3225"}],"version-history":[{"count":1,"href":"https:\/\/www.fbee.me\/tr\/wp-json\/wp\/v2\/pages\/3225\/revisions"}],"predecessor-version":[{"id":3407,"href":"https:\/\/www.fbee.me\/tr\/wp-json\/wp\/v2\/pages\/3225\/revisions\/3407"}],"wp:attachment":[{"href":"https:\/\/www.fbee.me\/tr\/wp-json\/wp\/v2\/media?parent=3225"}],"curies":[{"name":"wp","href":"https:\/\/api.w.org\/{rel}","templated":true}]}}