{"id":3216,"date":"2024-11-09T09:57:02","date_gmt":"2024-11-09T09:57:02","guid":{"rendered":"https:\/\/www.fbee.me\/gercek-baglanti-hikayeleri\/"},"modified":"2025-09-30T10:08:47","modified_gmt":"2025-09-30T10:08:47","slug":"gercek-baglanti-hikayeleri","status":"publish","type":"page","link":"https:\/\/www.fbee.me\/tr\/gercek-baglanti-hikayeleri\/","title":{"rendered":"Ger\u00e7ek Ba\u011flant\u0131 Hikayeleri"},"content":{"rendered":"<p>Fbee&#8217;de tam olarak ihtiya\u00e7 duyduklar\u0131 \u015feyi bulan insanlar\u0131n hikayelerini ke\u015ffedin. Ev tadilat\u0131ndan g\u00fcvenilir \u00e7ocuk bak\u0131m\u0131na kadar, Fbee&#8217;nin m\u00fc\u015fterileri fark yaratan g\u00fcvenilir, y\u00fcksek kaliteli hizmetlerle nas\u0131l bulu\u015fturdu\u011funu g\u00f6r\u00fcn. <\/p>\n","protected":false},"excerpt":{"rendered":"<p>Fbee&#8217;de tam olarak ihtiya\u00e7 duyduklar\u0131 \u015feyi bulan insanlar\u0131n hikayelerini ke\u015ffedin. Ev tadilat\u0131ndan g\u00fcvenilir \u00e7ocuk bak\u0131m\u0131na kadar, Fbee&#8217;nin m\u00fc\u015fterileri fark yaratan g\u00fcvenilir, y\u00fcksek kaliteli hizmetlerle nas\u0131l bulu\u015fturdu\u011funu g\u00f6r\u00fcn.<\/p>\n","protected":false},"author":2,"featured_media":0,"parent":0,"menu_order":0,"comment_status":"closed","ping_status":"closed","template":"page-templates\/template-stories.php","meta":{"_acf_changed":false,"footnotes":""},"class_list":["post-3216","page","type-page","status-publish","hentry"],"acf":[],"yoast_head":"<!-- This site is optimized with the Yoast SEO plugin v26.0 - https:\/\/yoast.com\/wordpress\/plugins\/seo\/ -->\n<title>Ger\u00e7ek Ba\u011flant\u0131 Hikayeleri - FBEE<\/title>\n<meta name=\"robots\" content=\"index, follow, max-snippet:-1, max-image-preview:large, max-video-preview:-1\" \/>\n<link rel=\"canonical\" href=\"https:\/\/www.fbee.me\/tr\/gercek-baglanti-hikayeleri\/\" \/>\n<meta property=\"og:locale\" content=\"tr_TR\" \/>\n<meta property=\"og:type\" content=\"article\" \/>\n<meta property=\"og:title\" content=\"Ger\u00e7ek Ba\u011flant\u0131 Hikayeleri - FBEE\" \/>\n<meta property=\"og:description\" content=\"Fbee&#8217;de tam olarak ihtiya\u00e7 duyduklar\u0131 \u015feyi bulan insanlar\u0131n hikayelerini ke\u015ffedin. Ev tadilat\u0131ndan g\u00fcvenilir \u00e7ocuk bak\u0131m\u0131na kadar, Fbee&#8217;nin m\u00fc\u015fterileri fark yaratan g\u00fcvenilir, y\u00fcksek kaliteli hizmetlerle nas\u0131l bulu\u015fturdu\u011funu g\u00f6r\u00fcn.\" \/>\n<meta property=\"og:url\" content=\"https:\/\/www.fbee.me\/tr\/gercek-baglanti-hikayeleri\/\" \/>\n<meta property=\"og:site_name\" content=\"FBEE\" \/>\n<meta property=\"article:modified_time\" content=\"2025-09-30T10:08:47+00:00\" \/>\n<meta name=\"twitter:card\" content=\"summary_large_image\" \/>\n<script type=\"application\/ld+json\" class=\"yoast-schema-graph\">{\"@context\":\"https:\/\/schema.org\",\"@graph\":[{\"@type\":\"WebPage\",\"@id\":\"https:\/\/www.fbee.me\/tr\/gercek-baglanti-hikayeleri\/\",\"url\":\"https:\/\/www.fbee.me\/tr\/gercek-baglanti-hikayeleri\/\",\"name\":\"Ger\u00e7ek Ba\u011flant\u0131 Hikayeleri - FBEE\",\"isPartOf\":{\"@id\":\"https:\/\/www.fbee.me\/#website\"},\"datePublished\":\"2024-11-09T09:57:02+00:00\",\"dateModified\":\"2025-09-30T10:08:47+00:00\",\"breadcrumb\":{\"@id\":\"https:\/\/www.fbee.me\/tr\/gercek-baglanti-hikayeleri\/#breadcrumb\"},\"inLanguage\":\"tr\",\"potentialAction\":[{\"@type\":\"ReadAction\",\"target\":[\"https:\/\/www.fbee.me\/tr\/gercek-baglanti-hikayeleri\/\"]}]},{\"@type\":\"BreadcrumbList\",\"@id\":\"https:\/\/www.fbee.me\/tr\/gercek-baglanti-hikayeleri\/#breadcrumb\",\"itemListElement\":[{\"@type\":\"ListItem\",\"position\":1,\"name\":\"Home\",\"item\":\"https:\/\/www.fbee.me\/anasayfa\/\"},{\"@type\":\"ListItem\",\"position\":2,\"name\":\"Ger\u00e7ek Ba\u011flant\u0131 Hikayeleri\"}]},{\"@type\":\"WebSite\",\"@id\":\"https:\/\/www.fbee.me\/#website\",\"url\":\"https:\/\/www.fbee.me\/\",\"name\":\"FBEE\",\"description\":\"\",\"publisher\":{\"@id\":\"https:\/\/www.fbee.me\/#organization\"},\"potentialAction\":[{\"@type\":\"SearchAction\",\"target\":{\"@type\":\"EntryPoint\",\"urlTemplate\":\"https:\/\/www.fbee.me\/?s={search_term_string}\"},\"query-input\":{\"@type\":\"PropertyValueSpecification\",\"valueRequired\":true,\"valueName\":\"search_term_string\"}}],\"inLanguage\":\"tr\"},{\"@type\":\"Organization\",\"@id\":\"https:\/\/www.fbee.me\/#organization\",\"name\":\"FBEE\",\"url\":\"https:\/\/www.fbee.me\/\",\"logo\":{\"@type\":\"ImageObject\",\"inLanguage\":\"tr\",\"@id\":\"https:\/\/www.fbee.me\/#\/schema\/logo\/image\/\",\"url\":\"https:\/\/www.fbee.me\/wp-content\/uploads\/2025\/01\/FBEE_logo_NEW_final_horizontal-2-1.svg\",\"contentUrl\":\"https:\/\/www.fbee.me\/wp-content\/uploads\/2025\/01\/FBEE_logo_NEW_final_horizontal-2-1.svg\",\"width\":1,\"height\":1,\"caption\":\"FBEE\"},\"image\":{\"@id\":\"https:\/\/www.fbee.me\/#\/schema\/logo\/image\/\"}}]}<\/script>\n<!-- \/ Yoast SEO plugin. -->","yoast_head_json":{"title":"Ger\u00e7ek Ba\u011flant\u0131 Hikayeleri - FBEE","robots":{"index":"index","follow":"follow","max-snippet":"max-snippet:-1","max-image-preview":"max-image-preview:large","max-video-preview":"max-video-preview:-1"},"canonical":"https:\/\/www.fbee.me\/tr\/gercek-baglanti-hikayeleri\/","og_locale":"tr_TR","og_type":"article","og_title":"Ger\u00e7ek Ba\u011flant\u0131 Hikayeleri - FBEE","og_description":"Fbee&#8217;de tam olarak ihtiya\u00e7 duyduklar\u0131 \u015feyi bulan insanlar\u0131n hikayelerini ke\u015ffedin. Ev tadilat\u0131ndan g\u00fcvenilir \u00e7ocuk bak\u0131m\u0131na kadar, Fbee&#8217;nin m\u00fc\u015fterileri fark yaratan g\u00fcvenilir, y\u00fcksek kaliteli hizmetlerle nas\u0131l bulu\u015fturdu\u011funu g\u00f6r\u00fcn.","og_url":"https:\/\/www.fbee.me\/tr\/gercek-baglanti-hikayeleri\/","og_site_name":"FBEE","article_modified_time":"2025-09-30T10:08:47+00:00","twitter_card":"summary_large_image","schema":{"@context":"https:\/\/schema.org","@graph":[{"@type":"WebPage","@id":"https:\/\/www.fbee.me\/tr\/gercek-baglanti-hikayeleri\/","url":"https:\/\/www.fbee.me\/tr\/gercek-baglanti-hikayeleri\/","name":"Ger\u00e7ek Ba\u011flant\u0131 Hikayeleri - FBEE","isPartOf":{"@id":"https:\/\/www.fbee.me\/#website"},"datePublished":"2024-11-09T09:57:02+00:00","dateModified":"2025-09-30T10:08:47+00:00","breadcrumb":{"@id":"https:\/\/www.fbee.me\/tr\/gercek-baglanti-hikayeleri\/#breadcrumb"},"inLanguage":"tr","potentialAction":[{"@type":"ReadAction","target":["https:\/\/www.fbee.me\/tr\/gercek-baglanti-hikayeleri\/"]}]},{"@type":"BreadcrumbList","@id":"https:\/\/www.fbee.me\/tr\/gercek-baglanti-hikayeleri\/#breadcrumb","itemListElement":[{"@type":"ListItem","position":1,"name":"Home","item":"https:\/\/www.fbee.me\/anasayfa\/"},{"@type":"ListItem","position":2,"name":"Ger\u00e7ek Ba\u011flant\u0131 Hikayeleri"}]},{"@type":"WebSite","@id":"https:\/\/www.fbee.me\/#website","url":"https:\/\/www.fbee.me\/","name":"FBEE","description":"","publisher":{"@id":"https:\/\/www.fbee.me\/#organization"},"potentialAction":[{"@type":"SearchAction","target":{"@type":"EntryPoint","urlTemplate":"https:\/\/www.fbee.me\/?s={search_term_string}"},"query-input":{"@type":"PropertyValueSpecification","valueRequired":true,"valueName":"search_term_string"}}],"inLanguage":"tr"},{"@type":"Organization","@id":"https:\/\/www.fbee.me\/#organization","name":"FBEE","url":"https:\/\/www.fbee.me\/","logo":{"@type":"ImageObject","inLanguage":"tr","@id":"https:\/\/www.fbee.me\/#\/schema\/logo\/image\/","url":"https:\/\/www.fbee.me\/wp-content\/uploads\/2025\/01\/FBEE_logo_NEW_final_horizontal-2-1.svg","contentUrl":"https:\/\/www.fbee.me\/wp-content\/uploads\/2025\/01\/FBEE_logo_NEW_final_horizontal-2-1.svg","width":1,"height":1,"caption":"FBEE"},"image":{"@id":"https:\/\/www.fbee.me\/#\/schema\/logo\/image\/"}}]}},"_links":{"self":[{"href":"https:\/\/www.fbee.me\/tr\/wp-json\/wp\/v2\/pages\/3216","targetHints":{"allow":["GET"]}}],"collection":[{"href":"https:\/\/www.fbee.me\/tr\/wp-json\/wp\/v2\/pages"}],"about":[{"href":"https:\/\/www.fbee.me\/tr\/wp-json\/wp\/v2\/types\/page"}],"author":[{"embeddable":true,"href":"https:\/\/www.fbee.me\/tr\/wp-json\/wp\/v2\/users\/2"}],"replies":[{"embeddable":true,"href":"https:\/\/www.fbee.me\/tr\/wp-json\/wp\/v2\/comments?post=3216"}],"version-history":[{"count":1,"href":"https:\/\/www.fbee.me\/tr\/wp-json\/wp\/v2\/pages\/3216\/revisions"}],"predecessor-version":[{"id":3217,"href":"https:\/\/www.fbee.me\/tr\/wp-json\/wp\/v2\/pages\/3216\/revisions\/3217"}],"wp:attachment":[{"href":"https:\/\/www.fbee.me\/tr\/wp-json\/wp\/v2\/media?parent=3216"}],"curies":[{"name":"wp","href":"https:\/\/api.w.org\/{rel}","templated":true}]}}