{"id":4196,"date":"2025-10-29T18:56:37","date_gmt":"2025-10-29T18:56:37","guid":{"rendered":"https:\/\/www.fbee.me\/iba-v-turecku\/"},"modified":"2025-11-17T17:56:55","modified_gmt":"2025-11-17T17:56:55","slug":"iba-v-turecku","status":"publish","type":"page","link":"https:\/\/www.fbee.me\/sk\/iba-v-turecku\/","title":{"rendered":"Iba v T\u00fcrkiye"},"content":{"rendered":"<h3>Medic\u00ednsky turizmus &#8211; exkluz\u00edvna starostlivos\u0165, ktor\u00e1 men\u00ed \u017eivoty!<\/h3>\n<p>Va\u0161e zdravie si zasl\u00fa\u017ei to najlep\u0161ie. Neuspokojte sa s priemerom \u2013 vyberte si medic\u00ednu svetovej \u00farovne, najmodernej\u0161ie technol\u00f3gie a svetovo uzn\u00e1van\u00fdch \u0161pecialistov. Zdravotn\u00e1 turistika otv\u00e1ra dvere k lie\u010dbe, ktor\u00e1 pos\u00fava hranice modernej medic\u00edny a prin\u00e1\u0161a revolu\u010dn\u00e9 rie\u0161enia pre va\u0161e zdravie, kr\u00e1su a vitalitu.  <\/p>\n<h3><\/h3>\n<h3>\u0160portov\u00e1 turistika &#8211; Pos\u00favajte hranice, objavujte, dominujte!<\/h3>\n<p>Toto nie je be\u017en\u00fd cestovn\u00fd ruch. Toto je v\u00fdzva! Spojenie adrenal\u00ednu, vytrvalosti a objavovania &#8211; sk\u00fa\u0161ka va\u0161ej sily, psychickej odolnosti a t\u00fa\u017eby po dobrodru\u017estve. Ka\u017ed\u00fd krok, ka\u017ed\u00fd v\u00fdstup, ka\u017ed\u00fd z\u00e1\u017eitok v\u00e1s posunie \u010falej.   <\/p>\n<h3><\/h3>\n<h3>Chcete viac? Zasl\u00fa\u017ei\u0161 si to! <\/h3>\n<p>Od pokro\u010dil\u00fdch chirurgick\u00fdch z\u00e1krokov a estetick\u00fdch vylep\u0161en\u00ed a\u017e po regenera\u010dn\u00fa medic\u00ednu a terapie predl\u017euj\u00face \u017eivot &#8211; ka\u017ed\u00fd aspekt je starostlivo navrhnut\u00fd tak, aby zabezpe\u010dil v\u00fdnimo\u010dn\u00e9 v\u00fdsledky.<\/p>\n","protected":false},"excerpt":{"rendered":"<p>Medic\u00ednsky turizmus &#8211; exkluz\u00edvna starostlivos\u0165, ktor\u00e1 men\u00ed \u017eivoty! Va\u0161e zdravie si zasl\u00fa\u017ei to najlep\u0161ie. Neuspokojte sa s priemerom \u2013 vyberte si medic\u00ednu svetovej \u00farovne, najmodernej\u0161ie technol\u00f3gie a svetovo uzn\u00e1van\u00fdch \u0161pecialistov. Zdravotn\u00e1 turistika otv\u00e1ra dvere k lie\u010dbe, ktor\u00e1 pos\u00fava hranice modernej medic\u00edny a prin\u00e1\u0161a revolu\u010dn\u00e9 rie\u0161enia pre va\u0161e zdravie, kr\u00e1su a vitalitu. \u0160portov\u00e1 turistika &#8211; Pos\u00favajte [&hellip;]<\/p>\n","protected":false},"author":2,"featured_media":0,"parent":0,"menu_order":0,"comment_status":"closed","ping_status":"closed","template":"page-templates\/template-category-page-turkey.php","meta":{"_acf_changed":false,"footnotes":""},"class_list":["post-4196","page","type-page","status-publish","hentry"],"acf":[],"yoast_head":"<!-- This site is optimized with the Yoast SEO plugin v26.0 - https:\/\/yoast.com\/wordpress\/plugins\/seo\/ -->\n<title>Iba v T\u00fcrkiye - FBEE<\/title>\n<meta name=\"robots\" content=\"index, follow, max-snippet:-1, max-image-preview:large, max-video-preview:-1\" \/>\n<link rel=\"canonical\" href=\"https:\/\/www.fbee.me\/sk\/iba-v-turecku\/\" \/>\n<meta property=\"og:locale\" content=\"sk_SK\" \/>\n<meta property=\"og:type\" content=\"article\" \/>\n<meta property=\"og:title\" content=\"Iba v T\u00fcrkiye - FBEE\" \/>\n<meta property=\"og:description\" content=\"Medic\u00ednsky turizmus &#8211; exkluz\u00edvna starostlivos\u0165, ktor\u00e1 men\u00ed \u017eivoty! Va\u0161e zdravie si zasl\u00fa\u017ei to najlep\u0161ie. Neuspokojte sa s priemerom \u2013 vyberte si medic\u00ednu svetovej \u00farovne, najmodernej\u0161ie technol\u00f3gie a svetovo uzn\u00e1van\u00fdch \u0161pecialistov. Zdravotn\u00e1 turistika otv\u00e1ra dvere k lie\u010dbe, ktor\u00e1 pos\u00fava hranice modernej medic\u00edny a prin\u00e1\u0161a revolu\u010dn\u00e9 rie\u0161enia pre va\u0161e zdravie, kr\u00e1su a vitalitu. \u0160portov\u00e1 turistika &#8211; Pos\u00favajte [&hellip;]\" \/>\n<meta property=\"og:url\" content=\"https:\/\/www.fbee.me\/sk\/iba-v-turecku\/\" \/>\n<meta property=\"og:site_name\" content=\"FBEE\" \/>\n<meta property=\"article:modified_time\" content=\"2025-11-17T17:56:55+00:00\" \/>\n<meta name=\"twitter:card\" content=\"summary_large_image\" \/>\n<meta name=\"twitter:label1\" content=\"Predpokladan\u00fd \u010das \u010d\u00edtania\" \/>\n\t<meta name=\"twitter:data1\" content=\"1 min\u00fata\" \/>\n<script type=\"application\/ld+json\" class=\"yoast-schema-graph\">{\"@context\":\"https:\/\/schema.org\",\"@graph\":[{\"@type\":\"WebPage\",\"@id\":\"https:\/\/www.fbee.me\/sk\/iba-v-turecku\/\",\"url\":\"https:\/\/www.fbee.me\/sk\/iba-v-turecku\/\",\"name\":\"Iba v T\u00fcrkiye - FBEE\",\"isPartOf\":{\"@id\":\"https:\/\/www.fbee.me\/#website\"},\"datePublished\":\"2025-10-29T18:56:37+00:00\",\"dateModified\":\"2025-11-17T17:56:55+00:00\",\"breadcrumb\":{\"@id\":\"https:\/\/www.fbee.me\/sk\/iba-v-turecku\/#breadcrumb\"},\"inLanguage\":\"sk-SK\",\"potentialAction\":[{\"@type\":\"ReadAction\",\"target\":[\"https:\/\/www.fbee.me\/sk\/iba-v-turecku\/\"]}]},{\"@type\":\"BreadcrumbList\",\"@id\":\"https:\/\/www.fbee.me\/sk\/iba-v-turecku\/#breadcrumb\",\"itemListElement\":[{\"@type\":\"ListItem\",\"position\":1,\"name\":\"Home\",\"item\":\"https:\/\/www.fbee.me\/sk\/\"},{\"@type\":\"ListItem\",\"position\":2,\"name\":\"Iba v T\u00fcrkiye\"}]},{\"@type\":\"WebSite\",\"@id\":\"https:\/\/www.fbee.me\/#website\",\"url\":\"https:\/\/www.fbee.me\/\",\"name\":\"FBEE\",\"description\":\"\",\"publisher\":{\"@id\":\"https:\/\/www.fbee.me\/#organization\"},\"potentialAction\":[{\"@type\":\"SearchAction\",\"target\":{\"@type\":\"EntryPoint\",\"urlTemplate\":\"https:\/\/www.fbee.me\/?s={search_term_string}\"},\"query-input\":{\"@type\":\"PropertyValueSpecification\",\"valueRequired\":true,\"valueName\":\"search_term_string\"}}],\"inLanguage\":\"sk-SK\"},{\"@type\":\"Organization\",\"@id\":\"https:\/\/www.fbee.me\/#organization\",\"name\":\"FBEE\",\"url\":\"https:\/\/www.fbee.me\/\",\"logo\":{\"@type\":\"ImageObject\",\"inLanguage\":\"sk-SK\",\"@id\":\"https:\/\/www.fbee.me\/#\/schema\/logo\/image\/\",\"url\":\"https:\/\/www.fbee.me\/wp-content\/uploads\/2025\/01\/FBEE_logo_NEW_final_horizontal-2-1.svg\",\"contentUrl\":\"https:\/\/www.fbee.me\/wp-content\/uploads\/2025\/01\/FBEE_logo_NEW_final_horizontal-2-1.svg\",\"width\":1,\"height\":1,\"caption\":\"FBEE\"},\"image\":{\"@id\":\"https:\/\/www.fbee.me\/#\/schema\/logo\/image\/\"}}]}<\/script>\n<!-- \/ Yoast SEO plugin. -->","yoast_head_json":{"title":"Iba v T\u00fcrkiye - FBEE","robots":{"index":"index","follow":"follow","max-snippet":"max-snippet:-1","max-image-preview":"max-image-preview:large","max-video-preview":"max-video-preview:-1"},"canonical":"https:\/\/www.fbee.me\/sk\/iba-v-turecku\/","og_locale":"sk_SK","og_type":"article","og_title":"Iba v T\u00fcrkiye - FBEE","og_description":"Medic\u00ednsky turizmus &#8211; exkluz\u00edvna starostlivos\u0165, ktor\u00e1 men\u00ed \u017eivoty! Va\u0161e zdravie si zasl\u00fa\u017ei to najlep\u0161ie. Neuspokojte sa s priemerom \u2013 vyberte si medic\u00ednu svetovej \u00farovne, najmodernej\u0161ie technol\u00f3gie a svetovo uzn\u00e1van\u00fdch \u0161pecialistov. Zdravotn\u00e1 turistika otv\u00e1ra dvere k lie\u010dbe, ktor\u00e1 pos\u00fava hranice modernej medic\u00edny a prin\u00e1\u0161a revolu\u010dn\u00e9 rie\u0161enia pre va\u0161e zdravie, kr\u00e1su a vitalitu. \u0160portov\u00e1 turistika &#8211; Pos\u00favajte [&hellip;]","og_url":"https:\/\/www.fbee.me\/sk\/iba-v-turecku\/","og_site_name":"FBEE","article_modified_time":"2025-11-17T17:56:55+00:00","twitter_card":"summary_large_image","twitter_misc":{"Predpokladan\u00fd \u010das \u010d\u00edtania":"1 min\u00fata"},"schema":{"@context":"https:\/\/schema.org","@graph":[{"@type":"WebPage","@id":"https:\/\/www.fbee.me\/sk\/iba-v-turecku\/","url":"https:\/\/www.fbee.me\/sk\/iba-v-turecku\/","name":"Iba v T\u00fcrkiye - FBEE","isPartOf":{"@id":"https:\/\/www.fbee.me\/#website"},"datePublished":"2025-10-29T18:56:37+00:00","dateModified":"2025-11-17T17:56:55+00:00","breadcrumb":{"@id":"https:\/\/www.fbee.me\/sk\/iba-v-turecku\/#breadcrumb"},"inLanguage":"sk-SK","potentialAction":[{"@type":"ReadAction","target":["https:\/\/www.fbee.me\/sk\/iba-v-turecku\/"]}]},{"@type":"BreadcrumbList","@id":"https:\/\/www.fbee.me\/sk\/iba-v-turecku\/#breadcrumb","itemListElement":[{"@type":"ListItem","position":1,"name":"Home","item":"https:\/\/www.fbee.me\/sk\/"},{"@type":"ListItem","position":2,"name":"Iba v T\u00fcrkiye"}]},{"@type":"WebSite","@id":"https:\/\/www.fbee.me\/#website","url":"https:\/\/www.fbee.me\/","name":"FBEE","description":"","publisher":{"@id":"https:\/\/www.fbee.me\/#organization"},"potentialAction":[{"@type":"SearchAction","target":{"@type":"EntryPoint","urlTemplate":"https:\/\/www.fbee.me\/?s={search_term_string}"},"query-input":{"@type":"PropertyValueSpecification","valueRequired":true,"valueName":"search_term_string"}}],"inLanguage":"sk-SK"},{"@type":"Organization","@id":"https:\/\/www.fbee.me\/#organization","name":"FBEE","url":"https:\/\/www.fbee.me\/","logo":{"@type":"ImageObject","inLanguage":"sk-SK","@id":"https:\/\/www.fbee.me\/#\/schema\/logo\/image\/","url":"https:\/\/www.fbee.me\/wp-content\/uploads\/2025\/01\/FBEE_logo_NEW_final_horizontal-2-1.svg","contentUrl":"https:\/\/www.fbee.me\/wp-content\/uploads\/2025\/01\/FBEE_logo_NEW_final_horizontal-2-1.svg","width":1,"height":1,"caption":"FBEE"},"image":{"@id":"https:\/\/www.fbee.me\/#\/schema\/logo\/image\/"}}]}},"_links":{"self":[{"href":"https:\/\/www.fbee.me\/sk\/wp-json\/wp\/v2\/pages\/4196","targetHints":{"allow":["GET"]}}],"collection":[{"href":"https:\/\/www.fbee.me\/sk\/wp-json\/wp\/v2\/pages"}],"about":[{"href":"https:\/\/www.fbee.me\/sk\/wp-json\/wp\/v2\/types\/page"}],"author":[{"embeddable":true,"href":"https:\/\/www.fbee.me\/sk\/wp-json\/wp\/v2\/users\/2"}],"replies":[{"embeddable":true,"href":"https:\/\/www.fbee.me\/sk\/wp-json\/wp\/v2\/comments?post=4196"}],"version-history":[{"count":2,"href":"https:\/\/www.fbee.me\/sk\/wp-json\/wp\/v2\/pages\/4196\/revisions"}],"predecessor-version":[{"id":4355,"href":"https:\/\/www.fbee.me\/sk\/wp-json\/wp\/v2\/pages\/4196\/revisions\/4355"}],"wp:attachment":[{"href":"https:\/\/www.fbee.me\/sk\/wp-json\/wp\/v2\/media?parent=4196"}],"curies":[{"name":"wp","href":"https:\/\/api.w.org\/{rel}","templated":true}]}}