{"id":4181,"date":"2025-10-29T21:44:44","date_gmt":"2025-10-29T21:44:44","guid":{"rendered":"https:\/\/www.fbee.me\/napiste-recenziu\/"},"modified":"2025-10-29T21:44:44","modified_gmt":"2025-10-29T21:44:44","slug":"napiste-recenziu","status":"publish","type":"page","link":"https:\/\/www.fbee.me\/sk\/napiste-recenziu\/","title":{"rendered":"Nap\u00ed\u0161te recenziu"},"content":{"rendered":"<h2 class=\"p1\" style=\"text-align: center;\"><b>Pom\u00e1hate n\u00e1m r\u00e1s\u0165.<\/b><b><\/b><\/h2>\n<p class=\"p2\" style=\"text-align: center;\">Va\u0161a sp\u00e4tn\u00e1 v\u00e4zba n\u00e1m umo\u017e\u0148uje neust\u00e1le zlep\u0161ova\u0165 kvalitu na\u0161ich slu\u017eieb a lep\u0161ie reagova\u0165 na potreby na\u0161ich z\u00e1kazn\u00edkov.<\/p>\n<p class=\"p2\" style=\"text-align: center;\">Ak ste vyu\u017eili na\u0161e slu\u017eby, budeme v\u00e1m v\u010fa\u010dn\u00ed, ak sa s nami podel\u00edte o svoje sk\u00fasenosti zanechan\u00edm kr\u00e1tkej recenzie.<\/p>\n<p class=\"p2\" style=\"text-align: center;\">Ka\u017ed\u00fd n\u00e1zor je d\u00f4le\u017eit\u00fd a pom\u00e1ha n\u00e1m napredova\u0165.<\/p>\n","protected":false},"excerpt":{"rendered":"<p>Pom\u00e1hate n\u00e1m r\u00e1s\u0165. Va\u0161a sp\u00e4tn\u00e1 v\u00e4zba n\u00e1m umo\u017e\u0148uje neust\u00e1le zlep\u0161ova\u0165 kvalitu na\u0161ich slu\u017eieb a lep\u0161ie reagova\u0165 na potreby na\u0161ich z\u00e1kazn\u00edkov. Ak ste vyu\u017eili na\u0161e slu\u017eby, budeme v\u00e1m v\u010fa\u010dn\u00ed, ak sa s nami podel\u00edte o svoje sk\u00fasenosti zanechan\u00edm kr\u00e1tkej recenzie. Ka\u017ed\u00fd n\u00e1zor je d\u00f4le\u017eit\u00fd a pom\u00e1ha n\u00e1m napredova\u0165.<\/p>\n","protected":false},"author":4,"featured_media":0,"parent":0,"menu_order":0,"comment_status":"closed","ping_status":"closed","template":"page-templates\/template-write-a-review.php","meta":{"_acf_changed":false,"footnotes":""},"class_list":["post-4181","page","type-page","status-publish","hentry"],"acf":[],"yoast_head":"<!-- This site is optimized with the Yoast SEO plugin v26.0 - https:\/\/yoast.com\/wordpress\/plugins\/seo\/ -->\n<title>Nap\u00ed\u0161te recenziu - FBEE<\/title>\n<meta name=\"robots\" content=\"index, follow, max-snippet:-1, max-image-preview:large, max-video-preview:-1\" \/>\n<link rel=\"canonical\" href=\"https:\/\/www.fbee.me\/napiste-recenziu\/\" \/>\n<meta property=\"og:locale\" content=\"sk_SK\" \/>\n<meta property=\"og:type\" content=\"article\" \/>\n<meta property=\"og:title\" content=\"Nap\u00ed\u0161te recenziu - FBEE\" \/>\n<meta property=\"og:description\" content=\"Pom\u00e1hate n\u00e1m r\u00e1s\u0165. Va\u0161a sp\u00e4tn\u00e1 v\u00e4zba n\u00e1m umo\u017e\u0148uje neust\u00e1le zlep\u0161ova\u0165 kvalitu na\u0161ich slu\u017eieb a lep\u0161ie reagova\u0165 na potreby na\u0161ich z\u00e1kazn\u00edkov. Ak ste vyu\u017eili na\u0161e slu\u017eby, budeme v\u00e1m v\u010fa\u010dn\u00ed, ak sa s nami podel\u00edte o svoje sk\u00fasenosti zanechan\u00edm kr\u00e1tkej recenzie. Ka\u017ed\u00fd n\u00e1zor je d\u00f4le\u017eit\u00fd a pom\u00e1ha n\u00e1m napredova\u0165.\" \/>\n<meta property=\"og:url\" content=\"https:\/\/www.fbee.me\/napiste-recenziu\/\" \/>\n<meta property=\"og:site_name\" content=\"FBEE\" \/>\n<meta name=\"twitter:card\" content=\"summary_large_image\" \/>\n<script type=\"application\/ld+json\" class=\"yoast-schema-graph\">{\"@context\":\"https:\/\/schema.org\",\"@graph\":[{\"@type\":\"WebPage\",\"@id\":\"https:\/\/www.fbee.me\/napiste-recenziu\/\",\"url\":\"https:\/\/www.fbee.me\/napiste-recenziu\/\",\"name\":\"Nap\u00ed\u0161te recenziu - FBEE\",\"isPartOf\":{\"@id\":\"https:\/\/www.fbee.me\/#website\"},\"datePublished\":\"2025-10-29T21:44:44+00:00\",\"breadcrumb\":{\"@id\":\"https:\/\/www.fbee.me\/napiste-recenziu\/#breadcrumb\"},\"inLanguage\":\"sk-SK\",\"potentialAction\":[{\"@type\":\"ReadAction\",\"target\":[\"https:\/\/www.fbee.me\/napiste-recenziu\/\"]}]},{\"@type\":\"BreadcrumbList\",\"@id\":\"https:\/\/www.fbee.me\/napiste-recenziu\/#breadcrumb\",\"itemListElement\":[{\"@type\":\"ListItem\",\"position\":1,\"name\":\"Home\",\"item\":\"https:\/\/www.fbee.me\/sk\/\"},{\"@type\":\"ListItem\",\"position\":2,\"name\":\"Nap\u00ed\u0161te recenziu\"}]},{\"@type\":\"WebSite\",\"@id\":\"https:\/\/www.fbee.me\/#website\",\"url\":\"https:\/\/www.fbee.me\/\",\"name\":\"FBEE\",\"description\":\"\",\"publisher\":{\"@id\":\"https:\/\/www.fbee.me\/#organization\"},\"potentialAction\":[{\"@type\":\"SearchAction\",\"target\":{\"@type\":\"EntryPoint\",\"urlTemplate\":\"https:\/\/www.fbee.me\/?s={search_term_string}\"},\"query-input\":{\"@type\":\"PropertyValueSpecification\",\"valueRequired\":true,\"valueName\":\"search_term_string\"}}],\"inLanguage\":\"sk-SK\"},{\"@type\":\"Organization\",\"@id\":\"https:\/\/www.fbee.me\/#organization\",\"name\":\"FBEE\",\"url\":\"https:\/\/www.fbee.me\/\",\"logo\":{\"@type\":\"ImageObject\",\"inLanguage\":\"sk-SK\",\"@id\":\"https:\/\/www.fbee.me\/#\/schema\/logo\/image\/\",\"url\":\"https:\/\/www.fbee.me\/wp-content\/uploads\/2025\/01\/FBEE_logo_NEW_final_horizontal-2-1.svg\",\"contentUrl\":\"https:\/\/www.fbee.me\/wp-content\/uploads\/2025\/01\/FBEE_logo_NEW_final_horizontal-2-1.svg\",\"width\":1,\"height\":1,\"caption\":\"FBEE\"},\"image\":{\"@id\":\"https:\/\/www.fbee.me\/#\/schema\/logo\/image\/\"}}]}<\/script>\n<!-- \/ Yoast SEO plugin. -->","yoast_head_json":{"title":"Nap\u00ed\u0161te recenziu - FBEE","robots":{"index":"index","follow":"follow","max-snippet":"max-snippet:-1","max-image-preview":"max-image-preview:large","max-video-preview":"max-video-preview:-1"},"canonical":"https:\/\/www.fbee.me\/napiste-recenziu\/","og_locale":"sk_SK","og_type":"article","og_title":"Nap\u00ed\u0161te recenziu - FBEE","og_description":"Pom\u00e1hate n\u00e1m r\u00e1s\u0165. Va\u0161a sp\u00e4tn\u00e1 v\u00e4zba n\u00e1m umo\u017e\u0148uje neust\u00e1le zlep\u0161ova\u0165 kvalitu na\u0161ich slu\u017eieb a lep\u0161ie reagova\u0165 na potreby na\u0161ich z\u00e1kazn\u00edkov. Ak ste vyu\u017eili na\u0161e slu\u017eby, budeme v\u00e1m v\u010fa\u010dn\u00ed, ak sa s nami podel\u00edte o svoje sk\u00fasenosti zanechan\u00edm kr\u00e1tkej recenzie. Ka\u017ed\u00fd n\u00e1zor je d\u00f4le\u017eit\u00fd a pom\u00e1ha n\u00e1m napredova\u0165.","og_url":"https:\/\/www.fbee.me\/napiste-recenziu\/","og_site_name":"FBEE","twitter_card":"summary_large_image","schema":{"@context":"https:\/\/schema.org","@graph":[{"@type":"WebPage","@id":"https:\/\/www.fbee.me\/napiste-recenziu\/","url":"https:\/\/www.fbee.me\/napiste-recenziu\/","name":"Nap\u00ed\u0161te recenziu - FBEE","isPartOf":{"@id":"https:\/\/www.fbee.me\/#website"},"datePublished":"2025-10-29T21:44:44+00:00","breadcrumb":{"@id":"https:\/\/www.fbee.me\/napiste-recenziu\/#breadcrumb"},"inLanguage":"sk-SK","potentialAction":[{"@type":"ReadAction","target":["https:\/\/www.fbee.me\/napiste-recenziu\/"]}]},{"@type":"BreadcrumbList","@id":"https:\/\/www.fbee.me\/napiste-recenziu\/#breadcrumb","itemListElement":[{"@type":"ListItem","position":1,"name":"Home","item":"https:\/\/www.fbee.me\/sk\/"},{"@type":"ListItem","position":2,"name":"Nap\u00ed\u0161te recenziu"}]},{"@type":"WebSite","@id":"https:\/\/www.fbee.me\/#website","url":"https:\/\/www.fbee.me\/","name":"FBEE","description":"","publisher":{"@id":"https:\/\/www.fbee.me\/#organization"},"potentialAction":[{"@type":"SearchAction","target":{"@type":"EntryPoint","urlTemplate":"https:\/\/www.fbee.me\/?s={search_term_string}"},"query-input":{"@type":"PropertyValueSpecification","valueRequired":true,"valueName":"search_term_string"}}],"inLanguage":"sk-SK"},{"@type":"Organization","@id":"https:\/\/www.fbee.me\/#organization","name":"FBEE","url":"https:\/\/www.fbee.me\/","logo":{"@type":"ImageObject","inLanguage":"sk-SK","@id":"https:\/\/www.fbee.me\/#\/schema\/logo\/image\/","url":"https:\/\/www.fbee.me\/wp-content\/uploads\/2025\/01\/FBEE_logo_NEW_final_horizontal-2-1.svg","contentUrl":"https:\/\/www.fbee.me\/wp-content\/uploads\/2025\/01\/FBEE_logo_NEW_final_horizontal-2-1.svg","width":1,"height":1,"caption":"FBEE"},"image":{"@id":"https:\/\/www.fbee.me\/#\/schema\/logo\/image\/"}}]}},"_links":{"self":[{"href":"https:\/\/www.fbee.me\/sk\/wp-json\/wp\/v2\/pages\/4181","targetHints":{"allow":["GET"]}}],"collection":[{"href":"https:\/\/www.fbee.me\/sk\/wp-json\/wp\/v2\/pages"}],"about":[{"href":"https:\/\/www.fbee.me\/sk\/wp-json\/wp\/v2\/types\/page"}],"author":[{"embeddable":true,"href":"https:\/\/www.fbee.me\/sk\/wp-json\/wp\/v2\/users\/4"}],"replies":[{"embeddable":true,"href":"https:\/\/www.fbee.me\/sk\/wp-json\/wp\/v2\/comments?post=4181"}],"version-history":[{"count":0,"href":"https:\/\/www.fbee.me\/sk\/wp-json\/wp\/v2\/pages\/4181\/revisions"}],"wp:attachment":[{"href":"https:\/\/www.fbee.me\/sk\/wp-json\/wp\/v2\/media?parent=4181"}],"curies":[{"name":"wp","href":"https:\/\/api.w.org\/{rel}","templated":true}]}}