{"id":2940,"date":"2024-11-09T09:57:02","date_gmt":"2024-11-09T09:57:02","guid":{"rendered":"https:\/\/www.fbee.me\/skutocne-pribehy-o-spojeni\/"},"modified":"2025-08-11T20:26:14","modified_gmt":"2025-08-11T20:26:14","slug":"skutocne-pribehy-o-spojeni","status":"publish","type":"page","link":"https:\/\/www.fbee.me\/sk\/skutocne-pribehy-o-spojeni\/","title":{"rendered":"Skuto\u010dn\u00e9 pr\u00edbehy o spojen\u00ed"},"content":{"rendered":"<p>Objavte pr\u00edbehy \u013eud\u00ed, ktor\u00ed na Fbee na\u0161li presne to, \u010do potrebovali. Pozrite sa, ako Fbee sp\u00e1ja z\u00e1kazn\u00edkov so spo\u013eahliv\u00fdmi a kvalitn\u00fdmi slu\u017ebami, ktor\u00e9 maj\u00fa v\u00fdznam, od rekon\u0161trukcie dom\u00e1cnosti a\u017e po spo\u013eahliv\u00fa starostlivos\u0165 o deti. <\/p>\n","protected":false},"excerpt":{"rendered":"<p>Objavte pr\u00edbehy \u013eud\u00ed, ktor\u00ed na Fbee na\u0161li presne to, \u010do potrebovali. Pozrite sa, ako Fbee sp\u00e1ja z\u00e1kazn\u00edkov so spo\u013eahliv\u00fdmi a kvalitn\u00fdmi slu\u017ebami, ktor\u00e9 maj\u00fa v\u00fdznam, od rekon\u0161trukcie dom\u00e1cnosti a\u017e po spo\u013eahliv\u00fa starostlivos\u0165 o deti.<\/p>\n","protected":false},"author":2,"featured_media":0,"parent":0,"menu_order":0,"comment_status":"closed","ping_status":"closed","template":"page-templates\/template-stories.php","meta":{"_acf_changed":false,"footnotes":""},"class_list":["post-2940","page","type-page","status-publish","hentry"],"acf":[],"yoast_head":"<!-- This site is optimized with the Yoast SEO plugin v26.0 - https:\/\/yoast.com\/wordpress\/plugins\/seo\/ -->\n<title>Skuto\u010dn\u00e9 pr\u00edbehy o spojen\u00ed - FBEE<\/title>\n<meta name=\"robots\" content=\"index, follow, max-snippet:-1, max-image-preview:large, max-video-preview:-1\" \/>\n<link rel=\"canonical\" href=\"https:\/\/www.fbee.me\/sk\/skutocne-pribehy-o-spojeni\/\" \/>\n<meta property=\"og:locale\" content=\"sk_SK\" \/>\n<meta property=\"og:type\" content=\"article\" \/>\n<meta property=\"og:title\" content=\"Skuto\u010dn\u00e9 pr\u00edbehy o spojen\u00ed - FBEE\" \/>\n<meta property=\"og:description\" content=\"Objavte pr\u00edbehy \u013eud\u00ed, ktor\u00ed na Fbee na\u0161li presne to, \u010do potrebovali. Pozrite sa, ako Fbee sp\u00e1ja z\u00e1kazn\u00edkov so spo\u013eahliv\u00fdmi a kvalitn\u00fdmi slu\u017ebami, ktor\u00e9 maj\u00fa v\u00fdznam, od rekon\u0161trukcie dom\u00e1cnosti a\u017e po spo\u013eahliv\u00fa starostlivos\u0165 o deti.\" \/>\n<meta property=\"og:url\" content=\"https:\/\/www.fbee.me\/sk\/skutocne-pribehy-o-spojeni\/\" \/>\n<meta property=\"og:site_name\" content=\"FBEE\" \/>\n<meta property=\"article:modified_time\" content=\"2025-08-11T20:26:14+00:00\" \/>\n<meta name=\"twitter:card\" content=\"summary_large_image\" \/>\n<script type=\"application\/ld+json\" class=\"yoast-schema-graph\">{\"@context\":\"https:\/\/schema.org\",\"@graph\":[{\"@type\":\"WebPage\",\"@id\":\"https:\/\/www.fbee.me\/sk\/skutocne-pribehy-o-spojeni\/\",\"url\":\"https:\/\/www.fbee.me\/sk\/skutocne-pribehy-o-spojeni\/\",\"name\":\"Skuto\u010dn\u00e9 pr\u00edbehy o spojen\u00ed - FBEE\",\"isPartOf\":{\"@id\":\"https:\/\/www.fbee.me\/#website\"},\"datePublished\":\"2024-11-09T09:57:02+00:00\",\"dateModified\":\"2025-08-11T20:26:14+00:00\",\"breadcrumb\":{\"@id\":\"https:\/\/www.fbee.me\/sk\/skutocne-pribehy-o-spojeni\/#breadcrumb\"},\"inLanguage\":\"sk-SK\",\"potentialAction\":[{\"@type\":\"ReadAction\",\"target\":[\"https:\/\/www.fbee.me\/sk\/skutocne-pribehy-o-spojeni\/\"]}]},{\"@type\":\"BreadcrumbList\",\"@id\":\"https:\/\/www.fbee.me\/sk\/skutocne-pribehy-o-spojeni\/#breadcrumb\",\"itemListElement\":[{\"@type\":\"ListItem\",\"position\":1,\"name\":\"Home\",\"item\":\"https:\/\/www.fbee.me\/sk\/\"},{\"@type\":\"ListItem\",\"position\":2,\"name\":\"Skuto\u010dn\u00e9 pr\u00edbehy o spojen\u00ed\"}]},{\"@type\":\"WebSite\",\"@id\":\"https:\/\/www.fbee.me\/#website\",\"url\":\"https:\/\/www.fbee.me\/\",\"name\":\"FBEE\",\"description\":\"\",\"publisher\":{\"@id\":\"https:\/\/www.fbee.me\/#organization\"},\"potentialAction\":[{\"@type\":\"SearchAction\",\"target\":{\"@type\":\"EntryPoint\",\"urlTemplate\":\"https:\/\/www.fbee.me\/?s={search_term_string}\"},\"query-input\":{\"@type\":\"PropertyValueSpecification\",\"valueRequired\":true,\"valueName\":\"search_term_string\"}}],\"inLanguage\":\"sk-SK\"},{\"@type\":\"Organization\",\"@id\":\"https:\/\/www.fbee.me\/#organization\",\"name\":\"FBEE\",\"url\":\"https:\/\/www.fbee.me\/\",\"logo\":{\"@type\":\"ImageObject\",\"inLanguage\":\"sk-SK\",\"@id\":\"https:\/\/www.fbee.me\/#\/schema\/logo\/image\/\",\"url\":\"https:\/\/www.fbee.me\/wp-content\/uploads\/2025\/01\/FBEE_logo_NEW_final_horizontal-2-1.svg\",\"contentUrl\":\"https:\/\/www.fbee.me\/wp-content\/uploads\/2025\/01\/FBEE_logo_NEW_final_horizontal-2-1.svg\",\"width\":1,\"height\":1,\"caption\":\"FBEE\"},\"image\":{\"@id\":\"https:\/\/www.fbee.me\/#\/schema\/logo\/image\/\"}}]}<\/script>\n<!-- \/ Yoast SEO plugin. -->","yoast_head_json":{"title":"Skuto\u010dn\u00e9 pr\u00edbehy o spojen\u00ed - FBEE","robots":{"index":"index","follow":"follow","max-snippet":"max-snippet:-1","max-image-preview":"max-image-preview:large","max-video-preview":"max-video-preview:-1"},"canonical":"https:\/\/www.fbee.me\/sk\/skutocne-pribehy-o-spojeni\/","og_locale":"sk_SK","og_type":"article","og_title":"Skuto\u010dn\u00e9 pr\u00edbehy o spojen\u00ed - FBEE","og_description":"Objavte pr\u00edbehy \u013eud\u00ed, ktor\u00ed na Fbee na\u0161li presne to, \u010do potrebovali. Pozrite sa, ako Fbee sp\u00e1ja z\u00e1kazn\u00edkov so spo\u013eahliv\u00fdmi a kvalitn\u00fdmi slu\u017ebami, ktor\u00e9 maj\u00fa v\u00fdznam, od rekon\u0161trukcie dom\u00e1cnosti a\u017e po spo\u013eahliv\u00fa starostlivos\u0165 o deti.","og_url":"https:\/\/www.fbee.me\/sk\/skutocne-pribehy-o-spojeni\/","og_site_name":"FBEE","article_modified_time":"2025-08-11T20:26:14+00:00","twitter_card":"summary_large_image","schema":{"@context":"https:\/\/schema.org","@graph":[{"@type":"WebPage","@id":"https:\/\/www.fbee.me\/sk\/skutocne-pribehy-o-spojeni\/","url":"https:\/\/www.fbee.me\/sk\/skutocne-pribehy-o-spojeni\/","name":"Skuto\u010dn\u00e9 pr\u00edbehy o spojen\u00ed - FBEE","isPartOf":{"@id":"https:\/\/www.fbee.me\/#website"},"datePublished":"2024-11-09T09:57:02+00:00","dateModified":"2025-08-11T20:26:14+00:00","breadcrumb":{"@id":"https:\/\/www.fbee.me\/sk\/skutocne-pribehy-o-spojeni\/#breadcrumb"},"inLanguage":"sk-SK","potentialAction":[{"@type":"ReadAction","target":["https:\/\/www.fbee.me\/sk\/skutocne-pribehy-o-spojeni\/"]}]},{"@type":"BreadcrumbList","@id":"https:\/\/www.fbee.me\/sk\/skutocne-pribehy-o-spojeni\/#breadcrumb","itemListElement":[{"@type":"ListItem","position":1,"name":"Home","item":"https:\/\/www.fbee.me\/sk\/"},{"@type":"ListItem","position":2,"name":"Skuto\u010dn\u00e9 pr\u00edbehy o spojen\u00ed"}]},{"@type":"WebSite","@id":"https:\/\/www.fbee.me\/#website","url":"https:\/\/www.fbee.me\/","name":"FBEE","description":"","publisher":{"@id":"https:\/\/www.fbee.me\/#organization"},"potentialAction":[{"@type":"SearchAction","target":{"@type":"EntryPoint","urlTemplate":"https:\/\/www.fbee.me\/?s={search_term_string}"},"query-input":{"@type":"PropertyValueSpecification","valueRequired":true,"valueName":"search_term_string"}}],"inLanguage":"sk-SK"},{"@type":"Organization","@id":"https:\/\/www.fbee.me\/#organization","name":"FBEE","url":"https:\/\/www.fbee.me\/","logo":{"@type":"ImageObject","inLanguage":"sk-SK","@id":"https:\/\/www.fbee.me\/#\/schema\/logo\/image\/","url":"https:\/\/www.fbee.me\/wp-content\/uploads\/2025\/01\/FBEE_logo_NEW_final_horizontal-2-1.svg","contentUrl":"https:\/\/www.fbee.me\/wp-content\/uploads\/2025\/01\/FBEE_logo_NEW_final_horizontal-2-1.svg","width":1,"height":1,"caption":"FBEE"},"image":{"@id":"https:\/\/www.fbee.me\/#\/schema\/logo\/image\/"}}]}},"_links":{"self":[{"href":"https:\/\/www.fbee.me\/sk\/wp-json\/wp\/v2\/pages\/2940","targetHints":{"allow":["GET"]}}],"collection":[{"href":"https:\/\/www.fbee.me\/sk\/wp-json\/wp\/v2\/pages"}],"about":[{"href":"https:\/\/www.fbee.me\/sk\/wp-json\/wp\/v2\/types\/page"}],"author":[{"embeddable":true,"href":"https:\/\/www.fbee.me\/sk\/wp-json\/wp\/v2\/users\/2"}],"replies":[{"embeddable":true,"href":"https:\/\/www.fbee.me\/sk\/wp-json\/wp\/v2\/comments?post=2940"}],"version-history":[{"count":1,"href":"https:\/\/www.fbee.me\/sk\/wp-json\/wp\/v2\/pages\/2940\/revisions"}],"predecessor-version":[{"id":3023,"href":"https:\/\/www.fbee.me\/sk\/wp-json\/wp\/v2\/pages\/2940\/revisions\/3023"}],"wp:attachment":[{"href":"https:\/\/www.fbee.me\/sk\/wp-json\/wp\/v2\/media?parent=2940"}],"curies":[{"name":"wp","href":"https:\/\/api.w.org\/{rel}","templated":true}]}}