{"id":2920,"date":"2025-07-11T01:41:40","date_gmt":"2025-07-11T01:41:40","guid":{"rendered":"https:\/\/www.fbee.me\/?page_id=2920"},"modified":"2025-10-18T02:56:16","modified_gmt":"2025-10-18T02:56:16","slug":"upratovacie-sluzby","status":"publish","type":"page","link":"https:\/\/www.fbee.me\/sk\/upratovacie-sluzby\/","title":{"rendered":"Upratovacie slu\u017eby"},"content":{"rendered":"<h3>Upratovacie slu\u017eby &#8211; dokonal\u00e1 \u010distota, ktor\u00e1 stanovuje nov\u00fd \u0161tandard!<\/h3>\n<p>\u010cistota nie je len detail &#8211; je to z\u00e1klad dokonal\u00e9ho prostredia, ktor\u00e9 prin\u00e1\u0161a harm\u00f3niu, produktivitu a pohodu. Zabudnite na kompromisy a d\u00f4verujte profesion\u00e1lom, ktor\u00ed premenia oby\u010dajn\u00e9 priestory na bezchybne udr\u017eiavan\u00e9 o\u00e1zy svie\u017eosti a hygieny. My nielen upratujeme &#8211; my vytv\u00e1rame dokonalos\u0165!  <\/p>\n<p>&nbsp;<\/p>\n<h3><strong>H\u013ead\u00e1te viac ako len be\u017en\u00e9 \u010distenie? Poskytujeme NEZMENITE\u013dN\u00da \u010distotu! <\/strong><\/h3>\n<p>\u010ci u\u017e ide o v\u00e1\u0161 domov, kancel\u00e1riu, hotel, komer\u010dn\u00e9 priestory alebo upratovanie po rekon\u0161trukcii, n\u00e1\u0161 t\u00edm zaru\u010duje prec\u00edznos\u0165, profesionalitu a dokonal\u00e9 v\u00fdsledky, ktor\u00e9 prekonaj\u00fa va\u0161e o\u010dak\u00e1vania.<\/p>\n","protected":false},"excerpt":{"rendered":"<p>Upratovacie slu\u017eby &#8211; dokonal\u00e1 \u010distota, ktor\u00e1 stanovuje nov\u00fd \u0161tandard! \u010cistota nie je len detail &#8211; je to z\u00e1klad dokonal\u00e9ho prostredia, ktor\u00e9 prin\u00e1\u0161a harm\u00f3niu, produktivitu a pohodu. Zabudnite na kompromisy a d\u00f4verujte profesion\u00e1lom, ktor\u00ed premenia oby\u010dajn\u00e9 priestory na bezchybne udr\u017eiavan\u00e9 o\u00e1zy svie\u017eosti a hygieny. My nielen upratujeme &#8211; my vytv\u00e1rame dokonalos\u0165! &nbsp; H\u013ead\u00e1te viac ako len [&hellip;]<\/p>\n","protected":false},"author":2,"featured_media":0,"parent":0,"menu_order":0,"comment_status":"closed","ping_status":"closed","template":"page-templates\/template-category-page.php","meta":{"_acf_changed":false,"footnotes":""},"class_list":["post-2920","page","type-page","status-publish","hentry"],"acf":[],"yoast_head":"<!-- This site is optimized with the Yoast SEO plugin v26.0 - https:\/\/yoast.com\/wordpress\/plugins\/seo\/ -->\n<title>Upratovacie slu\u017eby - FBEE<\/title>\n<meta name=\"robots\" content=\"index, follow, max-snippet:-1, max-image-preview:large, max-video-preview:-1\" \/>\n<link rel=\"canonical\" href=\"https:\/\/www.fbee.me\/sk\/upratovacie-sluzby\/\" \/>\n<meta property=\"og:locale\" content=\"sk_SK\" \/>\n<meta property=\"og:type\" content=\"article\" \/>\n<meta property=\"og:title\" content=\"Upratovacie slu\u017eby - FBEE\" \/>\n<meta property=\"og:description\" content=\"Upratovacie slu\u017eby &#8211; dokonal\u00e1 \u010distota, ktor\u00e1 stanovuje nov\u00fd \u0161tandard! \u010cistota nie je len detail &#8211; je to z\u00e1klad dokonal\u00e9ho prostredia, ktor\u00e9 prin\u00e1\u0161a harm\u00f3niu, produktivitu a pohodu. Zabudnite na kompromisy a d\u00f4verujte profesion\u00e1lom, ktor\u00ed premenia oby\u010dajn\u00e9 priestory na bezchybne udr\u017eiavan\u00e9 o\u00e1zy svie\u017eosti a hygieny. My nielen upratujeme &#8211; my vytv\u00e1rame dokonalos\u0165! &nbsp; H\u013ead\u00e1te viac ako len [&hellip;]\" \/>\n<meta property=\"og:url\" content=\"https:\/\/www.fbee.me\/sk\/upratovacie-sluzby\/\" \/>\n<meta property=\"og:site_name\" content=\"FBEE\" \/>\n<meta property=\"article:modified_time\" content=\"2025-10-18T02:56:16+00:00\" \/>\n<meta name=\"twitter:card\" content=\"summary_large_image\" \/>\n<meta name=\"twitter:label1\" content=\"Predpokladan\u00fd \u010das \u010d\u00edtania\" \/>\n\t<meta name=\"twitter:data1\" content=\"1 min\u00fata\" \/>\n<script type=\"application\/ld+json\" class=\"yoast-schema-graph\">{\"@context\":\"https:\/\/schema.org\",\"@graph\":[{\"@type\":\"WebPage\",\"@id\":\"https:\/\/www.fbee.me\/sk\/upratovacie-sluzby\/\",\"url\":\"https:\/\/www.fbee.me\/sk\/upratovacie-sluzby\/\",\"name\":\"Upratovacie slu\u017eby - FBEE\",\"isPartOf\":{\"@id\":\"https:\/\/www.fbee.me\/#website\"},\"datePublished\":\"2025-07-11T01:41:40+00:00\",\"dateModified\":\"2025-10-18T02:56:16+00:00\",\"breadcrumb\":{\"@id\":\"https:\/\/www.fbee.me\/sk\/upratovacie-sluzby\/#breadcrumb\"},\"inLanguage\":\"sk-SK\",\"potentialAction\":[{\"@type\":\"ReadAction\",\"target\":[\"https:\/\/www.fbee.me\/sk\/upratovacie-sluzby\/\"]}]},{\"@type\":\"BreadcrumbList\",\"@id\":\"https:\/\/www.fbee.me\/sk\/upratovacie-sluzby\/#breadcrumb\",\"itemListElement\":[{\"@type\":\"ListItem\",\"position\":1,\"name\":\"Home\",\"item\":\"https:\/\/www.fbee.me\/sk\/\"},{\"@type\":\"ListItem\",\"position\":2,\"name\":\"Upratovacie slu\u017eby\"}]},{\"@type\":\"WebSite\",\"@id\":\"https:\/\/www.fbee.me\/#website\",\"url\":\"https:\/\/www.fbee.me\/\",\"name\":\"FBEE\",\"description\":\"\",\"publisher\":{\"@id\":\"https:\/\/www.fbee.me\/#organization\"},\"potentialAction\":[{\"@type\":\"SearchAction\",\"target\":{\"@type\":\"EntryPoint\",\"urlTemplate\":\"https:\/\/www.fbee.me\/?s={search_term_string}\"},\"query-input\":{\"@type\":\"PropertyValueSpecification\",\"valueRequired\":true,\"valueName\":\"search_term_string\"}}],\"inLanguage\":\"sk-SK\"},{\"@type\":\"Organization\",\"@id\":\"https:\/\/www.fbee.me\/#organization\",\"name\":\"FBEE\",\"url\":\"https:\/\/www.fbee.me\/\",\"logo\":{\"@type\":\"ImageObject\",\"inLanguage\":\"sk-SK\",\"@id\":\"https:\/\/www.fbee.me\/#\/schema\/logo\/image\/\",\"url\":\"https:\/\/www.fbee.me\/wp-content\/uploads\/2025\/01\/FBEE_logo_NEW_final_horizontal-2-1.svg\",\"contentUrl\":\"https:\/\/www.fbee.me\/wp-content\/uploads\/2025\/01\/FBEE_logo_NEW_final_horizontal-2-1.svg\",\"width\":1,\"height\":1,\"caption\":\"FBEE\"},\"image\":{\"@id\":\"https:\/\/www.fbee.me\/#\/schema\/logo\/image\/\"}}]}<\/script>\n<!-- \/ Yoast SEO plugin. -->","yoast_head_json":{"title":"Upratovacie slu\u017eby - FBEE","robots":{"index":"index","follow":"follow","max-snippet":"max-snippet:-1","max-image-preview":"max-image-preview:large","max-video-preview":"max-video-preview:-1"},"canonical":"https:\/\/www.fbee.me\/sk\/upratovacie-sluzby\/","og_locale":"sk_SK","og_type":"article","og_title":"Upratovacie slu\u017eby - FBEE","og_description":"Upratovacie slu\u017eby &#8211; dokonal\u00e1 \u010distota, ktor\u00e1 stanovuje nov\u00fd \u0161tandard! \u010cistota nie je len detail &#8211; je to z\u00e1klad dokonal\u00e9ho prostredia, ktor\u00e9 prin\u00e1\u0161a harm\u00f3niu, produktivitu a pohodu. Zabudnite na kompromisy a d\u00f4verujte profesion\u00e1lom, ktor\u00ed premenia oby\u010dajn\u00e9 priestory na bezchybne udr\u017eiavan\u00e9 o\u00e1zy svie\u017eosti a hygieny. My nielen upratujeme &#8211; my vytv\u00e1rame dokonalos\u0165! &nbsp; H\u013ead\u00e1te viac ako len [&hellip;]","og_url":"https:\/\/www.fbee.me\/sk\/upratovacie-sluzby\/","og_site_name":"FBEE","article_modified_time":"2025-10-18T02:56:16+00:00","twitter_card":"summary_large_image","twitter_misc":{"Predpokladan\u00fd \u010das \u010d\u00edtania":"1 min\u00fata"},"schema":{"@context":"https:\/\/schema.org","@graph":[{"@type":"WebPage","@id":"https:\/\/www.fbee.me\/sk\/upratovacie-sluzby\/","url":"https:\/\/www.fbee.me\/sk\/upratovacie-sluzby\/","name":"Upratovacie slu\u017eby - FBEE","isPartOf":{"@id":"https:\/\/www.fbee.me\/#website"},"datePublished":"2025-07-11T01:41:40+00:00","dateModified":"2025-10-18T02:56:16+00:00","breadcrumb":{"@id":"https:\/\/www.fbee.me\/sk\/upratovacie-sluzby\/#breadcrumb"},"inLanguage":"sk-SK","potentialAction":[{"@type":"ReadAction","target":["https:\/\/www.fbee.me\/sk\/upratovacie-sluzby\/"]}]},{"@type":"BreadcrumbList","@id":"https:\/\/www.fbee.me\/sk\/upratovacie-sluzby\/#breadcrumb","itemListElement":[{"@type":"ListItem","position":1,"name":"Home","item":"https:\/\/www.fbee.me\/sk\/"},{"@type":"ListItem","position":2,"name":"Upratovacie slu\u017eby"}]},{"@type":"WebSite","@id":"https:\/\/www.fbee.me\/#website","url":"https:\/\/www.fbee.me\/","name":"FBEE","description":"","publisher":{"@id":"https:\/\/www.fbee.me\/#organization"},"potentialAction":[{"@type":"SearchAction","target":{"@type":"EntryPoint","urlTemplate":"https:\/\/www.fbee.me\/?s={search_term_string}"},"query-input":{"@type":"PropertyValueSpecification","valueRequired":true,"valueName":"search_term_string"}}],"inLanguage":"sk-SK"},{"@type":"Organization","@id":"https:\/\/www.fbee.me\/#organization","name":"FBEE","url":"https:\/\/www.fbee.me\/","logo":{"@type":"ImageObject","inLanguage":"sk-SK","@id":"https:\/\/www.fbee.me\/#\/schema\/logo\/image\/","url":"https:\/\/www.fbee.me\/wp-content\/uploads\/2025\/01\/FBEE_logo_NEW_final_horizontal-2-1.svg","contentUrl":"https:\/\/www.fbee.me\/wp-content\/uploads\/2025\/01\/FBEE_logo_NEW_final_horizontal-2-1.svg","width":1,"height":1,"caption":"FBEE"},"image":{"@id":"https:\/\/www.fbee.me\/#\/schema\/logo\/image\/"}}]}},"_links":{"self":[{"href":"https:\/\/www.fbee.me\/sk\/wp-json\/wp\/v2\/pages\/2920","targetHints":{"allow":["GET"]}}],"collection":[{"href":"https:\/\/www.fbee.me\/sk\/wp-json\/wp\/v2\/pages"}],"about":[{"href":"https:\/\/www.fbee.me\/sk\/wp-json\/wp\/v2\/types\/page"}],"author":[{"embeddable":true,"href":"https:\/\/www.fbee.me\/sk\/wp-json\/wp\/v2\/users\/2"}],"replies":[{"embeddable":true,"href":"https:\/\/www.fbee.me\/sk\/wp-json\/wp\/v2\/comments?post=2920"}],"version-history":[{"count":4,"href":"https:\/\/www.fbee.me\/sk\/wp-json\/wp\/v2\/pages\/2920\/revisions"}],"predecessor-version":[{"id":3061,"href":"https:\/\/www.fbee.me\/sk\/wp-json\/wp\/v2\/pages\/2920\/revisions\/3061"}],"wp:attachment":[{"href":"https:\/\/www.fbee.me\/sk\/wp-json\/wp\/v2\/media?parent=2920"}],"curies":[{"name":"wp","href":"https:\/\/api.w.org\/{rel}","templated":true}]}}