{"id":2898,"date":"2025-07-21T20:57:06","date_gmt":"2025-07-21T20:57:06","guid":{"rendered":"https:\/\/www.fbee.me\/sportova-turistika\/"},"modified":"2025-10-18T02:55:59","modified_gmt":"2025-10-18T02:55:59","slug":"sportova-turistika","status":"publish","type":"page","link":"https:\/\/www.fbee.me\/sk\/sportova-turistika\/","title":{"rendered":"\u0160PORTOV\u00c1 TURISTIKA"},"content":{"rendered":"<h3>\u0160portov\u00e1 turistika &#8211; Pos\u00favajte hranice, objavujte, dominujte!<\/h3>\n<p>Toto nie je be\u017en\u00fd cestovn\u00fd ruch. Toto je v\u00fdzva! Spojenie adrenal\u00ednu, vytrvalosti a objavovania &#8211; sk\u00fa\u0161ka va\u0161ej sily, psychickej odolnosti a t\u00fa\u017eby po dobrodru\u017estve. Ka\u017ed\u00fd krok, ka\u017ed\u00fd v\u00fdstup, ka\u017ed\u00fd z\u00e1\u017eitok v\u00e1s posunie \u010falej.   <\/p>\n<h3><\/h3>\n<h3>Chcete viac? M\u00e1te na to! <\/h3>\n<p>\u010ci u\u017e h\u013ead\u00e1te epick\u00e9 horsk\u00e9 v\u00fdstupy, dychber\u00face cyklistick\u00e9 trasy, extr\u00e9mne \u0161porty alebo marat\u00f3ny v naj\u00fa\u017easnej\u0161\u00edch lokalit\u00e1ch sveta, tu n\u00e1jdete svoju v\u00e1\u0161e\u0148. \u0160portov\u00e1 turistika je \u017eivotn\u00fd \u0161t\u00fdl, pri ktorom prekon\u00e1vate svoje hranice a p\u00ed\u0161ete svoj vlastn\u00fd pr\u00edbeh. <\/p>\n","protected":false},"excerpt":{"rendered":"<p>\u0160portov\u00e1 turistika &#8211; Pos\u00favajte hranice, objavujte, dominujte! Toto nie je be\u017en\u00fd cestovn\u00fd ruch. Toto je v\u00fdzva! Spojenie adrenal\u00ednu, vytrvalosti a objavovania &#8211; sk\u00fa\u0161ka va\u0161ej sily, psychickej odolnosti a t\u00fa\u017eby po dobrodru\u017estve. Ka\u017ed\u00fd krok, ka\u017ed\u00fd v\u00fdstup, ka\u017ed\u00fd z\u00e1\u017eitok v\u00e1s posunie \u010falej. Chcete viac? M\u00e1te na to! \u010ci u\u017e h\u013ead\u00e1te epick\u00e9 horsk\u00e9 v\u00fdstupy, dychber\u00face cyklistick\u00e9 trasy, extr\u00e9mne [&hellip;]<\/p>\n","protected":false},"author":2,"featured_media":0,"parent":0,"menu_order":0,"comment_status":"closed","ping_status":"closed","template":"page-templates\/template-category-page.php","meta":{"_acf_changed":false,"footnotes":""},"class_list":["post-2898","page","type-page","status-publish","hentry"],"acf":[],"yoast_head":"<!-- This site is optimized with the Yoast SEO plugin v26.0 - https:\/\/yoast.com\/wordpress\/plugins\/seo\/ -->\n<title>\u0160PORTOV\u00c1 TURISTIKA - FBEE<\/title>\n<meta name=\"robots\" content=\"index, follow, max-snippet:-1, max-image-preview:large, max-video-preview:-1\" \/>\n<link rel=\"canonical\" href=\"https:\/\/www.fbee.me\/sk\/sportova-turistika\/\" \/>\n<meta property=\"og:locale\" content=\"sk_SK\" \/>\n<meta property=\"og:type\" content=\"article\" \/>\n<meta property=\"og:title\" content=\"\u0160PORTOV\u00c1 TURISTIKA - FBEE\" \/>\n<meta property=\"og:description\" content=\"\u0160portov\u00e1 turistika &#8211; Pos\u00favajte hranice, objavujte, dominujte! Toto nie je be\u017en\u00fd cestovn\u00fd ruch. Toto je v\u00fdzva! Spojenie adrenal\u00ednu, vytrvalosti a objavovania &#8211; sk\u00fa\u0161ka va\u0161ej sily, psychickej odolnosti a t\u00fa\u017eby po dobrodru\u017estve. Ka\u017ed\u00fd krok, ka\u017ed\u00fd v\u00fdstup, ka\u017ed\u00fd z\u00e1\u017eitok v\u00e1s posunie \u010falej. Chcete viac? M\u00e1te na to! \u010ci u\u017e h\u013ead\u00e1te epick\u00e9 horsk\u00e9 v\u00fdstupy, dychber\u00face cyklistick\u00e9 trasy, extr\u00e9mne [&hellip;]\" \/>\n<meta property=\"og:url\" content=\"https:\/\/www.fbee.me\/sk\/sportova-turistika\/\" \/>\n<meta property=\"og:site_name\" content=\"FBEE\" \/>\n<meta property=\"article:modified_time\" content=\"2025-10-18T02:55:59+00:00\" \/>\n<meta name=\"twitter:card\" content=\"summary_large_image\" \/>\n<meta name=\"twitter:label1\" content=\"Predpokladan\u00fd \u010das \u010d\u00edtania\" \/>\n\t<meta name=\"twitter:data1\" content=\"1 min\u00fata\" \/>\n<script type=\"application\/ld+json\" class=\"yoast-schema-graph\">{\"@context\":\"https:\/\/schema.org\",\"@graph\":[{\"@type\":\"WebPage\",\"@id\":\"https:\/\/www.fbee.me\/sk\/sportova-turistika\/\",\"url\":\"https:\/\/www.fbee.me\/sk\/sportova-turistika\/\",\"name\":\"\u0160PORTOV\u00c1 TURISTIKA - FBEE\",\"isPartOf\":{\"@id\":\"https:\/\/www.fbee.me\/#website\"},\"datePublished\":\"2025-07-21T20:57:06+00:00\",\"dateModified\":\"2025-10-18T02:55:59+00:00\",\"breadcrumb\":{\"@id\":\"https:\/\/www.fbee.me\/sk\/sportova-turistika\/#breadcrumb\"},\"inLanguage\":\"sk-SK\",\"potentialAction\":[{\"@type\":\"ReadAction\",\"target\":[\"https:\/\/www.fbee.me\/sk\/sportova-turistika\/\"]}]},{\"@type\":\"BreadcrumbList\",\"@id\":\"https:\/\/www.fbee.me\/sk\/sportova-turistika\/#breadcrumb\",\"itemListElement\":[{\"@type\":\"ListItem\",\"position\":1,\"name\":\"Home\",\"item\":\"https:\/\/www.fbee.me\/sk\/\"},{\"@type\":\"ListItem\",\"position\":2,\"name\":\"\u0160PORTOV\u00c1 TURISTIKA\"}]},{\"@type\":\"WebSite\",\"@id\":\"https:\/\/www.fbee.me\/#website\",\"url\":\"https:\/\/www.fbee.me\/\",\"name\":\"FBEE\",\"description\":\"\",\"publisher\":{\"@id\":\"https:\/\/www.fbee.me\/#organization\"},\"potentialAction\":[{\"@type\":\"SearchAction\",\"target\":{\"@type\":\"EntryPoint\",\"urlTemplate\":\"https:\/\/www.fbee.me\/?s={search_term_string}\"},\"query-input\":{\"@type\":\"PropertyValueSpecification\",\"valueRequired\":true,\"valueName\":\"search_term_string\"}}],\"inLanguage\":\"sk-SK\"},{\"@type\":\"Organization\",\"@id\":\"https:\/\/www.fbee.me\/#organization\",\"name\":\"FBEE\",\"url\":\"https:\/\/www.fbee.me\/\",\"logo\":{\"@type\":\"ImageObject\",\"inLanguage\":\"sk-SK\",\"@id\":\"https:\/\/www.fbee.me\/#\/schema\/logo\/image\/\",\"url\":\"https:\/\/www.fbee.me\/wp-content\/uploads\/2025\/01\/FBEE_logo_NEW_final_horizontal-2-1.svg\",\"contentUrl\":\"https:\/\/www.fbee.me\/wp-content\/uploads\/2025\/01\/FBEE_logo_NEW_final_horizontal-2-1.svg\",\"width\":1,\"height\":1,\"caption\":\"FBEE\"},\"image\":{\"@id\":\"https:\/\/www.fbee.me\/#\/schema\/logo\/image\/\"}}]}<\/script>\n<!-- \/ Yoast SEO plugin. -->","yoast_head_json":{"title":"\u0160PORTOV\u00c1 TURISTIKA - FBEE","robots":{"index":"index","follow":"follow","max-snippet":"max-snippet:-1","max-image-preview":"max-image-preview:large","max-video-preview":"max-video-preview:-1"},"canonical":"https:\/\/www.fbee.me\/sk\/sportova-turistika\/","og_locale":"sk_SK","og_type":"article","og_title":"\u0160PORTOV\u00c1 TURISTIKA - FBEE","og_description":"\u0160portov\u00e1 turistika &#8211; Pos\u00favajte hranice, objavujte, dominujte! Toto nie je be\u017en\u00fd cestovn\u00fd ruch. Toto je v\u00fdzva! Spojenie adrenal\u00ednu, vytrvalosti a objavovania &#8211; sk\u00fa\u0161ka va\u0161ej sily, psychickej odolnosti a t\u00fa\u017eby po dobrodru\u017estve. Ka\u017ed\u00fd krok, ka\u017ed\u00fd v\u00fdstup, ka\u017ed\u00fd z\u00e1\u017eitok v\u00e1s posunie \u010falej. Chcete viac? M\u00e1te na to! \u010ci u\u017e h\u013ead\u00e1te epick\u00e9 horsk\u00e9 v\u00fdstupy, dychber\u00face cyklistick\u00e9 trasy, extr\u00e9mne [&hellip;]","og_url":"https:\/\/www.fbee.me\/sk\/sportova-turistika\/","og_site_name":"FBEE","article_modified_time":"2025-10-18T02:55:59+00:00","twitter_card":"summary_large_image","twitter_misc":{"Predpokladan\u00fd \u010das \u010d\u00edtania":"1 min\u00fata"},"schema":{"@context":"https:\/\/schema.org","@graph":[{"@type":"WebPage","@id":"https:\/\/www.fbee.me\/sk\/sportova-turistika\/","url":"https:\/\/www.fbee.me\/sk\/sportova-turistika\/","name":"\u0160PORTOV\u00c1 TURISTIKA - FBEE","isPartOf":{"@id":"https:\/\/www.fbee.me\/#website"},"datePublished":"2025-07-21T20:57:06+00:00","dateModified":"2025-10-18T02:55:59+00:00","breadcrumb":{"@id":"https:\/\/www.fbee.me\/sk\/sportova-turistika\/#breadcrumb"},"inLanguage":"sk-SK","potentialAction":[{"@type":"ReadAction","target":["https:\/\/www.fbee.me\/sk\/sportova-turistika\/"]}]},{"@type":"BreadcrumbList","@id":"https:\/\/www.fbee.me\/sk\/sportova-turistika\/#breadcrumb","itemListElement":[{"@type":"ListItem","position":1,"name":"Home","item":"https:\/\/www.fbee.me\/sk\/"},{"@type":"ListItem","position":2,"name":"\u0160PORTOV\u00c1 TURISTIKA"}]},{"@type":"WebSite","@id":"https:\/\/www.fbee.me\/#website","url":"https:\/\/www.fbee.me\/","name":"FBEE","description":"","publisher":{"@id":"https:\/\/www.fbee.me\/#organization"},"potentialAction":[{"@type":"SearchAction","target":{"@type":"EntryPoint","urlTemplate":"https:\/\/www.fbee.me\/?s={search_term_string}"},"query-input":{"@type":"PropertyValueSpecification","valueRequired":true,"valueName":"search_term_string"}}],"inLanguage":"sk-SK"},{"@type":"Organization","@id":"https:\/\/www.fbee.me\/#organization","name":"FBEE","url":"https:\/\/www.fbee.me\/","logo":{"@type":"ImageObject","inLanguage":"sk-SK","@id":"https:\/\/www.fbee.me\/#\/schema\/logo\/image\/","url":"https:\/\/www.fbee.me\/wp-content\/uploads\/2025\/01\/FBEE_logo_NEW_final_horizontal-2-1.svg","contentUrl":"https:\/\/www.fbee.me\/wp-content\/uploads\/2025\/01\/FBEE_logo_NEW_final_horizontal-2-1.svg","width":1,"height":1,"caption":"FBEE"},"image":{"@id":"https:\/\/www.fbee.me\/#\/schema\/logo\/image\/"}}]}},"_links":{"self":[{"href":"https:\/\/www.fbee.me\/sk\/wp-json\/wp\/v2\/pages\/2898","targetHints":{"allow":["GET"]}}],"collection":[{"href":"https:\/\/www.fbee.me\/sk\/wp-json\/wp\/v2\/pages"}],"about":[{"href":"https:\/\/www.fbee.me\/sk\/wp-json\/wp\/v2\/types\/page"}],"author":[{"embeddable":true,"href":"https:\/\/www.fbee.me\/sk\/wp-json\/wp\/v2\/users\/2"}],"replies":[{"embeddable":true,"href":"https:\/\/www.fbee.me\/sk\/wp-json\/wp\/v2\/comments?post=2898"}],"version-history":[{"count":2,"href":"https:\/\/www.fbee.me\/sk\/wp-json\/wp\/v2\/pages\/2898\/revisions"}],"predecessor-version":[{"id":3719,"href":"https:\/\/www.fbee.me\/sk\/wp-json\/wp\/v2\/pages\/2898\/revisions\/3719"}],"wp:attachment":[{"href":"https:\/\/www.fbee.me\/sk\/wp-json\/wp\/v2\/media?parent=2898"}],"curies":[{"name":"wp","href":"https:\/\/api.w.org\/{rel}","templated":true}]}}