{"id":2897,"date":"2025-07-21T21:21:14","date_gmt":"2025-07-21T21:21:14","guid":{"rendered":"https:\/\/www.fbee.me\/rekonstrukcia-a-renovacia\/"},"modified":"2025-10-18T02:55:46","modified_gmt":"2025-10-18T02:55:46","slug":"rekonstrukcia-a-renovacia","status":"publish","type":"page","link":"https:\/\/www.fbee.me\/sk\/rekonstrukcia-a-renovacia\/","title":{"rendered":"REKON\u0160TRUKCIA A RENOV\u00c1CIA"},"content":{"rendered":"<h3>Renov\u00e1cie a prestavby &#8211; geni\u00e1lna premena, ktor\u00e1 definuje dokonalos\u0165!<\/h3>\n<p>Vst\u00fapte do sveta, v ktorom je ka\u017ed\u00fd projekt renov\u00e1cie a prestavby majstrovsk\u00fdm dielom, navrhnut\u00fdm s amb\u00edciou, prec\u00edznos\u0165ou a nekompromisn\u00fdm zmyslom pre detail. Na\u0161e slu\u017eby premenia ak\u00fdko\u013evek priestor na dokonal\u00fd domov alebo modern\u00e9 pracovisko, pri\u010dom sp\u00e1jaj\u00fa inovat\u00edvny dizajn, prvotriedne materi\u00e1ly a odborn\u00e9 remeseln\u00e9 spracovanie. <\/p>\n","protected":false},"excerpt":{"rendered":"<p>Renov\u00e1cie a prestavby &#8211; geni\u00e1lna premena, ktor\u00e1 definuje dokonalos\u0165! Vst\u00fapte do sveta, v ktorom je ka\u017ed\u00fd projekt renov\u00e1cie a prestavby majstrovsk\u00fdm dielom, navrhnut\u00fdm s amb\u00edciou, prec\u00edznos\u0165ou a nekompromisn\u00fdm zmyslom pre detail. Na\u0161e slu\u017eby premenia ak\u00fdko\u013evek priestor na dokonal\u00fd domov alebo modern\u00e9 pracovisko, pri\u010dom sp\u00e1jaj\u00fa inovat\u00edvny dizajn, prvotriedne materi\u00e1ly a odborn\u00e9 remeseln\u00e9 spracovanie.<\/p>\n","protected":false},"author":2,"featured_media":0,"parent":0,"menu_order":0,"comment_status":"closed","ping_status":"closed","template":"page-templates\/template-category-page.php","meta":{"_acf_changed":false,"footnotes":""},"class_list":["post-2897","page","type-page","status-publish","hentry"],"acf":[],"yoast_head":"<!-- This site is optimized with the Yoast SEO plugin v26.0 - https:\/\/yoast.com\/wordpress\/plugins\/seo\/ -->\n<title>REKON\u0160TRUKCIA A RENOV\u00c1CIA - FBEE<\/title>\n<meta name=\"robots\" content=\"index, follow, max-snippet:-1, max-image-preview:large, max-video-preview:-1\" \/>\n<link rel=\"canonical\" href=\"https:\/\/www.fbee.me\/sk\/rekonstrukcia-a-renovacia\/\" \/>\n<meta property=\"og:locale\" content=\"sk_SK\" \/>\n<meta property=\"og:type\" content=\"article\" \/>\n<meta property=\"og:title\" content=\"REKON\u0160TRUKCIA A RENOV\u00c1CIA - FBEE\" \/>\n<meta property=\"og:description\" content=\"Renov\u00e1cie a prestavby &#8211; geni\u00e1lna premena, ktor\u00e1 definuje dokonalos\u0165! Vst\u00fapte do sveta, v ktorom je ka\u017ed\u00fd projekt renov\u00e1cie a prestavby majstrovsk\u00fdm dielom, navrhnut\u00fdm s amb\u00edciou, prec\u00edznos\u0165ou a nekompromisn\u00fdm zmyslom pre detail. Na\u0161e slu\u017eby premenia ak\u00fdko\u013evek priestor na dokonal\u00fd domov alebo modern\u00e9 pracovisko, pri\u010dom sp\u00e1jaj\u00fa inovat\u00edvny dizajn, prvotriedne materi\u00e1ly a odborn\u00e9 remeseln\u00e9 spracovanie.\" \/>\n<meta property=\"og:url\" content=\"https:\/\/www.fbee.me\/sk\/rekonstrukcia-a-renovacia\/\" \/>\n<meta property=\"og:site_name\" content=\"FBEE\" \/>\n<meta property=\"article:modified_time\" content=\"2025-10-18T02:55:46+00:00\" \/>\n<meta name=\"twitter:card\" content=\"summary_large_image\" \/>\n<script type=\"application\/ld+json\" class=\"yoast-schema-graph\">{\"@context\":\"https:\/\/schema.org\",\"@graph\":[{\"@type\":\"WebPage\",\"@id\":\"https:\/\/www.fbee.me\/sk\/rekonstrukcia-a-renovacia\/\",\"url\":\"https:\/\/www.fbee.me\/sk\/rekonstrukcia-a-renovacia\/\",\"name\":\"REKON\u0160TRUKCIA A RENOV\u00c1CIA - FBEE\",\"isPartOf\":{\"@id\":\"https:\/\/www.fbee.me\/#website\"},\"datePublished\":\"2025-07-21T21:21:14+00:00\",\"dateModified\":\"2025-10-18T02:55:46+00:00\",\"breadcrumb\":{\"@id\":\"https:\/\/www.fbee.me\/sk\/rekonstrukcia-a-renovacia\/#breadcrumb\"},\"inLanguage\":\"sk-SK\",\"potentialAction\":[{\"@type\":\"ReadAction\",\"target\":[\"https:\/\/www.fbee.me\/sk\/rekonstrukcia-a-renovacia\/\"]}]},{\"@type\":\"BreadcrumbList\",\"@id\":\"https:\/\/www.fbee.me\/sk\/rekonstrukcia-a-renovacia\/#breadcrumb\",\"itemListElement\":[{\"@type\":\"ListItem\",\"position\":1,\"name\":\"Home\",\"item\":\"https:\/\/www.fbee.me\/sk\/\"},{\"@type\":\"ListItem\",\"position\":2,\"name\":\"REKON\u0160TRUKCIA A RENOV\u00c1CIA\"}]},{\"@type\":\"WebSite\",\"@id\":\"https:\/\/www.fbee.me\/#website\",\"url\":\"https:\/\/www.fbee.me\/\",\"name\":\"FBEE\",\"description\":\"\",\"publisher\":{\"@id\":\"https:\/\/www.fbee.me\/#organization\"},\"potentialAction\":[{\"@type\":\"SearchAction\",\"target\":{\"@type\":\"EntryPoint\",\"urlTemplate\":\"https:\/\/www.fbee.me\/?s={search_term_string}\"},\"query-input\":{\"@type\":\"PropertyValueSpecification\",\"valueRequired\":true,\"valueName\":\"search_term_string\"}}],\"inLanguage\":\"sk-SK\"},{\"@type\":\"Organization\",\"@id\":\"https:\/\/www.fbee.me\/#organization\",\"name\":\"FBEE\",\"url\":\"https:\/\/www.fbee.me\/\",\"logo\":{\"@type\":\"ImageObject\",\"inLanguage\":\"sk-SK\",\"@id\":\"https:\/\/www.fbee.me\/#\/schema\/logo\/image\/\",\"url\":\"https:\/\/www.fbee.me\/wp-content\/uploads\/2025\/01\/FBEE_logo_NEW_final_horizontal-2-1.svg\",\"contentUrl\":\"https:\/\/www.fbee.me\/wp-content\/uploads\/2025\/01\/FBEE_logo_NEW_final_horizontal-2-1.svg\",\"width\":1,\"height\":1,\"caption\":\"FBEE\"},\"image\":{\"@id\":\"https:\/\/www.fbee.me\/#\/schema\/logo\/image\/\"}}]}<\/script>\n<!-- \/ Yoast SEO plugin. -->","yoast_head_json":{"title":"REKON\u0160TRUKCIA A RENOV\u00c1CIA - FBEE","robots":{"index":"index","follow":"follow","max-snippet":"max-snippet:-1","max-image-preview":"max-image-preview:large","max-video-preview":"max-video-preview:-1"},"canonical":"https:\/\/www.fbee.me\/sk\/rekonstrukcia-a-renovacia\/","og_locale":"sk_SK","og_type":"article","og_title":"REKON\u0160TRUKCIA A RENOV\u00c1CIA - FBEE","og_description":"Renov\u00e1cie a prestavby &#8211; geni\u00e1lna premena, ktor\u00e1 definuje dokonalos\u0165! Vst\u00fapte do sveta, v ktorom je ka\u017ed\u00fd projekt renov\u00e1cie a prestavby majstrovsk\u00fdm dielom, navrhnut\u00fdm s amb\u00edciou, prec\u00edznos\u0165ou a nekompromisn\u00fdm zmyslom pre detail. Na\u0161e slu\u017eby premenia ak\u00fdko\u013evek priestor na dokonal\u00fd domov alebo modern\u00e9 pracovisko, pri\u010dom sp\u00e1jaj\u00fa inovat\u00edvny dizajn, prvotriedne materi\u00e1ly a odborn\u00e9 remeseln\u00e9 spracovanie.","og_url":"https:\/\/www.fbee.me\/sk\/rekonstrukcia-a-renovacia\/","og_site_name":"FBEE","article_modified_time":"2025-10-18T02:55:46+00:00","twitter_card":"summary_large_image","schema":{"@context":"https:\/\/schema.org","@graph":[{"@type":"WebPage","@id":"https:\/\/www.fbee.me\/sk\/rekonstrukcia-a-renovacia\/","url":"https:\/\/www.fbee.me\/sk\/rekonstrukcia-a-renovacia\/","name":"REKON\u0160TRUKCIA A RENOV\u00c1CIA - FBEE","isPartOf":{"@id":"https:\/\/www.fbee.me\/#website"},"datePublished":"2025-07-21T21:21:14+00:00","dateModified":"2025-10-18T02:55:46+00:00","breadcrumb":{"@id":"https:\/\/www.fbee.me\/sk\/rekonstrukcia-a-renovacia\/#breadcrumb"},"inLanguage":"sk-SK","potentialAction":[{"@type":"ReadAction","target":["https:\/\/www.fbee.me\/sk\/rekonstrukcia-a-renovacia\/"]}]},{"@type":"BreadcrumbList","@id":"https:\/\/www.fbee.me\/sk\/rekonstrukcia-a-renovacia\/#breadcrumb","itemListElement":[{"@type":"ListItem","position":1,"name":"Home","item":"https:\/\/www.fbee.me\/sk\/"},{"@type":"ListItem","position":2,"name":"REKON\u0160TRUKCIA A RENOV\u00c1CIA"}]},{"@type":"WebSite","@id":"https:\/\/www.fbee.me\/#website","url":"https:\/\/www.fbee.me\/","name":"FBEE","description":"","publisher":{"@id":"https:\/\/www.fbee.me\/#organization"},"potentialAction":[{"@type":"SearchAction","target":{"@type":"EntryPoint","urlTemplate":"https:\/\/www.fbee.me\/?s={search_term_string}"},"query-input":{"@type":"PropertyValueSpecification","valueRequired":true,"valueName":"search_term_string"}}],"inLanguage":"sk-SK"},{"@type":"Organization","@id":"https:\/\/www.fbee.me\/#organization","name":"FBEE","url":"https:\/\/www.fbee.me\/","logo":{"@type":"ImageObject","inLanguage":"sk-SK","@id":"https:\/\/www.fbee.me\/#\/schema\/logo\/image\/","url":"https:\/\/www.fbee.me\/wp-content\/uploads\/2025\/01\/FBEE_logo_NEW_final_horizontal-2-1.svg","contentUrl":"https:\/\/www.fbee.me\/wp-content\/uploads\/2025\/01\/FBEE_logo_NEW_final_horizontal-2-1.svg","width":1,"height":1,"caption":"FBEE"},"image":{"@id":"https:\/\/www.fbee.me\/#\/schema\/logo\/image\/"}}]}},"_links":{"self":[{"href":"https:\/\/www.fbee.me\/sk\/wp-json\/wp\/v2\/pages\/2897","targetHints":{"allow":["GET"]}}],"collection":[{"href":"https:\/\/www.fbee.me\/sk\/wp-json\/wp\/v2\/pages"}],"about":[{"href":"https:\/\/www.fbee.me\/sk\/wp-json\/wp\/v2\/types\/page"}],"author":[{"embeddable":true,"href":"https:\/\/www.fbee.me\/sk\/wp-json\/wp\/v2\/users\/2"}],"replies":[{"embeddable":true,"href":"https:\/\/www.fbee.me\/sk\/wp-json\/wp\/v2\/comments?post=2897"}],"version-history":[{"count":1,"href":"https:\/\/www.fbee.me\/sk\/wp-json\/wp\/v2\/pages\/2897\/revisions"}],"predecessor-version":[{"id":3000,"href":"https:\/\/www.fbee.me\/sk\/wp-json\/wp\/v2\/pages\/2897\/revisions\/3000"}],"wp:attachment":[{"href":"https:\/\/www.fbee.me\/sk\/wp-json\/wp\/v2\/media?parent=2897"}],"curies":[{"name":"wp","href":"https:\/\/api.w.org\/{rel}","templated":true}]}}