{"id":4198,"date":"2025-10-29T18:56:37","date_gmt":"2025-10-29T18:56:37","guid":{"rendered":"https:\/\/www.fbee.me\/csak-torokorszagban\/"},"modified":"2025-11-17T17:55:33","modified_gmt":"2025-11-17T17:55:33","slug":"csak-torokorszagban","status":"publish","type":"page","link":"https:\/\/www.fbee.me\/hu\/csak-torokorszagban\/","title":{"rendered":"Csak T\u00f6r\u00f6korsz\u00e1gban"},"content":{"rendered":"<h3>Orvosi turizmus &#8211; exkluz\u00edv ell\u00e1t\u00e1s, amely megv\u00e1ltoztatja az \u00e9letet!<\/h3>\n<p>Az \u00d6n eg\u00e9szs\u00e9ge a legjobbat \u00e9rdemli. Ne el\u00e9gedjen meg a k\u00f6z\u00e9pszer\u0171s\u00e9ggel &#8211; v\u00e1lassza a vil\u00e1gsz\u00ednvonal\u00fa orvosl\u00e1st, a legmodernebb technol\u00f3gi\u00e1t \u00e9s a vil\u00e1gh\u00edr\u0171 szakembereket. Az orvosi turizmus megnyitja az utat olyan kezel\u00e9sekhez, amelyek a modern orvostudom\u00e1ny hat\u00e1rait feszegetik, \u00e9s forradalmi megold\u00e1sokat k\u00edn\u00e1lnak az \u00d6n eg\u00e9szs\u00e9g\u00e9nek, sz\u00e9ps\u00e9g\u00e9nek \u00e9s vitalit\u00e1s\u00e1nak meg\u0151rz\u00e9s\u00e9re.    <\/p>\n<h3><\/h3>\n<h3>Sportturizmus &#8211; feszegesd a hat\u00e1rokat, fedezd fel, domin\u00e1lj!<\/h3>\n<p>Ez nem norm\u00e1lis turizmus. Ez egy kih\u00edv\u00e1s! Az adrenalin, a kitart\u00e1s \u00e9s a felfedez\u00e9s kombin\u00e1ci\u00f3ja &#8211; az er\u0151, a ment\u00e1lis sz\u00edv\u00f3ss\u00e1g \u00e9s a kalandv\u00e1gy pr\u00f3b\u00e1ja. Minden l\u00e9p\u00e9s, minden m\u00e1sz\u00e1s, minden \u00e9lm\u00e9ny tov\u00e1bblend\u00edti \u00d6nt.     <\/p>\n<h3><\/h3>\n<h3>Akarsz m\u00e9g? Meg\u00e9rdemled!   <\/h3>\n<p>A fejlett seb\u00e9szeti elj\u00e1r\u00e1sokt\u00f3l \u00e9s az eszt\u00e9tikai jav\u00edt\u00e1sokt\u00f3l kezdve a regenerat\u00edv orvosl\u00e1son \u00e1t az \u00e9let meghosszabb\u00edt\u00e1s\u00e1ig minden szempontot gondosan megtervez\u00fcnk, hogy kiv\u00e9teles eredm\u00e9nyeket biztos\u00edtsunk.<\/p>\n","protected":false},"excerpt":{"rendered":"<p>Orvosi turizmus &#8211; exkluz\u00edv ell\u00e1t\u00e1s, amely megv\u00e1ltoztatja az \u00e9letet! Az \u00d6n eg\u00e9szs\u00e9ge a legjobbat \u00e9rdemli. Ne el\u00e9gedjen meg a k\u00f6z\u00e9pszer\u0171s\u00e9ggel &#8211; v\u00e1lassza a vil\u00e1gsz\u00ednvonal\u00fa orvosl\u00e1st, a legmodernebb technol\u00f3gi\u00e1t \u00e9s a vil\u00e1gh\u00edr\u0171 szakembereket. Az orvosi turizmus megnyitja az utat olyan kezel\u00e9sekhez, amelyek a modern orvostudom\u00e1ny hat\u00e1rait feszegetik, \u00e9s forradalmi megold\u00e1sokat k\u00edn\u00e1lnak az \u00d6n eg\u00e9szs\u00e9g\u00e9nek, sz\u00e9ps\u00e9g\u00e9nek \u00e9s [&hellip;]<\/p>\n","protected":false},"author":2,"featured_media":0,"parent":0,"menu_order":0,"comment_status":"closed","ping_status":"closed","template":"page-templates\/template-category-page-turkey.php","meta":{"_acf_changed":false,"footnotes":""},"class_list":["post-4198","page","type-page","status-publish","hentry"],"acf":[],"yoast_head":"<!-- This site is optimized with the Yoast SEO plugin v26.0 - https:\/\/yoast.com\/wordpress\/plugins\/seo\/ -->\n<title>Csak T\u00f6r\u00f6korsz\u00e1gban - FBEE<\/title>\n<meta name=\"robots\" content=\"index, follow, max-snippet:-1, max-image-preview:large, max-video-preview:-1\" \/>\n<link rel=\"canonical\" href=\"https:\/\/www.fbee.me\/hu\/csak-torokorszagban\/\" \/>\n<meta property=\"og:locale\" content=\"hu_HU\" \/>\n<meta property=\"og:type\" content=\"article\" \/>\n<meta property=\"og:title\" content=\"Csak T\u00f6r\u00f6korsz\u00e1gban - FBEE\" \/>\n<meta property=\"og:description\" content=\"Orvosi turizmus &#8211; exkluz\u00edv ell\u00e1t\u00e1s, amely megv\u00e1ltoztatja az \u00e9letet! Az \u00d6n eg\u00e9szs\u00e9ge a legjobbat \u00e9rdemli. Ne el\u00e9gedjen meg a k\u00f6z\u00e9pszer\u0171s\u00e9ggel &#8211; v\u00e1lassza a vil\u00e1gsz\u00ednvonal\u00fa orvosl\u00e1st, a legmodernebb technol\u00f3gi\u00e1t \u00e9s a vil\u00e1gh\u00edr\u0171 szakembereket. Az orvosi turizmus megnyitja az utat olyan kezel\u00e9sekhez, amelyek a modern orvostudom\u00e1ny hat\u00e1rait feszegetik, \u00e9s forradalmi megold\u00e1sokat k\u00edn\u00e1lnak az \u00d6n eg\u00e9szs\u00e9g\u00e9nek, sz\u00e9ps\u00e9g\u00e9nek \u00e9s [&hellip;]\" \/>\n<meta property=\"og:url\" content=\"https:\/\/www.fbee.me\/hu\/csak-torokorszagban\/\" \/>\n<meta property=\"og:site_name\" content=\"FBEE\" \/>\n<meta property=\"article:modified_time\" content=\"2025-11-17T17:55:33+00:00\" \/>\n<meta name=\"twitter:card\" content=\"summary_large_image\" \/>\n<meta name=\"twitter:label1\" content=\"Becs\u00fclt olvas\u00e1si id\u0151\" \/>\n\t<meta name=\"twitter:data1\" content=\"1 perc\" \/>\n<script type=\"application\/ld+json\" class=\"yoast-schema-graph\">{\"@context\":\"https:\/\/schema.org\",\"@graph\":[{\"@type\":\"WebPage\",\"@id\":\"https:\/\/www.fbee.me\/hu\/csak-torokorszagban\/\",\"url\":\"https:\/\/www.fbee.me\/hu\/csak-torokorszagban\/\",\"name\":\"Csak T\u00f6r\u00f6korsz\u00e1gban - FBEE\",\"isPartOf\":{\"@id\":\"https:\/\/www.fbee.me\/#website\"},\"datePublished\":\"2025-10-29T18:56:37+00:00\",\"dateModified\":\"2025-11-17T17:55:33+00:00\",\"breadcrumb\":{\"@id\":\"https:\/\/www.fbee.me\/hu\/csak-torokorszagban\/#breadcrumb\"},\"inLanguage\":\"hu\",\"potentialAction\":[{\"@type\":\"ReadAction\",\"target\":[\"https:\/\/www.fbee.me\/hu\/csak-torokorszagban\/\"]}]},{\"@type\":\"BreadcrumbList\",\"@id\":\"https:\/\/www.fbee.me\/hu\/csak-torokorszagban\/#breadcrumb\",\"itemListElement\":[{\"@type\":\"ListItem\",\"position\":1,\"name\":\"Home\",\"item\":\"https:\/\/www.fbee.me\/hu\/\"},{\"@type\":\"ListItem\",\"position\":2,\"name\":\"Csak T\u00f6r\u00f6korsz\u00e1gban\"}]},{\"@type\":\"WebSite\",\"@id\":\"https:\/\/www.fbee.me\/#website\",\"url\":\"https:\/\/www.fbee.me\/\",\"name\":\"FBEE\",\"description\":\"\",\"publisher\":{\"@id\":\"https:\/\/www.fbee.me\/#organization\"},\"potentialAction\":[{\"@type\":\"SearchAction\",\"target\":{\"@type\":\"EntryPoint\",\"urlTemplate\":\"https:\/\/www.fbee.me\/?s={search_term_string}\"},\"query-input\":{\"@type\":\"PropertyValueSpecification\",\"valueRequired\":true,\"valueName\":\"search_term_string\"}}],\"inLanguage\":\"hu\"},{\"@type\":\"Organization\",\"@id\":\"https:\/\/www.fbee.me\/#organization\",\"name\":\"FBEE\",\"url\":\"https:\/\/www.fbee.me\/\",\"logo\":{\"@type\":\"ImageObject\",\"inLanguage\":\"hu\",\"@id\":\"https:\/\/www.fbee.me\/#\/schema\/logo\/image\/\",\"url\":\"https:\/\/www.fbee.me\/wp-content\/uploads\/2025\/01\/FBEE_logo_NEW_final_horizontal-2-1.svg\",\"contentUrl\":\"https:\/\/www.fbee.me\/wp-content\/uploads\/2025\/01\/FBEE_logo_NEW_final_horizontal-2-1.svg\",\"width\":1,\"height\":1,\"caption\":\"FBEE\"},\"image\":{\"@id\":\"https:\/\/www.fbee.me\/#\/schema\/logo\/image\/\"}}]}<\/script>\n<!-- \/ Yoast SEO plugin. -->","yoast_head_json":{"title":"Csak T\u00f6r\u00f6korsz\u00e1gban - FBEE","robots":{"index":"index","follow":"follow","max-snippet":"max-snippet:-1","max-image-preview":"max-image-preview:large","max-video-preview":"max-video-preview:-1"},"canonical":"https:\/\/www.fbee.me\/hu\/csak-torokorszagban\/","og_locale":"hu_HU","og_type":"article","og_title":"Csak T\u00f6r\u00f6korsz\u00e1gban - FBEE","og_description":"Orvosi turizmus &#8211; exkluz\u00edv ell\u00e1t\u00e1s, amely megv\u00e1ltoztatja az \u00e9letet! Az \u00d6n eg\u00e9szs\u00e9ge a legjobbat \u00e9rdemli. Ne el\u00e9gedjen meg a k\u00f6z\u00e9pszer\u0171s\u00e9ggel &#8211; v\u00e1lassza a vil\u00e1gsz\u00ednvonal\u00fa orvosl\u00e1st, a legmodernebb technol\u00f3gi\u00e1t \u00e9s a vil\u00e1gh\u00edr\u0171 szakembereket. Az orvosi turizmus megnyitja az utat olyan kezel\u00e9sekhez, amelyek a modern orvostudom\u00e1ny hat\u00e1rait feszegetik, \u00e9s forradalmi megold\u00e1sokat k\u00edn\u00e1lnak az \u00d6n eg\u00e9szs\u00e9g\u00e9nek, sz\u00e9ps\u00e9g\u00e9nek \u00e9s [&hellip;]","og_url":"https:\/\/www.fbee.me\/hu\/csak-torokorszagban\/","og_site_name":"FBEE","article_modified_time":"2025-11-17T17:55:33+00:00","twitter_card":"summary_large_image","twitter_misc":{"Becs\u00fclt olvas\u00e1si id\u0151":"1 perc"},"schema":{"@context":"https:\/\/schema.org","@graph":[{"@type":"WebPage","@id":"https:\/\/www.fbee.me\/hu\/csak-torokorszagban\/","url":"https:\/\/www.fbee.me\/hu\/csak-torokorszagban\/","name":"Csak T\u00f6r\u00f6korsz\u00e1gban - FBEE","isPartOf":{"@id":"https:\/\/www.fbee.me\/#website"},"datePublished":"2025-10-29T18:56:37+00:00","dateModified":"2025-11-17T17:55:33+00:00","breadcrumb":{"@id":"https:\/\/www.fbee.me\/hu\/csak-torokorszagban\/#breadcrumb"},"inLanguage":"hu","potentialAction":[{"@type":"ReadAction","target":["https:\/\/www.fbee.me\/hu\/csak-torokorszagban\/"]}]},{"@type":"BreadcrumbList","@id":"https:\/\/www.fbee.me\/hu\/csak-torokorszagban\/#breadcrumb","itemListElement":[{"@type":"ListItem","position":1,"name":"Home","item":"https:\/\/www.fbee.me\/hu\/"},{"@type":"ListItem","position":2,"name":"Csak T\u00f6r\u00f6korsz\u00e1gban"}]},{"@type":"WebSite","@id":"https:\/\/www.fbee.me\/#website","url":"https:\/\/www.fbee.me\/","name":"FBEE","description":"","publisher":{"@id":"https:\/\/www.fbee.me\/#organization"},"potentialAction":[{"@type":"SearchAction","target":{"@type":"EntryPoint","urlTemplate":"https:\/\/www.fbee.me\/?s={search_term_string}"},"query-input":{"@type":"PropertyValueSpecification","valueRequired":true,"valueName":"search_term_string"}}],"inLanguage":"hu"},{"@type":"Organization","@id":"https:\/\/www.fbee.me\/#organization","name":"FBEE","url":"https:\/\/www.fbee.me\/","logo":{"@type":"ImageObject","inLanguage":"hu","@id":"https:\/\/www.fbee.me\/#\/schema\/logo\/image\/","url":"https:\/\/www.fbee.me\/wp-content\/uploads\/2025\/01\/FBEE_logo_NEW_final_horizontal-2-1.svg","contentUrl":"https:\/\/www.fbee.me\/wp-content\/uploads\/2025\/01\/FBEE_logo_NEW_final_horizontal-2-1.svg","width":1,"height":1,"caption":"FBEE"},"image":{"@id":"https:\/\/www.fbee.me\/#\/schema\/logo\/image\/"}}]}},"_links":{"self":[{"href":"https:\/\/www.fbee.me\/hu\/wp-json\/wp\/v2\/pages\/4198","targetHints":{"allow":["GET"]}}],"collection":[{"href":"https:\/\/www.fbee.me\/hu\/wp-json\/wp\/v2\/pages"}],"about":[{"href":"https:\/\/www.fbee.me\/hu\/wp-json\/wp\/v2\/types\/page"}],"author":[{"embeddable":true,"href":"https:\/\/www.fbee.me\/hu\/wp-json\/wp\/v2\/users\/2"}],"replies":[{"embeddable":true,"href":"https:\/\/www.fbee.me\/hu\/wp-json\/wp\/v2\/comments?post=4198"}],"version-history":[{"count":2,"href":"https:\/\/www.fbee.me\/hu\/wp-json\/wp\/v2\/pages\/4198\/revisions"}],"predecessor-version":[{"id":4350,"href":"https:\/\/www.fbee.me\/hu\/wp-json\/wp\/v2\/pages\/4198\/revisions\/4350"}],"wp:attachment":[{"href":"https:\/\/www.fbee.me\/hu\/wp-json\/wp\/v2\/media?parent=4198"}],"curies":[{"name":"wp","href":"https:\/\/api.w.org\/{rel}","templated":true}]}}