{"id":4187,"date":"2025-10-29T21:29:29","date_gmt":"2025-10-29T21:29:29","guid":{"rendered":"https:\/\/www.fbee.me\/szolgaltatasi-garancia\/"},"modified":"2025-12-08T14:11:38","modified_gmt":"2025-12-08T14:11:38","slug":"szolgaltatasi-garancia","status":"publish","type":"page","link":"https:\/\/www.fbee.me\/hu\/szolgaltatasi-garancia\/","title":{"rendered":"Szolg\u00e1ltat\u00e1si garancia"},"content":{"rendered":"<h2><b>FBEE el\u00e9gedetts\u00e9gi garancia<\/b><\/h2>\n<p class=\"p3\">Az \u00d6n el\u00e9gedetts\u00e9ge az els\u0151dleges c\u00e9lunk.<\/p>\n<p class=\"p3\">Ha egy szolg\u00e1ltat\u00e1s nem felel meg az \u00d6n elv\u00e1r\u00e1sainak, a mi <span class=\"s2\"><b>FBEE El\u00e9gedetts\u00e9gi Garancia<\/b><\/span> garant\u00e1lja, hogy mindent helyrehozunk.<\/p>\n<p class=\"p3\">Az al\u00e1bbiakban megtal\u00e1lja, hogy mi tartozik a garancia hat\u00e1lya al\u00e1 (felt\u00e9teleinkkel \u00f6sszhangban).<\/p>\n<p>&nbsp;<\/p>\n<h3 class=\"p3\"><b>Mit tartalmaz az El\u00e9gedetts\u00e9gi Garancia?<\/b><\/h3>\n<ul>\n<li>\n<p class=\"p1\"><b>Nem kiel\u00e9g\u00edt\u0151 min\u0151s\u00e9g\u0171 munka:<\/b><b><\/b><\/p>\n<p class=\"p2\">Ha a szolg\u00e1ltat\u00e1s min\u0151s\u00e9ge nem felel meg az elv\u00e1r\u00e1soknak, gondoskodunk az \u00fajb\u00f3li elv\u00e9gz\u00e9s\u00e9r\u0151l &#8211; teljesen ingyenesen.<\/p>\n<\/li>\n<li>\n<p class=\"p1\"><b>Meg nem jelen\u00e9s vagy egy \u00f3r\u00e1n\u00e1l hosszabb k\u00e9s\u00e9s:<\/b><b><\/b><\/p>\n<p class=\"p2\">A k\u00f6vetkez\u0151 el\u00e9rhet\u0151 id\u0151pontban \u00e9s id\u0151pontban alternat\u00edv id\u0151pontot szervez\u00fcnk.<\/p>\n<\/li>\n<li>\n<p class=\"p1\"><b>A kiszolg\u00e1l\u00f3 szem\u00e9lyzet nem megfelel\u0151 viselked\u00e9se:<\/b><b><\/b><\/p>\n<p class=\"p2\">B\u00e1rmilyen k\u00f6telezetts\u00e9gszeg\u00e9s eset\u00e9n \u00e1t\u00fctemezhetj\u00fck a szolg\u00e1ltat\u00e1st, vagy m\u00e1s megfelel\u0151 megold\u00e1st k\u00edn\u00e1lunk.<\/p>\n<\/li>\n<li>\n<p class=\"p1\"><b>Sz\u00e1ml\u00e1z\u00e1si hib\u00e1k:<\/b><b><\/b><\/p>\n<p class=\"p2\">Ha t\u00e9vesen sz\u00e1molt\u00e1k fel \u00d6nnek, a t\u00f6bblet\u00f6sszeget az eredeti fizet\u00e9si m\u00f3ddal t\u00e9r\u00edtj\u00fck vissza.<\/p>\n<\/li>\n<li>\n<p class=\"p1\"><b>A t\u00e1rgyak k\u00e1rosod\u00e1sa:<\/b><b><\/b><\/p>\n<p class=\"p2\">Minden t\u0151l\u00fcnk telhet\u0151t megtesz\u00fcnk a k\u00e1rok helyre\u00e1ll\u00edt\u00e1sa \u00e9rdek\u00e9ben. Ha a jav\u00edt\u00e1s nem lehets\u00e9ges, k\u00e1rt\u00e9r\u00edt\u00e9s legfeljebb<span class=\"s1\"><b> 500 EUR<\/b><\/span> biztos\u00edtunk, felt\u00e9ve, hogy a Megel\u00e9gedetts\u00e9gi Garancia minden felt\u00e9tele teljes\u00fcl. <\/p>\n<p class=\"p2\"><i>S\u00e9r\u00fcl\u00e9s vagy hi\u00e1nyz\u00f3 t\u00e1rgy eset\u00e9n k\u00e9rhetj\u00fck, hogy igazolja a tulajdonjogot \u00e9s az \u00e9rt\u00e9ket (p\u00e9ld\u00e1ul az eredeti v\u00e1s\u00e1rl\u00e1si bizonylatot). Az FBEE legfeljebb 500 EUR \u00e9rt\u00e9khat\u00e1rig megbecs\u00fcli a jav\u00edt\u00e1s vagy a csere \u00e9rt\u00e9k\u00e9t. <\/i><\/p>\n<\/li>\n<\/ul>\n<h3><\/h3>\n<h3><b>Mikor \u00e9rv\u00e9nyes a garancia<\/b><\/h3>\n<ul>\n<li>\n<p class=\"p1\">A szolg\u00e1ltat\u00e1st a <span class=\"s1\"><b>FBEE platformon kereszt\u00fcl<\/b><\/span> \u00e9rv\u00e9nyes megrendel\u00e9si sz\u00e1mmal.<\/p>\n<p class=\"p1\"><i>Az \u00e1raj\u00e1nlat-alap\u00fa vagy offline szolg\u00e1ltat\u00e1sok nem tartoznak ide.<\/i><i><\/i><\/p>\n<\/li>\n<li>\n<p class=\"p1\">A szolg\u00e1ltat\u00e1st az elm\u00falt <span class=\"s1\"><b>48 \u00f3r\u00e1n bel\u00fcl<\/b><\/span>, \u00e9s a panaszt ezen az id\u0151tartamon bel\u00fcl tett\u00e9k.<\/p>\n<\/li>\n<li>\n<p class=\"p1\">A megrendel\u00e9st <span class=\"s1\"><b>teljes m\u00e9rt\u00e9kben kifizetve<\/b><\/span>, \u00e9s az \u00d6n sz\u00e1ml\u00e1ja rendben van.<\/p>\n<\/li>\n<\/ul>\n<h3><\/h3>\n<h3><b>Alkatr\u00e9sz- \u00e9s anyaggarancia<\/b><\/h3>\n<ul>\n<li>\n<p class=\"p1\">Ha az anyagokat vagy alkatr\u00e9szeket a mi technikusunk sz\u00e1ll\u00edtotta, egy <span class=\"s1\"><b>egy h\u00f3nap garancia a kivitelez\u00e9sre<\/b><\/span> \u00e9rv\u00e9nyes.<\/p>\n<\/li>\n<li>\n<p class=\"p1\">Az alkatr\u00e9szekre csak akkor vonatkozik a garancia, ha a gy\u00e1rt\u00f3 vagy a forgalmaz\u00f3 garanci\u00e1t v\u00e1llal.<\/p>\n<\/li>\n<li>\n<p class=\"p1\">Egyes szolg\u00e1ltat\u00e1sokra speci\u00e1lis garanci\u00e1lis felt\u00e9telek vagy kiz\u00e1r\u00e1sok vonatkozhatnak &#8211; tov\u00e1bbi inform\u00e1ci\u00f3k\u00e9rt k\u00e9rj\u00fck, olvassa el a szolg\u00e1ltat\u00e1s r\u00e9szleteit.<\/p>\n<\/li>\n<\/ul>\n<h2><\/h2>\n<h3><b>\u00c9rt\u00e9kelj\u00fck \u00fcgyfeleinket<\/b><\/h3>\n<p class=\"p3\">\u0150szint\u00e9n t\u00f6r\u0151d\u00fcnk \u00fcgyfeleink ig\u00e9nyeivel, \u00e9s c\u00e9lunk, hogy mindig biztos\u00edtsuk a k\u00f6vetkez\u0151ket <span class=\"s2\"><b>a teljes el\u00e9gedetts\u00e9g<\/b><\/span>.<\/p>\n<p class=\"p3\">\u00dagy gondoljuk, hogy az \u00d6n k\u00e9r\u00e9sei csak a <span class=\"s2\"><b>a legjobb szakemberek a maguk ter\u00fclet\u00e9n<\/b><\/span>.<\/p>\n<p class=\"p3\">Az FBEE kiz\u00e1r\u00f3lag olyan enged\u00e9llyel rendelkez\u0151 szak\u00e9rt\u0151kkel dolgozik egy\u00fctt, akik jogosultak az adott szolg\u00e1ltat\u00e1s elv\u00e9gz\u00e9s\u00e9re.<\/p>\n<p class=\"p3\">Mi <span class=\"s2\"><b>folyamatosan figyelemmel k\u00eds\u00e9rj\u00fck a min\u0151s\u00e9get<\/b><\/span> munk\u00e1juk min\u0151s\u00e9g\u00e9t, \u00e9s ha b\u00e1rmilyen potenci\u00e1lis probl\u00e9m\u00e1t \u00e9szlel\u00fcnk, akkor <span class=\"s2\"><b>proakt\u00edvan l\u00e9p\u00fcnk kapcsolatba<\/b><\/span> annak \u00e9rdek\u00e9ben, hogy a szolg\u00e1ltat\u00e1s megfeleljen a mi elv\u00e1r\u00e1sainknak.<\/p>\n<h2><\/h2>\n<h3><b>Valami nem \u00fagy ment, ahogy tervezted?<\/b><\/h3>\n<p class=\"p3\">Meg\u00e9rtj\u00fck, hogy n\u00e9ha a dolgok nem pontosan \u00fagy mennek, ahogyan v\u00e1rtuk, \u00e9s el\u0151fordulhat, hogy nem lesz teljesen el\u00e9gedett a tapasztalataival.<\/p>\n<p class=\"p3\">Ilyen esetekben az\u00e9rt vagyunk itt, hogy <span class=\"s2\"><b>seg\u00edteni \u00e9s helyrehozni a dolgokat<\/b><\/span>.<\/p>\n<p class=\"p3\">Ha panaszt szeretne beny\u00fajtani, az al\u00e1bbi \u0171rlap kit\u00f6lt\u00e9s\u00e9vel l\u00e9phet vel\u00fcnk kapcsolatba.<\/p>\n<p class=\"p3\">vagy k\u00fcldj\u00f6n e-mailt a k\u00f6vetkez\u0151 c\u00edmre <span class=\"s2\"><b>office@fbee.me<\/b><\/span>.<\/p>\n<p class=\"p3\">V\u00e1laszolni fogunk a k\u00e9r\u00e9s\u00e9re <span class=\"s2\"><b>8 munka\u00f3r\u00e1n bel\u00fcl<\/b><\/span>.<\/p>\n<p><a class=\"btn\" href=\"https:\/\/www.fbee.me\/hu\/lepjen-kapcsolatba-csapatunkkal\/\">Kapcsolat<\/a><\/p>\n","protected":false},"excerpt":{"rendered":"<p>FBEE el\u00e9gedetts\u00e9gi garancia Az \u00d6n el\u00e9gedetts\u00e9ge az els\u0151dleges c\u00e9lunk. Ha egy szolg\u00e1ltat\u00e1s nem felel meg az \u00d6n elv\u00e1r\u00e1sainak, a mi FBEE El\u00e9gedetts\u00e9gi Garancia garant\u00e1lja, hogy mindent helyrehozunk. Az al\u00e1bbiakban megtal\u00e1lja, hogy mi tartozik a garancia hat\u00e1lya al\u00e1 (felt\u00e9teleinkkel \u00f6sszhangban). &nbsp; Mit tartalmaz az El\u00e9gedetts\u00e9gi Garancia? Nem kiel\u00e9g\u00edt\u0151 min\u0151s\u00e9g\u0171 munka: Ha a szolg\u00e1ltat\u00e1s min\u0151s\u00e9ge nem felel [&hellip;]<\/p>\n","protected":false},"author":4,"featured_media":0,"parent":0,"menu_order":0,"comment_status":"closed","ping_status":"closed","template":"page-templates\/template-documents.php","meta":{"_acf_changed":false,"footnotes":""},"class_list":["post-4187","page","type-page","status-publish","hentry"],"acf":[],"yoast_head":"<!-- This site is optimized with the Yoast SEO plugin v26.0 - https:\/\/yoast.com\/wordpress\/plugins\/seo\/ -->\n<title>Szolg\u00e1ltat\u00e1si garancia - FBEE<\/title>\n<meta name=\"robots\" content=\"index, follow, max-snippet:-1, max-image-preview:large, max-video-preview:-1\" \/>\n<link rel=\"canonical\" href=\"https:\/\/www.fbee.me\/hu\/szolgaltatasi-garancia\/\" \/>\n<meta property=\"og:locale\" content=\"hu_HU\" \/>\n<meta property=\"og:type\" content=\"article\" \/>\n<meta property=\"og:title\" content=\"Szolg\u00e1ltat\u00e1si garancia - FBEE\" \/>\n<meta property=\"og:description\" content=\"FBEE el\u00e9gedetts\u00e9gi garancia Az \u00d6n el\u00e9gedetts\u00e9ge az els\u0151dleges c\u00e9lunk. Ha egy szolg\u00e1ltat\u00e1s nem felel meg az \u00d6n elv\u00e1r\u00e1sainak, a mi FBEE El\u00e9gedetts\u00e9gi Garancia garant\u00e1lja, hogy mindent helyrehozunk. Az al\u00e1bbiakban megtal\u00e1lja, hogy mi tartozik a garancia hat\u00e1lya al\u00e1 (felt\u00e9teleinkkel \u00f6sszhangban). &nbsp; Mit tartalmaz az El\u00e9gedetts\u00e9gi Garancia? Nem kiel\u00e9g\u00edt\u0151 min\u0151s\u00e9g\u0171 munka: Ha a szolg\u00e1ltat\u00e1s min\u0151s\u00e9ge nem felel [&hellip;]\" \/>\n<meta property=\"og:url\" content=\"https:\/\/www.fbee.me\/hu\/szolgaltatasi-garancia\/\" \/>\n<meta property=\"og:site_name\" content=\"FBEE\" \/>\n<meta property=\"article:modified_time\" content=\"2025-12-08T14:11:38+00:00\" \/>\n<meta name=\"twitter:card\" content=\"summary_large_image\" \/>\n<meta name=\"twitter:label1\" content=\"Becs\u00fclt olvas\u00e1si id\u0151\" \/>\n\t<meta name=\"twitter:data1\" content=\"3 perc\" \/>\n<script type=\"application\/ld+json\" class=\"yoast-schema-graph\">{\"@context\":\"https:\/\/schema.org\",\"@graph\":[{\"@type\":\"WebPage\",\"@id\":\"https:\/\/www.fbee.me\/hu\/szolgaltatasi-garancia\/\",\"url\":\"https:\/\/www.fbee.me\/hu\/szolgaltatasi-garancia\/\",\"name\":\"Szolg\u00e1ltat\u00e1si garancia - FBEE\",\"isPartOf\":{\"@id\":\"https:\/\/www.fbee.me\/#website\"},\"datePublished\":\"2025-10-29T21:29:29+00:00\",\"dateModified\":\"2025-12-08T14:11:38+00:00\",\"breadcrumb\":{\"@id\":\"https:\/\/www.fbee.me\/hu\/szolgaltatasi-garancia\/#breadcrumb\"},\"inLanguage\":\"hu\",\"potentialAction\":[{\"@type\":\"ReadAction\",\"target\":[\"https:\/\/www.fbee.me\/hu\/szolgaltatasi-garancia\/\"]}]},{\"@type\":\"BreadcrumbList\",\"@id\":\"https:\/\/www.fbee.me\/hu\/szolgaltatasi-garancia\/#breadcrumb\",\"itemListElement\":[{\"@type\":\"ListItem\",\"position\":1,\"name\":\"Home\",\"item\":\"https:\/\/www.fbee.me\/hu\/\"},{\"@type\":\"ListItem\",\"position\":2,\"name\":\"Szolg\u00e1ltat\u00e1si garancia\"}]},{\"@type\":\"WebSite\",\"@id\":\"https:\/\/www.fbee.me\/#website\",\"url\":\"https:\/\/www.fbee.me\/\",\"name\":\"FBEE\",\"description\":\"\",\"publisher\":{\"@id\":\"https:\/\/www.fbee.me\/#organization\"},\"potentialAction\":[{\"@type\":\"SearchAction\",\"target\":{\"@type\":\"EntryPoint\",\"urlTemplate\":\"https:\/\/www.fbee.me\/?s={search_term_string}\"},\"query-input\":{\"@type\":\"PropertyValueSpecification\",\"valueRequired\":true,\"valueName\":\"search_term_string\"}}],\"inLanguage\":\"hu\"},{\"@type\":\"Organization\",\"@id\":\"https:\/\/www.fbee.me\/#organization\",\"name\":\"FBEE\",\"url\":\"https:\/\/www.fbee.me\/\",\"logo\":{\"@type\":\"ImageObject\",\"inLanguage\":\"hu\",\"@id\":\"https:\/\/www.fbee.me\/#\/schema\/logo\/image\/\",\"url\":\"https:\/\/www.fbee.me\/wp-content\/uploads\/2025\/01\/FBEE_logo_NEW_final_horizontal-2-1.svg\",\"contentUrl\":\"https:\/\/www.fbee.me\/wp-content\/uploads\/2025\/01\/FBEE_logo_NEW_final_horizontal-2-1.svg\",\"width\":1,\"height\":1,\"caption\":\"FBEE\"},\"image\":{\"@id\":\"https:\/\/www.fbee.me\/#\/schema\/logo\/image\/\"}}]}<\/script>\n<!-- \/ Yoast SEO plugin. -->","yoast_head_json":{"title":"Szolg\u00e1ltat\u00e1si garancia - FBEE","robots":{"index":"index","follow":"follow","max-snippet":"max-snippet:-1","max-image-preview":"max-image-preview:large","max-video-preview":"max-video-preview:-1"},"canonical":"https:\/\/www.fbee.me\/hu\/szolgaltatasi-garancia\/","og_locale":"hu_HU","og_type":"article","og_title":"Szolg\u00e1ltat\u00e1si garancia - FBEE","og_description":"FBEE el\u00e9gedetts\u00e9gi garancia Az \u00d6n el\u00e9gedetts\u00e9ge az els\u0151dleges c\u00e9lunk. Ha egy szolg\u00e1ltat\u00e1s nem felel meg az \u00d6n elv\u00e1r\u00e1sainak, a mi FBEE El\u00e9gedetts\u00e9gi Garancia garant\u00e1lja, hogy mindent helyrehozunk. Az al\u00e1bbiakban megtal\u00e1lja, hogy mi tartozik a garancia hat\u00e1lya al\u00e1 (felt\u00e9teleinkkel \u00f6sszhangban). &nbsp; Mit tartalmaz az El\u00e9gedetts\u00e9gi Garancia? Nem kiel\u00e9g\u00edt\u0151 min\u0151s\u00e9g\u0171 munka: Ha a szolg\u00e1ltat\u00e1s min\u0151s\u00e9ge nem felel [&hellip;]","og_url":"https:\/\/www.fbee.me\/hu\/szolgaltatasi-garancia\/","og_site_name":"FBEE","article_modified_time":"2025-12-08T14:11:38+00:00","twitter_card":"summary_large_image","twitter_misc":{"Becs\u00fclt olvas\u00e1si id\u0151":"3 perc"},"schema":{"@context":"https:\/\/schema.org","@graph":[{"@type":"WebPage","@id":"https:\/\/www.fbee.me\/hu\/szolgaltatasi-garancia\/","url":"https:\/\/www.fbee.me\/hu\/szolgaltatasi-garancia\/","name":"Szolg\u00e1ltat\u00e1si garancia - FBEE","isPartOf":{"@id":"https:\/\/www.fbee.me\/#website"},"datePublished":"2025-10-29T21:29:29+00:00","dateModified":"2025-12-08T14:11:38+00:00","breadcrumb":{"@id":"https:\/\/www.fbee.me\/hu\/szolgaltatasi-garancia\/#breadcrumb"},"inLanguage":"hu","potentialAction":[{"@type":"ReadAction","target":["https:\/\/www.fbee.me\/hu\/szolgaltatasi-garancia\/"]}]},{"@type":"BreadcrumbList","@id":"https:\/\/www.fbee.me\/hu\/szolgaltatasi-garancia\/#breadcrumb","itemListElement":[{"@type":"ListItem","position":1,"name":"Home","item":"https:\/\/www.fbee.me\/hu\/"},{"@type":"ListItem","position":2,"name":"Szolg\u00e1ltat\u00e1si garancia"}]},{"@type":"WebSite","@id":"https:\/\/www.fbee.me\/#website","url":"https:\/\/www.fbee.me\/","name":"FBEE","description":"","publisher":{"@id":"https:\/\/www.fbee.me\/#organization"},"potentialAction":[{"@type":"SearchAction","target":{"@type":"EntryPoint","urlTemplate":"https:\/\/www.fbee.me\/?s={search_term_string}"},"query-input":{"@type":"PropertyValueSpecification","valueRequired":true,"valueName":"search_term_string"}}],"inLanguage":"hu"},{"@type":"Organization","@id":"https:\/\/www.fbee.me\/#organization","name":"FBEE","url":"https:\/\/www.fbee.me\/","logo":{"@type":"ImageObject","inLanguage":"hu","@id":"https:\/\/www.fbee.me\/#\/schema\/logo\/image\/","url":"https:\/\/www.fbee.me\/wp-content\/uploads\/2025\/01\/FBEE_logo_NEW_final_horizontal-2-1.svg","contentUrl":"https:\/\/www.fbee.me\/wp-content\/uploads\/2025\/01\/FBEE_logo_NEW_final_horizontal-2-1.svg","width":1,"height":1,"caption":"FBEE"},"image":{"@id":"https:\/\/www.fbee.me\/#\/schema\/logo\/image\/"}}]}},"_links":{"self":[{"href":"https:\/\/www.fbee.me\/hu\/wp-json\/wp\/v2\/pages\/4187","targetHints":{"allow":["GET"]}}],"collection":[{"href":"https:\/\/www.fbee.me\/hu\/wp-json\/wp\/v2\/pages"}],"about":[{"href":"https:\/\/www.fbee.me\/hu\/wp-json\/wp\/v2\/types\/page"}],"author":[{"embeddable":true,"href":"https:\/\/www.fbee.me\/hu\/wp-json\/wp\/v2\/users\/4"}],"replies":[{"embeddable":true,"href":"https:\/\/www.fbee.me\/hu\/wp-json\/wp\/v2\/comments?post=4187"}],"version-history":[{"count":2,"href":"https:\/\/www.fbee.me\/hu\/wp-json\/wp\/v2\/pages\/4187\/revisions"}],"predecessor-version":[{"id":4388,"href":"https:\/\/www.fbee.me\/hu\/wp-json\/wp\/v2\/pages\/4187\/revisions\/4388"}],"wp:attachment":[{"href":"https:\/\/www.fbee.me\/hu\/wp-json\/wp\/v2\/media?parent=4187"}],"curies":[{"name":"wp","href":"https:\/\/api.w.org\/{rel}","templated":true}]}}