{"id":4183,"date":"2025-10-29T21:44:44","date_gmt":"2025-10-29T21:44:44","guid":{"rendered":"https:\/\/www.fbee.me\/irjon-egy-velemenyt\/"},"modified":"2025-10-29T21:44:44","modified_gmt":"2025-10-29T21:44:44","slug":"irjon-egy-velemenyt","status":"publish","type":"page","link":"https:\/\/www.fbee.me\/hu\/irjon-egy-velemenyt\/","title":{"rendered":"\u00cdrjon egy v\u00e9lem\u00e9nyt"},"content":{"rendered":"<h2 class=\"p1\" style=\"text-align: center;\"><b>\u00d6n seg\u00edt nek\u00fcnk n\u00f6vekedni.<\/b><b><\/b><\/h2>\n<p class=\"p2\" style=\"text-align: center;\">Az \u00d6n visszajelz\u00e9sei lehet\u0151v\u00e9 teszik sz\u00e1munkra, hogy folyamatosan jav\u00edtsuk szolg\u00e1ltat\u00e1saink min\u0151s\u00e9g\u00e9t, \u00e9s jobban megfelelhess\u00fcnk \u00fcgyfeleink ig\u00e9nyeinek.<\/p>\n<p class=\"p2\" style=\"text-align: center;\">Ha m\u00e1r ig\u00e9nybe vette szolg\u00e1ltat\u00e1sainkat, h\u00e1l\u00e1sak lenn\u00e9nk, ha megosztan\u00e1 tapasztalatait egy r\u00f6vid \u00e9rt\u00e9kel\u00e9s meg\u00edr\u00e1s\u00e1val.<\/p>\n<p class=\"p2\" style=\"text-align: center;\">Minden v\u00e9lem\u00e9ny sz\u00e1m\u00edt, \u00e9s seg\u00edt minket az el\u0151rehalad\u00e1sban.<\/p>\n","protected":false},"excerpt":{"rendered":"<p>\u00d6n seg\u00edt nek\u00fcnk n\u00f6vekedni. Az \u00d6n visszajelz\u00e9sei lehet\u0151v\u00e9 teszik sz\u00e1munkra, hogy folyamatosan jav\u00edtsuk szolg\u00e1ltat\u00e1saink min\u0151s\u00e9g\u00e9t, \u00e9s jobban megfelelhess\u00fcnk \u00fcgyfeleink ig\u00e9nyeinek. Ha m\u00e1r ig\u00e9nybe vette szolg\u00e1ltat\u00e1sainkat, h\u00e1l\u00e1sak lenn\u00e9nk, ha megosztan\u00e1 tapasztalatait egy r\u00f6vid \u00e9rt\u00e9kel\u00e9s meg\u00edr\u00e1s\u00e1val. Minden v\u00e9lem\u00e9ny sz\u00e1m\u00edt, \u00e9s seg\u00edt minket az el\u0151rehalad\u00e1sban.<\/p>\n","protected":false},"author":4,"featured_media":0,"parent":0,"menu_order":0,"comment_status":"closed","ping_status":"closed","template":"page-templates\/template-write-a-review.php","meta":{"_acf_changed":false,"footnotes":""},"class_list":["post-4183","page","type-page","status-publish","hentry"],"acf":[],"yoast_head":"<!-- This site is optimized with the Yoast SEO plugin v26.0 - https:\/\/yoast.com\/wordpress\/plugins\/seo\/ -->\n<title>\u00cdrjon egy v\u00e9lem\u00e9nyt - FBEE<\/title>\n<meta name=\"robots\" content=\"index, follow, max-snippet:-1, max-image-preview:large, max-video-preview:-1\" \/>\n<link rel=\"canonical\" href=\"https:\/\/www.fbee.me\/irjon-egy-velemenyt\/\" \/>\n<meta property=\"og:locale\" content=\"hu_HU\" \/>\n<meta property=\"og:type\" content=\"article\" \/>\n<meta property=\"og:title\" content=\"\u00cdrjon egy v\u00e9lem\u00e9nyt - FBEE\" \/>\n<meta property=\"og:description\" content=\"\u00d6n seg\u00edt nek\u00fcnk n\u00f6vekedni. Az \u00d6n visszajelz\u00e9sei lehet\u0151v\u00e9 teszik sz\u00e1munkra, hogy folyamatosan jav\u00edtsuk szolg\u00e1ltat\u00e1saink min\u0151s\u00e9g\u00e9t, \u00e9s jobban megfelelhess\u00fcnk \u00fcgyfeleink ig\u00e9nyeinek. Ha m\u00e1r ig\u00e9nybe vette szolg\u00e1ltat\u00e1sainkat, h\u00e1l\u00e1sak lenn\u00e9nk, ha megosztan\u00e1 tapasztalatait egy r\u00f6vid \u00e9rt\u00e9kel\u00e9s meg\u00edr\u00e1s\u00e1val. Minden v\u00e9lem\u00e9ny sz\u00e1m\u00edt, \u00e9s seg\u00edt minket az el\u0151rehalad\u00e1sban.\" \/>\n<meta property=\"og:url\" content=\"https:\/\/www.fbee.me\/irjon-egy-velemenyt\/\" \/>\n<meta property=\"og:site_name\" content=\"FBEE\" \/>\n<meta name=\"twitter:card\" content=\"summary_large_image\" \/>\n<script type=\"application\/ld+json\" class=\"yoast-schema-graph\">{\"@context\":\"https:\/\/schema.org\",\"@graph\":[{\"@type\":\"WebPage\",\"@id\":\"https:\/\/www.fbee.me\/irjon-egy-velemenyt\/\",\"url\":\"https:\/\/www.fbee.me\/irjon-egy-velemenyt\/\",\"name\":\"\u00cdrjon egy v\u00e9lem\u00e9nyt - FBEE\",\"isPartOf\":{\"@id\":\"https:\/\/www.fbee.me\/#website\"},\"datePublished\":\"2025-10-29T21:44:44+00:00\",\"breadcrumb\":{\"@id\":\"https:\/\/www.fbee.me\/irjon-egy-velemenyt\/#breadcrumb\"},\"inLanguage\":\"hu\",\"potentialAction\":[{\"@type\":\"ReadAction\",\"target\":[\"https:\/\/www.fbee.me\/irjon-egy-velemenyt\/\"]}]},{\"@type\":\"BreadcrumbList\",\"@id\":\"https:\/\/www.fbee.me\/irjon-egy-velemenyt\/#breadcrumb\",\"itemListElement\":[{\"@type\":\"ListItem\",\"position\":1,\"name\":\"Home\",\"item\":\"https:\/\/www.fbee.me\/hu\/\"},{\"@type\":\"ListItem\",\"position\":2,\"name\":\"\u00cdrjon egy v\u00e9lem\u00e9nyt\"}]},{\"@type\":\"WebSite\",\"@id\":\"https:\/\/www.fbee.me\/#website\",\"url\":\"https:\/\/www.fbee.me\/\",\"name\":\"FBEE\",\"description\":\"\",\"publisher\":{\"@id\":\"https:\/\/www.fbee.me\/#organization\"},\"potentialAction\":[{\"@type\":\"SearchAction\",\"target\":{\"@type\":\"EntryPoint\",\"urlTemplate\":\"https:\/\/www.fbee.me\/?s={search_term_string}\"},\"query-input\":{\"@type\":\"PropertyValueSpecification\",\"valueRequired\":true,\"valueName\":\"search_term_string\"}}],\"inLanguage\":\"hu\"},{\"@type\":\"Organization\",\"@id\":\"https:\/\/www.fbee.me\/#organization\",\"name\":\"FBEE\",\"url\":\"https:\/\/www.fbee.me\/\",\"logo\":{\"@type\":\"ImageObject\",\"inLanguage\":\"hu\",\"@id\":\"https:\/\/www.fbee.me\/#\/schema\/logo\/image\/\",\"url\":\"https:\/\/www.fbee.me\/wp-content\/uploads\/2025\/01\/FBEE_logo_NEW_final_horizontal-2-1.svg\",\"contentUrl\":\"https:\/\/www.fbee.me\/wp-content\/uploads\/2025\/01\/FBEE_logo_NEW_final_horizontal-2-1.svg\",\"width\":1,\"height\":1,\"caption\":\"FBEE\"},\"image\":{\"@id\":\"https:\/\/www.fbee.me\/#\/schema\/logo\/image\/\"}}]}<\/script>\n<!-- \/ Yoast SEO plugin. -->","yoast_head_json":{"title":"\u00cdrjon egy v\u00e9lem\u00e9nyt - FBEE","robots":{"index":"index","follow":"follow","max-snippet":"max-snippet:-1","max-image-preview":"max-image-preview:large","max-video-preview":"max-video-preview:-1"},"canonical":"https:\/\/www.fbee.me\/irjon-egy-velemenyt\/","og_locale":"hu_HU","og_type":"article","og_title":"\u00cdrjon egy v\u00e9lem\u00e9nyt - FBEE","og_description":"\u00d6n seg\u00edt nek\u00fcnk n\u00f6vekedni. Az \u00d6n visszajelz\u00e9sei lehet\u0151v\u00e9 teszik sz\u00e1munkra, hogy folyamatosan jav\u00edtsuk szolg\u00e1ltat\u00e1saink min\u0151s\u00e9g\u00e9t, \u00e9s jobban megfelelhess\u00fcnk \u00fcgyfeleink ig\u00e9nyeinek. Ha m\u00e1r ig\u00e9nybe vette szolg\u00e1ltat\u00e1sainkat, h\u00e1l\u00e1sak lenn\u00e9nk, ha megosztan\u00e1 tapasztalatait egy r\u00f6vid \u00e9rt\u00e9kel\u00e9s meg\u00edr\u00e1s\u00e1val. Minden v\u00e9lem\u00e9ny sz\u00e1m\u00edt, \u00e9s seg\u00edt minket az el\u0151rehalad\u00e1sban.","og_url":"https:\/\/www.fbee.me\/irjon-egy-velemenyt\/","og_site_name":"FBEE","twitter_card":"summary_large_image","schema":{"@context":"https:\/\/schema.org","@graph":[{"@type":"WebPage","@id":"https:\/\/www.fbee.me\/irjon-egy-velemenyt\/","url":"https:\/\/www.fbee.me\/irjon-egy-velemenyt\/","name":"\u00cdrjon egy v\u00e9lem\u00e9nyt - FBEE","isPartOf":{"@id":"https:\/\/www.fbee.me\/#website"},"datePublished":"2025-10-29T21:44:44+00:00","breadcrumb":{"@id":"https:\/\/www.fbee.me\/irjon-egy-velemenyt\/#breadcrumb"},"inLanguage":"hu","potentialAction":[{"@type":"ReadAction","target":["https:\/\/www.fbee.me\/irjon-egy-velemenyt\/"]}]},{"@type":"BreadcrumbList","@id":"https:\/\/www.fbee.me\/irjon-egy-velemenyt\/#breadcrumb","itemListElement":[{"@type":"ListItem","position":1,"name":"Home","item":"https:\/\/www.fbee.me\/hu\/"},{"@type":"ListItem","position":2,"name":"\u00cdrjon egy v\u00e9lem\u00e9nyt"}]},{"@type":"WebSite","@id":"https:\/\/www.fbee.me\/#website","url":"https:\/\/www.fbee.me\/","name":"FBEE","description":"","publisher":{"@id":"https:\/\/www.fbee.me\/#organization"},"potentialAction":[{"@type":"SearchAction","target":{"@type":"EntryPoint","urlTemplate":"https:\/\/www.fbee.me\/?s={search_term_string}"},"query-input":{"@type":"PropertyValueSpecification","valueRequired":true,"valueName":"search_term_string"}}],"inLanguage":"hu"},{"@type":"Organization","@id":"https:\/\/www.fbee.me\/#organization","name":"FBEE","url":"https:\/\/www.fbee.me\/","logo":{"@type":"ImageObject","inLanguage":"hu","@id":"https:\/\/www.fbee.me\/#\/schema\/logo\/image\/","url":"https:\/\/www.fbee.me\/wp-content\/uploads\/2025\/01\/FBEE_logo_NEW_final_horizontal-2-1.svg","contentUrl":"https:\/\/www.fbee.me\/wp-content\/uploads\/2025\/01\/FBEE_logo_NEW_final_horizontal-2-1.svg","width":1,"height":1,"caption":"FBEE"},"image":{"@id":"https:\/\/www.fbee.me\/#\/schema\/logo\/image\/"}}]}},"_links":{"self":[{"href":"https:\/\/www.fbee.me\/hu\/wp-json\/wp\/v2\/pages\/4183","targetHints":{"allow":["GET"]}}],"collection":[{"href":"https:\/\/www.fbee.me\/hu\/wp-json\/wp\/v2\/pages"}],"about":[{"href":"https:\/\/www.fbee.me\/hu\/wp-json\/wp\/v2\/types\/page"}],"author":[{"embeddable":true,"href":"https:\/\/www.fbee.me\/hu\/wp-json\/wp\/v2\/users\/4"}],"replies":[{"embeddable":true,"href":"https:\/\/www.fbee.me\/hu\/wp-json\/wp\/v2\/comments?post=4183"}],"version-history":[{"count":0,"href":"https:\/\/www.fbee.me\/hu\/wp-json\/wp\/v2\/pages\/4183\/revisions"}],"wp:attachment":[{"href":"https:\/\/www.fbee.me\/hu\/wp-json\/wp\/v2\/media?parent=4183"}],"curies":[{"name":"wp","href":"https:\/\/api.w.org\/{rel}","templated":true}]}}