{"id":3688,"date":"2025-10-04T09:45:55","date_gmt":"2025-10-04T09:45:55","guid":{"rendered":"https:\/\/www.fbee.me\/fizetesi-politika\/"},"modified":"2025-10-30T16:56:53","modified_gmt":"2025-10-30T16:56:53","slug":"fizetesi-politika","status":"publish","type":"page","link":"https:\/\/www.fbee.me\/hu\/fizetesi-politika\/","title":{"rendered":"Fizet\u00e9si \u00e9s visszat\u00e9r\u00edt\u00e9si politika"},"content":{"rendered":"<div class=\"mb-4\">\n<h1 class=\"p1\"><b>A SEJFMAN s. r. o. (&#8222;FBEE&#8221;) fizet\u00e9si felt\u00e9telei  <\/b><b><\/b><\/h1>\n<p class=\"p3\">Ezek a SEJFMAN s. r. o. (a tov\u00e1bbiakban: FBEE) fizet\u00e9si felt\u00e9telei.  <\/p>\n<p class=\"p3\">Ezek a felt\u00e9telek kiz\u00e1r\u00f3lag az FBEE \u00e1ltal az fbee.me weboldalon \u00e9s\/vagy a kapcsol\u00f3d\u00f3 mobilalkalmaz\u00e1sokon (&#8222;FBEE&#8221;) kereszt\u00fcl v\u00e9gzett tev\u00e9kenys\u00e9gekre vonatkoznak, \u00e9s nem vonatkoznak az &#8222;offline&#8221; vagy a weboldalhoz nem kapcsol\u00f3d\u00f3 tev\u00e9kenys\u00e9gekre.<\/p>\n<p class=\"p3\">A felhaszn\u00e1l\u00f3 \u00e1ltal a weboldalunkon kereszt\u00fcl megrendelt term\u00e9keket vagy szolg\u00e1ltat\u00e1sokat &#8222;Szolg\u00e1ltat\u00e1soknak&#8221; nevezz\u00fck.<\/p>\n<hr>\n<h3><b>FIZET\u00c9SI M\u00d3DOK<\/b><\/h3>\n<p class=\"p3\">A v\u00e1llalat k\u00e9szp\u00e9nzzel, illetve Visa \u00e9s Mastercard bankk\u00e1rty\u00e1val \u00e9s hitelk\u00e1rty\u00e1val t\u00f6rt\u00e9n\u0151 fizet\u00e9st fogad el a term\u00e9kek\u00e9rt \u00e9s szolg\u00e1ltat\u00e1sok\u00e9rt.<\/p>\n<p class=\"p3\">A weboldalon kereszt\u00fcl lefoglalt szolg\u00e1ltat\u00e1sokra szint\u00e9n az adott szolg\u00e1ltat\u00f3 szerz\u0151d\u00e9si felt\u00e9telei vonatkoznak.<\/p>\n<hr>\n<h3><b>A SZOLG\u00c1LTAT\u00c1SOK KIFIZET\u00c9SE<\/b><\/h3>\n<p class=\"p1\"><b>Fizet\u00e9si levon\u00e1s:<\/b><b><\/b><\/p>\n<p class=\"p3\">A felhaszn\u00e1l\u00f3knak csak azut\u00e1n sz\u00e1molunk fel d\u00edjat, hogy a partner szolg\u00e1ltat\u00f3 meger\u0151s\u00edti, hogy a szolg\u00e1ltat\u00e1s teljes\u00edt\u00e9se megt\u00f6rt\u00e9nt. Az FBEE a fizet\u00e9s feldolgoz\u00e1sa el\u0151tt nem k\u00e9ri a felhaszn\u00e1l\u00f3 meger\u0151s\u00edt\u00e9s\u00e9t a k\u00e9zbes\u00edt\u00e9sr\u0151l. <\/p>\n<p class=\"p1\"><b>Egyszeri foglal\u00e1sok:<\/b><b><\/b><\/p>\n<p class=\"p3\">Az egyszeri el\u0151re fizetett foglal\u00e1sok (hitelk\u00e1rtya, bankk\u00e1rtya, ApplePay, GooglePay stb.) eset\u00e9n a szolg\u00e1ltat\u00e1s \u00e9rt\u00e9k\u00e9nek megfelel\u0151 \u00f6sszeget el\u0151re j\u00f3v\u00e1\u00edrj\u00e1k a felhaszn\u00e1l\u00f3 k\u00e1rty\u00e1j\u00e1n, \u00e9s a v\u00e9gleges d\u00edjat csak a szolg\u00e1ltat\u00e1s teljes\u00edt\u00e9se \u00e9s a szolg\u00e1ltat\u00f3 \u00e1ltali visszaigazol\u00e1s ut\u00e1n kezelik.<\/p>\n<p class=\"p1\"><b>Ism\u00e9tl\u0151d\u0151 foglal\u00e1sok:<\/b><b><\/b><\/p>\n<p class=\"p3\">Ism\u00e9tl\u0151d\u0151 foglal\u00e1sok eset\u00e9n nem kell el\u0151re fizetni. A d\u00edjat csak az egyes szolg\u00e1ltat\u00e1sok elv\u00e9gz\u00e9se \u00e9s a partnerszolg\u00e1ltat\u00f3nk \u00e1ltal t\u00f6rt\u00e9n\u0151 visszaigazol\u00e1s ut\u00e1n sz\u00e1moljuk fel. <\/p>\n<hr>\n<h3><b>T\u00d6BB P\u00c9NZNEMBEN LEBONYOL\u00cdTOTT TRANZAKCI\u00d3K<\/b><\/h3>\n<p class=\"p3\">A megjelen\u00edtett \u00e1r \u00e9s a felhaszn\u00e1l\u00f3 \u00e1ltal kiv\u00e1lasztott p\u00e9nznem, ha ez az opci\u00f3 el\u00e9rhet\u0151, megegyezik a k\u00e1rty\u00e1ra terhelt \u00e9s a tranzakci\u00f3r\u00f3l sz\u00f3l\u00f3 bizonylaton felt\u00fcntetett p\u00e9nznemmel.<\/p>\n<p class=\"p3\">Ha H\u00c9A vagy opcion\u00e1lis kieg\u00e9sz\u00edt\u00e9sek alkalmazand\u00f3k, a felhaszn\u00e1l\u00f3 a teljes \u00f6sszeget &#8222;Fizetend\u0151 \u00f6sszeg&#8221; n\u00e9ven l\u00e1tja.<\/p>\n<hr>\n<h3><b>FIZET\u00c9SI VISSZAIGAZOL\u00c1S<\/b><\/h3>\n<p class=\"p3\">A felhaszn\u00e1l\u00f3 a foglal\u00e1s sor\u00e1n megadott e-mail c\u00edm\u00e9n, az alkalmaz\u00e1son bel\u00fcli \u00e9rtes\u00edt\u00e9sen vagy mindkett\u0151n kereszt\u00fcl kap fizet\u00e9si visszaigazol\u00e1st.<\/p>\n<p class=\"p3\">A visszaigazol\u00e1st a fizet\u00e9s feldolgoz\u00e1sa ut\u00e1n azonnal elk\u00fcldj\u00fck.<\/p>\n<hr>\n<h3><b>VISSZAFIZET\u00c9SEK<\/b><\/h3>\n<p class=\"p3\">Ha az FBEE a partner szolg\u00e1ltat\u00f3t\u00f3l kapott visszaigazol\u00e1s alapj\u00e1n annak ellen\u00e9re sz\u00e1mol fel d\u00edjat egy felhaszn\u00e1l\u00f3nak, hogy a szolg\u00e1ltat\u00e1st t\u00e9nylegesen nem ny\u00fajtott\u00e1k, az FBEE a teljes \u00f6sszeget visszat\u00e9r\u00edti.<\/p>\n<p class=\"p3\">A felhaszn\u00e1l\u00f3 felel\u0151ss\u00e9ge, hogy ilyen esetr\u0151l \u00e9rtes\u00edtse az FBEE-t a k\u00f6vetkez\u0151 e-mail c\u00edmen <span class=\"s2\"><b>office@fbee.me<\/b><\/span> a tervezett szolg\u00e1ltat\u00e1si id\u0151pontt\u00f3l sz\u00e1m\u00edtott 24 \u00f3r\u00e1n bel\u00fcl.<\/p>\n<p class=\"p3\">Minden m\u00e1s visszat\u00e9r\u00edt\u00e9s, bele\u00e9rtve a fent eml\u00edtetteket is, az eredeti fizet\u00e9si m\u00f3ddal t\u00f6rt\u00e9nik &#8211; az FBEE bel\u00e1t\u00e1sa szerint.<\/p>\n<hr>\n<h3><b>LEMOND\u00c1SI D\u00cdJAK<\/b><\/h3>\n<p class=\"p3\">Azok a felhaszn\u00e1l\u00f3k, akik a weboldalon vagy az alkalmaz\u00e1son kereszt\u00fcl foglalnak szolg\u00e1ltat\u00e1sokat, a fi\u00f3kjukba bejelentkezve vagy e-mailen kereszt\u00fcl kezelhetik foglal\u00e1saikat.<\/p>\n<p class=\"p3\">A d\u00e1tum, az id\u0151pont vagy a szolg\u00e1ltat\u00e1s r\u00e9szletei m\u00f3dos\u00edthat\u00f3k, ha ezt a szolg\u00e1ltat\u00e1s kezdete el\u0151tt kell\u0151 id\u0151ben megteszik.<\/p>\n<p class=\"p3\">Ha a felhaszn\u00e1l\u00f3 nem k\u00fcld megfelel\u0151 \u00e9rtes\u00edt\u00e9st a lemond\u00e1sr\u00f3l vagy m\u00f3dos\u00edt\u00e1sr\u00f3l, lemond\u00e1si d\u00edjakat sz\u00e1m\u00edthat fel.<\/p>\n<p class=\"p3\">Ezeket a d\u00edjakat a vonatkoz\u00f3 lemond\u00e1si felt\u00e9telek szab\u00e1lyozz\u00e1k, amelyek id\u0151r\u0151l id\u0151re friss\u00fclhetnek.<\/p>\n<p class=\"p3\">A weboldalon kereszt\u00fcl t\u00f6rt\u00e9n\u0151 szolg\u00e1ltat\u00e1srendel\u00e9ssel a felhaszn\u00e1l\u00f3 elfogadja ezeket a felt\u00e9teleket, \u00e9s v\u00e1llalja a vonatkoz\u00f3 d\u00edjak megfizet\u00e9s\u00e9t.<\/p>\n<p class=\"p3\">Az FBEE fenntartja a jogot, hogy jogi eszk\u00f6z\u00f6kkel behajtsa ezeket a d\u00edjakat, vagy korl\u00e1tozza a weboldal szolg\u00e1ltat\u00e1saihoz val\u00f3 tov\u00e1bbi hozz\u00e1f\u00e9r\u00e9st.<\/p>\n<hr>\n<h3><b>LEMOND\u00c1SI \u00c9S MEG NEM JELEN\u00c9SI SZAB\u00c1LYOK<\/b><\/h3>\n<p class=\"p3\">Ha a lemond\u00e1si vagy m\u00f3dos\u00edt\u00e1si k\u00e9relmet kevesebb mint 6 \u00f3r\u00e1val a szolg\u00e1ltat\u00e1s kezd\u00e9si id\u0151pontja el\u0151tt ny\u00fajtj\u00e1k be, akkor azt a szolg\u00e1ltat\u00e1s kezdete el\u0151tt <span class=\"s2\"><b>k\u00e9s\u0151i lemond\u00e1snak min\u0151s\u00fcl<\/b><\/span>.<\/p>\n<p class=\"p3\">Ha az \u00fcgyf\u00e9l nem jelenik meg a megbesz\u00e9lt helyen a megbesz\u00e9lt id\u0151pontban, \u00e9s a szolg\u00e1ltat\u00e1st nem lehet teljes\u00edteni, akkor a szolg\u00e1ltat\u00e1s nem tekinthet\u0151 <span class=\"s2\"><b>meg nem jelen\u00e9snek min\u0151s\u00fcl<\/b><\/span>.<\/p>\n<p class=\"p3\">Ilyen esetekben lemond\u00e1si d\u00edjakat kell fizetni, amelyek \u00f6sszege a szolg\u00e1ltat\u00e1s t\u00edpus\u00e1t\u00f3l f\u00fcgg.<\/p>\n<hr>\n<h3><b>A D\u00cdJAK ALKALMAZ\u00c1SA<\/b><\/h3>\n<ul>\n<li>\n<p class=\"p1\">A lemond\u00e1si d\u00edjakr\u00f3l a lemond\u00e1si vagy m\u00f3dos\u00edt\u00e1si k\u00e9relem beny\u00fajt\u00e1sakor t\u00e1j\u00e9koztatjuk az \u00fcgyfelet.<\/p>\n<\/li>\n<li>\n<p class=\"p1\">A d\u00edjakat a lemond\u00e1skor (k\u00e9s\u0151i lemond\u00e1s eset\u00e9n) vagy a szolg\u00e1ltat\u00e1s befejez\u00e9se ut\u00e1n (k\u00e9s\u0151i m\u00f3dos\u00edt\u00e1s eset\u00e9n) kell felsz\u00e1m\u00edtani.<\/p>\n<\/li>\n<li>\n<p class=\"p1\">A meg nem jelen\u00e9s d\u00edja akkor ker\u00fcl felsz\u00e1m\u00edt\u00e1sra, amikor az FBEE \u00e9rtes\u00edt\u00e9st kap a partner szolg\u00e1ltat\u00f3t\u00f3l.<\/p>\n<\/li>\n<li>\n<p class=\"p1\">Ha a k\u00e1rty\u00e1ra el\u0151enged\u00e9lyez\u00e9s t\u00f6rt\u00e9nt, \u00e9s a szolg\u00e1ltat\u00e1st t\u00f6bb mint 6 \u00f3r\u00e1val kor\u00e1bban t\u00f6rlik, a teljes \u00f6sszeget visszat\u00e9r\u00edtik a k\u00e1rty\u00e1ra vagy a p\u00e9nzt\u00e1rc\u00e1ra.<\/p>\n<\/li>\n<li>\n<p class=\"p1\">Ha a foglal\u00e1s \u00f6sszege el\u0151re j\u00f3v\u00e1hagy\u00e1sra ker\u00fclt, \u00e9s k\u00e9s\u0151i lemond\u00e1s vagy meg nem jelen\u00e9s t\u00f6rt\u00e9nik, az enged\u00e9lyezett \u00f6sszeg a lemond\u00e1si szab\u00e1lyzatnak megfelel\u0151en r\u00e9szben vagy eg\u00e9szben lek\u00f6t\u00e9sre ker\u00fcl, a fennmarad\u00f3 \u00f6sszeg (ha van) pedig visszat\u00e9r\u00edt\u00e9sre ker\u00fcl a k\u00e1rty\u00e1ra vagy az eredeti fizet\u00e9si m\u00f3dra.<\/p>\n<\/li>\n<li>\n<p class=\"p1\">A d\u00edj \u00f6sszeg\u00e9t a lemond\u00e1skor k\u00f6z\u00f6lj\u00fck, \u00e9s e-mailben vagy az alkalmaz\u00e1son bel\u00fcli \u00e9rtes\u00edt\u00e9sben meger\u0151s\u00edtj\u00fck.<\/p>\n<\/li>\n<\/ul>\n<hr>\n<\/div>\n<div class=\"general_content\">\n<div id=\"cancellations-policy\">\n<h4><b><strong>LEMOND\u00c1SI SZAB\u00c1LYZAT<\/strong><\/b><\/h4>\n<table>\n<tbody>\n<tr>\n<td>\n<p class=\"p1\">A foglal\u00e1st\u00f3l sz\u00e1m\u00edtott 15 percen bel\u00fcl<\/p>\n<\/td>\n<td>\n<p class=\"p1\">Ingyenes<\/p>\n<\/td>\n<\/tr>\n<tr>\n<td>\n<p class=\"p1\">T\u00f6bb mint 48 \u00f3r\u00e1val a szolg\u00e1ltat\u00e1s kezdete el\u0151tt<\/p>\n<\/td>\n<td>\n<p class=\"p1\">Ingyenes<\/p>\n<\/td>\n<\/tr>\n<tr>\n<td>\n<p class=\"p1\">Kevesebb mint 48 \u00f3r\u00e1val a szolg\u00e1ltat\u00e1s kezdete el\u0151tt<\/p>\n<\/td>\n<td>\n<p class=\"p1\">a szolg\u00e1ltat\u00e1s \u00e1r\u00e1nak 100%-a (max. 150 \u20ac)<\/p>\n<\/td>\n<\/tr>\n<tr>\n<td>\n<p class=\"p1\">A szolg\u00e1ltat\u00e1s elind\u00edt\u00e1sa ut\u00e1n<\/p>\n<\/td>\n<td>\n<p class=\"p1\">a szolg\u00e1ltat\u00e1s \u00e1r\u00e1nak 100%-a (max. 150 \u20ac)<\/p>\n<\/td>\n<\/tr>\n<\/tbody>\n<\/table>\n<\/div>\n<\/div>\n","protected":false},"excerpt":{"rendered":"<p>A SEJFMAN s. r. o. (&#8222;FBEE&#8221;) fizet\u00e9si felt\u00e9telei Ezek a SEJFMAN s. r. o. (a tov\u00e1bbiakban: FBEE) fizet\u00e9si felt\u00e9telei. Ezek a felt\u00e9telek kiz\u00e1r\u00f3lag az FBEE \u00e1ltal az fbee.me weboldalon \u00e9s\/vagy a kapcsol\u00f3d\u00f3 mobilalkalmaz\u00e1sokon (&#8222;FBEE&#8221;) kereszt\u00fcl v\u00e9gzett tev\u00e9kenys\u00e9gekre vonatkoznak, \u00e9s nem vonatkoznak az &#8222;offline&#8221; vagy a weboldalhoz nem kapcsol\u00f3d\u00f3 tev\u00e9kenys\u00e9gekre. A felhaszn\u00e1l\u00f3 \u00e1ltal a weboldalunkon kereszt\u00fcl [&hellip;]<\/p>\n","protected":false},"author":2,"featured_media":0,"parent":0,"menu_order":0,"comment_status":"closed","ping_status":"closed","template":"page-templates\/template-documents.php","meta":{"_acf_changed":false,"footnotes":""},"class_list":["post-3688","page","type-page","status-publish","hentry"],"acf":[],"yoast_head":"<!-- This site is optimized with the Yoast SEO plugin v26.0 - https:\/\/yoast.com\/wordpress\/plugins\/seo\/ -->\n<title>Fizet\u00e9si \u00e9s visszat\u00e9r\u00edt\u00e9si politika - FBEE<\/title>\n<meta name=\"robots\" content=\"index, follow, max-snippet:-1, max-image-preview:large, max-video-preview:-1\" \/>\n<link rel=\"canonical\" href=\"https:\/\/www.fbee.me\/hu\/fizetesi-politika\/\" \/>\n<meta property=\"og:locale\" content=\"hu_HU\" \/>\n<meta property=\"og:type\" content=\"article\" \/>\n<meta property=\"og:title\" content=\"Fizet\u00e9si \u00e9s visszat\u00e9r\u00edt\u00e9si politika - FBEE\" \/>\n<meta property=\"og:description\" content=\"A SEJFMAN s. r. o. (&#8222;FBEE&#8221;) fizet\u00e9si felt\u00e9telei Ezek a SEJFMAN s. r. o. (a tov\u00e1bbiakban: FBEE) fizet\u00e9si felt\u00e9telei. Ezek a felt\u00e9telek kiz\u00e1r\u00f3lag az FBEE \u00e1ltal az fbee.me weboldalon \u00e9s\/vagy a kapcsol\u00f3d\u00f3 mobilalkalmaz\u00e1sokon (&#8222;FBEE&#8221;) kereszt\u00fcl v\u00e9gzett tev\u00e9kenys\u00e9gekre vonatkoznak, \u00e9s nem vonatkoznak az &#8222;offline&#8221; vagy a weboldalhoz nem kapcsol\u00f3d\u00f3 tev\u00e9kenys\u00e9gekre. A felhaszn\u00e1l\u00f3 \u00e1ltal a weboldalunkon kereszt\u00fcl [&hellip;]\" \/>\n<meta property=\"og:url\" content=\"https:\/\/www.fbee.me\/hu\/fizetesi-politika\/\" \/>\n<meta property=\"og:site_name\" content=\"FBEE\" \/>\n<meta property=\"article:modified_time\" content=\"2025-10-30T16:56:53+00:00\" \/>\n<meta name=\"twitter:card\" content=\"summary_large_image\" \/>\n<meta name=\"twitter:label1\" content=\"Becs\u00fclt olvas\u00e1si id\u0151\" \/>\n\t<meta name=\"twitter:data1\" content=\"6 perc\" \/>\n<script type=\"application\/ld+json\" class=\"yoast-schema-graph\">{\"@context\":\"https:\/\/schema.org\",\"@graph\":[{\"@type\":\"WebPage\",\"@id\":\"https:\/\/www.fbee.me\/hu\/fizetesi-politika\/\",\"url\":\"https:\/\/www.fbee.me\/hu\/fizetesi-politika\/\",\"name\":\"Fizet\u00e9si \u00e9s visszat\u00e9r\u00edt\u00e9si politika - FBEE\",\"isPartOf\":{\"@id\":\"https:\/\/www.fbee.me\/#website\"},\"datePublished\":\"2025-10-04T09:45:55+00:00\",\"dateModified\":\"2025-10-30T16:56:53+00:00\",\"breadcrumb\":{\"@id\":\"https:\/\/www.fbee.me\/hu\/fizetesi-politika\/#breadcrumb\"},\"inLanguage\":\"hu\",\"potentialAction\":[{\"@type\":\"ReadAction\",\"target\":[\"https:\/\/www.fbee.me\/hu\/fizetesi-politika\/\"]}]},{\"@type\":\"BreadcrumbList\",\"@id\":\"https:\/\/www.fbee.me\/hu\/fizetesi-politika\/#breadcrumb\",\"itemListElement\":[{\"@type\":\"ListItem\",\"position\":1,\"name\":\"Home\",\"item\":\"https:\/\/www.fbee.me\/hu\/\"},{\"@type\":\"ListItem\",\"position\":2,\"name\":\"Fizet\u00e9si \u00e9s visszat\u00e9r\u00edt\u00e9si politika\"}]},{\"@type\":\"WebSite\",\"@id\":\"https:\/\/www.fbee.me\/#website\",\"url\":\"https:\/\/www.fbee.me\/\",\"name\":\"FBEE\",\"description\":\"\",\"publisher\":{\"@id\":\"https:\/\/www.fbee.me\/#organization\"},\"potentialAction\":[{\"@type\":\"SearchAction\",\"target\":{\"@type\":\"EntryPoint\",\"urlTemplate\":\"https:\/\/www.fbee.me\/?s={search_term_string}\"},\"query-input\":{\"@type\":\"PropertyValueSpecification\",\"valueRequired\":true,\"valueName\":\"search_term_string\"}}],\"inLanguage\":\"hu\"},{\"@type\":\"Organization\",\"@id\":\"https:\/\/www.fbee.me\/#organization\",\"name\":\"FBEE\",\"url\":\"https:\/\/www.fbee.me\/\",\"logo\":{\"@type\":\"ImageObject\",\"inLanguage\":\"hu\",\"@id\":\"https:\/\/www.fbee.me\/#\/schema\/logo\/image\/\",\"url\":\"https:\/\/www.fbee.me\/wp-content\/uploads\/2025\/01\/FBEE_logo_NEW_final_horizontal-2-1.svg\",\"contentUrl\":\"https:\/\/www.fbee.me\/wp-content\/uploads\/2025\/01\/FBEE_logo_NEW_final_horizontal-2-1.svg\",\"width\":1,\"height\":1,\"caption\":\"FBEE\"},\"image\":{\"@id\":\"https:\/\/www.fbee.me\/#\/schema\/logo\/image\/\"}}]}<\/script>\n<!-- \/ Yoast SEO plugin. -->","yoast_head_json":{"title":"Fizet\u00e9si \u00e9s visszat\u00e9r\u00edt\u00e9si politika - FBEE","robots":{"index":"index","follow":"follow","max-snippet":"max-snippet:-1","max-image-preview":"max-image-preview:large","max-video-preview":"max-video-preview:-1"},"canonical":"https:\/\/www.fbee.me\/hu\/fizetesi-politika\/","og_locale":"hu_HU","og_type":"article","og_title":"Fizet\u00e9si \u00e9s visszat\u00e9r\u00edt\u00e9si politika - FBEE","og_description":"A SEJFMAN s. r. o. (&#8222;FBEE&#8221;) fizet\u00e9si felt\u00e9telei Ezek a SEJFMAN s. r. o. (a tov\u00e1bbiakban: FBEE) fizet\u00e9si felt\u00e9telei. Ezek a felt\u00e9telek kiz\u00e1r\u00f3lag az FBEE \u00e1ltal az fbee.me weboldalon \u00e9s\/vagy a kapcsol\u00f3d\u00f3 mobilalkalmaz\u00e1sokon (&#8222;FBEE&#8221;) kereszt\u00fcl v\u00e9gzett tev\u00e9kenys\u00e9gekre vonatkoznak, \u00e9s nem vonatkoznak az &#8222;offline&#8221; vagy a weboldalhoz nem kapcsol\u00f3d\u00f3 tev\u00e9kenys\u00e9gekre. A felhaszn\u00e1l\u00f3 \u00e1ltal a weboldalunkon kereszt\u00fcl [&hellip;]","og_url":"https:\/\/www.fbee.me\/hu\/fizetesi-politika\/","og_site_name":"FBEE","article_modified_time":"2025-10-30T16:56:53+00:00","twitter_card":"summary_large_image","twitter_misc":{"Becs\u00fclt olvas\u00e1si id\u0151":"6 perc"},"schema":{"@context":"https:\/\/schema.org","@graph":[{"@type":"WebPage","@id":"https:\/\/www.fbee.me\/hu\/fizetesi-politika\/","url":"https:\/\/www.fbee.me\/hu\/fizetesi-politika\/","name":"Fizet\u00e9si \u00e9s visszat\u00e9r\u00edt\u00e9si politika - FBEE","isPartOf":{"@id":"https:\/\/www.fbee.me\/#website"},"datePublished":"2025-10-04T09:45:55+00:00","dateModified":"2025-10-30T16:56:53+00:00","breadcrumb":{"@id":"https:\/\/www.fbee.me\/hu\/fizetesi-politika\/#breadcrumb"},"inLanguage":"hu","potentialAction":[{"@type":"ReadAction","target":["https:\/\/www.fbee.me\/hu\/fizetesi-politika\/"]}]},{"@type":"BreadcrumbList","@id":"https:\/\/www.fbee.me\/hu\/fizetesi-politika\/#breadcrumb","itemListElement":[{"@type":"ListItem","position":1,"name":"Home","item":"https:\/\/www.fbee.me\/hu\/"},{"@type":"ListItem","position":2,"name":"Fizet\u00e9si \u00e9s visszat\u00e9r\u00edt\u00e9si politika"}]},{"@type":"WebSite","@id":"https:\/\/www.fbee.me\/#website","url":"https:\/\/www.fbee.me\/","name":"FBEE","description":"","publisher":{"@id":"https:\/\/www.fbee.me\/#organization"},"potentialAction":[{"@type":"SearchAction","target":{"@type":"EntryPoint","urlTemplate":"https:\/\/www.fbee.me\/?s={search_term_string}"},"query-input":{"@type":"PropertyValueSpecification","valueRequired":true,"valueName":"search_term_string"}}],"inLanguage":"hu"},{"@type":"Organization","@id":"https:\/\/www.fbee.me\/#organization","name":"FBEE","url":"https:\/\/www.fbee.me\/","logo":{"@type":"ImageObject","inLanguage":"hu","@id":"https:\/\/www.fbee.me\/#\/schema\/logo\/image\/","url":"https:\/\/www.fbee.me\/wp-content\/uploads\/2025\/01\/FBEE_logo_NEW_final_horizontal-2-1.svg","contentUrl":"https:\/\/www.fbee.me\/wp-content\/uploads\/2025\/01\/FBEE_logo_NEW_final_horizontal-2-1.svg","width":1,"height":1,"caption":"FBEE"},"image":{"@id":"https:\/\/www.fbee.me\/#\/schema\/logo\/image\/"}}]}},"_links":{"self":[{"href":"https:\/\/www.fbee.me\/hu\/wp-json\/wp\/v2\/pages\/3688","targetHints":{"allow":["GET"]}}],"collection":[{"href":"https:\/\/www.fbee.me\/hu\/wp-json\/wp\/v2\/pages"}],"about":[{"href":"https:\/\/www.fbee.me\/hu\/wp-json\/wp\/v2\/types\/page"}],"author":[{"embeddable":true,"href":"https:\/\/www.fbee.me\/hu\/wp-json\/wp\/v2\/users\/2"}],"replies":[{"embeddable":true,"href":"https:\/\/www.fbee.me\/hu\/wp-json\/wp\/v2\/comments?post=3688"}],"version-history":[{"count":1,"href":"https:\/\/www.fbee.me\/hu\/wp-json\/wp\/v2\/pages\/3688\/revisions"}],"predecessor-version":[{"id":4273,"href":"https:\/\/www.fbee.me\/hu\/wp-json\/wp\/v2\/pages\/3688\/revisions\/4273"}],"wp:attachment":[{"href":"https:\/\/www.fbee.me\/hu\/wp-json\/wp\/v2\/media?parent=3688"}],"curies":[{"name":"wp","href":"https:\/\/api.w.org\/{rel}","templated":true}]}}