{"id":3345,"date":"2025-07-21T21:21:14","date_gmt":"2025-07-21T21:21:14","guid":{"rendered":"https:\/\/www.fbee.me\/rekonstrukcio-es-felujitas\/"},"modified":"2025-10-18T02:55:44","modified_gmt":"2025-10-18T02:55:44","slug":"rekonstrukcio-es-felujitas","status":"publish","type":"page","link":"https:\/\/www.fbee.me\/hu\/rekonstrukcio-es-felujitas\/","title":{"rendered":"REKONSTRUKCI\u00d3 \u00c9S FEL\u00daJ\u00cdT\u00c1S"},"content":{"rendered":"<h3>Fel\u00faj\u00edt\u00e1s \u00e9s \u00e1talak\u00edt\u00e1s &#8211; Zseni\u00e1lis \u00e1talak\u00edt\u00e1s, amely \u00fajra\u00e9rtelmezi a t\u00f6k\u00e9letess\u00e9get!<\/h3>\n<p>L\u00e9pjen be egy olyan vil\u00e1gba, ahol minden fel\u00faj\u00edt\u00e1si \u00e9s \u00e1talak\u00edt\u00e1si projekt egy mesterm\u0171, amelyet amb\u00edci\u00f3val, precizit\u00e1ssal \u00e9s a r\u00e9szletekre val\u00f3 kompromisszummentes odafigyel\u00e9ssel terveztek. Szolg\u00e1ltat\u00e1saink b\u00e1rmilyen teret t\u00f6k\u00e9letes otthonn\u00e1 vagy modern munkahelyg\u00e9 alak\u00edtanak \u00e1t az innovat\u00edv tervez\u00e9s, a pr\u00e9mium min\u0151s\u00e9g\u0171 anyagok \u00e9s a szak\u00e9rt\u0151 k\u00e9zm\u0171ves munka \u00f6tv\u00f6z\u00e9s\u00e9vel. <\/p>\n","protected":false},"excerpt":{"rendered":"<p>Fel\u00faj\u00edt\u00e1s \u00e9s \u00e1talak\u00edt\u00e1s &#8211; Zseni\u00e1lis \u00e1talak\u00edt\u00e1s, amely \u00fajra\u00e9rtelmezi a t\u00f6k\u00e9letess\u00e9get! L\u00e9pjen be egy olyan vil\u00e1gba, ahol minden fel\u00faj\u00edt\u00e1si \u00e9s \u00e1talak\u00edt\u00e1si projekt egy mesterm\u0171, amelyet amb\u00edci\u00f3val, precizit\u00e1ssal \u00e9s a r\u00e9szletekre val\u00f3 kompromisszummentes odafigyel\u00e9ssel terveztek. Szolg\u00e1ltat\u00e1saink b\u00e1rmilyen teret t\u00f6k\u00e9letes otthonn\u00e1 vagy modern munkahelyg\u00e9 alak\u00edtanak \u00e1t az innovat\u00edv tervez\u00e9s, a pr\u00e9mium min\u0151s\u00e9g\u0171 anyagok \u00e9s a szak\u00e9rt\u0151 k\u00e9zm\u0171ves munka [&hellip;]<\/p>\n","protected":false},"author":2,"featured_media":0,"parent":0,"menu_order":0,"comment_status":"closed","ping_status":"closed","template":"page-templates\/template-category-page.php","meta":{"_acf_changed":false,"footnotes":""},"class_list":["post-3345","page","type-page","status-publish","hentry"],"acf":[],"yoast_head":"<!-- This site is optimized with the Yoast SEO plugin v26.0 - https:\/\/yoast.com\/wordpress\/plugins\/seo\/ -->\n<title>REKONSTRUKCI\u00d3 \u00c9S FEL\u00daJ\u00cdT\u00c1S - FBEE<\/title>\n<meta name=\"robots\" content=\"index, follow, max-snippet:-1, max-image-preview:large, max-video-preview:-1\" \/>\n<link rel=\"canonical\" href=\"https:\/\/www.fbee.me\/hu\/rekonstrukcio-es-felujitas\/\" \/>\n<meta property=\"og:locale\" content=\"hu_HU\" \/>\n<meta property=\"og:type\" content=\"article\" \/>\n<meta property=\"og:title\" content=\"REKONSTRUKCI\u00d3 \u00c9S FEL\u00daJ\u00cdT\u00c1S - FBEE\" \/>\n<meta property=\"og:description\" content=\"Fel\u00faj\u00edt\u00e1s \u00e9s \u00e1talak\u00edt\u00e1s &#8211; Zseni\u00e1lis \u00e1talak\u00edt\u00e1s, amely \u00fajra\u00e9rtelmezi a t\u00f6k\u00e9letess\u00e9get! L\u00e9pjen be egy olyan vil\u00e1gba, ahol minden fel\u00faj\u00edt\u00e1si \u00e9s \u00e1talak\u00edt\u00e1si projekt egy mesterm\u0171, amelyet amb\u00edci\u00f3val, precizit\u00e1ssal \u00e9s a r\u00e9szletekre val\u00f3 kompromisszummentes odafigyel\u00e9ssel terveztek. Szolg\u00e1ltat\u00e1saink b\u00e1rmilyen teret t\u00f6k\u00e9letes otthonn\u00e1 vagy modern munkahelyg\u00e9 alak\u00edtanak \u00e1t az innovat\u00edv tervez\u00e9s, a pr\u00e9mium min\u0151s\u00e9g\u0171 anyagok \u00e9s a szak\u00e9rt\u0151 k\u00e9zm\u0171ves munka [&hellip;]\" \/>\n<meta property=\"og:url\" content=\"https:\/\/www.fbee.me\/hu\/rekonstrukcio-es-felujitas\/\" \/>\n<meta property=\"og:site_name\" content=\"FBEE\" \/>\n<meta property=\"article:modified_time\" content=\"2025-10-18T02:55:44+00:00\" \/>\n<meta name=\"twitter:card\" content=\"summary_large_image\" \/>\n<script type=\"application\/ld+json\" class=\"yoast-schema-graph\">{\"@context\":\"https:\/\/schema.org\",\"@graph\":[{\"@type\":\"WebPage\",\"@id\":\"https:\/\/www.fbee.me\/hu\/rekonstrukcio-es-felujitas\/\",\"url\":\"https:\/\/www.fbee.me\/hu\/rekonstrukcio-es-felujitas\/\",\"name\":\"REKONSTRUKCI\u00d3 \u00c9S FEL\u00daJ\u00cdT\u00c1S - FBEE\",\"isPartOf\":{\"@id\":\"https:\/\/www.fbee.me\/#website\"},\"datePublished\":\"2025-07-21T21:21:14+00:00\",\"dateModified\":\"2025-10-18T02:55:44+00:00\",\"breadcrumb\":{\"@id\":\"https:\/\/www.fbee.me\/hu\/rekonstrukcio-es-felujitas\/#breadcrumb\"},\"inLanguage\":\"hu\",\"potentialAction\":[{\"@type\":\"ReadAction\",\"target\":[\"https:\/\/www.fbee.me\/hu\/rekonstrukcio-es-felujitas\/\"]}]},{\"@type\":\"BreadcrumbList\",\"@id\":\"https:\/\/www.fbee.me\/hu\/rekonstrukcio-es-felujitas\/#breadcrumb\",\"itemListElement\":[{\"@type\":\"ListItem\",\"position\":1,\"name\":\"Home\",\"item\":\"https:\/\/www.fbee.me\/hu\/\"},{\"@type\":\"ListItem\",\"position\":2,\"name\":\"REKONSTRUKCI\u00d3 \u00c9S FEL\u00daJ\u00cdT\u00c1S\"}]},{\"@type\":\"WebSite\",\"@id\":\"https:\/\/www.fbee.me\/#website\",\"url\":\"https:\/\/www.fbee.me\/\",\"name\":\"FBEE\",\"description\":\"\",\"publisher\":{\"@id\":\"https:\/\/www.fbee.me\/#organization\"},\"potentialAction\":[{\"@type\":\"SearchAction\",\"target\":{\"@type\":\"EntryPoint\",\"urlTemplate\":\"https:\/\/www.fbee.me\/?s={search_term_string}\"},\"query-input\":{\"@type\":\"PropertyValueSpecification\",\"valueRequired\":true,\"valueName\":\"search_term_string\"}}],\"inLanguage\":\"hu\"},{\"@type\":\"Organization\",\"@id\":\"https:\/\/www.fbee.me\/#organization\",\"name\":\"FBEE\",\"url\":\"https:\/\/www.fbee.me\/\",\"logo\":{\"@type\":\"ImageObject\",\"inLanguage\":\"hu\",\"@id\":\"https:\/\/www.fbee.me\/#\/schema\/logo\/image\/\",\"url\":\"https:\/\/www.fbee.me\/wp-content\/uploads\/2025\/01\/FBEE_logo_NEW_final_horizontal-2-1.svg\",\"contentUrl\":\"https:\/\/www.fbee.me\/wp-content\/uploads\/2025\/01\/FBEE_logo_NEW_final_horizontal-2-1.svg\",\"width\":1,\"height\":1,\"caption\":\"FBEE\"},\"image\":{\"@id\":\"https:\/\/www.fbee.me\/#\/schema\/logo\/image\/\"}}]}<\/script>\n<!-- \/ Yoast SEO plugin. -->","yoast_head_json":{"title":"REKONSTRUKCI\u00d3 \u00c9S FEL\u00daJ\u00cdT\u00c1S - FBEE","robots":{"index":"index","follow":"follow","max-snippet":"max-snippet:-1","max-image-preview":"max-image-preview:large","max-video-preview":"max-video-preview:-1"},"canonical":"https:\/\/www.fbee.me\/hu\/rekonstrukcio-es-felujitas\/","og_locale":"hu_HU","og_type":"article","og_title":"REKONSTRUKCI\u00d3 \u00c9S FEL\u00daJ\u00cdT\u00c1S - FBEE","og_description":"Fel\u00faj\u00edt\u00e1s \u00e9s \u00e1talak\u00edt\u00e1s &#8211; Zseni\u00e1lis \u00e1talak\u00edt\u00e1s, amely \u00fajra\u00e9rtelmezi a t\u00f6k\u00e9letess\u00e9get! L\u00e9pjen be egy olyan vil\u00e1gba, ahol minden fel\u00faj\u00edt\u00e1si \u00e9s \u00e1talak\u00edt\u00e1si projekt egy mesterm\u0171, amelyet amb\u00edci\u00f3val, precizit\u00e1ssal \u00e9s a r\u00e9szletekre val\u00f3 kompromisszummentes odafigyel\u00e9ssel terveztek. Szolg\u00e1ltat\u00e1saink b\u00e1rmilyen teret t\u00f6k\u00e9letes otthonn\u00e1 vagy modern munkahelyg\u00e9 alak\u00edtanak \u00e1t az innovat\u00edv tervez\u00e9s, a pr\u00e9mium min\u0151s\u00e9g\u0171 anyagok \u00e9s a szak\u00e9rt\u0151 k\u00e9zm\u0171ves munka [&hellip;]","og_url":"https:\/\/www.fbee.me\/hu\/rekonstrukcio-es-felujitas\/","og_site_name":"FBEE","article_modified_time":"2025-10-18T02:55:44+00:00","twitter_card":"summary_large_image","schema":{"@context":"https:\/\/schema.org","@graph":[{"@type":"WebPage","@id":"https:\/\/www.fbee.me\/hu\/rekonstrukcio-es-felujitas\/","url":"https:\/\/www.fbee.me\/hu\/rekonstrukcio-es-felujitas\/","name":"REKONSTRUKCI\u00d3 \u00c9S FEL\u00daJ\u00cdT\u00c1S - FBEE","isPartOf":{"@id":"https:\/\/www.fbee.me\/#website"},"datePublished":"2025-07-21T21:21:14+00:00","dateModified":"2025-10-18T02:55:44+00:00","breadcrumb":{"@id":"https:\/\/www.fbee.me\/hu\/rekonstrukcio-es-felujitas\/#breadcrumb"},"inLanguage":"hu","potentialAction":[{"@type":"ReadAction","target":["https:\/\/www.fbee.me\/hu\/rekonstrukcio-es-felujitas\/"]}]},{"@type":"BreadcrumbList","@id":"https:\/\/www.fbee.me\/hu\/rekonstrukcio-es-felujitas\/#breadcrumb","itemListElement":[{"@type":"ListItem","position":1,"name":"Home","item":"https:\/\/www.fbee.me\/hu\/"},{"@type":"ListItem","position":2,"name":"REKONSTRUKCI\u00d3 \u00c9S FEL\u00daJ\u00cdT\u00c1S"}]},{"@type":"WebSite","@id":"https:\/\/www.fbee.me\/#website","url":"https:\/\/www.fbee.me\/","name":"FBEE","description":"","publisher":{"@id":"https:\/\/www.fbee.me\/#organization"},"potentialAction":[{"@type":"SearchAction","target":{"@type":"EntryPoint","urlTemplate":"https:\/\/www.fbee.me\/?s={search_term_string}"},"query-input":{"@type":"PropertyValueSpecification","valueRequired":true,"valueName":"search_term_string"}}],"inLanguage":"hu"},{"@type":"Organization","@id":"https:\/\/www.fbee.me\/#organization","name":"FBEE","url":"https:\/\/www.fbee.me\/","logo":{"@type":"ImageObject","inLanguage":"hu","@id":"https:\/\/www.fbee.me\/#\/schema\/logo\/image\/","url":"https:\/\/www.fbee.me\/wp-content\/uploads\/2025\/01\/FBEE_logo_NEW_final_horizontal-2-1.svg","contentUrl":"https:\/\/www.fbee.me\/wp-content\/uploads\/2025\/01\/FBEE_logo_NEW_final_horizontal-2-1.svg","width":1,"height":1,"caption":"FBEE"},"image":{"@id":"https:\/\/www.fbee.me\/#\/schema\/logo\/image\/"}}]}},"_links":{"self":[{"href":"https:\/\/www.fbee.me\/hu\/wp-json\/wp\/v2\/pages\/3345","targetHints":{"allow":["GET"]}}],"collection":[{"href":"https:\/\/www.fbee.me\/hu\/wp-json\/wp\/v2\/pages"}],"about":[{"href":"https:\/\/www.fbee.me\/hu\/wp-json\/wp\/v2\/types\/page"}],"author":[{"embeddable":true,"href":"https:\/\/www.fbee.me\/hu\/wp-json\/wp\/v2\/users\/2"}],"replies":[{"embeddable":true,"href":"https:\/\/www.fbee.me\/hu\/wp-json\/wp\/v2\/comments?post=3345"}],"version-history":[{"count":1,"href":"https:\/\/www.fbee.me\/hu\/wp-json\/wp\/v2\/pages\/3345\/revisions"}],"predecessor-version":[{"id":3411,"href":"https:\/\/www.fbee.me\/hu\/wp-json\/wp\/v2\/pages\/3345\/revisions\/3411"}],"wp:attachment":[{"href":"https:\/\/www.fbee.me\/hu\/wp-json\/wp\/v2\/media?parent=3345"}],"curies":[{"name":"wp","href":"https:\/\/api.w.org\/{rel}","templated":true}]}}