{"id":3264,"date":"2025-07-11T01:41:40","date_gmt":"2025-07-11T01:41:40","guid":{"rendered":"https:\/\/www.fbee.me\/tisztitas\/"},"modified":"2025-10-18T02:56:15","modified_gmt":"2025-10-18T02:56:15","slug":"tisztitas","status":"publish","type":"page","link":"https:\/\/www.fbee.me\/hu\/tisztitas\/","title":{"rendered":"TISZT\u00cdT\u00c1S"},"content":{"rendered":"<h3>Takar\u00edt\u00e1si szolg\u00e1ltat\u00e1sok &#8211; Makul\u00e1tlan tisztas\u00e1g, amely \u00faj m\u00e9rc\u00e9t \u00e1ll\u00edt!<\/h3>\n<p>A tisztas\u00e1g nem csak egy r\u00e9szlet &#8211; ez a t\u00f6k\u00e9letes k\u00f6rnyezet alapja, amely harm\u00f3ni\u00e1t, termel\u00e9kenys\u00e9get \u00e9s j\u00f3 k\u00f6z\u00e9rzetet biztos\u00edt. Felejtse el a kompromisszumokat, \u00e9s b\u00edzzon a szakemberekben, akik a h\u00e9tk\u00f6znapi tereket a frissess\u00e9g \u00e9s higi\u00e9nia hib\u00e1tlanul karbantartott o\u00e1zis\u00e1v\u00e1 alak\u00edtj\u00e1k. Mi nem csak takar\u00edtunk &#8211; mi t\u00f6k\u00e9letess\u00e9get teremt\u00fcnk!  <\/p>\n<p>&nbsp;<\/p>\n<h3><strong>T\u00f6bbet keres a rendszeres tiszt\u00edt\u00e1sn\u00e1l? Mi MINDENT\u00d6RT\u00c9N\u0150 tisztas\u00e1got ny\u00fajtunk! <\/strong><\/h3>\n<p>Legyen sz\u00f3 otthon\u00e1r\u00f3l, irod\u00e1j\u00e1r\u00f3l, sz\u00e1llod\u00e1r\u00f3l, kereskedelmi helyis\u00e9gr\u0151l vagy fel\u00faj\u00edt\u00e1s ut\u00e1ni takar\u00edt\u00e1sr\u00f3l, csapatunk precizit\u00e1st, professzionalizmust \u00e9s kifog\u00e1stalan eredm\u00e9nyeket biztos\u00edt, amelyek meghaladj\u00e1k az \u00d6n elv\u00e1r\u00e1sait.<\/p>\n","protected":false},"excerpt":{"rendered":"<p>Takar\u00edt\u00e1si szolg\u00e1ltat\u00e1sok &#8211; Makul\u00e1tlan tisztas\u00e1g, amely \u00faj m\u00e9rc\u00e9t \u00e1ll\u00edt! A tisztas\u00e1g nem csak egy r\u00e9szlet &#8211; ez a t\u00f6k\u00e9letes k\u00f6rnyezet alapja, amely harm\u00f3ni\u00e1t, termel\u00e9kenys\u00e9get \u00e9s j\u00f3 k\u00f6z\u00e9rzetet biztos\u00edt. Felejtse el a kompromisszumokat, \u00e9s b\u00edzzon a szakemberekben, akik a h\u00e9tk\u00f6znapi tereket a frissess\u00e9g \u00e9s higi\u00e9nia hib\u00e1tlanul karbantartott o\u00e1zis\u00e1v\u00e1 alak\u00edtj\u00e1k. Mi nem csak takar\u00edtunk &#8211; mi t\u00f6k\u00e9letess\u00e9get [&hellip;]<\/p>\n","protected":false},"author":2,"featured_media":0,"parent":0,"menu_order":0,"comment_status":"closed","ping_status":"closed","template":"page-templates\/template-category-page.php","meta":{"_acf_changed":false,"footnotes":""},"class_list":["post-3264","page","type-page","status-publish","hentry"],"acf":[],"yoast_head":"<!-- This site is optimized with the Yoast SEO plugin v26.0 - https:\/\/yoast.com\/wordpress\/plugins\/seo\/ -->\n<title>TISZT\u00cdT\u00c1S - FBEE<\/title>\n<meta name=\"robots\" content=\"index, follow, max-snippet:-1, max-image-preview:large, max-video-preview:-1\" \/>\n<link rel=\"canonical\" href=\"https:\/\/www.fbee.me\/hu\/tisztitas\/\" \/>\n<meta property=\"og:locale\" content=\"hu_HU\" \/>\n<meta property=\"og:type\" content=\"article\" \/>\n<meta property=\"og:title\" content=\"TISZT\u00cdT\u00c1S - FBEE\" \/>\n<meta property=\"og:description\" content=\"Takar\u00edt\u00e1si szolg\u00e1ltat\u00e1sok &#8211; Makul\u00e1tlan tisztas\u00e1g, amely \u00faj m\u00e9rc\u00e9t \u00e1ll\u00edt! A tisztas\u00e1g nem csak egy r\u00e9szlet &#8211; ez a t\u00f6k\u00e9letes k\u00f6rnyezet alapja, amely harm\u00f3ni\u00e1t, termel\u00e9kenys\u00e9get \u00e9s j\u00f3 k\u00f6z\u00e9rzetet biztos\u00edt. Felejtse el a kompromisszumokat, \u00e9s b\u00edzzon a szakemberekben, akik a h\u00e9tk\u00f6znapi tereket a frissess\u00e9g \u00e9s higi\u00e9nia hib\u00e1tlanul karbantartott o\u00e1zis\u00e1v\u00e1 alak\u00edtj\u00e1k. Mi nem csak takar\u00edtunk &#8211; mi t\u00f6k\u00e9letess\u00e9get [&hellip;]\" \/>\n<meta property=\"og:url\" content=\"https:\/\/www.fbee.me\/hu\/tisztitas\/\" \/>\n<meta property=\"og:site_name\" content=\"FBEE\" \/>\n<meta property=\"article:modified_time\" content=\"2025-10-18T02:56:15+00:00\" \/>\n<meta name=\"twitter:card\" content=\"summary_large_image\" \/>\n<meta name=\"twitter:label1\" content=\"Becs\u00fclt olvas\u00e1si id\u0151\" \/>\n\t<meta name=\"twitter:data1\" content=\"1 perc\" \/>\n<script type=\"application\/ld+json\" class=\"yoast-schema-graph\">{\"@context\":\"https:\/\/schema.org\",\"@graph\":[{\"@type\":\"WebPage\",\"@id\":\"https:\/\/www.fbee.me\/hu\/tisztitas\/\",\"url\":\"https:\/\/www.fbee.me\/hu\/tisztitas\/\",\"name\":\"TISZT\u00cdT\u00c1S - FBEE\",\"isPartOf\":{\"@id\":\"https:\/\/www.fbee.me\/#website\"},\"datePublished\":\"2025-07-11T01:41:40+00:00\",\"dateModified\":\"2025-10-18T02:56:15+00:00\",\"breadcrumb\":{\"@id\":\"https:\/\/www.fbee.me\/hu\/tisztitas\/#breadcrumb\"},\"inLanguage\":\"hu\",\"potentialAction\":[{\"@type\":\"ReadAction\",\"target\":[\"https:\/\/www.fbee.me\/hu\/tisztitas\/\"]}]},{\"@type\":\"BreadcrumbList\",\"@id\":\"https:\/\/www.fbee.me\/hu\/tisztitas\/#breadcrumb\",\"itemListElement\":[{\"@type\":\"ListItem\",\"position\":1,\"name\":\"Home\",\"item\":\"https:\/\/www.fbee.me\/hu\/\"},{\"@type\":\"ListItem\",\"position\":2,\"name\":\"TISZT\u00cdT\u00c1S\"}]},{\"@type\":\"WebSite\",\"@id\":\"https:\/\/www.fbee.me\/#website\",\"url\":\"https:\/\/www.fbee.me\/\",\"name\":\"FBEE\",\"description\":\"\",\"publisher\":{\"@id\":\"https:\/\/www.fbee.me\/#organization\"},\"potentialAction\":[{\"@type\":\"SearchAction\",\"target\":{\"@type\":\"EntryPoint\",\"urlTemplate\":\"https:\/\/www.fbee.me\/?s={search_term_string}\"},\"query-input\":{\"@type\":\"PropertyValueSpecification\",\"valueRequired\":true,\"valueName\":\"search_term_string\"}}],\"inLanguage\":\"hu\"},{\"@type\":\"Organization\",\"@id\":\"https:\/\/www.fbee.me\/#organization\",\"name\":\"FBEE\",\"url\":\"https:\/\/www.fbee.me\/\",\"logo\":{\"@type\":\"ImageObject\",\"inLanguage\":\"hu\",\"@id\":\"https:\/\/www.fbee.me\/#\/schema\/logo\/image\/\",\"url\":\"https:\/\/www.fbee.me\/wp-content\/uploads\/2025\/01\/FBEE_logo_NEW_final_horizontal-2-1.svg\",\"contentUrl\":\"https:\/\/www.fbee.me\/wp-content\/uploads\/2025\/01\/FBEE_logo_NEW_final_horizontal-2-1.svg\",\"width\":1,\"height\":1,\"caption\":\"FBEE\"},\"image\":{\"@id\":\"https:\/\/www.fbee.me\/#\/schema\/logo\/image\/\"}}]}<\/script>\n<!-- \/ Yoast SEO plugin. -->","yoast_head_json":{"title":"TISZT\u00cdT\u00c1S - FBEE","robots":{"index":"index","follow":"follow","max-snippet":"max-snippet:-1","max-image-preview":"max-image-preview:large","max-video-preview":"max-video-preview:-1"},"canonical":"https:\/\/www.fbee.me\/hu\/tisztitas\/","og_locale":"hu_HU","og_type":"article","og_title":"TISZT\u00cdT\u00c1S - FBEE","og_description":"Takar\u00edt\u00e1si szolg\u00e1ltat\u00e1sok &#8211; Makul\u00e1tlan tisztas\u00e1g, amely \u00faj m\u00e9rc\u00e9t \u00e1ll\u00edt! A tisztas\u00e1g nem csak egy r\u00e9szlet &#8211; ez a t\u00f6k\u00e9letes k\u00f6rnyezet alapja, amely harm\u00f3ni\u00e1t, termel\u00e9kenys\u00e9get \u00e9s j\u00f3 k\u00f6z\u00e9rzetet biztos\u00edt. Felejtse el a kompromisszumokat, \u00e9s b\u00edzzon a szakemberekben, akik a h\u00e9tk\u00f6znapi tereket a frissess\u00e9g \u00e9s higi\u00e9nia hib\u00e1tlanul karbantartott o\u00e1zis\u00e1v\u00e1 alak\u00edtj\u00e1k. Mi nem csak takar\u00edtunk &#8211; mi t\u00f6k\u00e9letess\u00e9get [&hellip;]","og_url":"https:\/\/www.fbee.me\/hu\/tisztitas\/","og_site_name":"FBEE","article_modified_time":"2025-10-18T02:56:15+00:00","twitter_card":"summary_large_image","twitter_misc":{"Becs\u00fclt olvas\u00e1si id\u0151":"1 perc"},"schema":{"@context":"https:\/\/schema.org","@graph":[{"@type":"WebPage","@id":"https:\/\/www.fbee.me\/hu\/tisztitas\/","url":"https:\/\/www.fbee.me\/hu\/tisztitas\/","name":"TISZT\u00cdT\u00c1S - FBEE","isPartOf":{"@id":"https:\/\/www.fbee.me\/#website"},"datePublished":"2025-07-11T01:41:40+00:00","dateModified":"2025-10-18T02:56:15+00:00","breadcrumb":{"@id":"https:\/\/www.fbee.me\/hu\/tisztitas\/#breadcrumb"},"inLanguage":"hu","potentialAction":[{"@type":"ReadAction","target":["https:\/\/www.fbee.me\/hu\/tisztitas\/"]}]},{"@type":"BreadcrumbList","@id":"https:\/\/www.fbee.me\/hu\/tisztitas\/#breadcrumb","itemListElement":[{"@type":"ListItem","position":1,"name":"Home","item":"https:\/\/www.fbee.me\/hu\/"},{"@type":"ListItem","position":2,"name":"TISZT\u00cdT\u00c1S"}]},{"@type":"WebSite","@id":"https:\/\/www.fbee.me\/#website","url":"https:\/\/www.fbee.me\/","name":"FBEE","description":"","publisher":{"@id":"https:\/\/www.fbee.me\/#organization"},"potentialAction":[{"@type":"SearchAction","target":{"@type":"EntryPoint","urlTemplate":"https:\/\/www.fbee.me\/?s={search_term_string}"},"query-input":{"@type":"PropertyValueSpecification","valueRequired":true,"valueName":"search_term_string"}}],"inLanguage":"hu"},{"@type":"Organization","@id":"https:\/\/www.fbee.me\/#organization","name":"FBEE","url":"https:\/\/www.fbee.me\/","logo":{"@type":"ImageObject","inLanguage":"hu","@id":"https:\/\/www.fbee.me\/#\/schema\/logo\/image\/","url":"https:\/\/www.fbee.me\/wp-content\/uploads\/2025\/01\/FBEE_logo_NEW_final_horizontal-2-1.svg","contentUrl":"https:\/\/www.fbee.me\/wp-content\/uploads\/2025\/01\/FBEE_logo_NEW_final_horizontal-2-1.svg","width":1,"height":1,"caption":"FBEE"},"image":{"@id":"https:\/\/www.fbee.me\/#\/schema\/logo\/image\/"}}]}},"_links":{"self":[{"href":"https:\/\/www.fbee.me\/hu\/wp-json\/wp\/v2\/pages\/3264","targetHints":{"allow":["GET"]}}],"collection":[{"href":"https:\/\/www.fbee.me\/hu\/wp-json\/wp\/v2\/pages"}],"about":[{"href":"https:\/\/www.fbee.me\/hu\/wp-json\/wp\/v2\/types\/page"}],"author":[{"embeddable":true,"href":"https:\/\/www.fbee.me\/hu\/wp-json\/wp\/v2\/users\/2"}],"replies":[{"embeddable":true,"href":"https:\/\/www.fbee.me\/hu\/wp-json\/wp\/v2\/comments?post=3264"}],"version-history":[{"count":2,"href":"https:\/\/www.fbee.me\/hu\/wp-json\/wp\/v2\/pages\/3264\/revisions"}],"predecessor-version":[{"id":3414,"href":"https:\/\/www.fbee.me\/hu\/wp-json\/wp\/v2\/pages\/3264\/revisions\/3414"}],"wp:attachment":[{"href":"https:\/\/www.fbee.me\/hu\/wp-json\/wp\/v2\/media?parent=3264"}],"curies":[{"name":"wp","href":"https:\/\/api.w.org\/{rel}","templated":true}]}}