{"id":3247,"date":"2025-07-21T21:16:50","date_gmt":"2025-07-21T21:16:50","guid":{"rendered":"https:\/\/www.fbee.me\/karbantartas\/"},"modified":"2025-10-18T02:55:54","modified_gmt":"2025-10-18T02:55:54","slug":"karbantartas","status":"publish","type":"page","link":"https:\/\/www.fbee.me\/hu\/karbantartas\/","title":{"rendered":"KARBANTART\u00c1S"},"content":{"rendered":"<h3 class=\"p1\"><b>Karbantart\u00e1s: Megb\u00edzhat\u00f3s\u00e1g kompromisszumok n\u00e9lk\u00fcl!<\/b><\/h3>\n<p>B\u00e1rmely helyis\u00e9g hib\u00e1tlan m\u0171k\u00f6d\u00e9se nem v\u00e9letlen &#8211; ez az apr\u00f3l\u00e9kos gondoskod\u00e1s, a p\u00e1ratlan szak\u00e9rtelem \u00e9s a probl\u00e9m\u00e1k megold\u00e1s\u00e1nak k\u00e9pess\u00e9ge, miel\u0151tt azok felmer\u00fcln\u00e9nek. Vel\u00fcnk teljes ellen\u0151rz\u00e9st nyerhet ingatlana minden aspektusa felett &#8211; a kisebb jav\u00edt\u00e1sokt\u00f3l a teljes k\u00f6r\u0171 karbantart\u00e1sig. <\/p>\n<p>&nbsp;<\/p>\n<h3 class=\"p1\">Gyors, hat\u00e9kony \u00e9s megb\u00edzhat\u00f3 megold\u00e1sra van sz\u00fcks\u00e9ge? N\u00e1lunk ez garant\u00e1lt! <\/h3>\n<p>Tapasztalt szakemberekb\u0151l \u00e1ll\u00f3 csapatunk gondoskodik arr\u00f3l, hogy otthona, irod\u00e1ja, kereskedelmi l\u00e9tes\u00edtm\u00e9nye vagy termel\u00e9si l\u00e9tes\u00edtm\u00e9nye z\u00f6kken\u0151mentesen m\u0171k\u00f6dj\u00f6n a nap 24 \u00f3r\u00e1j\u00e1ban &#8211; nincs stressz, nincs k\u00e9s\u00e9s, nincsenek kompromisszumok!<\/p>\n","protected":false},"excerpt":{"rendered":"<p>Karbantart\u00e1s: Megb\u00edzhat\u00f3s\u00e1g kompromisszumok n\u00e9lk\u00fcl! B\u00e1rmely helyis\u00e9g hib\u00e1tlan m\u0171k\u00f6d\u00e9se nem v\u00e9letlen &#8211; ez az apr\u00f3l\u00e9kos gondoskod\u00e1s, a p\u00e1ratlan szak\u00e9rtelem \u00e9s a probl\u00e9m\u00e1k megold\u00e1s\u00e1nak k\u00e9pess\u00e9ge, miel\u0151tt azok felmer\u00fcln\u00e9nek. Vel\u00fcnk teljes ellen\u0151rz\u00e9st nyerhet ingatlana minden aspektusa felett &#8211; a kisebb jav\u00edt\u00e1sokt\u00f3l a teljes k\u00f6r\u0171 karbantart\u00e1sig. &nbsp; Gyors, hat\u00e9kony \u00e9s megb\u00edzhat\u00f3 megold\u00e1sra van sz\u00fcks\u00e9ge? N\u00e1lunk ez garant\u00e1lt! Tapasztalt szakemberekb\u0151l [&hellip;]<\/p>\n","protected":false},"author":2,"featured_media":0,"parent":0,"menu_order":0,"comment_status":"closed","ping_status":"closed","template":"page-templates\/template-category-page.php","meta":{"_acf_changed":false,"footnotes":""},"class_list":["post-3247","page","type-page","status-publish","hentry"],"acf":[],"yoast_head":"<!-- This site is optimized with the Yoast SEO plugin v26.0 - https:\/\/yoast.com\/wordpress\/plugins\/seo\/ -->\n<title>KARBANTART\u00c1S - FBEE<\/title>\n<meta name=\"robots\" content=\"index, follow, max-snippet:-1, max-image-preview:large, max-video-preview:-1\" \/>\n<link rel=\"canonical\" href=\"https:\/\/www.fbee.me\/hu\/karbantartas\/\" \/>\n<meta property=\"og:locale\" content=\"hu_HU\" \/>\n<meta property=\"og:type\" content=\"article\" \/>\n<meta property=\"og:title\" content=\"KARBANTART\u00c1S - FBEE\" \/>\n<meta property=\"og:description\" content=\"Karbantart\u00e1s: Megb\u00edzhat\u00f3s\u00e1g kompromisszumok n\u00e9lk\u00fcl! B\u00e1rmely helyis\u00e9g hib\u00e1tlan m\u0171k\u00f6d\u00e9se nem v\u00e9letlen &#8211; ez az apr\u00f3l\u00e9kos gondoskod\u00e1s, a p\u00e1ratlan szak\u00e9rtelem \u00e9s a probl\u00e9m\u00e1k megold\u00e1s\u00e1nak k\u00e9pess\u00e9ge, miel\u0151tt azok felmer\u00fcln\u00e9nek. Vel\u00fcnk teljes ellen\u0151rz\u00e9st nyerhet ingatlana minden aspektusa felett &#8211; a kisebb jav\u00edt\u00e1sokt\u00f3l a teljes k\u00f6r\u0171 karbantart\u00e1sig. &nbsp; Gyors, hat\u00e9kony \u00e9s megb\u00edzhat\u00f3 megold\u00e1sra van sz\u00fcks\u00e9ge? N\u00e1lunk ez garant\u00e1lt! Tapasztalt szakemberekb\u0151l [&hellip;]\" \/>\n<meta property=\"og:url\" content=\"https:\/\/www.fbee.me\/hu\/karbantartas\/\" \/>\n<meta property=\"og:site_name\" content=\"FBEE\" \/>\n<meta property=\"article:modified_time\" content=\"2025-10-18T02:55:54+00:00\" \/>\n<meta name=\"twitter:card\" content=\"summary_large_image\" \/>\n<meta name=\"twitter:label1\" content=\"Becs\u00fclt olvas\u00e1si id\u0151\" \/>\n\t<meta name=\"twitter:data1\" content=\"1 perc\" \/>\n<script type=\"application\/ld+json\" class=\"yoast-schema-graph\">{\"@context\":\"https:\/\/schema.org\",\"@graph\":[{\"@type\":\"WebPage\",\"@id\":\"https:\/\/www.fbee.me\/hu\/karbantartas\/\",\"url\":\"https:\/\/www.fbee.me\/hu\/karbantartas\/\",\"name\":\"KARBANTART\u00c1S - FBEE\",\"isPartOf\":{\"@id\":\"https:\/\/www.fbee.me\/#website\"},\"datePublished\":\"2025-07-21T21:16:50+00:00\",\"dateModified\":\"2025-10-18T02:55:54+00:00\",\"breadcrumb\":{\"@id\":\"https:\/\/www.fbee.me\/hu\/karbantartas\/#breadcrumb\"},\"inLanguage\":\"hu\",\"potentialAction\":[{\"@type\":\"ReadAction\",\"target\":[\"https:\/\/www.fbee.me\/hu\/karbantartas\/\"]}]},{\"@type\":\"BreadcrumbList\",\"@id\":\"https:\/\/www.fbee.me\/hu\/karbantartas\/#breadcrumb\",\"itemListElement\":[{\"@type\":\"ListItem\",\"position\":1,\"name\":\"Home\",\"item\":\"https:\/\/www.fbee.me\/hu\/\"},{\"@type\":\"ListItem\",\"position\":2,\"name\":\"KARBANTART\u00c1S\"}]},{\"@type\":\"WebSite\",\"@id\":\"https:\/\/www.fbee.me\/#website\",\"url\":\"https:\/\/www.fbee.me\/\",\"name\":\"FBEE\",\"description\":\"\",\"publisher\":{\"@id\":\"https:\/\/www.fbee.me\/#organization\"},\"potentialAction\":[{\"@type\":\"SearchAction\",\"target\":{\"@type\":\"EntryPoint\",\"urlTemplate\":\"https:\/\/www.fbee.me\/?s={search_term_string}\"},\"query-input\":{\"@type\":\"PropertyValueSpecification\",\"valueRequired\":true,\"valueName\":\"search_term_string\"}}],\"inLanguage\":\"hu\"},{\"@type\":\"Organization\",\"@id\":\"https:\/\/www.fbee.me\/#organization\",\"name\":\"FBEE\",\"url\":\"https:\/\/www.fbee.me\/\",\"logo\":{\"@type\":\"ImageObject\",\"inLanguage\":\"hu\",\"@id\":\"https:\/\/www.fbee.me\/#\/schema\/logo\/image\/\",\"url\":\"https:\/\/www.fbee.me\/wp-content\/uploads\/2025\/01\/FBEE_logo_NEW_final_horizontal-2-1.svg\",\"contentUrl\":\"https:\/\/www.fbee.me\/wp-content\/uploads\/2025\/01\/FBEE_logo_NEW_final_horizontal-2-1.svg\",\"width\":1,\"height\":1,\"caption\":\"FBEE\"},\"image\":{\"@id\":\"https:\/\/www.fbee.me\/#\/schema\/logo\/image\/\"}}]}<\/script>\n<!-- \/ Yoast SEO plugin. -->","yoast_head_json":{"title":"KARBANTART\u00c1S - FBEE","robots":{"index":"index","follow":"follow","max-snippet":"max-snippet:-1","max-image-preview":"max-image-preview:large","max-video-preview":"max-video-preview:-1"},"canonical":"https:\/\/www.fbee.me\/hu\/karbantartas\/","og_locale":"hu_HU","og_type":"article","og_title":"KARBANTART\u00c1S - FBEE","og_description":"Karbantart\u00e1s: Megb\u00edzhat\u00f3s\u00e1g kompromisszumok n\u00e9lk\u00fcl! B\u00e1rmely helyis\u00e9g hib\u00e1tlan m\u0171k\u00f6d\u00e9se nem v\u00e9letlen &#8211; ez az apr\u00f3l\u00e9kos gondoskod\u00e1s, a p\u00e1ratlan szak\u00e9rtelem \u00e9s a probl\u00e9m\u00e1k megold\u00e1s\u00e1nak k\u00e9pess\u00e9ge, miel\u0151tt azok felmer\u00fcln\u00e9nek. Vel\u00fcnk teljes ellen\u0151rz\u00e9st nyerhet ingatlana minden aspektusa felett &#8211; a kisebb jav\u00edt\u00e1sokt\u00f3l a teljes k\u00f6r\u0171 karbantart\u00e1sig. &nbsp; Gyors, hat\u00e9kony \u00e9s megb\u00edzhat\u00f3 megold\u00e1sra van sz\u00fcks\u00e9ge? N\u00e1lunk ez garant\u00e1lt! Tapasztalt szakemberekb\u0151l [&hellip;]","og_url":"https:\/\/www.fbee.me\/hu\/karbantartas\/","og_site_name":"FBEE","article_modified_time":"2025-10-18T02:55:54+00:00","twitter_card":"summary_large_image","twitter_misc":{"Becs\u00fclt olvas\u00e1si id\u0151":"1 perc"},"schema":{"@context":"https:\/\/schema.org","@graph":[{"@type":"WebPage","@id":"https:\/\/www.fbee.me\/hu\/karbantartas\/","url":"https:\/\/www.fbee.me\/hu\/karbantartas\/","name":"KARBANTART\u00c1S - FBEE","isPartOf":{"@id":"https:\/\/www.fbee.me\/#website"},"datePublished":"2025-07-21T21:16:50+00:00","dateModified":"2025-10-18T02:55:54+00:00","breadcrumb":{"@id":"https:\/\/www.fbee.me\/hu\/karbantartas\/#breadcrumb"},"inLanguage":"hu","potentialAction":[{"@type":"ReadAction","target":["https:\/\/www.fbee.me\/hu\/karbantartas\/"]}]},{"@type":"BreadcrumbList","@id":"https:\/\/www.fbee.me\/hu\/karbantartas\/#breadcrumb","itemListElement":[{"@type":"ListItem","position":1,"name":"Home","item":"https:\/\/www.fbee.me\/hu\/"},{"@type":"ListItem","position":2,"name":"KARBANTART\u00c1S"}]},{"@type":"WebSite","@id":"https:\/\/www.fbee.me\/#website","url":"https:\/\/www.fbee.me\/","name":"FBEE","description":"","publisher":{"@id":"https:\/\/www.fbee.me\/#organization"},"potentialAction":[{"@type":"SearchAction","target":{"@type":"EntryPoint","urlTemplate":"https:\/\/www.fbee.me\/?s={search_term_string}"},"query-input":{"@type":"PropertyValueSpecification","valueRequired":true,"valueName":"search_term_string"}}],"inLanguage":"hu"},{"@type":"Organization","@id":"https:\/\/www.fbee.me\/#organization","name":"FBEE","url":"https:\/\/www.fbee.me\/","logo":{"@type":"ImageObject","inLanguage":"hu","@id":"https:\/\/www.fbee.me\/#\/schema\/logo\/image\/","url":"https:\/\/www.fbee.me\/wp-content\/uploads\/2025\/01\/FBEE_logo_NEW_final_horizontal-2-1.svg","contentUrl":"https:\/\/www.fbee.me\/wp-content\/uploads\/2025\/01\/FBEE_logo_NEW_final_horizontal-2-1.svg","width":1,"height":1,"caption":"FBEE"},"image":{"@id":"https:\/\/www.fbee.me\/#\/schema\/logo\/image\/"}}]}},"_links":{"self":[{"href":"https:\/\/www.fbee.me\/hu\/wp-json\/wp\/v2\/pages\/3247","targetHints":{"allow":["GET"]}}],"collection":[{"href":"https:\/\/www.fbee.me\/hu\/wp-json\/wp\/v2\/pages"}],"about":[{"href":"https:\/\/www.fbee.me\/hu\/wp-json\/wp\/v2\/types\/page"}],"author":[{"embeddable":true,"href":"https:\/\/www.fbee.me\/hu\/wp-json\/wp\/v2\/users\/2"}],"replies":[{"embeddable":true,"href":"https:\/\/www.fbee.me\/hu\/wp-json\/wp\/v2\/comments?post=3247"}],"version-history":[{"count":1,"href":"https:\/\/www.fbee.me\/hu\/wp-json\/wp\/v2\/pages\/3247\/revisions"}],"predecessor-version":[{"id":3260,"href":"https:\/\/www.fbee.me\/hu\/wp-json\/wp\/v2\/pages\/3247\/revisions\/3260"}],"wp:attachment":[{"href":"https:\/\/www.fbee.me\/hu\/wp-json\/wp\/v2\/media?parent=3247"}],"curies":[{"name":"wp","href":"https:\/\/api.w.org\/{rel}","templated":true}]}}