{"id":4197,"date":"2025-10-29T18:56:37","date_gmt":"2025-10-29T18:56:37","guid":{"rendered":"https:\/\/www.fbee.me\/solo-en-turquia\/"},"modified":"2025-11-17T17:55:45","modified_gmt":"2025-11-17T17:55:45","slug":"solo-en-turquia","status":"publish","type":"page","link":"https:\/\/www.fbee.me\/es\/solo-en-turquia\/","title":{"rendered":"S\u00f3lo en Turqu\u00eda"},"content":{"rendered":"<h3>Turismo m\u00e9dico: \u00a1atenci\u00f3n exclusiva que cambia vidas!<\/h3>\n<p>Tu salud se merece lo mejor. No te conformes con la mediocridad: elige medicina de categor\u00eda mundial, tecnolog\u00eda punta y especialistas de renombre mundial. El turismo m\u00e9dico te abre la puerta a tratamientos que superan los l\u00edmites de la medicina moderna y aportan soluciones revolucionarias para tu salud, belleza y vitalidad.    <\/p>\n<h3><\/h3>\n<h3>Turismo deportivo &#8211; \u00a1Empuja los l\u00edmites, descubre, domina!<\/h3>\n<p>Esto no es turismo normal. \u00a1Esto es un desaf\u00edo! Una combinaci\u00f3n de adrenalina, resistencia y exploraci\u00f3n, una prueba de tu fuerza, fortaleza mental y deseo de aventura. Cada paso, cada escalada, cada experiencia te empujar\u00e1 m\u00e1s lejos.     <\/p>\n<h3><\/h3>\n<h3>\u00bfQuieres m\u00e1s? \u00a1Te lo mereces!   <\/h3>\n<p>Desde procedimientos quir\u00fargicos avanzados y mejoras est\u00e9ticas hasta medicina regenerativa y terapias para prolongar la vida, cada aspecto se dise\u00f1a cuidadosamente para garantizar resultados excepcionales.<\/p>\n","protected":false},"excerpt":{"rendered":"<p>Turismo m\u00e9dico: \u00a1atenci\u00f3n exclusiva que cambia vidas! Tu salud se merece lo mejor. No te conformes con la mediocridad: elige medicina de categor\u00eda mundial, tecnolog\u00eda punta y especialistas de renombre mundial. El turismo m\u00e9dico te abre la puerta a tratamientos que superan los l\u00edmites de la medicina moderna y aportan soluciones revolucionarias para tu salud, [&hellip;]<\/p>\n","protected":false},"author":2,"featured_media":0,"parent":0,"menu_order":0,"comment_status":"closed","ping_status":"closed","template":"page-templates\/template-category-page-turkey.php","meta":{"_acf_changed":false,"footnotes":""},"class_list":["post-4197","page","type-page","status-publish","hentry"],"acf":[],"yoast_head":"<!-- This site is optimized with the Yoast SEO plugin v26.0 - https:\/\/yoast.com\/wordpress\/plugins\/seo\/ -->\n<title>S\u00f3lo en Turqu\u00eda - FBEE<\/title>\n<meta name=\"robots\" content=\"index, follow, max-snippet:-1, max-image-preview:large, max-video-preview:-1\" \/>\n<link rel=\"canonical\" href=\"https:\/\/www.fbee.me\/es\/solo-en-turquia\/\" \/>\n<meta property=\"og:locale\" content=\"es_ES\" \/>\n<meta property=\"og:type\" content=\"article\" \/>\n<meta property=\"og:title\" content=\"S\u00f3lo en Turqu\u00eda - FBEE\" \/>\n<meta property=\"og:description\" content=\"Turismo m\u00e9dico: \u00a1atenci\u00f3n exclusiva que cambia vidas! Tu salud se merece lo mejor. No te conformes con la mediocridad: elige medicina de categor\u00eda mundial, tecnolog\u00eda punta y especialistas de renombre mundial. El turismo m\u00e9dico te abre la puerta a tratamientos que superan los l\u00edmites de la medicina moderna y aportan soluciones revolucionarias para tu salud, [&hellip;]\" \/>\n<meta property=\"og:url\" content=\"https:\/\/www.fbee.me\/es\/solo-en-turquia\/\" \/>\n<meta property=\"og:site_name\" content=\"FBEE\" \/>\n<meta property=\"article:modified_time\" content=\"2025-11-17T17:55:45+00:00\" \/>\n<meta name=\"twitter:card\" content=\"summary_large_image\" \/>\n<meta name=\"twitter:label1\" content=\"Tiempo de lectura\" \/>\n\t<meta name=\"twitter:data1\" content=\"1 minuto\" \/>\n<script type=\"application\/ld+json\" class=\"yoast-schema-graph\">{\"@context\":\"https:\/\/schema.org\",\"@graph\":[{\"@type\":\"WebPage\",\"@id\":\"https:\/\/www.fbee.me\/es\/solo-en-turquia\/\",\"url\":\"https:\/\/www.fbee.me\/es\/solo-en-turquia\/\",\"name\":\"S\u00f3lo en Turqu\u00eda - FBEE\",\"isPartOf\":{\"@id\":\"https:\/\/www.fbee.me\/#website\"},\"datePublished\":\"2025-10-29T18:56:37+00:00\",\"dateModified\":\"2025-11-17T17:55:45+00:00\",\"breadcrumb\":{\"@id\":\"https:\/\/www.fbee.me\/es\/solo-en-turquia\/#breadcrumb\"},\"inLanguage\":\"es\",\"potentialAction\":[{\"@type\":\"ReadAction\",\"target\":[\"https:\/\/www.fbee.me\/es\/solo-en-turquia\/\"]}]},{\"@type\":\"BreadcrumbList\",\"@id\":\"https:\/\/www.fbee.me\/es\/solo-en-turquia\/#breadcrumb\",\"itemListElement\":[{\"@type\":\"ListItem\",\"position\":1,\"name\":\"Home\",\"item\":\"https:\/\/www.fbee.me\/pagina-de-inicio\/\"},{\"@type\":\"ListItem\",\"position\":2,\"name\":\"S\u00f3lo en Turqu\u00eda\"}]},{\"@type\":\"WebSite\",\"@id\":\"https:\/\/www.fbee.me\/#website\",\"url\":\"https:\/\/www.fbee.me\/\",\"name\":\"FBEE\",\"description\":\"\",\"publisher\":{\"@id\":\"https:\/\/www.fbee.me\/#organization\"},\"potentialAction\":[{\"@type\":\"SearchAction\",\"target\":{\"@type\":\"EntryPoint\",\"urlTemplate\":\"https:\/\/www.fbee.me\/?s={search_term_string}\"},\"query-input\":{\"@type\":\"PropertyValueSpecification\",\"valueRequired\":true,\"valueName\":\"search_term_string\"}}],\"inLanguage\":\"es\"},{\"@type\":\"Organization\",\"@id\":\"https:\/\/www.fbee.me\/#organization\",\"name\":\"FBEE\",\"url\":\"https:\/\/www.fbee.me\/\",\"logo\":{\"@type\":\"ImageObject\",\"inLanguage\":\"es\",\"@id\":\"https:\/\/www.fbee.me\/#\/schema\/logo\/image\/\",\"url\":\"https:\/\/www.fbee.me\/wp-content\/uploads\/2025\/01\/FBEE_logo_NEW_final_horizontal-2-1.svg\",\"contentUrl\":\"https:\/\/www.fbee.me\/wp-content\/uploads\/2025\/01\/FBEE_logo_NEW_final_horizontal-2-1.svg\",\"width\":1,\"height\":1,\"caption\":\"FBEE\"},\"image\":{\"@id\":\"https:\/\/www.fbee.me\/#\/schema\/logo\/image\/\"}}]}<\/script>\n<!-- \/ Yoast SEO plugin. -->","yoast_head_json":{"title":"S\u00f3lo en Turqu\u00eda - FBEE","robots":{"index":"index","follow":"follow","max-snippet":"max-snippet:-1","max-image-preview":"max-image-preview:large","max-video-preview":"max-video-preview:-1"},"canonical":"https:\/\/www.fbee.me\/es\/solo-en-turquia\/","og_locale":"es_ES","og_type":"article","og_title":"S\u00f3lo en Turqu\u00eda - FBEE","og_description":"Turismo m\u00e9dico: \u00a1atenci\u00f3n exclusiva que cambia vidas! Tu salud se merece lo mejor. No te conformes con la mediocridad: elige medicina de categor\u00eda mundial, tecnolog\u00eda punta y especialistas de renombre mundial. El turismo m\u00e9dico te abre la puerta a tratamientos que superan los l\u00edmites de la medicina moderna y aportan soluciones revolucionarias para tu salud, [&hellip;]","og_url":"https:\/\/www.fbee.me\/es\/solo-en-turquia\/","og_site_name":"FBEE","article_modified_time":"2025-11-17T17:55:45+00:00","twitter_card":"summary_large_image","twitter_misc":{"Tiempo de lectura":"1 minuto"},"schema":{"@context":"https:\/\/schema.org","@graph":[{"@type":"WebPage","@id":"https:\/\/www.fbee.me\/es\/solo-en-turquia\/","url":"https:\/\/www.fbee.me\/es\/solo-en-turquia\/","name":"S\u00f3lo en Turqu\u00eda - FBEE","isPartOf":{"@id":"https:\/\/www.fbee.me\/#website"},"datePublished":"2025-10-29T18:56:37+00:00","dateModified":"2025-11-17T17:55:45+00:00","breadcrumb":{"@id":"https:\/\/www.fbee.me\/es\/solo-en-turquia\/#breadcrumb"},"inLanguage":"es","potentialAction":[{"@type":"ReadAction","target":["https:\/\/www.fbee.me\/es\/solo-en-turquia\/"]}]},{"@type":"BreadcrumbList","@id":"https:\/\/www.fbee.me\/es\/solo-en-turquia\/#breadcrumb","itemListElement":[{"@type":"ListItem","position":1,"name":"Home","item":"https:\/\/www.fbee.me\/pagina-de-inicio\/"},{"@type":"ListItem","position":2,"name":"S\u00f3lo en Turqu\u00eda"}]},{"@type":"WebSite","@id":"https:\/\/www.fbee.me\/#website","url":"https:\/\/www.fbee.me\/","name":"FBEE","description":"","publisher":{"@id":"https:\/\/www.fbee.me\/#organization"},"potentialAction":[{"@type":"SearchAction","target":{"@type":"EntryPoint","urlTemplate":"https:\/\/www.fbee.me\/?s={search_term_string}"},"query-input":{"@type":"PropertyValueSpecification","valueRequired":true,"valueName":"search_term_string"}}],"inLanguage":"es"},{"@type":"Organization","@id":"https:\/\/www.fbee.me\/#organization","name":"FBEE","url":"https:\/\/www.fbee.me\/","logo":{"@type":"ImageObject","inLanguage":"es","@id":"https:\/\/www.fbee.me\/#\/schema\/logo\/image\/","url":"https:\/\/www.fbee.me\/wp-content\/uploads\/2025\/01\/FBEE_logo_NEW_final_horizontal-2-1.svg","contentUrl":"https:\/\/www.fbee.me\/wp-content\/uploads\/2025\/01\/FBEE_logo_NEW_final_horizontal-2-1.svg","width":1,"height":1,"caption":"FBEE"},"image":{"@id":"https:\/\/www.fbee.me\/#\/schema\/logo\/image\/"}}]}},"_links":{"self":[{"href":"https:\/\/www.fbee.me\/es\/wp-json\/wp\/v2\/pages\/4197","targetHints":{"allow":["GET"]}}],"collection":[{"href":"https:\/\/www.fbee.me\/es\/wp-json\/wp\/v2\/pages"}],"about":[{"href":"https:\/\/www.fbee.me\/es\/wp-json\/wp\/v2\/types\/page"}],"author":[{"embeddable":true,"href":"https:\/\/www.fbee.me\/es\/wp-json\/wp\/v2\/users\/2"}],"replies":[{"embeddable":true,"href":"https:\/\/www.fbee.me\/es\/wp-json\/wp\/v2\/comments?post=4197"}],"version-history":[{"count":2,"href":"https:\/\/www.fbee.me\/es\/wp-json\/wp\/v2\/pages\/4197\/revisions"}],"predecessor-version":[{"id":4351,"href":"https:\/\/www.fbee.me\/es\/wp-json\/wp\/v2\/pages\/4197\/revisions\/4351"}],"wp:attachment":[{"href":"https:\/\/www.fbee.me\/es\/wp-json\/wp\/v2\/media?parent=4197"}],"curies":[{"name":"wp","href":"https:\/\/api.w.org\/{rel}","templated":true}]}}