{"id":3694,"date":"2025-10-04T09:45:55","date_gmt":"2025-10-04T09:45:55","guid":{"rendered":"https:\/\/www.fbee.me\/politica-de-pagos\/"},"modified":"2025-10-30T16:56:53","modified_gmt":"2025-10-30T16:56:53","slug":"politica-de-pagos","status":"publish","type":"page","link":"https:\/\/www.fbee.me\/es\/politica-de-pagos\/","title":{"rendered":"Pol\u00edtica de pagos y devoluciones"},"content":{"rendered":"<div class=\"mb-4\">\n<h1 class=\"p1\"><b>Condiciones de pago de SEJFMAN s. r. o. (\u00abFBEE\u00bb)  <\/b><b><\/b><\/h1>\n<p class=\"p3\">\u00c9stas son las condiciones de pago de SEJFMAN s. r. o. (en adelante \u00abFBEE\u00bb).  <\/p>\n<p class=\"p3\">Estas condiciones se aplican \u00fanicamente a las actividades realizadas por FBEE en su sitio web fbee.me y\/o a trav\u00e9s de sus aplicaciones m\u00f3viles relacionadas (\u00abFBEE\u00bb), y no se aplican a ninguna actividad \u00abfuera de l\u00ednea\u00bb o no relacionada con el sitio web.<\/p>\n<p class=\"p3\">Los productos o servicios solicitados por el usuario a trav\u00e9s de nuestro sitio web se denominan \u00abServicios\u00bb.<\/p>\n<hr>\n<h3><b>FORMAS DE PAGO<\/b><\/h3>\n<p class=\"p3\">La empresa acepta pagos en efectivo o mediante tarjetas de d\u00e9bito y cr\u00e9dito Visa y Mastercard para productos y servicios.<\/p>\n<p class=\"p3\">Los servicios reservados a trav\u00e9s del sitio web tambi\u00e9n se rigen por las condiciones contractuales de los respectivos proveedores de servicios.<\/p>\n<hr>\n<h3><b>PAGO DE SERVICIOS<\/b><\/h3>\n<p class=\"p1\"><b>Deducci\u00f3n del pago:<\/b><b><\/b><\/p>\n<p class=\"p3\">S\u00f3lo se cobra a los usuarios despu\u00e9s de que nuestro proveedor de servicios asociado confirme que se ha entregado el servicio. FBEE no solicitar\u00e1 al usuario la confirmaci\u00f3n de la entrega antes de procesar el pago. <\/p>\n<p class=\"p1\"><b>Reservas \u00fanicas:<\/b><b><\/b><\/p>\n<p class=\"p3\">Para las reservas de prepago \u00fanicas (tarjeta de cr\u00e9dito, tarjeta de d\u00e9bito, ApplePay, GooglePay, etc.), el importe correspondiente al valor del servicio se preautorizar\u00e1 en la tarjeta del usuario, y el cargo final se procesar\u00e1 s\u00f3lo despu\u00e9s de que el servicio se haya completado y confirmado por el proveedor.<\/p>\n<p class=\"p1\"><b>Reservas recurrentes:<\/b><b><\/b><\/p>\n<p class=\"p3\">En las reservas recurrentes, el pago no se cobra por adelantado. El cargo se procesa s\u00f3lo despu\u00e9s de que cada servicio se haya completado y confirmado por nuestro proveedor asociado. <\/p>\n<hr>\n<h3><b>TRANSACCIONES MULTIDIVISA<\/b><\/h3>\n<p class=\"p3\">El precio mostrado y la moneda seleccionada por el usuario, si esta opci\u00f3n est\u00e1 disponible, coincidir\u00e1n con la moneda cargada en la tarjeta y mostrada en el recibo de la transacci\u00f3n.<\/p>\n<p class=\"p3\">Si se aplica el IVA o complementos opcionales, el usuario ver\u00e1 el importe total como \u00abTotal a pagar\u00bb.<\/p>\n<hr>\n<h3><b>CONFIRMACI\u00d3N DE PAGO<\/b><\/h3>\n<p class=\"p3\">El usuario recibir\u00e1 una confirmaci\u00f3n del pago a trav\u00e9s de la direcci\u00f3n de correo electr\u00f3nico facilitada durante la reserva, mediante una notificaci\u00f3n dentro de la aplicaci\u00f3n, o de ambas formas.<\/p>\n<p class=\"p3\">La confirmaci\u00f3n se enviar\u00e1 en cuanto se procese el pago.<\/p>\n<hr>\n<h3><b>REEMBOLSOS<\/b><\/h3>\n<p class=\"p3\">Si FBEE, bas\u00e1ndose en la confirmaci\u00f3n de un proveedor de servicios asociado, cobra a un usuario aunque el servicio no se haya prestado realmente, FBEE reembolsar\u00e1 el importe \u00edntegro.<\/p>\n<p class=\"p3\">Es responsabilidad del usuario notificar tal caso a FBEE por correo electr\u00f3nico a <span class=\"s2\"><b>office@fbee.me<\/b><\/span> dentro de las 24 horas siguientes a la hora programada para el servicio.<\/p>\n<p class=\"p3\">Cualquier otro reembolso, incluidos los mencionados anteriormente, se procesar\u00e1 utilizando el m\u00e9todo de pago original, a discreci\u00f3n de FBEE.<\/p>\n<hr>\n<h3><b>GASTOS DE ANULACI\u00d3N<\/b><\/h3>\n<p class=\"p3\">Los usuarios que reservan servicios a trav\u00e9s del sitio web o de la aplicaci\u00f3n pueden gestionar sus reservas accediendo a su cuenta o por correo electr\u00f3nico.<\/p>\n<p class=\"p3\">La fecha, la hora o los detalles del servicio pueden modificarse si se hace con suficiente antelaci\u00f3n antes de la hora de inicio del servicio.<\/p>\n<p class=\"p3\">Si un usuario no notifica adecuadamente la cancelaci\u00f3n o modificaci\u00f3n, pueden aplicarse gastos de cancelaci\u00f3n.<\/p>\n<p class=\"p3\">Estas tarifas se rigen por las condiciones de cancelaci\u00f3n aplicables, que pueden actualizarse peri\u00f3dicamente.<\/p>\n<p class=\"p3\">Al solicitar servicios a trav\u00e9s del sitio web, el usuario acepta estas condiciones y se compromete a pagar las tarifas aplicables.<\/p>\n<p class=\"p3\">FBEE se reserva el derecho de utilizar medios legales para recuperar estas tasas o restringir el acceso a los servicios del sitio web.<\/p>\n<hr>\n<h3><b>POL\u00cdTICA DE CANCELACI\u00d3N Y NO PRESENTACI\u00d3N<\/b><\/h3>\n<p class=\"p3\">Si una solicitud de cancelaci\u00f3n o cambio se presenta menos de 6 horas antes de la hora de inicio del servicio, se considera una cancelaci\u00f3n tard\u00eda <span class=\"s2\"><b>anulaci\u00f3n tard\u00eda<\/b><\/span>.<\/p>\n<p class=\"p3\">Si el cliente no se presenta en el lugar acordado a la hora prevista y no se puede prestar el servicio, se considera que no se ha presentado. <span class=\"s2\"><b>no presentaci\u00f3n<\/b><\/span>.<\/p>\n<p class=\"p3\">En tales casos, se aplican gastos de cancelaci\u00f3n, y el importe depende del tipo de servicio.<\/p>\n<hr>\n<h3><b>APLICACI\u00d3N DE LAS TASAS<\/b><\/h3>\n<ul>\n<li>\n<p class=\"p1\">Los gastos de anulaci\u00f3n se comunicar\u00e1n al cliente cuando env\u00ede una solicitud de anulaci\u00f3n o cambio.<\/p>\n<\/li>\n<li>\n<p class=\"p1\">Las tarifas se cobran en el momento de la cancelaci\u00f3n (para las cancelaciones tard\u00edas) o tras la finalizaci\u00f3n del servicio (para los cambios tard\u00edos).<\/p>\n<\/li>\n<li>\n<p class=\"p1\">Las tasas por no presentarse se cobran una vez que FBEE recibe la notificaci\u00f3n del proveedor asociado.<\/p>\n<\/li>\n<li>\n<p class=\"p1\">Si se realiz\u00f3 una preautorizaci\u00f3n en la tarjeta y el servicio se cancela con m\u00e1s de 6 horas de antelaci\u00f3n, se reembolsar\u00e1 el importe \u00edntegro a la tarjeta o monedero.<\/p>\n<\/li>\n<li>\n<p class=\"p1\">Si el importe de la reserva estaba preautorizado y se produce una cancelaci\u00f3n tard\u00eda o no te presentas, el importe autorizado se capturar\u00e1 total o parcialmente seg\u00fan la pol\u00edtica de cancelaci\u00f3n, y el resto (si lo hubiera) se reembolsar\u00e1 a la tarjeta o m\u00e9todo de pago original.<\/p>\n<\/li>\n<li>\n<p class=\"p1\">El importe de la cuota se comunicar\u00e1 en el momento de la cancelaci\u00f3n y se confirmar\u00e1 por correo electr\u00f3nico o notificaci\u00f3n in-app.<\/p>\n<\/li>\n<\/ul>\n<hr>\n<\/div>\n<div class=\"general_content\">\n<div id=\"cancellations-policy\">\n<h4><b><strong>POL\u00cdTICA DE CANCELACI\u00d3N<\/strong><\/b><\/h4>\n<table>\n<tbody>\n<tr>\n<td>\n<p class=\"p1\">En los 15 minutos siguientes a la reserva<\/p>\n<\/td>\n<td>\n<p class=\"p1\">Gratuito<\/p>\n<\/td>\n<\/tr>\n<tr>\n<td>\n<p class=\"p1\">M\u00e1s de 48 horas antes del inicio del servicio<\/p>\n<\/td>\n<td>\n<p class=\"p1\">Gratuito<\/p>\n<\/td>\n<\/tr>\n<tr>\n<td>\n<p class=\"p1\">Menos de 48 horas antes del inicio del servicio<\/p>\n<\/td>\n<td>\n<p class=\"p1\">100% del precio del servicio (m\u00e1x. 150 euros)<\/p>\n<\/td>\n<\/tr>\n<tr>\n<td>\n<p class=\"p1\">Una vez iniciado el servicio<\/p>\n<\/td>\n<td>\n<p class=\"p1\">100% del precio del servicio (m\u00e1x. 150 euros)<\/p>\n<\/td>\n<\/tr>\n<\/tbody>\n<\/table>\n<\/div>\n<\/div>\n","protected":false},"excerpt":{"rendered":"<p>Condiciones de pago de SEJFMAN s. r. o. (\u00abFBEE\u00bb) \u00c9stas son las condiciones de pago de SEJFMAN s. r. o. (en adelante \u00abFBEE\u00bb). Estas condiciones se aplican \u00fanicamente a las actividades realizadas por FBEE en su sitio web fbee.me y\/o a trav\u00e9s de sus aplicaciones m\u00f3viles relacionadas (\u00abFBEE\u00bb), y no se aplican a ninguna actividad [&hellip;]<\/p>\n","protected":false},"author":2,"featured_media":0,"parent":0,"menu_order":0,"comment_status":"closed","ping_status":"closed","template":"page-templates\/template-documents.php","meta":{"_acf_changed":false,"footnotes":""},"class_list":["post-3694","page","type-page","status-publish","hentry"],"acf":[],"yoast_head":"<!-- This site is optimized with the Yoast SEO plugin v26.0 - https:\/\/yoast.com\/wordpress\/plugins\/seo\/ -->\n<title>Pol\u00edtica de pagos y devoluciones - FBEE<\/title>\n<meta name=\"robots\" content=\"index, follow, max-snippet:-1, max-image-preview:large, max-video-preview:-1\" \/>\n<link rel=\"canonical\" href=\"https:\/\/www.fbee.me\/es\/politica-de-pagos\/\" \/>\n<meta property=\"og:locale\" content=\"es_ES\" \/>\n<meta property=\"og:type\" content=\"article\" \/>\n<meta property=\"og:title\" content=\"Pol\u00edtica de pagos y devoluciones - FBEE\" \/>\n<meta property=\"og:description\" content=\"Condiciones de pago de SEJFMAN s. r. o. (\u00abFBEE\u00bb) \u00c9stas son las condiciones de pago de SEJFMAN s. r. o. (en adelante \u00abFBEE\u00bb). Estas condiciones se aplican \u00fanicamente a las actividades realizadas por FBEE en su sitio web fbee.me y\/o a trav\u00e9s de sus aplicaciones m\u00f3viles relacionadas (\u00abFBEE\u00bb), y no se aplican a ninguna actividad [&hellip;]\" \/>\n<meta property=\"og:url\" content=\"https:\/\/www.fbee.me\/es\/politica-de-pagos\/\" \/>\n<meta property=\"og:site_name\" content=\"FBEE\" \/>\n<meta property=\"article:modified_time\" content=\"2025-10-30T16:56:53+00:00\" \/>\n<meta name=\"twitter:card\" content=\"summary_large_image\" \/>\n<meta name=\"twitter:label1\" content=\"Tiempo de lectura\" \/>\n\t<meta name=\"twitter:data1\" content=\"5 minuto\" \/>\n<script type=\"application\/ld+json\" class=\"yoast-schema-graph\">{\"@context\":\"https:\/\/schema.org\",\"@graph\":[{\"@type\":\"WebPage\",\"@id\":\"https:\/\/www.fbee.me\/es\/politica-de-pagos\/\",\"url\":\"https:\/\/www.fbee.me\/es\/politica-de-pagos\/\",\"name\":\"Pol\u00edtica de pagos y devoluciones - FBEE\",\"isPartOf\":{\"@id\":\"https:\/\/www.fbee.me\/#website\"},\"datePublished\":\"2025-10-04T09:45:55+00:00\",\"dateModified\":\"2025-10-30T16:56:53+00:00\",\"breadcrumb\":{\"@id\":\"https:\/\/www.fbee.me\/es\/politica-de-pagos\/#breadcrumb\"},\"inLanguage\":\"es\",\"potentialAction\":[{\"@type\":\"ReadAction\",\"target\":[\"https:\/\/www.fbee.me\/es\/politica-de-pagos\/\"]}]},{\"@type\":\"BreadcrumbList\",\"@id\":\"https:\/\/www.fbee.me\/es\/politica-de-pagos\/#breadcrumb\",\"itemListElement\":[{\"@type\":\"ListItem\",\"position\":1,\"name\":\"Home\",\"item\":\"https:\/\/www.fbee.me\/pagina-de-inicio\/\"},{\"@type\":\"ListItem\",\"position\":2,\"name\":\"Pol\u00edtica de pagos y devoluciones\"}]},{\"@type\":\"WebSite\",\"@id\":\"https:\/\/www.fbee.me\/#website\",\"url\":\"https:\/\/www.fbee.me\/\",\"name\":\"FBEE\",\"description\":\"\",\"publisher\":{\"@id\":\"https:\/\/www.fbee.me\/#organization\"},\"potentialAction\":[{\"@type\":\"SearchAction\",\"target\":{\"@type\":\"EntryPoint\",\"urlTemplate\":\"https:\/\/www.fbee.me\/?s={search_term_string}\"},\"query-input\":{\"@type\":\"PropertyValueSpecification\",\"valueRequired\":true,\"valueName\":\"search_term_string\"}}],\"inLanguage\":\"es\"},{\"@type\":\"Organization\",\"@id\":\"https:\/\/www.fbee.me\/#organization\",\"name\":\"FBEE\",\"url\":\"https:\/\/www.fbee.me\/\",\"logo\":{\"@type\":\"ImageObject\",\"inLanguage\":\"es\",\"@id\":\"https:\/\/www.fbee.me\/#\/schema\/logo\/image\/\",\"url\":\"https:\/\/www.fbee.me\/wp-content\/uploads\/2025\/01\/FBEE_logo_NEW_final_horizontal-2-1.svg\",\"contentUrl\":\"https:\/\/www.fbee.me\/wp-content\/uploads\/2025\/01\/FBEE_logo_NEW_final_horizontal-2-1.svg\",\"width\":1,\"height\":1,\"caption\":\"FBEE\"},\"image\":{\"@id\":\"https:\/\/www.fbee.me\/#\/schema\/logo\/image\/\"}}]}<\/script>\n<!-- \/ Yoast SEO plugin. -->","yoast_head_json":{"title":"Pol\u00edtica de pagos y devoluciones - FBEE","robots":{"index":"index","follow":"follow","max-snippet":"max-snippet:-1","max-image-preview":"max-image-preview:large","max-video-preview":"max-video-preview:-1"},"canonical":"https:\/\/www.fbee.me\/es\/politica-de-pagos\/","og_locale":"es_ES","og_type":"article","og_title":"Pol\u00edtica de pagos y devoluciones - FBEE","og_description":"Condiciones de pago de SEJFMAN s. r. o. (\u00abFBEE\u00bb) \u00c9stas son las condiciones de pago de SEJFMAN s. r. o. (en adelante \u00abFBEE\u00bb). Estas condiciones se aplican \u00fanicamente a las actividades realizadas por FBEE en su sitio web fbee.me y\/o a trav\u00e9s de sus aplicaciones m\u00f3viles relacionadas (\u00abFBEE\u00bb), y no se aplican a ninguna actividad [&hellip;]","og_url":"https:\/\/www.fbee.me\/es\/politica-de-pagos\/","og_site_name":"FBEE","article_modified_time":"2025-10-30T16:56:53+00:00","twitter_card":"summary_large_image","twitter_misc":{"Tiempo de lectura":"5 minuto"},"schema":{"@context":"https:\/\/schema.org","@graph":[{"@type":"WebPage","@id":"https:\/\/www.fbee.me\/es\/politica-de-pagos\/","url":"https:\/\/www.fbee.me\/es\/politica-de-pagos\/","name":"Pol\u00edtica de pagos y devoluciones - FBEE","isPartOf":{"@id":"https:\/\/www.fbee.me\/#website"},"datePublished":"2025-10-04T09:45:55+00:00","dateModified":"2025-10-30T16:56:53+00:00","breadcrumb":{"@id":"https:\/\/www.fbee.me\/es\/politica-de-pagos\/#breadcrumb"},"inLanguage":"es","potentialAction":[{"@type":"ReadAction","target":["https:\/\/www.fbee.me\/es\/politica-de-pagos\/"]}]},{"@type":"BreadcrumbList","@id":"https:\/\/www.fbee.me\/es\/politica-de-pagos\/#breadcrumb","itemListElement":[{"@type":"ListItem","position":1,"name":"Home","item":"https:\/\/www.fbee.me\/pagina-de-inicio\/"},{"@type":"ListItem","position":2,"name":"Pol\u00edtica de pagos y devoluciones"}]},{"@type":"WebSite","@id":"https:\/\/www.fbee.me\/#website","url":"https:\/\/www.fbee.me\/","name":"FBEE","description":"","publisher":{"@id":"https:\/\/www.fbee.me\/#organization"},"potentialAction":[{"@type":"SearchAction","target":{"@type":"EntryPoint","urlTemplate":"https:\/\/www.fbee.me\/?s={search_term_string}"},"query-input":{"@type":"PropertyValueSpecification","valueRequired":true,"valueName":"search_term_string"}}],"inLanguage":"es"},{"@type":"Organization","@id":"https:\/\/www.fbee.me\/#organization","name":"FBEE","url":"https:\/\/www.fbee.me\/","logo":{"@type":"ImageObject","inLanguage":"es","@id":"https:\/\/www.fbee.me\/#\/schema\/logo\/image\/","url":"https:\/\/www.fbee.me\/wp-content\/uploads\/2025\/01\/FBEE_logo_NEW_final_horizontal-2-1.svg","contentUrl":"https:\/\/www.fbee.me\/wp-content\/uploads\/2025\/01\/FBEE_logo_NEW_final_horizontal-2-1.svg","width":1,"height":1,"caption":"FBEE"},"image":{"@id":"https:\/\/www.fbee.me\/#\/schema\/logo\/image\/"}}]}},"_links":{"self":[{"href":"https:\/\/www.fbee.me\/es\/wp-json\/wp\/v2\/pages\/3694","targetHints":{"allow":["GET"]}}],"collection":[{"href":"https:\/\/www.fbee.me\/es\/wp-json\/wp\/v2\/pages"}],"about":[{"href":"https:\/\/www.fbee.me\/es\/wp-json\/wp\/v2\/types\/page"}],"author":[{"embeddable":true,"href":"https:\/\/www.fbee.me\/es\/wp-json\/wp\/v2\/users\/2"}],"replies":[{"embeddable":true,"href":"https:\/\/www.fbee.me\/es\/wp-json\/wp\/v2\/comments?post=3694"}],"version-history":[{"count":2,"href":"https:\/\/www.fbee.me\/es\/wp-json\/wp\/v2\/pages\/3694\/revisions"}],"predecessor-version":[{"id":4270,"href":"https:\/\/www.fbee.me\/es\/wp-json\/wp\/v2\/pages\/3694\/revisions\/4270"}],"wp:attachment":[{"href":"https:\/\/www.fbee.me\/es\/wp-json\/wp\/v2\/media?parent=3694"}],"curies":[{"name":"wp","href":"https:\/\/api.w.org\/{rel}","templated":true}]}}