{"id":3281,"date":"2025-07-11T01:41:40","date_gmt":"2025-07-11T01:41:40","guid":{"rendered":"https:\/\/www.fbee.me\/limpieza\/"},"modified":"2025-10-18T02:56:18","modified_gmt":"2025-10-18T02:56:18","slug":"limpieza","status":"publish","type":"page","link":"https:\/\/www.fbee.me\/es\/limpieza\/","title":{"rendered":"LIMPIEZA"},"content":{"rendered":"<h3>Servicios de Limpieza &#8211; \u00a1Limpieza Inmaculada que Establece un Nuevo Est\u00e1ndar!<\/h3>\n<p>La limpieza no es s\u00f3lo un detalle: es la base de un entorno perfecto, que aporta armon\u00eda, productividad y bienestar. Olv\u00eddate de los compromisos y conf\u00eda en profesionales que transforman espacios corrientes en oasis de frescura e higiene impecablemente mantenidos. No s\u00f3lo limpiamos: \u00a1creamos la perfecci\u00f3n!  <\/p>\n<p>&nbsp;<\/p>\n<h3><strong>\u00bfBuscas algo m\u00e1s que una limpieza normal? \u00a1Te ofrecemos una limpieza INIGUALABLE! <\/strong><\/h3>\n<p>Ya se trate de tu hogar, oficina, hotel, local comercial o de una limpieza posterior a una reforma, nuestro equipo garantiza precisi\u00f3n, profesionalidad y resultados impecables que superar\u00e1n tus expectativas.<\/p>\n","protected":false},"excerpt":{"rendered":"<p>Servicios de Limpieza &#8211; \u00a1Limpieza Inmaculada que Establece un Nuevo Est\u00e1ndar! La limpieza no es s\u00f3lo un detalle: es la base de un entorno perfecto, que aporta armon\u00eda, productividad y bienestar. Olv\u00eddate de los compromisos y conf\u00eda en profesionales que transforman espacios corrientes en oasis de frescura e higiene impecablemente mantenidos. No s\u00f3lo limpiamos: \u00a1creamos [&hellip;]<\/p>\n","protected":false},"author":2,"featured_media":0,"parent":0,"menu_order":0,"comment_status":"closed","ping_status":"closed","template":"page-templates\/template-category-page.php","meta":{"_acf_changed":false,"footnotes":""},"class_list":["post-3281","page","type-page","status-publish","hentry"],"acf":[],"yoast_head":"<!-- This site is optimized with the Yoast SEO plugin v26.0 - https:\/\/yoast.com\/wordpress\/plugins\/seo\/ -->\n<title>LIMPIEZA - FBEE<\/title>\n<meta name=\"robots\" content=\"index, follow, max-snippet:-1, max-image-preview:large, max-video-preview:-1\" \/>\n<link rel=\"canonical\" href=\"https:\/\/www.fbee.me\/es\/limpieza\/\" \/>\n<meta property=\"og:locale\" content=\"es_ES\" \/>\n<meta property=\"og:type\" content=\"article\" \/>\n<meta property=\"og:title\" content=\"LIMPIEZA - FBEE\" \/>\n<meta property=\"og:description\" content=\"Servicios de Limpieza &#8211; \u00a1Limpieza Inmaculada que Establece un Nuevo Est\u00e1ndar! La limpieza no es s\u00f3lo un detalle: es la base de un entorno perfecto, que aporta armon\u00eda, productividad y bienestar. Olv\u00eddate de los compromisos y conf\u00eda en profesionales que transforman espacios corrientes en oasis de frescura e higiene impecablemente mantenidos. No s\u00f3lo limpiamos: \u00a1creamos [&hellip;]\" \/>\n<meta property=\"og:url\" content=\"https:\/\/www.fbee.me\/es\/limpieza\/\" \/>\n<meta property=\"og:site_name\" content=\"FBEE\" \/>\n<meta property=\"article:modified_time\" content=\"2025-10-18T02:56:18+00:00\" \/>\n<meta name=\"twitter:card\" content=\"summary_large_image\" \/>\n<meta name=\"twitter:label1\" content=\"Tiempo de lectura\" \/>\n\t<meta name=\"twitter:data1\" content=\"1 minuto\" \/>\n<script type=\"application\/ld+json\" class=\"yoast-schema-graph\">{\"@context\":\"https:\/\/schema.org\",\"@graph\":[{\"@type\":\"WebPage\",\"@id\":\"https:\/\/www.fbee.me\/es\/limpieza\/\",\"url\":\"https:\/\/www.fbee.me\/es\/limpieza\/\",\"name\":\"LIMPIEZA - FBEE\",\"isPartOf\":{\"@id\":\"https:\/\/www.fbee.me\/#website\"},\"datePublished\":\"2025-07-11T01:41:40+00:00\",\"dateModified\":\"2025-10-18T02:56:18+00:00\",\"breadcrumb\":{\"@id\":\"https:\/\/www.fbee.me\/es\/limpieza\/#breadcrumb\"},\"inLanguage\":\"es\",\"potentialAction\":[{\"@type\":\"ReadAction\",\"target\":[\"https:\/\/www.fbee.me\/es\/limpieza\/\"]}]},{\"@type\":\"BreadcrumbList\",\"@id\":\"https:\/\/www.fbee.me\/es\/limpieza\/#breadcrumb\",\"itemListElement\":[{\"@type\":\"ListItem\",\"position\":1,\"name\":\"Home\",\"item\":\"https:\/\/www.fbee.me\/pagina-de-inicio\/\"},{\"@type\":\"ListItem\",\"position\":2,\"name\":\"LIMPIEZA\"}]},{\"@type\":\"WebSite\",\"@id\":\"https:\/\/www.fbee.me\/#website\",\"url\":\"https:\/\/www.fbee.me\/\",\"name\":\"FBEE\",\"description\":\"\",\"publisher\":{\"@id\":\"https:\/\/www.fbee.me\/#organization\"},\"potentialAction\":[{\"@type\":\"SearchAction\",\"target\":{\"@type\":\"EntryPoint\",\"urlTemplate\":\"https:\/\/www.fbee.me\/?s={search_term_string}\"},\"query-input\":{\"@type\":\"PropertyValueSpecification\",\"valueRequired\":true,\"valueName\":\"search_term_string\"}}],\"inLanguage\":\"es\"},{\"@type\":\"Organization\",\"@id\":\"https:\/\/www.fbee.me\/#organization\",\"name\":\"FBEE\",\"url\":\"https:\/\/www.fbee.me\/\",\"logo\":{\"@type\":\"ImageObject\",\"inLanguage\":\"es\",\"@id\":\"https:\/\/www.fbee.me\/#\/schema\/logo\/image\/\",\"url\":\"https:\/\/www.fbee.me\/wp-content\/uploads\/2025\/01\/FBEE_logo_NEW_final_horizontal-2-1.svg\",\"contentUrl\":\"https:\/\/www.fbee.me\/wp-content\/uploads\/2025\/01\/FBEE_logo_NEW_final_horizontal-2-1.svg\",\"width\":1,\"height\":1,\"caption\":\"FBEE\"},\"image\":{\"@id\":\"https:\/\/www.fbee.me\/#\/schema\/logo\/image\/\"}}]}<\/script>\n<!-- \/ Yoast SEO plugin. -->","yoast_head_json":{"title":"LIMPIEZA - FBEE","robots":{"index":"index","follow":"follow","max-snippet":"max-snippet:-1","max-image-preview":"max-image-preview:large","max-video-preview":"max-video-preview:-1"},"canonical":"https:\/\/www.fbee.me\/es\/limpieza\/","og_locale":"es_ES","og_type":"article","og_title":"LIMPIEZA - FBEE","og_description":"Servicios de Limpieza &#8211; \u00a1Limpieza Inmaculada que Establece un Nuevo Est\u00e1ndar! La limpieza no es s\u00f3lo un detalle: es la base de un entorno perfecto, que aporta armon\u00eda, productividad y bienestar. Olv\u00eddate de los compromisos y conf\u00eda en profesionales que transforman espacios corrientes en oasis de frescura e higiene impecablemente mantenidos. No s\u00f3lo limpiamos: \u00a1creamos [&hellip;]","og_url":"https:\/\/www.fbee.me\/es\/limpieza\/","og_site_name":"FBEE","article_modified_time":"2025-10-18T02:56:18+00:00","twitter_card":"summary_large_image","twitter_misc":{"Tiempo de lectura":"1 minuto"},"schema":{"@context":"https:\/\/schema.org","@graph":[{"@type":"WebPage","@id":"https:\/\/www.fbee.me\/es\/limpieza\/","url":"https:\/\/www.fbee.me\/es\/limpieza\/","name":"LIMPIEZA - FBEE","isPartOf":{"@id":"https:\/\/www.fbee.me\/#website"},"datePublished":"2025-07-11T01:41:40+00:00","dateModified":"2025-10-18T02:56:18+00:00","breadcrumb":{"@id":"https:\/\/www.fbee.me\/es\/limpieza\/#breadcrumb"},"inLanguage":"es","potentialAction":[{"@type":"ReadAction","target":["https:\/\/www.fbee.me\/es\/limpieza\/"]}]},{"@type":"BreadcrumbList","@id":"https:\/\/www.fbee.me\/es\/limpieza\/#breadcrumb","itemListElement":[{"@type":"ListItem","position":1,"name":"Home","item":"https:\/\/www.fbee.me\/pagina-de-inicio\/"},{"@type":"ListItem","position":2,"name":"LIMPIEZA"}]},{"@type":"WebSite","@id":"https:\/\/www.fbee.me\/#website","url":"https:\/\/www.fbee.me\/","name":"FBEE","description":"","publisher":{"@id":"https:\/\/www.fbee.me\/#organization"},"potentialAction":[{"@type":"SearchAction","target":{"@type":"EntryPoint","urlTemplate":"https:\/\/www.fbee.me\/?s={search_term_string}"},"query-input":{"@type":"PropertyValueSpecification","valueRequired":true,"valueName":"search_term_string"}}],"inLanguage":"es"},{"@type":"Organization","@id":"https:\/\/www.fbee.me\/#organization","name":"FBEE","url":"https:\/\/www.fbee.me\/","logo":{"@type":"ImageObject","inLanguage":"es","@id":"https:\/\/www.fbee.me\/#\/schema\/logo\/image\/","url":"https:\/\/www.fbee.me\/wp-content\/uploads\/2025\/01\/FBEE_logo_NEW_final_horizontal-2-1.svg","contentUrl":"https:\/\/www.fbee.me\/wp-content\/uploads\/2025\/01\/FBEE_logo_NEW_final_horizontal-2-1.svg","width":1,"height":1,"caption":"FBEE"},"image":{"@id":"https:\/\/www.fbee.me\/#\/schema\/logo\/image\/"}}]}},"_links":{"self":[{"href":"https:\/\/www.fbee.me\/es\/wp-json\/wp\/v2\/pages\/3281","targetHints":{"allow":["GET"]}}],"collection":[{"href":"https:\/\/www.fbee.me\/es\/wp-json\/wp\/v2\/pages"}],"about":[{"href":"https:\/\/www.fbee.me\/es\/wp-json\/wp\/v2\/types\/page"}],"author":[{"embeddable":true,"href":"https:\/\/www.fbee.me\/es\/wp-json\/wp\/v2\/users\/2"}],"replies":[{"embeddable":true,"href":"https:\/\/www.fbee.me\/es\/wp-json\/wp\/v2\/comments?post=3281"}],"version-history":[{"count":1,"href":"https:\/\/www.fbee.me\/es\/wp-json\/wp\/v2\/pages\/3281\/revisions"}],"predecessor-version":[{"id":3387,"href":"https:\/\/www.fbee.me\/es\/wp-json\/wp\/v2\/pages\/3281\/revisions\/3387"}],"wp:attachment":[{"href":"https:\/\/www.fbee.me\/es\/wp-json\/wp\/v2\/media?parent=3281"}],"curies":[{"name":"wp","href":"https:\/\/api.w.org\/{rel}","templated":true}]}}