{"id":3256,"date":"2025-07-21T21:16:50","date_gmt":"2025-07-21T21:16:50","guid":{"rendered":"https:\/\/www.fbee.me\/mantenimiento\/"},"modified":"2025-10-18T02:55:52","modified_gmt":"2025-10-18T02:55:52","slug":"mantenimiento","status":"publish","type":"page","link":"https:\/\/www.fbee.me\/es\/mantenimiento\/","title":{"rendered":"MANTENIMIENTO"},"content":{"rendered":"<h3 class=\"p1\"><b>Mantenimiento: Servicios de manitas &#8211; \u00a1Perfecci\u00f3n en cada detalle, fiabilidad sin concesiones!<\/b><\/h3>\n<p>El funcionamiento impecable de cualquier espacio no es casualidad: es el resultado de un cuidado meticuloso, una experiencia inigualable y la capacidad de resolver los problemas antes de que surjan. Con nosotros, obtendr\u00e1s un control total sobre todos los aspectos de tu propiedad, desde las reparaciones menores hasta el mantenimiento a gran escala. <\/p>\n<p>&nbsp;<\/p>\n<h3 class=\"p1\">\u00bfNecesitas una soluci\u00f3n r\u00e1pida, eficaz y fiable? Con nosotros, \u00a1est\u00e1 garantizado! <\/h3>\n<p>Nuestro equipo de profesionales experimentados se asegura de que tu casa, oficina, local comercial o instalaci\u00f3n de producci\u00f3n funcione sin problemas 24 horas al d\u00eda, 7 d\u00edas a la semana: \u00a1sin estr\u00e9s, sin retrasos, sin compromisos!<\/p>\n","protected":false},"excerpt":{"rendered":"<p>Mantenimiento: Servicios de manitas &#8211; \u00a1Perfecci\u00f3n en cada detalle, fiabilidad sin concesiones! El funcionamiento impecable de cualquier espacio no es casualidad: es el resultado de un cuidado meticuloso, una experiencia inigualable y la capacidad de resolver los problemas antes de que surjan. Con nosotros, obtendr\u00e1s un control total sobre todos los aspectos de tu propiedad, [&hellip;]<\/p>\n","protected":false},"author":2,"featured_media":0,"parent":0,"menu_order":0,"comment_status":"closed","ping_status":"closed","template":"page-templates\/template-category-page.php","meta":{"_acf_changed":false,"footnotes":""},"class_list":["post-3256","page","type-page","status-publish","hentry"],"acf":[],"yoast_head":"<!-- This site is optimized with the Yoast SEO plugin v26.0 - https:\/\/yoast.com\/wordpress\/plugins\/seo\/ -->\n<title>MANTENIMIENTO - FBEE<\/title>\n<meta name=\"robots\" content=\"index, follow, max-snippet:-1, max-image-preview:large, max-video-preview:-1\" \/>\n<link rel=\"canonical\" href=\"https:\/\/www.fbee.me\/es\/mantenimiento\/\" \/>\n<meta property=\"og:locale\" content=\"es_ES\" \/>\n<meta property=\"og:type\" content=\"article\" \/>\n<meta property=\"og:title\" content=\"MANTENIMIENTO - FBEE\" \/>\n<meta property=\"og:description\" content=\"Mantenimiento: Servicios de manitas &#8211; \u00a1Perfecci\u00f3n en cada detalle, fiabilidad sin concesiones! El funcionamiento impecable de cualquier espacio no es casualidad: es el resultado de un cuidado meticuloso, una experiencia inigualable y la capacidad de resolver los problemas antes de que surjan. Con nosotros, obtendr\u00e1s un control total sobre todos los aspectos de tu propiedad, [&hellip;]\" \/>\n<meta property=\"og:url\" content=\"https:\/\/www.fbee.me\/es\/mantenimiento\/\" \/>\n<meta property=\"og:site_name\" content=\"FBEE\" \/>\n<meta property=\"article:modified_time\" content=\"2025-10-18T02:55:52+00:00\" \/>\n<meta name=\"twitter:card\" content=\"summary_large_image\" \/>\n<meta name=\"twitter:label1\" content=\"Tiempo de lectura\" \/>\n\t<meta name=\"twitter:data1\" content=\"1 minuto\" \/>\n<script type=\"application\/ld+json\" class=\"yoast-schema-graph\">{\"@context\":\"https:\/\/schema.org\",\"@graph\":[{\"@type\":\"WebPage\",\"@id\":\"https:\/\/www.fbee.me\/es\/mantenimiento\/\",\"url\":\"https:\/\/www.fbee.me\/es\/mantenimiento\/\",\"name\":\"MANTENIMIENTO - FBEE\",\"isPartOf\":{\"@id\":\"https:\/\/www.fbee.me\/#website\"},\"datePublished\":\"2025-07-21T21:16:50+00:00\",\"dateModified\":\"2025-10-18T02:55:52+00:00\",\"breadcrumb\":{\"@id\":\"https:\/\/www.fbee.me\/es\/mantenimiento\/#breadcrumb\"},\"inLanguage\":\"es\",\"potentialAction\":[{\"@type\":\"ReadAction\",\"target\":[\"https:\/\/www.fbee.me\/es\/mantenimiento\/\"]}]},{\"@type\":\"BreadcrumbList\",\"@id\":\"https:\/\/www.fbee.me\/es\/mantenimiento\/#breadcrumb\",\"itemListElement\":[{\"@type\":\"ListItem\",\"position\":1,\"name\":\"Home\",\"item\":\"https:\/\/www.fbee.me\/pagina-de-inicio\/\"},{\"@type\":\"ListItem\",\"position\":2,\"name\":\"MANTENIMIENTO\"}]},{\"@type\":\"WebSite\",\"@id\":\"https:\/\/www.fbee.me\/#website\",\"url\":\"https:\/\/www.fbee.me\/\",\"name\":\"FBEE\",\"description\":\"\",\"publisher\":{\"@id\":\"https:\/\/www.fbee.me\/#organization\"},\"potentialAction\":[{\"@type\":\"SearchAction\",\"target\":{\"@type\":\"EntryPoint\",\"urlTemplate\":\"https:\/\/www.fbee.me\/?s={search_term_string}\"},\"query-input\":{\"@type\":\"PropertyValueSpecification\",\"valueRequired\":true,\"valueName\":\"search_term_string\"}}],\"inLanguage\":\"es\"},{\"@type\":\"Organization\",\"@id\":\"https:\/\/www.fbee.me\/#organization\",\"name\":\"FBEE\",\"url\":\"https:\/\/www.fbee.me\/\",\"logo\":{\"@type\":\"ImageObject\",\"inLanguage\":\"es\",\"@id\":\"https:\/\/www.fbee.me\/#\/schema\/logo\/image\/\",\"url\":\"https:\/\/www.fbee.me\/wp-content\/uploads\/2025\/01\/FBEE_logo_NEW_final_horizontal-2-1.svg\",\"contentUrl\":\"https:\/\/www.fbee.me\/wp-content\/uploads\/2025\/01\/FBEE_logo_NEW_final_horizontal-2-1.svg\",\"width\":1,\"height\":1,\"caption\":\"FBEE\"},\"image\":{\"@id\":\"https:\/\/www.fbee.me\/#\/schema\/logo\/image\/\"}}]}<\/script>\n<!-- \/ Yoast SEO plugin. -->","yoast_head_json":{"title":"MANTENIMIENTO - FBEE","robots":{"index":"index","follow":"follow","max-snippet":"max-snippet:-1","max-image-preview":"max-image-preview:large","max-video-preview":"max-video-preview:-1"},"canonical":"https:\/\/www.fbee.me\/es\/mantenimiento\/","og_locale":"es_ES","og_type":"article","og_title":"MANTENIMIENTO - FBEE","og_description":"Mantenimiento: Servicios de manitas &#8211; \u00a1Perfecci\u00f3n en cada detalle, fiabilidad sin concesiones! El funcionamiento impecable de cualquier espacio no es casualidad: es el resultado de un cuidado meticuloso, una experiencia inigualable y la capacidad de resolver los problemas antes de que surjan. Con nosotros, obtendr\u00e1s un control total sobre todos los aspectos de tu propiedad, [&hellip;]","og_url":"https:\/\/www.fbee.me\/es\/mantenimiento\/","og_site_name":"FBEE","article_modified_time":"2025-10-18T02:55:52+00:00","twitter_card":"summary_large_image","twitter_misc":{"Tiempo de lectura":"1 minuto"},"schema":{"@context":"https:\/\/schema.org","@graph":[{"@type":"WebPage","@id":"https:\/\/www.fbee.me\/es\/mantenimiento\/","url":"https:\/\/www.fbee.me\/es\/mantenimiento\/","name":"MANTENIMIENTO - FBEE","isPartOf":{"@id":"https:\/\/www.fbee.me\/#website"},"datePublished":"2025-07-21T21:16:50+00:00","dateModified":"2025-10-18T02:55:52+00:00","breadcrumb":{"@id":"https:\/\/www.fbee.me\/es\/mantenimiento\/#breadcrumb"},"inLanguage":"es","potentialAction":[{"@type":"ReadAction","target":["https:\/\/www.fbee.me\/es\/mantenimiento\/"]}]},{"@type":"BreadcrumbList","@id":"https:\/\/www.fbee.me\/es\/mantenimiento\/#breadcrumb","itemListElement":[{"@type":"ListItem","position":1,"name":"Home","item":"https:\/\/www.fbee.me\/pagina-de-inicio\/"},{"@type":"ListItem","position":2,"name":"MANTENIMIENTO"}]},{"@type":"WebSite","@id":"https:\/\/www.fbee.me\/#website","url":"https:\/\/www.fbee.me\/","name":"FBEE","description":"","publisher":{"@id":"https:\/\/www.fbee.me\/#organization"},"potentialAction":[{"@type":"SearchAction","target":{"@type":"EntryPoint","urlTemplate":"https:\/\/www.fbee.me\/?s={search_term_string}"},"query-input":{"@type":"PropertyValueSpecification","valueRequired":true,"valueName":"search_term_string"}}],"inLanguage":"es"},{"@type":"Organization","@id":"https:\/\/www.fbee.me\/#organization","name":"FBEE","url":"https:\/\/www.fbee.me\/","logo":{"@type":"ImageObject","inLanguage":"es","@id":"https:\/\/www.fbee.me\/#\/schema\/logo\/image\/","url":"https:\/\/www.fbee.me\/wp-content\/uploads\/2025\/01\/FBEE_logo_NEW_final_horizontal-2-1.svg","contentUrl":"https:\/\/www.fbee.me\/wp-content\/uploads\/2025\/01\/FBEE_logo_NEW_final_horizontal-2-1.svg","width":1,"height":1,"caption":"FBEE"},"image":{"@id":"https:\/\/www.fbee.me\/#\/schema\/logo\/image\/"}}]}},"_links":{"self":[{"href":"https:\/\/www.fbee.me\/es\/wp-json\/wp\/v2\/pages\/3256","targetHints":{"allow":["GET"]}}],"collection":[{"href":"https:\/\/www.fbee.me\/es\/wp-json\/wp\/v2\/pages"}],"about":[{"href":"https:\/\/www.fbee.me\/es\/wp-json\/wp\/v2\/types\/page"}],"author":[{"embeddable":true,"href":"https:\/\/www.fbee.me\/es\/wp-json\/wp\/v2\/users\/2"}],"replies":[{"embeddable":true,"href":"https:\/\/www.fbee.me\/es\/wp-json\/wp\/v2\/comments?post=3256"}],"version-history":[{"count":1,"href":"https:\/\/www.fbee.me\/es\/wp-json\/wp\/v2\/pages\/3256\/revisions"}],"predecessor-version":[{"id":3259,"href":"https:\/\/www.fbee.me\/es\/wp-json\/wp\/v2\/pages\/3256\/revisions\/3259"}],"wp:attachment":[{"href":"https:\/\/www.fbee.me\/es\/wp-json\/wp\/v2\/media?parent=3256"}],"curies":[{"name":"wp","href":"https:\/\/api.w.org\/{rel}","templated":true}]}}