{"id":3228,"date":"2025-07-21T20:57:06","date_gmt":"2025-07-21T20:57:06","guid":{"rendered":"https:\/\/www.fbee.me\/turismo-deportivo\/"},"modified":"2025-10-18T02:55:57","modified_gmt":"2025-10-18T02:55:57","slug":"turismo-deportivo","status":"publish","type":"page","link":"https:\/\/www.fbee.me\/es\/turismo-deportivo\/","title":{"rendered":"TURISMO DEPORTIVO"},"content":{"rendered":"<h3>Turismo Deportivo &#8211; \u00a1Pon l\u00edmites, explora, domina!<\/h3>\n<p>Esto no es turismo ordinario. \u00a1Esto es un desaf\u00edo! Una fusi\u00f3n de adrenalina, resistencia y exploraci\u00f3n, una prueba de tu fuerza, resistencia mental y sed de aventura. Cada paso, cada escalada, cada experiencia te lleva m\u00e1s lejos.   <\/p>\n<h3><\/h3>\n<h3>\u00bfQuieres m\u00e1s? \u00a1Tienes lo que hay que tener! <\/h3>\n<p>Tanto si buscas ascensiones \u00e9picas a monta\u00f1as, rutas ciclistas impresionantes, deportes extremos o maratones en los lugares m\u00e1s impresionantes del mundo, aqu\u00ed encontrar\u00e1s tu pasi\u00f3n. El turismo deportivo es un estilo de vida en el que rompes tus l\u00edmites y escribes tu propia historia. <\/p>\n","protected":false},"excerpt":{"rendered":"<p>Turismo Deportivo &#8211; \u00a1Pon l\u00edmites, explora, domina! Esto no es turismo ordinario. \u00a1Esto es un desaf\u00edo! Una fusi\u00f3n de adrenalina, resistencia y exploraci\u00f3n, una prueba de tu fuerza, resistencia mental y sed de aventura. Cada paso, cada escalada, cada experiencia te lleva m\u00e1s lejos. \u00bfQuieres m\u00e1s? \u00a1Tienes lo que hay que tener! Tanto si buscas [&hellip;]<\/p>\n","protected":false},"author":2,"featured_media":0,"parent":0,"menu_order":0,"comment_status":"closed","ping_status":"closed","template":"page-templates\/template-category-page.php","meta":{"_acf_changed":false,"footnotes":""},"class_list":["post-3228","page","type-page","status-publish","hentry"],"acf":[],"yoast_head":"<!-- This site is optimized with the Yoast SEO plugin v26.0 - https:\/\/yoast.com\/wordpress\/plugins\/seo\/ -->\n<title>TURISMO DEPORTIVO - FBEE<\/title>\n<meta name=\"robots\" content=\"index, follow, max-snippet:-1, max-image-preview:large, max-video-preview:-1\" \/>\n<link rel=\"canonical\" href=\"https:\/\/www.fbee.me\/es\/turismo-deportivo\/\" \/>\n<meta property=\"og:locale\" content=\"es_ES\" \/>\n<meta property=\"og:type\" content=\"article\" \/>\n<meta property=\"og:title\" content=\"TURISMO DEPORTIVO - FBEE\" \/>\n<meta property=\"og:description\" content=\"Turismo Deportivo &#8211; \u00a1Pon l\u00edmites, explora, domina! Esto no es turismo ordinario. \u00a1Esto es un desaf\u00edo! Una fusi\u00f3n de adrenalina, resistencia y exploraci\u00f3n, una prueba de tu fuerza, resistencia mental y sed de aventura. Cada paso, cada escalada, cada experiencia te lleva m\u00e1s lejos. \u00bfQuieres m\u00e1s? \u00a1Tienes lo que hay que tener! Tanto si buscas [&hellip;]\" \/>\n<meta property=\"og:url\" content=\"https:\/\/www.fbee.me\/es\/turismo-deportivo\/\" \/>\n<meta property=\"og:site_name\" content=\"FBEE\" \/>\n<meta property=\"article:modified_time\" content=\"2025-10-18T02:55:57+00:00\" \/>\n<meta name=\"twitter:card\" content=\"summary_large_image\" \/>\n<meta name=\"twitter:label1\" content=\"Tiempo de lectura\" \/>\n\t<meta name=\"twitter:data1\" content=\"1 minuto\" \/>\n<script type=\"application\/ld+json\" class=\"yoast-schema-graph\">{\"@context\":\"https:\/\/schema.org\",\"@graph\":[{\"@type\":\"WebPage\",\"@id\":\"https:\/\/www.fbee.me\/es\/turismo-deportivo\/\",\"url\":\"https:\/\/www.fbee.me\/es\/turismo-deportivo\/\",\"name\":\"TURISMO DEPORTIVO - FBEE\",\"isPartOf\":{\"@id\":\"https:\/\/www.fbee.me\/#website\"},\"datePublished\":\"2025-07-21T20:57:06+00:00\",\"dateModified\":\"2025-10-18T02:55:57+00:00\",\"breadcrumb\":{\"@id\":\"https:\/\/www.fbee.me\/es\/turismo-deportivo\/#breadcrumb\"},\"inLanguage\":\"es\",\"potentialAction\":[{\"@type\":\"ReadAction\",\"target\":[\"https:\/\/www.fbee.me\/es\/turismo-deportivo\/\"]}]},{\"@type\":\"BreadcrumbList\",\"@id\":\"https:\/\/www.fbee.me\/es\/turismo-deportivo\/#breadcrumb\",\"itemListElement\":[{\"@type\":\"ListItem\",\"position\":1,\"name\":\"Home\",\"item\":\"https:\/\/www.fbee.me\/pagina-de-inicio\/\"},{\"@type\":\"ListItem\",\"position\":2,\"name\":\"TURISMO DEPORTIVO\"}]},{\"@type\":\"WebSite\",\"@id\":\"https:\/\/www.fbee.me\/#website\",\"url\":\"https:\/\/www.fbee.me\/\",\"name\":\"FBEE\",\"description\":\"\",\"publisher\":{\"@id\":\"https:\/\/www.fbee.me\/#organization\"},\"potentialAction\":[{\"@type\":\"SearchAction\",\"target\":{\"@type\":\"EntryPoint\",\"urlTemplate\":\"https:\/\/www.fbee.me\/?s={search_term_string}\"},\"query-input\":{\"@type\":\"PropertyValueSpecification\",\"valueRequired\":true,\"valueName\":\"search_term_string\"}}],\"inLanguage\":\"es\"},{\"@type\":\"Organization\",\"@id\":\"https:\/\/www.fbee.me\/#organization\",\"name\":\"FBEE\",\"url\":\"https:\/\/www.fbee.me\/\",\"logo\":{\"@type\":\"ImageObject\",\"inLanguage\":\"es\",\"@id\":\"https:\/\/www.fbee.me\/#\/schema\/logo\/image\/\",\"url\":\"https:\/\/www.fbee.me\/wp-content\/uploads\/2025\/01\/FBEE_logo_NEW_final_horizontal-2-1.svg\",\"contentUrl\":\"https:\/\/www.fbee.me\/wp-content\/uploads\/2025\/01\/FBEE_logo_NEW_final_horizontal-2-1.svg\",\"width\":1,\"height\":1,\"caption\":\"FBEE\"},\"image\":{\"@id\":\"https:\/\/www.fbee.me\/#\/schema\/logo\/image\/\"}}]}<\/script>\n<!-- \/ Yoast SEO plugin. -->","yoast_head_json":{"title":"TURISMO DEPORTIVO - FBEE","robots":{"index":"index","follow":"follow","max-snippet":"max-snippet:-1","max-image-preview":"max-image-preview:large","max-video-preview":"max-video-preview:-1"},"canonical":"https:\/\/www.fbee.me\/es\/turismo-deportivo\/","og_locale":"es_ES","og_type":"article","og_title":"TURISMO DEPORTIVO - FBEE","og_description":"Turismo Deportivo &#8211; \u00a1Pon l\u00edmites, explora, domina! Esto no es turismo ordinario. \u00a1Esto es un desaf\u00edo! Una fusi\u00f3n de adrenalina, resistencia y exploraci\u00f3n, una prueba de tu fuerza, resistencia mental y sed de aventura. Cada paso, cada escalada, cada experiencia te lleva m\u00e1s lejos. \u00bfQuieres m\u00e1s? \u00a1Tienes lo que hay que tener! Tanto si buscas [&hellip;]","og_url":"https:\/\/www.fbee.me\/es\/turismo-deportivo\/","og_site_name":"FBEE","article_modified_time":"2025-10-18T02:55:57+00:00","twitter_card":"summary_large_image","twitter_misc":{"Tiempo de lectura":"1 minuto"},"schema":{"@context":"https:\/\/schema.org","@graph":[{"@type":"WebPage","@id":"https:\/\/www.fbee.me\/es\/turismo-deportivo\/","url":"https:\/\/www.fbee.me\/es\/turismo-deportivo\/","name":"TURISMO DEPORTIVO - FBEE","isPartOf":{"@id":"https:\/\/www.fbee.me\/#website"},"datePublished":"2025-07-21T20:57:06+00:00","dateModified":"2025-10-18T02:55:57+00:00","breadcrumb":{"@id":"https:\/\/www.fbee.me\/es\/turismo-deportivo\/#breadcrumb"},"inLanguage":"es","potentialAction":[{"@type":"ReadAction","target":["https:\/\/www.fbee.me\/es\/turismo-deportivo\/"]}]},{"@type":"BreadcrumbList","@id":"https:\/\/www.fbee.me\/es\/turismo-deportivo\/#breadcrumb","itemListElement":[{"@type":"ListItem","position":1,"name":"Home","item":"https:\/\/www.fbee.me\/pagina-de-inicio\/"},{"@type":"ListItem","position":2,"name":"TURISMO DEPORTIVO"}]},{"@type":"WebSite","@id":"https:\/\/www.fbee.me\/#website","url":"https:\/\/www.fbee.me\/","name":"FBEE","description":"","publisher":{"@id":"https:\/\/www.fbee.me\/#organization"},"potentialAction":[{"@type":"SearchAction","target":{"@type":"EntryPoint","urlTemplate":"https:\/\/www.fbee.me\/?s={search_term_string}"},"query-input":{"@type":"PropertyValueSpecification","valueRequired":true,"valueName":"search_term_string"}}],"inLanguage":"es"},{"@type":"Organization","@id":"https:\/\/www.fbee.me\/#organization","name":"FBEE","url":"https:\/\/www.fbee.me\/","logo":{"@type":"ImageObject","inLanguage":"es","@id":"https:\/\/www.fbee.me\/#\/schema\/logo\/image\/","url":"https:\/\/www.fbee.me\/wp-content\/uploads\/2025\/01\/FBEE_logo_NEW_final_horizontal-2-1.svg","contentUrl":"https:\/\/www.fbee.me\/wp-content\/uploads\/2025\/01\/FBEE_logo_NEW_final_horizontal-2-1.svg","width":1,"height":1,"caption":"FBEE"},"image":{"@id":"https:\/\/www.fbee.me\/#\/schema\/logo\/image\/"}}]}},"_links":{"self":[{"href":"https:\/\/www.fbee.me\/es\/wp-json\/wp\/v2\/pages\/3228","targetHints":{"allow":["GET"]}}],"collection":[{"href":"https:\/\/www.fbee.me\/es\/wp-json\/wp\/v2\/pages"}],"about":[{"href":"https:\/\/www.fbee.me\/es\/wp-json\/wp\/v2\/types\/page"}],"author":[{"embeddable":true,"href":"https:\/\/www.fbee.me\/es\/wp-json\/wp\/v2\/users\/2"}],"replies":[{"embeddable":true,"href":"https:\/\/www.fbee.me\/es\/wp-json\/wp\/v2\/comments?post=3228"}],"version-history":[{"count":1,"href":"https:\/\/www.fbee.me\/es\/wp-json\/wp\/v2\/pages\/3228\/revisions"}],"predecessor-version":[{"id":3389,"href":"https:\/\/www.fbee.me\/es\/wp-json\/wp\/v2\/pages\/3228\/revisions\/3389"}],"wp:attachment":[{"href":"https:\/\/www.fbee.me\/es\/wp-json\/wp\/v2\/media?parent=3228"}],"curies":[{"name":"wp","href":"https:\/\/api.w.org\/{rel}","templated":true}]}}