{"id":4199,"date":"2025-10-29T18:56:37","date_gmt":"2025-10-29T18:56:37","guid":{"rendered":"https:\/\/www.fbee.me\/nur-in-der-tuerkei\/"},"modified":"2025-11-17T17:55:41","modified_gmt":"2025-11-17T17:55:41","slug":"nur-in-der-tuerkei","status":"publish","type":"page","link":"https:\/\/www.fbee.me\/de\/nur-in-der-tuerkei\/","title":{"rendered":"Nur in der T\u00fcrkei"},"content":{"rendered":"<h3>Medizinischer Tourismus &#8211; exklusive Pflege, die Leben ver\u00e4ndert!<\/h3>\n<p>Ihre Gesundheit verdient das Beste. Geben Sie sich nicht mit Mittelm\u00e4\u00dfigkeit zufrieden &#8211; entscheiden Sie sich f\u00fcr Medizin von Weltklasse, modernste Technologie und weltbekannte Spezialisten. Der Medizintourismus \u00f6ffnet Ihnen die T\u00fcr zu Behandlungen, die die Grenzen der modernen Medizin sprengen und revolution\u00e4re L\u00f6sungen f\u00fcr Ihre Gesundheit, Sch\u00f6nheit und Vitalit\u00e4t bieten.    <\/p>\n<h3><\/h3>\n<h3>Sporttourismus &#8211; Grenzen verschieben, entdecken, dominieren!<\/h3>\n<p>Dies ist kein normaler Tourismus. Dies ist eine Herausforderung! Eine Kombination aus Adrenalin, Ausdauer und Erkundung &#8211; ein Test Ihrer St\u00e4rke, mentalen Z\u00e4higkeit und Abenteuerlust. Jeder Schritt, jeder Aufstieg, jede Erfahrung wird Sie weiterbringen.     <\/p>\n<h3><\/h3>\n<h3>Sie wollen mehr? Sie haben es verdient!   <\/h3>\n<p>Von fortschrittlichen chirurgischen Eingriffen und \u00e4sthetischen Verbesserungen bis hin zu regenerativer Medizin und lebensverl\u00e4ngernden Therapien wird jeder Aspekt sorgf\u00e4ltig entwickelt, um au\u00dfergew\u00f6hnliche Ergebnisse zu gew\u00e4hrleisten.<\/p>\n","protected":false},"excerpt":{"rendered":"<p>Medizinischer Tourismus &#8211; exklusive Pflege, die Leben ver\u00e4ndert! Ihre Gesundheit verdient das Beste. Geben Sie sich nicht mit Mittelm\u00e4\u00dfigkeit zufrieden &#8211; entscheiden Sie sich f\u00fcr Medizin von Weltklasse, modernste Technologie und weltbekannte Spezialisten. Der Medizintourismus \u00f6ffnet Ihnen die T\u00fcr zu Behandlungen, die die Grenzen der modernen Medizin sprengen und revolution\u00e4re L\u00f6sungen f\u00fcr Ihre Gesundheit, Sch\u00f6nheit [&hellip;]<\/p>\n","protected":false},"author":2,"featured_media":0,"parent":0,"menu_order":0,"comment_status":"closed","ping_status":"closed","template":"page-templates\/template-category-page-turkey.php","meta":{"_acf_changed":false,"footnotes":""},"class_list":["post-4199","page","type-page","status-publish","hentry"],"acf":[],"yoast_head":"<!-- This site is optimized with the Yoast SEO plugin v26.0 - https:\/\/yoast.com\/wordpress\/plugins\/seo\/ -->\n<title>Nur in der T\u00fcrkei - FBEE<\/title>\n<meta name=\"robots\" content=\"index, follow, max-snippet:-1, max-image-preview:large, max-video-preview:-1\" \/>\n<link rel=\"canonical\" href=\"https:\/\/www.fbee.me\/de\/nur-in-der-tuerkei\/\" \/>\n<meta property=\"og:locale\" content=\"de_DE\" \/>\n<meta property=\"og:type\" content=\"article\" \/>\n<meta property=\"og:title\" content=\"Nur in der T\u00fcrkei - FBEE\" \/>\n<meta property=\"og:description\" content=\"Medizinischer Tourismus &#8211; exklusive Pflege, die Leben ver\u00e4ndert! Ihre Gesundheit verdient das Beste. Geben Sie sich nicht mit Mittelm\u00e4\u00dfigkeit zufrieden &#8211; entscheiden Sie sich f\u00fcr Medizin von Weltklasse, modernste Technologie und weltbekannte Spezialisten. Der Medizintourismus \u00f6ffnet Ihnen die T\u00fcr zu Behandlungen, die die Grenzen der modernen Medizin sprengen und revolution\u00e4re L\u00f6sungen f\u00fcr Ihre Gesundheit, Sch\u00f6nheit [&hellip;]\" \/>\n<meta property=\"og:url\" content=\"https:\/\/www.fbee.me\/de\/nur-in-der-tuerkei\/\" \/>\n<meta property=\"og:site_name\" content=\"FBEE\" \/>\n<meta property=\"article:modified_time\" content=\"2025-11-17T17:55:41+00:00\" \/>\n<meta name=\"twitter:card\" content=\"summary_large_image\" \/>\n<meta name=\"twitter:label1\" content=\"Gesch\u00e4tzte Lesezeit\" \/>\n\t<meta name=\"twitter:data1\" content=\"1\u00a0Minute\" \/>\n<script type=\"application\/ld+json\" class=\"yoast-schema-graph\">{\"@context\":\"https:\/\/schema.org\",\"@graph\":[{\"@type\":\"WebPage\",\"@id\":\"https:\/\/www.fbee.me\/de\/nur-in-der-tuerkei\/\",\"url\":\"https:\/\/www.fbee.me\/de\/nur-in-der-tuerkei\/\",\"name\":\"Nur in der T\u00fcrkei - FBEE\",\"isPartOf\":{\"@id\":\"https:\/\/www.fbee.me\/#website\"},\"datePublished\":\"2025-10-29T18:56:37+00:00\",\"dateModified\":\"2025-11-17T17:55:41+00:00\",\"breadcrumb\":{\"@id\":\"https:\/\/www.fbee.me\/de\/nur-in-der-tuerkei\/#breadcrumb\"},\"inLanguage\":\"de\",\"potentialAction\":[{\"@type\":\"ReadAction\",\"target\":[\"https:\/\/www.fbee.me\/de\/nur-in-der-tuerkei\/\"]}]},{\"@type\":\"BreadcrumbList\",\"@id\":\"https:\/\/www.fbee.me\/de\/nur-in-der-tuerkei\/#breadcrumb\",\"itemListElement\":[{\"@type\":\"ListItem\",\"position\":1,\"name\":\"Home\",\"item\":\"https:\/\/www.fbee.me\/de\/\"},{\"@type\":\"ListItem\",\"position\":2,\"name\":\"Nur in der T\u00fcrkei\"}]},{\"@type\":\"WebSite\",\"@id\":\"https:\/\/www.fbee.me\/#website\",\"url\":\"https:\/\/www.fbee.me\/\",\"name\":\"FBEE\",\"description\":\"\",\"publisher\":{\"@id\":\"https:\/\/www.fbee.me\/#organization\"},\"potentialAction\":[{\"@type\":\"SearchAction\",\"target\":{\"@type\":\"EntryPoint\",\"urlTemplate\":\"https:\/\/www.fbee.me\/?s={search_term_string}\"},\"query-input\":{\"@type\":\"PropertyValueSpecification\",\"valueRequired\":true,\"valueName\":\"search_term_string\"}}],\"inLanguage\":\"de\"},{\"@type\":\"Organization\",\"@id\":\"https:\/\/www.fbee.me\/#organization\",\"name\":\"FBEE\",\"url\":\"https:\/\/www.fbee.me\/\",\"logo\":{\"@type\":\"ImageObject\",\"inLanguage\":\"de\",\"@id\":\"https:\/\/www.fbee.me\/#\/schema\/logo\/image\/\",\"url\":\"https:\/\/www.fbee.me\/wp-content\/uploads\/2025\/01\/FBEE_logo_NEW_final_horizontal-2-1.svg\",\"contentUrl\":\"https:\/\/www.fbee.me\/wp-content\/uploads\/2025\/01\/FBEE_logo_NEW_final_horizontal-2-1.svg\",\"width\":1,\"height\":1,\"caption\":\"FBEE\"},\"image\":{\"@id\":\"https:\/\/www.fbee.me\/#\/schema\/logo\/image\/\"}}]}<\/script>\n<!-- \/ Yoast SEO plugin. -->","yoast_head_json":{"title":"Nur in der T\u00fcrkei - FBEE","robots":{"index":"index","follow":"follow","max-snippet":"max-snippet:-1","max-image-preview":"max-image-preview:large","max-video-preview":"max-video-preview:-1"},"canonical":"https:\/\/www.fbee.me\/de\/nur-in-der-tuerkei\/","og_locale":"de_DE","og_type":"article","og_title":"Nur in der T\u00fcrkei - FBEE","og_description":"Medizinischer Tourismus &#8211; exklusive Pflege, die Leben ver\u00e4ndert! Ihre Gesundheit verdient das Beste. Geben Sie sich nicht mit Mittelm\u00e4\u00dfigkeit zufrieden &#8211; entscheiden Sie sich f\u00fcr Medizin von Weltklasse, modernste Technologie und weltbekannte Spezialisten. Der Medizintourismus \u00f6ffnet Ihnen die T\u00fcr zu Behandlungen, die die Grenzen der modernen Medizin sprengen und revolution\u00e4re L\u00f6sungen f\u00fcr Ihre Gesundheit, Sch\u00f6nheit [&hellip;]","og_url":"https:\/\/www.fbee.me\/de\/nur-in-der-tuerkei\/","og_site_name":"FBEE","article_modified_time":"2025-11-17T17:55:41+00:00","twitter_card":"summary_large_image","twitter_misc":{"Gesch\u00e4tzte Lesezeit":"1\u00a0Minute"},"schema":{"@context":"https:\/\/schema.org","@graph":[{"@type":"WebPage","@id":"https:\/\/www.fbee.me\/de\/nur-in-der-tuerkei\/","url":"https:\/\/www.fbee.me\/de\/nur-in-der-tuerkei\/","name":"Nur in der T\u00fcrkei - FBEE","isPartOf":{"@id":"https:\/\/www.fbee.me\/#website"},"datePublished":"2025-10-29T18:56:37+00:00","dateModified":"2025-11-17T17:55:41+00:00","breadcrumb":{"@id":"https:\/\/www.fbee.me\/de\/nur-in-der-tuerkei\/#breadcrumb"},"inLanguage":"de","potentialAction":[{"@type":"ReadAction","target":["https:\/\/www.fbee.me\/de\/nur-in-der-tuerkei\/"]}]},{"@type":"BreadcrumbList","@id":"https:\/\/www.fbee.me\/de\/nur-in-der-tuerkei\/#breadcrumb","itemListElement":[{"@type":"ListItem","position":1,"name":"Home","item":"https:\/\/www.fbee.me\/de\/"},{"@type":"ListItem","position":2,"name":"Nur in der T\u00fcrkei"}]},{"@type":"WebSite","@id":"https:\/\/www.fbee.me\/#website","url":"https:\/\/www.fbee.me\/","name":"FBEE","description":"","publisher":{"@id":"https:\/\/www.fbee.me\/#organization"},"potentialAction":[{"@type":"SearchAction","target":{"@type":"EntryPoint","urlTemplate":"https:\/\/www.fbee.me\/?s={search_term_string}"},"query-input":{"@type":"PropertyValueSpecification","valueRequired":true,"valueName":"search_term_string"}}],"inLanguage":"de"},{"@type":"Organization","@id":"https:\/\/www.fbee.me\/#organization","name":"FBEE","url":"https:\/\/www.fbee.me\/","logo":{"@type":"ImageObject","inLanguage":"de","@id":"https:\/\/www.fbee.me\/#\/schema\/logo\/image\/","url":"https:\/\/www.fbee.me\/wp-content\/uploads\/2025\/01\/FBEE_logo_NEW_final_horizontal-2-1.svg","contentUrl":"https:\/\/www.fbee.me\/wp-content\/uploads\/2025\/01\/FBEE_logo_NEW_final_horizontal-2-1.svg","width":1,"height":1,"caption":"FBEE"},"image":{"@id":"https:\/\/www.fbee.me\/#\/schema\/logo\/image\/"}}]}},"_links":{"self":[{"href":"https:\/\/www.fbee.me\/de\/wp-json\/wp\/v2\/pages\/4199","targetHints":{"allow":["GET"]}}],"collection":[{"href":"https:\/\/www.fbee.me\/de\/wp-json\/wp\/v2\/pages"}],"about":[{"href":"https:\/\/www.fbee.me\/de\/wp-json\/wp\/v2\/types\/page"}],"author":[{"embeddable":true,"href":"https:\/\/www.fbee.me\/de\/wp-json\/wp\/v2\/users\/2"}],"replies":[{"embeddable":true,"href":"https:\/\/www.fbee.me\/de\/wp-json\/wp\/v2\/comments?post=4199"}],"version-history":[{"count":2,"href":"https:\/\/www.fbee.me\/de\/wp-json\/wp\/v2\/pages\/4199\/revisions"}],"predecessor-version":[{"id":4352,"href":"https:\/\/www.fbee.me\/de\/wp-json\/wp\/v2\/pages\/4199\/revisions\/4352"}],"wp:attachment":[{"href":"https:\/\/www.fbee.me\/de\/wp-json\/wp\/v2\/media?parent=4199"}],"curies":[{"name":"wp","href":"https:\/\/api.w.org\/{rel}","templated":true}]}}