{"id":4188,"date":"2025-10-29T21:29:29","date_gmt":"2025-10-29T21:29:29","guid":{"rendered":"https:\/\/www.fbee.me\/service-garantie\/"},"modified":"2025-12-08T14:11:38","modified_gmt":"2025-12-08T14:11:38","slug":"service-garantie","status":"publish","type":"page","link":"https:\/\/www.fbee.me\/de\/service-garantie\/","title":{"rendered":"Service-Garantie"},"content":{"rendered":"<h2><b>FBEE Zufriedenheitsgarantie<\/b><\/h2>\n<p class=\"p3\">Ihre Zufriedenheit ist unsere Priorit\u00e4t.<\/p>\n<p class=\"p3\">Sollte ein Service Ihre Erwartungen nicht erf\u00fcllen, gilt unsere <span class=\"s2\"><b>FBEE-Zufriedenheitsgarantie<\/b><\/span> sorgt daf\u00fcr, dass wir alles richtig machen.<\/p>\n<p class=\"p3\">Nachfolgend finden Sie, was durch diese Garantie abgedeckt ist (in \u00dcbereinstimmung mit unseren Gesch\u00e4ftsbedingungen).<\/p>\n<p>&nbsp;<\/p>\n<h3 class=\"p3\"><b>Was ist in der Zufriedenheitsgarantie inbegriffen?<\/b><\/h3>\n<ul>\n<li>\n<p class=\"p1\"><b>Unbefriedigende Qualit\u00e4t der Arbeit:<\/b><b><\/b><\/p>\n<p class=\"p2\">Sollte die Qualit\u00e4t der Dienstleistung nicht den Erwartungen entsprechen, veranlassen wir eine erneute Bearbeitung &#8211; v\u00f6llig kostenlos.<\/p>\n<\/li>\n<li>\n<p class=\"p1\"><b>Nichterscheinen oder Versp\u00e4tung von mehr als einer Stunde:<\/b><b><\/b><\/p>\n<p class=\"p2\">Wir werden einen alternativen Termin zur n\u00e4chsten verf\u00fcgbaren Zeit und zum n\u00e4chsten Datum organisieren.<\/p>\n<\/li>\n<li>\n<p class=\"p1\"><b>Unangemessenes Verhalten des Servicepersonals:<\/b><b><\/b><\/p>\n<p class=\"p2\">Im Falle eines Fehlverhaltens k\u00f6nnen wir den Service verschieben oder eine andere geeignete L\u00f6sung anbieten.<\/p>\n<\/li>\n<li>\n<p class=\"p1\"><b>Abrechnungsfehler:<\/b><b><\/b><\/p>\n<p class=\"p2\">Wenn Sie zu Unrecht belastet wurden, wird Ihnen der zu viel gezahlte Betrag mit Ihrer urspr\u00fcnglichen Zahlungsmethode erstattet.<\/p>\n<\/li>\n<li>\n<p class=\"p1\"><b>Besch\u00e4digung von Gegenst\u00e4nden:<\/b><b><\/b><\/p>\n<p class=\"p2\">Wir werden unser Bestes tun, um den Schaden zu beheben. Sollte eine Reparatur nicht m\u00f6glich sein, wird eine Entsch\u00e4digung von bis zu<span class=\"s1\"><b> 500 EUR<\/b><\/span> zur Verf\u00fcgung gestellt, sofern alle Bedingungen der Zufriedenheitsgarantie erf\u00fcllt sind. <\/p>\n<p class=\"p2\"><i>Im Falle einer Besch\u00e4digung oder eines fehlenden Artikels k\u00f6nnen Sie aufgefordert werden, einen Eigentums- und Wertnachweis vorzulegen (zum Beispiel den Originalkaufbeleg). FBEE sch\u00e4tzt den Reparatur- oder Ersatzwert bis zu einem H\u00f6chstbetrag von 500 EUR. <\/i><\/p>\n<\/li>\n<\/ul>\n<h3><\/h3>\n<h3><b>Wann die Garantie gilt<\/b><\/h3>\n<ul>\n<li>\n<p class=\"p1\">Der Service wurde \u00fcber die FBEE-Plattform gebucht und geliefert. <span class=\"s1\"><b>FBEE-Plattform<\/b><\/span> mit einer g\u00fcltigen Bestellnummer.<\/p>\n<p class=\"p1\"><i>Angebotsbasierte oder Offline-Dienste sind nicht abgedeckt.<\/i><i><\/i><\/p>\n<\/li>\n<li>\n<p class=\"p1\">Der Dienst wurde innerhalb der letzten <span class=\"s1\"><b>48 Stunden<\/b><\/span>und die Beschwerde wurde innerhalb dieses Zeitrahmens eingereicht.<\/p>\n<\/li>\n<li>\n<p class=\"p1\">Die Bestellung wurde <span class=\"s1\"><b>vollst\u00e4ndig bezahlt<\/b><\/span>und Ihr Konto ist in gutem Zustand.<\/p>\n<\/li>\n<\/ul>\n<h3><\/h3>\n<h3><b>Garantie f\u00fcr Teile und Materialien<\/b><\/h3>\n<ul>\n<li>\n<p class=\"p1\">Wenn die Materialien oder Teile von unserem Techniker geliefert wurden, gilt eine <span class=\"s1\"><b>einmonatige Garantie auf die Verarbeitung<\/b><\/span> gilt.<\/p>\n<\/li>\n<li>\n<p class=\"p1\">Die Teile selbst sind nur dann abgedeckt, wenn eine Hersteller- oder H\u00e4ndlergarantie besteht.<\/p>\n<\/li>\n<li>\n<p class=\"p1\">F\u00fcr einige Dienstleistungen gelten m\u00f6glicherweise besondere Garantiebedingungen oder Ausschl\u00fcsse &#8211; weitere Informationen finden Sie in den Details der Dienstleistung.<\/p>\n<\/li>\n<\/ul>\n<h2><\/h2>\n<h3><b>Wir sch\u00e4tzen unsere Kunden<\/b><\/h3>\n<p class=\"p3\">Die Bed\u00fcrfnisse unserer Kunden liegen uns wirklich am Herzen, und unser Ziel ist es, stets f\u00fcr <span class=\"s2\"><b>vollst\u00e4ndige Zufriedenheit<\/b><\/span>.<\/p>\n<p class=\"p3\">Wir glauben, dass Ihre Anfragen nur die besten <span class=\"s2\"><b>besten Fachleute auf ihrem Gebiet<\/b><\/span>.<\/p>\n<p class=\"p3\">FBEE arbeitet ausschlie\u00dflich mit lizenzierten Experten zusammen, die zur Erbringung ihrer jeweiligen Dienstleistungen berechtigt sind.<\/p>\n<p class=\"p3\">Wir <span class=\"s2\"><b>\u00fcberwachen kontinuierlich die Qualit\u00e4t<\/b><\/span> ihrer Arbeit, und wenn wir m\u00f6gliche Probleme feststellen, wenden wir uns <span class=\"s2\"><b>proaktiv Kontakt aufnehmen<\/b><\/span> um sicherzustellen, dass Ihr Service unseren Standards entspricht.<\/p>\n<h2><\/h2>\n<h3><b>Etwas ist nicht so gelaufen wie geplant?<\/b><\/h3>\n<p class=\"p3\">Wir verstehen, dass die Dinge manchmal nicht genau so laufen, wie Sie es erwartet haben, und dass Sie vielleicht nicht ganz zufrieden mit Ihrer Erfahrung sind.<\/p>\n<p class=\"p3\">In solchen F\u00e4llen sind wir hier, um <span class=\"s2\"><b>zu helfen und die Dinge richtig zu stellen<\/b><\/span>.<\/p>\n<p class=\"p3\">Wenn Sie eine Beschwerde einreichen m\u00f6chten, k\u00f6nnen Sie uns \u00fcber das folgende Formular kontaktieren<\/p>\n<p class=\"p3\">oder indem Sie eine E-Mail senden an <span class=\"s2\"><b>office@fbee.me<\/b><\/span>.<\/p>\n<p class=\"p3\">Wir antworten auf Ihre Anfrage <span class=\"s2\"><b>innerhalb von 8 Gesch\u00e4ftsstunden<\/b><\/span>.<\/p>\n<p><a class=\"btn\" href=\"https:\/\/www.fbee.me\/de\/nehmen-sie-kontakt-mit-unserem-team-auf\/\">Kontakt<\/a><\/p>\n","protected":false},"excerpt":{"rendered":"<p>FBEE Zufriedenheitsgarantie Ihre Zufriedenheit ist unsere Priorit\u00e4t. Sollte ein Service Ihre Erwartungen nicht erf\u00fcllen, gilt unsere FBEE-Zufriedenheitsgarantie sorgt daf\u00fcr, dass wir alles richtig machen. Nachfolgend finden Sie, was durch diese Garantie abgedeckt ist (in \u00dcbereinstimmung mit unseren Gesch\u00e4ftsbedingungen). &nbsp; Was ist in der Zufriedenheitsgarantie inbegriffen? Unbefriedigende Qualit\u00e4t der Arbeit: Sollte die Qualit\u00e4t der Dienstleistung nicht [&hellip;]<\/p>\n","protected":false},"author":4,"featured_media":0,"parent":0,"menu_order":0,"comment_status":"closed","ping_status":"closed","template":"page-templates\/template-documents.php","meta":{"_acf_changed":false,"footnotes":""},"class_list":["post-4188","page","type-page","status-publish","hentry"],"acf":[],"yoast_head":"<!-- This site is optimized with the Yoast SEO plugin v26.0 - https:\/\/yoast.com\/wordpress\/plugins\/seo\/ -->\n<title>Service-Garantie - FBEE<\/title>\n<meta name=\"robots\" content=\"index, follow, max-snippet:-1, max-image-preview:large, max-video-preview:-1\" \/>\n<link rel=\"canonical\" href=\"https:\/\/www.fbee.me\/de\/service-garantie\/\" \/>\n<meta property=\"og:locale\" content=\"de_DE\" \/>\n<meta property=\"og:type\" content=\"article\" \/>\n<meta property=\"og:title\" content=\"Service-Garantie - FBEE\" \/>\n<meta property=\"og:description\" content=\"FBEE Zufriedenheitsgarantie Ihre Zufriedenheit ist unsere Priorit\u00e4t. Sollte ein Service Ihre Erwartungen nicht erf\u00fcllen, gilt unsere FBEE-Zufriedenheitsgarantie sorgt daf\u00fcr, dass wir alles richtig machen. Nachfolgend finden Sie, was durch diese Garantie abgedeckt ist (in \u00dcbereinstimmung mit unseren Gesch\u00e4ftsbedingungen). &nbsp; Was ist in der Zufriedenheitsgarantie inbegriffen? Unbefriedigende Qualit\u00e4t der Arbeit: Sollte die Qualit\u00e4t der Dienstleistung nicht [&hellip;]\" \/>\n<meta property=\"og:url\" content=\"https:\/\/www.fbee.me\/de\/service-garantie\/\" \/>\n<meta property=\"og:site_name\" content=\"FBEE\" \/>\n<meta property=\"article:modified_time\" content=\"2025-12-08T14:11:38+00:00\" \/>\n<meta name=\"twitter:card\" content=\"summary_large_image\" \/>\n<meta name=\"twitter:label1\" content=\"Gesch\u00e4tzte Lesezeit\" \/>\n\t<meta name=\"twitter:data1\" content=\"2\u00a0Minuten\" \/>\n<script type=\"application\/ld+json\" class=\"yoast-schema-graph\">{\"@context\":\"https:\/\/schema.org\",\"@graph\":[{\"@type\":\"WebPage\",\"@id\":\"https:\/\/www.fbee.me\/de\/service-garantie\/\",\"url\":\"https:\/\/www.fbee.me\/de\/service-garantie\/\",\"name\":\"Service-Garantie - FBEE\",\"isPartOf\":{\"@id\":\"https:\/\/www.fbee.me\/#website\"},\"datePublished\":\"2025-10-29T21:29:29+00:00\",\"dateModified\":\"2025-12-08T14:11:38+00:00\",\"breadcrumb\":{\"@id\":\"https:\/\/www.fbee.me\/de\/service-garantie\/#breadcrumb\"},\"inLanguage\":\"de\",\"potentialAction\":[{\"@type\":\"ReadAction\",\"target\":[\"https:\/\/www.fbee.me\/de\/service-garantie\/\"]}]},{\"@type\":\"BreadcrumbList\",\"@id\":\"https:\/\/www.fbee.me\/de\/service-garantie\/#breadcrumb\",\"itemListElement\":[{\"@type\":\"ListItem\",\"position\":1,\"name\":\"Home\",\"item\":\"https:\/\/www.fbee.me\/de\/\"},{\"@type\":\"ListItem\",\"position\":2,\"name\":\"Service-Garantie\"}]},{\"@type\":\"WebSite\",\"@id\":\"https:\/\/www.fbee.me\/#website\",\"url\":\"https:\/\/www.fbee.me\/\",\"name\":\"FBEE\",\"description\":\"\",\"publisher\":{\"@id\":\"https:\/\/www.fbee.me\/#organization\"},\"potentialAction\":[{\"@type\":\"SearchAction\",\"target\":{\"@type\":\"EntryPoint\",\"urlTemplate\":\"https:\/\/www.fbee.me\/?s={search_term_string}\"},\"query-input\":{\"@type\":\"PropertyValueSpecification\",\"valueRequired\":true,\"valueName\":\"search_term_string\"}}],\"inLanguage\":\"de\"},{\"@type\":\"Organization\",\"@id\":\"https:\/\/www.fbee.me\/#organization\",\"name\":\"FBEE\",\"url\":\"https:\/\/www.fbee.me\/\",\"logo\":{\"@type\":\"ImageObject\",\"inLanguage\":\"de\",\"@id\":\"https:\/\/www.fbee.me\/#\/schema\/logo\/image\/\",\"url\":\"https:\/\/www.fbee.me\/wp-content\/uploads\/2025\/01\/FBEE_logo_NEW_final_horizontal-2-1.svg\",\"contentUrl\":\"https:\/\/www.fbee.me\/wp-content\/uploads\/2025\/01\/FBEE_logo_NEW_final_horizontal-2-1.svg\",\"width\":1,\"height\":1,\"caption\":\"FBEE\"},\"image\":{\"@id\":\"https:\/\/www.fbee.me\/#\/schema\/logo\/image\/\"}}]}<\/script>\n<!-- \/ Yoast SEO plugin. -->","yoast_head_json":{"title":"Service-Garantie - FBEE","robots":{"index":"index","follow":"follow","max-snippet":"max-snippet:-1","max-image-preview":"max-image-preview:large","max-video-preview":"max-video-preview:-1"},"canonical":"https:\/\/www.fbee.me\/de\/service-garantie\/","og_locale":"de_DE","og_type":"article","og_title":"Service-Garantie - FBEE","og_description":"FBEE Zufriedenheitsgarantie Ihre Zufriedenheit ist unsere Priorit\u00e4t. Sollte ein Service Ihre Erwartungen nicht erf\u00fcllen, gilt unsere FBEE-Zufriedenheitsgarantie sorgt daf\u00fcr, dass wir alles richtig machen. Nachfolgend finden Sie, was durch diese Garantie abgedeckt ist (in \u00dcbereinstimmung mit unseren Gesch\u00e4ftsbedingungen). &nbsp; Was ist in der Zufriedenheitsgarantie inbegriffen? Unbefriedigende Qualit\u00e4t der Arbeit: Sollte die Qualit\u00e4t der Dienstleistung nicht [&hellip;]","og_url":"https:\/\/www.fbee.me\/de\/service-garantie\/","og_site_name":"FBEE","article_modified_time":"2025-12-08T14:11:38+00:00","twitter_card":"summary_large_image","twitter_misc":{"Gesch\u00e4tzte Lesezeit":"2\u00a0Minuten"},"schema":{"@context":"https:\/\/schema.org","@graph":[{"@type":"WebPage","@id":"https:\/\/www.fbee.me\/de\/service-garantie\/","url":"https:\/\/www.fbee.me\/de\/service-garantie\/","name":"Service-Garantie - FBEE","isPartOf":{"@id":"https:\/\/www.fbee.me\/#website"},"datePublished":"2025-10-29T21:29:29+00:00","dateModified":"2025-12-08T14:11:38+00:00","breadcrumb":{"@id":"https:\/\/www.fbee.me\/de\/service-garantie\/#breadcrumb"},"inLanguage":"de","potentialAction":[{"@type":"ReadAction","target":["https:\/\/www.fbee.me\/de\/service-garantie\/"]}]},{"@type":"BreadcrumbList","@id":"https:\/\/www.fbee.me\/de\/service-garantie\/#breadcrumb","itemListElement":[{"@type":"ListItem","position":1,"name":"Home","item":"https:\/\/www.fbee.me\/de\/"},{"@type":"ListItem","position":2,"name":"Service-Garantie"}]},{"@type":"WebSite","@id":"https:\/\/www.fbee.me\/#website","url":"https:\/\/www.fbee.me\/","name":"FBEE","description":"","publisher":{"@id":"https:\/\/www.fbee.me\/#organization"},"potentialAction":[{"@type":"SearchAction","target":{"@type":"EntryPoint","urlTemplate":"https:\/\/www.fbee.me\/?s={search_term_string}"},"query-input":{"@type":"PropertyValueSpecification","valueRequired":true,"valueName":"search_term_string"}}],"inLanguage":"de"},{"@type":"Organization","@id":"https:\/\/www.fbee.me\/#organization","name":"FBEE","url":"https:\/\/www.fbee.me\/","logo":{"@type":"ImageObject","inLanguage":"de","@id":"https:\/\/www.fbee.me\/#\/schema\/logo\/image\/","url":"https:\/\/www.fbee.me\/wp-content\/uploads\/2025\/01\/FBEE_logo_NEW_final_horizontal-2-1.svg","contentUrl":"https:\/\/www.fbee.me\/wp-content\/uploads\/2025\/01\/FBEE_logo_NEW_final_horizontal-2-1.svg","width":1,"height":1,"caption":"FBEE"},"image":{"@id":"https:\/\/www.fbee.me\/#\/schema\/logo\/image\/"}}]}},"_links":{"self":[{"href":"https:\/\/www.fbee.me\/de\/wp-json\/wp\/v2\/pages\/4188","targetHints":{"allow":["GET"]}}],"collection":[{"href":"https:\/\/www.fbee.me\/de\/wp-json\/wp\/v2\/pages"}],"about":[{"href":"https:\/\/www.fbee.me\/de\/wp-json\/wp\/v2\/types\/page"}],"author":[{"embeddable":true,"href":"https:\/\/www.fbee.me\/de\/wp-json\/wp\/v2\/users\/4"}],"replies":[{"embeddable":true,"href":"https:\/\/www.fbee.me\/de\/wp-json\/wp\/v2\/comments?post=4188"}],"version-history":[{"count":3,"href":"https:\/\/www.fbee.me\/de\/wp-json\/wp\/v2\/pages\/4188\/revisions"}],"predecessor-version":[{"id":4389,"href":"https:\/\/www.fbee.me\/de\/wp-json\/wp\/v2\/pages\/4188\/revisions\/4389"}],"wp:attachment":[{"href":"https:\/\/www.fbee.me\/de\/wp-json\/wp\/v2\/media?parent=4188"}],"curies":[{"name":"wp","href":"https:\/\/api.w.org\/{rel}","templated":true}]}}