{"id":4184,"date":"2025-10-29T21:44:44","date_gmt":"2025-10-29T21:44:44","guid":{"rendered":"https:\/\/www.fbee.me\/eine-rezension-schreiben\/"},"modified":"2025-10-29T21:44:44","modified_gmt":"2025-10-29T21:44:44","slug":"eine-rezension-schreiben","status":"publish","type":"page","link":"https:\/\/www.fbee.me\/de\/eine-rezension-schreiben\/","title":{"rendered":"Eine Rezension schreiben"},"content":{"rendered":"<h2 class=\"p1\" style=\"text-align: center;\"><b>Sie helfen uns zu wachsen.<\/b><b><\/b><\/h2>\n<p class=\"p2\" style=\"text-align: center;\">Ihr Feedback erm\u00f6glicht es uns, die Qualit\u00e4t unserer Dienstleistungen kontinuierlich zu verbessern und besser auf die Bed\u00fcrfnisse unserer Kunden einzugehen.<\/p>\n<p class=\"p2\" style=\"text-align: center;\">Wenn Sie unsere Dienste in Anspruch genommen haben, w\u00fcrden wir uns freuen, wenn Sie Ihre Erfahrungen mit uns teilen, indem Sie eine kurze Bewertung hinterlassen.<\/p>\n<p class=\"p2\" style=\"text-align: center;\">Jede Meinung ist wichtig und hilft uns, voranzukommen.<\/p>\n","protected":false},"excerpt":{"rendered":"<p>Sie helfen uns zu wachsen. Ihr Feedback erm\u00f6glicht es uns, die Qualit\u00e4t unserer Dienstleistungen kontinuierlich zu verbessern und besser auf die Bed\u00fcrfnisse unserer Kunden einzugehen. Wenn Sie unsere Dienste in Anspruch genommen haben, w\u00fcrden wir uns freuen, wenn Sie Ihre Erfahrungen mit uns teilen, indem Sie eine kurze Bewertung hinterlassen. Jede Meinung ist wichtig und [&hellip;]<\/p>\n","protected":false},"author":4,"featured_media":0,"parent":0,"menu_order":0,"comment_status":"closed","ping_status":"closed","template":"page-templates\/template-write-a-review.php","meta":{"_acf_changed":false,"footnotes":""},"class_list":["post-4184","page","type-page","status-publish","hentry"],"acf":[],"yoast_head":"<!-- This site is optimized with the Yoast SEO plugin v26.0 - https:\/\/yoast.com\/wordpress\/plugins\/seo\/ -->\n<title>Eine Rezension schreiben - FBEE<\/title>\n<meta name=\"robots\" content=\"index, follow, max-snippet:-1, max-image-preview:large, max-video-preview:-1\" \/>\n<link rel=\"canonical\" href=\"https:\/\/www.fbee.me\/eine-rezension-schreiben\/\" \/>\n<meta property=\"og:locale\" content=\"de_DE\" \/>\n<meta property=\"og:type\" content=\"article\" \/>\n<meta property=\"og:title\" content=\"Eine Rezension schreiben - FBEE\" \/>\n<meta property=\"og:description\" content=\"Sie helfen uns zu wachsen. Ihr Feedback erm\u00f6glicht es uns, die Qualit\u00e4t unserer Dienstleistungen kontinuierlich zu verbessern und besser auf die Bed\u00fcrfnisse unserer Kunden einzugehen. Wenn Sie unsere Dienste in Anspruch genommen haben, w\u00fcrden wir uns freuen, wenn Sie Ihre Erfahrungen mit uns teilen, indem Sie eine kurze Bewertung hinterlassen. Jede Meinung ist wichtig und [&hellip;]\" \/>\n<meta property=\"og:url\" content=\"https:\/\/www.fbee.me\/eine-rezension-schreiben\/\" \/>\n<meta property=\"og:site_name\" content=\"FBEE\" \/>\n<meta name=\"twitter:card\" content=\"summary_large_image\" \/>\n<script type=\"application\/ld+json\" class=\"yoast-schema-graph\">{\"@context\":\"https:\/\/schema.org\",\"@graph\":[{\"@type\":\"WebPage\",\"@id\":\"https:\/\/www.fbee.me\/eine-rezension-schreiben\/\",\"url\":\"https:\/\/www.fbee.me\/eine-rezension-schreiben\/\",\"name\":\"Eine Rezension schreiben - FBEE\",\"isPartOf\":{\"@id\":\"https:\/\/www.fbee.me\/#website\"},\"datePublished\":\"2025-10-29T21:44:44+00:00\",\"breadcrumb\":{\"@id\":\"https:\/\/www.fbee.me\/eine-rezension-schreiben\/#breadcrumb\"},\"inLanguage\":\"de\",\"potentialAction\":[{\"@type\":\"ReadAction\",\"target\":[\"https:\/\/www.fbee.me\/eine-rezension-schreiben\/\"]}]},{\"@type\":\"BreadcrumbList\",\"@id\":\"https:\/\/www.fbee.me\/eine-rezension-schreiben\/#breadcrumb\",\"itemListElement\":[{\"@type\":\"ListItem\",\"position\":1,\"name\":\"Home\",\"item\":\"https:\/\/www.fbee.me\/de\/\"},{\"@type\":\"ListItem\",\"position\":2,\"name\":\"Eine Rezension schreiben\"}]},{\"@type\":\"WebSite\",\"@id\":\"https:\/\/www.fbee.me\/#website\",\"url\":\"https:\/\/www.fbee.me\/\",\"name\":\"FBEE\",\"description\":\"\",\"publisher\":{\"@id\":\"https:\/\/www.fbee.me\/#organization\"},\"potentialAction\":[{\"@type\":\"SearchAction\",\"target\":{\"@type\":\"EntryPoint\",\"urlTemplate\":\"https:\/\/www.fbee.me\/?s={search_term_string}\"},\"query-input\":{\"@type\":\"PropertyValueSpecification\",\"valueRequired\":true,\"valueName\":\"search_term_string\"}}],\"inLanguage\":\"de\"},{\"@type\":\"Organization\",\"@id\":\"https:\/\/www.fbee.me\/#organization\",\"name\":\"FBEE\",\"url\":\"https:\/\/www.fbee.me\/\",\"logo\":{\"@type\":\"ImageObject\",\"inLanguage\":\"de\",\"@id\":\"https:\/\/www.fbee.me\/#\/schema\/logo\/image\/\",\"url\":\"https:\/\/www.fbee.me\/wp-content\/uploads\/2025\/01\/FBEE_logo_NEW_final_horizontal-2-1.svg\",\"contentUrl\":\"https:\/\/www.fbee.me\/wp-content\/uploads\/2025\/01\/FBEE_logo_NEW_final_horizontal-2-1.svg\",\"width\":1,\"height\":1,\"caption\":\"FBEE\"},\"image\":{\"@id\":\"https:\/\/www.fbee.me\/#\/schema\/logo\/image\/\"}}]}<\/script>\n<!-- \/ Yoast SEO plugin. -->","yoast_head_json":{"title":"Eine Rezension schreiben - FBEE","robots":{"index":"index","follow":"follow","max-snippet":"max-snippet:-1","max-image-preview":"max-image-preview:large","max-video-preview":"max-video-preview:-1"},"canonical":"https:\/\/www.fbee.me\/eine-rezension-schreiben\/","og_locale":"de_DE","og_type":"article","og_title":"Eine Rezension schreiben - FBEE","og_description":"Sie helfen uns zu wachsen. Ihr Feedback erm\u00f6glicht es uns, die Qualit\u00e4t unserer Dienstleistungen kontinuierlich zu verbessern und besser auf die Bed\u00fcrfnisse unserer Kunden einzugehen. Wenn Sie unsere Dienste in Anspruch genommen haben, w\u00fcrden wir uns freuen, wenn Sie Ihre Erfahrungen mit uns teilen, indem Sie eine kurze Bewertung hinterlassen. Jede Meinung ist wichtig und [&hellip;]","og_url":"https:\/\/www.fbee.me\/eine-rezension-schreiben\/","og_site_name":"FBEE","twitter_card":"summary_large_image","schema":{"@context":"https:\/\/schema.org","@graph":[{"@type":"WebPage","@id":"https:\/\/www.fbee.me\/eine-rezension-schreiben\/","url":"https:\/\/www.fbee.me\/eine-rezension-schreiben\/","name":"Eine Rezension schreiben - FBEE","isPartOf":{"@id":"https:\/\/www.fbee.me\/#website"},"datePublished":"2025-10-29T21:44:44+00:00","breadcrumb":{"@id":"https:\/\/www.fbee.me\/eine-rezension-schreiben\/#breadcrumb"},"inLanguage":"de","potentialAction":[{"@type":"ReadAction","target":["https:\/\/www.fbee.me\/eine-rezension-schreiben\/"]}]},{"@type":"BreadcrumbList","@id":"https:\/\/www.fbee.me\/eine-rezension-schreiben\/#breadcrumb","itemListElement":[{"@type":"ListItem","position":1,"name":"Home","item":"https:\/\/www.fbee.me\/de\/"},{"@type":"ListItem","position":2,"name":"Eine Rezension schreiben"}]},{"@type":"WebSite","@id":"https:\/\/www.fbee.me\/#website","url":"https:\/\/www.fbee.me\/","name":"FBEE","description":"","publisher":{"@id":"https:\/\/www.fbee.me\/#organization"},"potentialAction":[{"@type":"SearchAction","target":{"@type":"EntryPoint","urlTemplate":"https:\/\/www.fbee.me\/?s={search_term_string}"},"query-input":{"@type":"PropertyValueSpecification","valueRequired":true,"valueName":"search_term_string"}}],"inLanguage":"de"},{"@type":"Organization","@id":"https:\/\/www.fbee.me\/#organization","name":"FBEE","url":"https:\/\/www.fbee.me\/","logo":{"@type":"ImageObject","inLanguage":"de","@id":"https:\/\/www.fbee.me\/#\/schema\/logo\/image\/","url":"https:\/\/www.fbee.me\/wp-content\/uploads\/2025\/01\/FBEE_logo_NEW_final_horizontal-2-1.svg","contentUrl":"https:\/\/www.fbee.me\/wp-content\/uploads\/2025\/01\/FBEE_logo_NEW_final_horizontal-2-1.svg","width":1,"height":1,"caption":"FBEE"},"image":{"@id":"https:\/\/www.fbee.me\/#\/schema\/logo\/image\/"}}]}},"_links":{"self":[{"href":"https:\/\/www.fbee.me\/de\/wp-json\/wp\/v2\/pages\/4184","targetHints":{"allow":["GET"]}}],"collection":[{"href":"https:\/\/www.fbee.me\/de\/wp-json\/wp\/v2\/pages"}],"about":[{"href":"https:\/\/www.fbee.me\/de\/wp-json\/wp\/v2\/types\/page"}],"author":[{"embeddable":true,"href":"https:\/\/www.fbee.me\/de\/wp-json\/wp\/v2\/users\/4"}],"replies":[{"embeddable":true,"href":"https:\/\/www.fbee.me\/de\/wp-json\/wp\/v2\/comments?post=4184"}],"version-history":[{"count":0,"href":"https:\/\/www.fbee.me\/de\/wp-json\/wp\/v2\/pages\/4184\/revisions"}],"wp:attachment":[{"href":"https:\/\/www.fbee.me\/de\/wp-json\/wp\/v2\/media?parent=4184"}],"curies":[{"name":"wp","href":"https:\/\/api.w.org\/{rel}","templated":true}]}}