{"id":3687,"date":"2025-10-04T09:45:55","date_gmt":"2025-10-04T09:45:55","guid":{"rendered":"https:\/\/www.fbee.me\/zahlungspolitik\/"},"modified":"2025-10-30T16:56:53","modified_gmt":"2025-10-30T16:56:53","slug":"zahlungspolitik","status":"publish","type":"page","link":"https:\/\/www.fbee.me\/de\/zahlungspolitik\/","title":{"rendered":"Zahlungs- und Erstattungsbedingungen"},"content":{"rendered":"<div class=\"mb-4\">\n<h1 class=\"p1\"><b>Zahlungsbedingungen von SEJFMAN s. r. o. (&#8222;FBEE&#8220;)  <\/b><b><\/b><\/h1>\n<p class=\"p3\">Dies sind die Zahlungsbedingungen von SEJFMAN s. r. o. (im Folgenden &#8222;FBEE&#8220; genannt).  <\/p>\n<p class=\"p3\">Diese Bedingungen gelten ausschlie\u00dflich f\u00fcr Aktivit\u00e4ten, die von FBEE auf ihrer Website fbee.me und\/oder \u00fcber die zugeh\u00f6rigen mobilen Anwendungen (&#8222;FBEE&#8220;) durchgef\u00fchrt werden, und gelten nicht f\u00fcr &#8222;Offline&#8220;-Aktivit\u00e4ten oder solche, die nicht mit der Website in Verbindung stehen.<\/p>\n<p class=\"p3\">Alle Produkte oder Dienstleistungen, die der Nutzer \u00fcber unsere Website bestellt, werden als &#8222;Dienstleistungen&#8220; bezeichnet.<\/p>\n<hr>\n<h3><b>ZAHLUNGSM\u00d6GLICHKEITEN<\/b><\/h3>\n<p class=\"p3\">Das Unternehmen akzeptiert Zahlungen in bar oder mit Visa- und Mastercard-Debit- und -Kreditkarten f\u00fcr Produkte und Dienstleistungen.<\/p>\n<p class=\"p3\">F\u00fcr Dienstleistungen, die \u00fcber die Website gebucht werden, gelten ebenfalls die Vertragsbedingungen des jeweiligen Dienstleisters.<\/p>\n<hr>\n<h3><b>BEZAHLUNG F\u00dcR DIENSTLEISTUNGEN<\/b><\/h3>\n<p class=\"p1\"><b>Abzug von Zahlungen:<\/b><b><\/b><\/p>\n<p class=\"p3\">Die Abrechnung erfolgt erst, nachdem unser Partnerdienstleister best\u00e4tigt hat, dass der Dienst geliefert wurde. FBEE wird den Benutzer nicht um eine Best\u00e4tigung der Lieferung bitten, bevor die Zahlung bearbeitet wird. <\/p>\n<p class=\"p1\"><b>Einmalige Buchungen:<\/b><b><\/b><\/p>\n<p class=\"p3\">Bei einmaligen Prepaid-Buchungen (Kreditkarte, Debitkarte, ApplePay, GooglePay usw.) wird der Betrag, der dem Wert der Dienstleistung entspricht, auf der Karte des Nutzers vorautorisiert, und die endg\u00fcltige Abrechnung erfolgt erst nach Abschluss der Dienstleistung und Best\u00e4tigung durch den Anbieter.<\/p>\n<p class=\"p1\"><b>Wiederkehrende Buchungen:<\/b><b><\/b><\/p>\n<p class=\"p3\">Bei wiederkehrenden Buchungen wird die Zahlung nicht im Voraus berechnet. Die Abrechnung erfolgt erst, nachdem jeder Service abgeschlossen und von unserem Partneranbieter best\u00e4tigt wurde. <\/p>\n<hr>\n<h3><b>TRANSAKTIONEN IN MEHREREN W\u00c4HRUNGEN<\/b><\/h3>\n<p class=\"p3\">Der angezeigte Preis und die vom Benutzer gew\u00e4hlte W\u00e4hrung, sofern diese Option verf\u00fcgbar ist, stimmen mit der W\u00e4hrung \u00fcberein, mit der die Karte belastet wird und die auf dem Transaktionsbeleg erscheint.<\/p>\n<p class=\"p3\">Wenn die Mehrwertsteuer oder optionale Zusatzkosten anfallen, wird dem Benutzer der Gesamtbetrag als &#8222;Zu zahlender Gesamtbetrag&#8220; angezeigt.<\/p>\n<hr>\n<h3><b>ZAHLUNGSBEST\u00c4TIGUNG<\/b><\/h3>\n<p class=\"p3\">Der Nutzer erh\u00e4lt eine Zahlungsbest\u00e4tigung \u00fcber die bei der Buchung angegebene E-Mail-Adresse, \u00fcber eine In-App-Benachrichtigung oder \u00fcber beides.<\/p>\n<p class=\"p3\">Die Best\u00e4tigung wird verschickt, sobald die Zahlung bearbeitet wurde.<\/p>\n<hr>\n<h3><b>R\u00dcCKZAHLUNGEN<\/b><\/h3>\n<p class=\"p3\">Wenn FBEE auf der Grundlage der Best\u00e4tigung eines Partnerdienstleisters einen Nutzer belastet, obwohl die Dienstleistung nicht tats\u00e4chlich erbracht wurde, erstattet FBEE den vollen Betrag.<\/p>\n<p class=\"p3\">Es liegt in der Verantwortung des Benutzers, FBEE \u00fcber einen solchen Fall per E-Mail zu informieren unter <span class=\"s2\"><b>office@fbee.me<\/b><\/span> innerhalb von 24 Stunden nach der geplanten Servicezeit zu melden.<\/p>\n<p class=\"p3\">Alle anderen R\u00fcckerstattungen, einschlie\u00dflich der oben genannten, werden \u00fcber die urspr\u00fcngliche Zahlungsmethode abgewickelt &#8211; nach dem Ermessen von FBEE.<\/p>\n<hr>\n<h3><b>STORNOGEB\u00dcHREN<\/b><\/h3>\n<p class=\"p3\">Benutzer, die Dienstleistungen \u00fcber die Website oder die App buchen, k\u00f6nnen ihre Buchungen verwalten, indem sie sich in ihr Konto einloggen oder eine E-Mail schicken.<\/p>\n<p class=\"p3\">Das Datum, die Uhrzeit oder die Details des Services k\u00f6nnen ge\u00e4ndert werden, wenn dies rechtzeitig vor Beginn des Services geschieht.<\/p>\n<p class=\"p3\">Wenn ein Nutzer eine Stornierung oder \u00c4nderung nicht rechtzeitig anzeigt, k\u00f6nnen Stornierungsgeb\u00fchren anfallen.<\/p>\n<p class=\"p3\">Diese Geb\u00fchren werden durch die geltenden Stornierungsbedingungen geregelt, die von Zeit zu Zeit aktualisiert werden k\u00f6nnen.<\/p>\n<p class=\"p3\">Mit der Bestellung von Dienstleistungen \u00fcber die Website erkl\u00e4rt sich der Nutzer mit diesen Bedingungen einverstanden und verpflichtet sich zur Zahlung der anfallenden Geb\u00fchren.<\/p>\n<p class=\"p3\">FBEE beh\u00e4lt sich das Recht vor, diese Geb\u00fchren mit rechtlichen Mitteln einzutreiben oder den weiteren Zugang zu den Diensten der Website zu beschr\u00e4nken.<\/p>\n<hr>\n<h3><b>STORNIERUNG UND NICHTERSCHEINEN<\/b><\/h3>\n<p class=\"p3\">Wenn ein Antrag auf Stornierung oder \u00c4nderung weniger als 6 Stunden vor Beginn des Services eingereicht wird, gilt dies als <span class=\"s2\"><b>sp\u00e4te Stornierung<\/b><\/span>.<\/p>\n<p class=\"p3\">Wenn der Kunde zum vereinbarten Zeitpunkt nicht am vereinbarten Ort anwesend ist und die Dienstleistung nicht erbracht werden kann, gilt dies als <span class=\"s2\"><b>Nichterscheinen<\/b><\/span>.<\/p>\n<p class=\"p3\">In solchen F\u00e4llen fallen Stornierungsgeb\u00fchren an, deren H\u00f6he von der Art der Dienstleistung abh\u00e4ngt.<\/p>\n<hr>\n<h3><b>ANWENDUNG DER GEB\u00dcHREN<\/b><\/h3>\n<ul>\n<li>\n<p class=\"p1\">Etwaige Stornierungsgeb\u00fchren werden dem Kunden bei der Einreichung einer Stornierungs- oder \u00c4nderungsanfrage mitgeteilt.<\/p>\n<\/li>\n<li>\n<p class=\"p1\">Die Geb\u00fchren werden zum Zeitpunkt der Stornierung (bei versp\u00e4teten Stornierungen) oder nach Abschluss der Dienstleistung (bei versp\u00e4teten \u00c4nderungen) erhoben.<\/p>\n<\/li>\n<li>\n<p class=\"p1\">Die Geb\u00fchren f\u00fcr das Nichterscheinen werden erhoben, sobald FBEE eine Benachrichtigung vom Partneranbieter erh\u00e4lt.<\/p>\n<\/li>\n<li>\n<p class=\"p1\">Wenn eine Vorautorisierung auf der Karte vorgenommen wurde und der Service mehr als 6 Stunden im Voraus storniert wird, wird der volle Betrag auf die Karte oder die Brieftasche zur\u00fcckerstattet.<\/p>\n<\/li>\n<li>\n<p class=\"p1\">Wenn der Buchungsbetrag im Voraus autorisiert wurde und eine versp\u00e4tete Stornierung oder ein Nichterscheinen erfolgt, wird der autorisierte Betrag gem\u00e4\u00df den Stornierungsrichtlinien ganz oder teilweise eingezogen und der Restbetrag (falls vorhanden) wird auf die Karte oder die urspr\u00fcngliche Zahlungsmethode zur\u00fcckerstattet.<\/p>\n<\/li>\n<li>\n<p class=\"p1\">Die H\u00f6he der Geb\u00fchr wird Ihnen zum Zeitpunkt der Stornierung mitgeteilt und per E-Mail oder In-App-Benachrichtigung best\u00e4tigt.<\/p>\n<\/li>\n<\/ul>\n<hr>\n<\/div>\n<div class=\"general_content\">\n<div id=\"cancellations-policy\">\n<h4><b><strong>STORNIERUNGSBEDINGUNGEN<\/strong><\/b><\/h4>\n<table>\n<tbody>\n<tr>\n<td>\n<p class=\"p1\">Innerhalb von 15 Minuten nach der Buchung<\/p>\n<\/td>\n<td>\n<p class=\"p1\">Kostenfrei<\/p>\n<\/td>\n<\/tr>\n<tr>\n<td>\n<p class=\"p1\">Mehr als 48 Stunden vor Servicebeginn<\/p>\n<\/td>\n<td>\n<p class=\"p1\">Kostenfrei<\/p>\n<\/td>\n<\/tr>\n<tr>\n<td>\n<p class=\"p1\">Weniger als 48 Stunden vor Servicebeginn<\/p>\n<\/td>\n<td>\n<p class=\"p1\">100% des Preises der Dienstleistung (max. 150 \u20ac)<\/p>\n<\/td>\n<\/tr>\n<tr>\n<td>\n<p class=\"p1\">Nachdem der Dienst gestartet ist<\/p>\n<\/td>\n<td>\n<p class=\"p1\">100% des Preises der Dienstleistung (max. 150 \u20ac)<\/p>\n<\/td>\n<\/tr>\n<\/tbody>\n<\/table>\n<\/div>\n<\/div>\n","protected":false},"excerpt":{"rendered":"<p>Zahlungsbedingungen von SEJFMAN s. r. o. (&#8222;FBEE&#8220;) Dies sind die Zahlungsbedingungen von SEJFMAN s. r. o. (im Folgenden &#8222;FBEE&#8220; genannt). Diese Bedingungen gelten ausschlie\u00dflich f\u00fcr Aktivit\u00e4ten, die von FBEE auf ihrer Website fbee.me und\/oder \u00fcber die zugeh\u00f6rigen mobilen Anwendungen (&#8222;FBEE&#8220;) durchgef\u00fchrt werden, und gelten nicht f\u00fcr &#8222;Offline&#8220;-Aktivit\u00e4ten oder solche, die nicht mit der Website in [&hellip;]<\/p>\n","protected":false},"author":2,"featured_media":0,"parent":0,"menu_order":0,"comment_status":"closed","ping_status":"closed","template":"page-templates\/template-documents.php","meta":{"_acf_changed":false,"footnotes":""},"class_list":["post-3687","page","type-page","status-publish","hentry"],"acf":[],"yoast_head":"<!-- This site is optimized with the Yoast SEO plugin v26.0 - https:\/\/yoast.com\/wordpress\/plugins\/seo\/ -->\n<title>Zahlungs- und Erstattungsbedingungen - FBEE<\/title>\n<meta name=\"robots\" content=\"index, follow, max-snippet:-1, max-image-preview:large, max-video-preview:-1\" \/>\n<link rel=\"canonical\" href=\"https:\/\/www.fbee.me\/de\/zahlungspolitik\/\" \/>\n<meta property=\"og:locale\" content=\"de_DE\" \/>\n<meta property=\"og:type\" content=\"article\" \/>\n<meta property=\"og:title\" content=\"Zahlungs- und Erstattungsbedingungen - FBEE\" \/>\n<meta property=\"og:description\" content=\"Zahlungsbedingungen von SEJFMAN s. r. o. (&#8222;FBEE&#8220;) Dies sind die Zahlungsbedingungen von SEJFMAN s. r. o. (im Folgenden &#8222;FBEE&#8220; genannt). Diese Bedingungen gelten ausschlie\u00dflich f\u00fcr Aktivit\u00e4ten, die von FBEE auf ihrer Website fbee.me und\/oder \u00fcber die zugeh\u00f6rigen mobilen Anwendungen (&#8222;FBEE&#8220;) durchgef\u00fchrt werden, und gelten nicht f\u00fcr &#8222;Offline&#8220;-Aktivit\u00e4ten oder solche, die nicht mit der Website in [&hellip;]\" \/>\n<meta property=\"og:url\" content=\"https:\/\/www.fbee.me\/de\/zahlungspolitik\/\" \/>\n<meta property=\"og:site_name\" content=\"FBEE\" \/>\n<meta property=\"article:modified_time\" content=\"2025-10-30T16:56:53+00:00\" \/>\n<meta name=\"twitter:card\" content=\"summary_large_image\" \/>\n<meta name=\"twitter:label1\" content=\"Gesch\u00e4tzte Lesezeit\" \/>\n\t<meta name=\"twitter:data1\" content=\"4\u00a0Minuten\" \/>\n<script type=\"application\/ld+json\" class=\"yoast-schema-graph\">{\"@context\":\"https:\/\/schema.org\",\"@graph\":[{\"@type\":\"WebPage\",\"@id\":\"https:\/\/www.fbee.me\/de\/zahlungspolitik\/\",\"url\":\"https:\/\/www.fbee.me\/de\/zahlungspolitik\/\",\"name\":\"Zahlungs- und Erstattungsbedingungen - FBEE\",\"isPartOf\":{\"@id\":\"https:\/\/www.fbee.me\/#website\"},\"datePublished\":\"2025-10-04T09:45:55+00:00\",\"dateModified\":\"2025-10-30T16:56:53+00:00\",\"breadcrumb\":{\"@id\":\"https:\/\/www.fbee.me\/de\/zahlungspolitik\/#breadcrumb\"},\"inLanguage\":\"de\",\"potentialAction\":[{\"@type\":\"ReadAction\",\"target\":[\"https:\/\/www.fbee.me\/de\/zahlungspolitik\/\"]}]},{\"@type\":\"BreadcrumbList\",\"@id\":\"https:\/\/www.fbee.me\/de\/zahlungspolitik\/#breadcrumb\",\"itemListElement\":[{\"@type\":\"ListItem\",\"position\":1,\"name\":\"Home\",\"item\":\"https:\/\/www.fbee.me\/de\/\"},{\"@type\":\"ListItem\",\"position\":2,\"name\":\"Zahlungs- und Erstattungsbedingungen\"}]},{\"@type\":\"WebSite\",\"@id\":\"https:\/\/www.fbee.me\/#website\",\"url\":\"https:\/\/www.fbee.me\/\",\"name\":\"FBEE\",\"description\":\"\",\"publisher\":{\"@id\":\"https:\/\/www.fbee.me\/#organization\"},\"potentialAction\":[{\"@type\":\"SearchAction\",\"target\":{\"@type\":\"EntryPoint\",\"urlTemplate\":\"https:\/\/www.fbee.me\/?s={search_term_string}\"},\"query-input\":{\"@type\":\"PropertyValueSpecification\",\"valueRequired\":true,\"valueName\":\"search_term_string\"}}],\"inLanguage\":\"de\"},{\"@type\":\"Organization\",\"@id\":\"https:\/\/www.fbee.me\/#organization\",\"name\":\"FBEE\",\"url\":\"https:\/\/www.fbee.me\/\",\"logo\":{\"@type\":\"ImageObject\",\"inLanguage\":\"de\",\"@id\":\"https:\/\/www.fbee.me\/#\/schema\/logo\/image\/\",\"url\":\"https:\/\/www.fbee.me\/wp-content\/uploads\/2025\/01\/FBEE_logo_NEW_final_horizontal-2-1.svg\",\"contentUrl\":\"https:\/\/www.fbee.me\/wp-content\/uploads\/2025\/01\/FBEE_logo_NEW_final_horizontal-2-1.svg\",\"width\":1,\"height\":1,\"caption\":\"FBEE\"},\"image\":{\"@id\":\"https:\/\/www.fbee.me\/#\/schema\/logo\/image\/\"}}]}<\/script>\n<!-- \/ Yoast SEO plugin. -->","yoast_head_json":{"title":"Zahlungs- und Erstattungsbedingungen - FBEE","robots":{"index":"index","follow":"follow","max-snippet":"max-snippet:-1","max-image-preview":"max-image-preview:large","max-video-preview":"max-video-preview:-1"},"canonical":"https:\/\/www.fbee.me\/de\/zahlungspolitik\/","og_locale":"de_DE","og_type":"article","og_title":"Zahlungs- und Erstattungsbedingungen - FBEE","og_description":"Zahlungsbedingungen von SEJFMAN s. r. o. (&#8222;FBEE&#8220;) Dies sind die Zahlungsbedingungen von SEJFMAN s. r. o. (im Folgenden &#8222;FBEE&#8220; genannt). Diese Bedingungen gelten ausschlie\u00dflich f\u00fcr Aktivit\u00e4ten, die von FBEE auf ihrer Website fbee.me und\/oder \u00fcber die zugeh\u00f6rigen mobilen Anwendungen (&#8222;FBEE&#8220;) durchgef\u00fchrt werden, und gelten nicht f\u00fcr &#8222;Offline&#8220;-Aktivit\u00e4ten oder solche, die nicht mit der Website in [&hellip;]","og_url":"https:\/\/www.fbee.me\/de\/zahlungspolitik\/","og_site_name":"FBEE","article_modified_time":"2025-10-30T16:56:53+00:00","twitter_card":"summary_large_image","twitter_misc":{"Gesch\u00e4tzte Lesezeit":"4\u00a0Minuten"},"schema":{"@context":"https:\/\/schema.org","@graph":[{"@type":"WebPage","@id":"https:\/\/www.fbee.me\/de\/zahlungspolitik\/","url":"https:\/\/www.fbee.me\/de\/zahlungspolitik\/","name":"Zahlungs- und Erstattungsbedingungen - FBEE","isPartOf":{"@id":"https:\/\/www.fbee.me\/#website"},"datePublished":"2025-10-04T09:45:55+00:00","dateModified":"2025-10-30T16:56:53+00:00","breadcrumb":{"@id":"https:\/\/www.fbee.me\/de\/zahlungspolitik\/#breadcrumb"},"inLanguage":"de","potentialAction":[{"@type":"ReadAction","target":["https:\/\/www.fbee.me\/de\/zahlungspolitik\/"]}]},{"@type":"BreadcrumbList","@id":"https:\/\/www.fbee.me\/de\/zahlungspolitik\/#breadcrumb","itemListElement":[{"@type":"ListItem","position":1,"name":"Home","item":"https:\/\/www.fbee.me\/de\/"},{"@type":"ListItem","position":2,"name":"Zahlungs- und Erstattungsbedingungen"}]},{"@type":"WebSite","@id":"https:\/\/www.fbee.me\/#website","url":"https:\/\/www.fbee.me\/","name":"FBEE","description":"","publisher":{"@id":"https:\/\/www.fbee.me\/#organization"},"potentialAction":[{"@type":"SearchAction","target":{"@type":"EntryPoint","urlTemplate":"https:\/\/www.fbee.me\/?s={search_term_string}"},"query-input":{"@type":"PropertyValueSpecification","valueRequired":true,"valueName":"search_term_string"}}],"inLanguage":"de"},{"@type":"Organization","@id":"https:\/\/www.fbee.me\/#organization","name":"FBEE","url":"https:\/\/www.fbee.me\/","logo":{"@type":"ImageObject","inLanguage":"de","@id":"https:\/\/www.fbee.me\/#\/schema\/logo\/image\/","url":"https:\/\/www.fbee.me\/wp-content\/uploads\/2025\/01\/FBEE_logo_NEW_final_horizontal-2-1.svg","contentUrl":"https:\/\/www.fbee.me\/wp-content\/uploads\/2025\/01\/FBEE_logo_NEW_final_horizontal-2-1.svg","width":1,"height":1,"caption":"FBEE"},"image":{"@id":"https:\/\/www.fbee.me\/#\/schema\/logo\/image\/"}}]}},"_links":{"self":[{"href":"https:\/\/www.fbee.me\/de\/wp-json\/wp\/v2\/pages\/3687","targetHints":{"allow":["GET"]}}],"collection":[{"href":"https:\/\/www.fbee.me\/de\/wp-json\/wp\/v2\/pages"}],"about":[{"href":"https:\/\/www.fbee.me\/de\/wp-json\/wp\/v2\/types\/page"}],"author":[{"embeddable":true,"href":"https:\/\/www.fbee.me\/de\/wp-json\/wp\/v2\/users\/2"}],"replies":[{"embeddable":true,"href":"https:\/\/www.fbee.me\/de\/wp-json\/wp\/v2\/comments?post=3687"}],"version-history":[{"count":1,"href":"https:\/\/www.fbee.me\/de\/wp-json\/wp\/v2\/pages\/3687\/revisions"}],"predecessor-version":[{"id":4271,"href":"https:\/\/www.fbee.me\/de\/wp-json\/wp\/v2\/pages\/3687\/revisions\/4271"}],"wp:attachment":[{"href":"https:\/\/www.fbee.me\/de\/wp-json\/wp\/v2\/media?parent=3687"}],"curies":[{"name":"wp","href":"https:\/\/api.w.org\/{rel}","templated":true}]}}