{"id":2923,"date":"2024-11-27T07:56:19","date_gmt":"2024-11-27T07:56:19","guid":{"rendered":"https:\/\/www.fbee.me\/bedingungen-und-konditionen\/"},"modified":"2025-10-20T11:18:09","modified_gmt":"2025-10-20T11:18:09","slug":"bedingungen-und-konditionen","status":"publish","type":"page","link":"https:\/\/www.fbee.me\/de\/bedingungen-und-konditionen\/","title":{"rendered":"Bedingungen und Konditionen"},"content":{"rendered":"<p class=\"p3\">Fbee.me ist eine Aggregator-Plattform f\u00fcr verschiedene Dienstleistungen, die mit externen Heimdienstleistern zusammenarbeitet, die bei den entsprechenden Lizenz- oder Regulierungsbeh\u00f6rden registriert sind. Die Dienstleistungen werden \u00fcber die Website oder die mobile App bestellt und von diesen Dienstleistern direkt an die Kunden geliefert. <\/p>\n<p class=\"p3\">Diese Allgemeinen Gesch\u00e4ftsbedingungen (&#8222;Vereinbarung&#8220;) legen die allgemeinen Bedingungen f\u00fcr die Nutzung der fbee.me-Website (&#8222;Website&#8220;) und aller damit verbundenen Produkte und Dienstleistungen (zusammenfassend die &#8222;Dienstleistungen&#8220;) fest.<\/p>\n<p class=\"p3\">Diese Vereinbarung ist ein rechtsverbindlicher Vertrag zwischen Ihnen (&#8222;Nutzer&#8220;, &#8222;Sie&#8220; oder &#8222;Ihr&#8220;) und SEJFMAN s. r. o. (&#8222;FBEE&#8220;, &#8222;wir&#8220;, &#8222;uns&#8220; oder &#8222;unser&#8220;). Wenn Sie diese Vereinbarung im Namen eines Unternehmens oder einer anderen juristischen Person abschlie\u00dfen, erkl\u00e4ren Sie, dass Sie die Befugnis haben, diese Person an diese Vereinbarung zu binden. In diesem Fall beziehen sich die Begriffe &#8222;Benutzer&#8220;, &#8222;Sie&#8220; und &#8222;Ihr&#8220; auf diese juristische Person. Wenn Sie nicht \u00fcber eine solche Vollmacht verf\u00fcgen oder mit diesen Bedingungen nicht einverstanden sind, d\u00fcrfen Sie diese Vereinbarung nicht akzeptieren oder die Dienste nutzen.     <\/p>\n<p class=\"p3\">Durch die Nutzung der Dienstleistungen best\u00e4tigen Sie, dass Sie diese Vereinbarung gelesen und verstanden haben und damit einverstanden sind, an sie gebunden zu sein. Sie erkennen an, dass diese Vereinbarung einen Vertrag zwischen Ihnen und FBEE darstellt, auch wenn sie elektronisch und nicht unterschrieben ist, und sie regelt Ihre Nutzung der Dienstleistungen. <\/p>\n<h2><b>Konten und Mitgliedschaft<\/b><\/h2>\n<p class=\"p3\">Wenn Sie ein Konto bei den Diensten erstellen, sind Sie f\u00fcr die Aufrechterhaltung der Sicherheit dieses Kontos und f\u00fcr alle Aktivit\u00e4ten, die unter diesem Konto durchgef\u00fchrt werden, sowie f\u00fcr alle damit verbundenen Handlungen verantwortlich. Das Unternehmen kann, muss aber nicht, neue Konten vor der Anmeldung und Nutzung der Dienste verifizieren. Die Angabe falscher Kontaktinformationen jeglicher Art kann zur K\u00fcndigung Ihres Kontos f\u00fchren.  <\/p>\n<p class=\"p3\">Sie m\u00fcssen uns unverz\u00fcglich \u00fcber jede unbefugte Nutzung Ihres Kontos oder jede andere Sicherheitsverletzung informieren. Wir haften nicht f\u00fcr Handlungen oder Unterlassungen Ihrerseits, einschlie\u00dflich der daraus entstehenden Sch\u00e4den jeglicher Art. <\/p>\n<p class=\"p3\">Wir k\u00f6nnen Ihr Konto (oder einen Teil davon) aussetzen, deaktivieren oder l\u00f6schen, wenn wir feststellen, dass Sie gegen eine Bestimmung dieser Vereinbarung versto\u00dfen haben oder dass Ihr Verhalten oder Ihr Inhalt unserem Ruf schaden k\u00f6nnte. Wenn wir Ihr Konto aus den vorgenannten Gr\u00fcnden l\u00f6schen, d\u00fcrfen Sie sich nicht erneut registrieren. Wir k\u00f6nnen auch Ihre E-Mail-Adresse oder IP-Adresse sperren, um eine weitere Registrierung zu verhindern.  <\/p>\n<h2><b>Benutzer Inhalt<\/b><\/h2>\n<p class=\"p3\">Wir sind nicht Eigent\u00fcmer von Daten, Informationen oder Materialien (zusammenfassend als &#8222;Inhalt&#8220; bezeichnet), die Sie im Rahmen der Nutzung der Dienste \u00fcbermitteln. Sie sind allein verantwortlich f\u00fcr die Richtigkeit, Qualit\u00e4t, Integrit\u00e4t, Rechtm\u00e4\u00dfigkeit, Zuverl\u00e4ssigkeit und Angemessenheit aller \u00fcbermittelten Inhalte sowie f\u00fcr die geistigen Eigentumsrechte oder die Rechte zur Nutzung dieser Inhalte. <\/p>\n<p class=\"p3\">Wir k\u00f6nnen die \u00fcber unsere Dienste eingereichten oder erstellten Inhalte \u00fcberwachen und \u00fcberpr\u00fcfen. Sie erteilen uns die Erlaubnis, auf Ihre Inhalte zuzugreifen, sie zu kopieren, zu verteilen, zu speichern, zu \u00fcbertragen, neu zu formatieren, anzuzeigen und zu verarbeiten, soweit dies f\u00fcr die Bereitstellung der Dienste erforderlich ist. <\/p>\n<p class=\"p3\">Ohne das Vorstehende einzuschr\u00e4nken, haben wir das Recht (aber nicht die Pflicht), nach unserem alleinigen Ermessen Inhalte abzulehnen oder zu entfernen, die nach unserer angemessenen Meinung gegen unsere Richtlinien versto\u00dfen oder sch\u00e4dlich oder unangemessen sind. Sie gew\u00e4hren uns au\u00dferdem die Lizenz, Ihre Inhalte f\u00fcr kommerzielle, Marketing- oder \u00e4hnliche Zwecke zu nutzen, zu reproduzieren, zu modifizieren, zu ver\u00f6ffentlichen oder zu verbreiten. <\/p>\n<h2><b>Rechnungen und Zahlungen<\/b><\/h2>\n<p class=\"p3\">Sie verpflichten sich, alle mit Ihrem Konto verbundenen Geb\u00fchren und Entgelte in \u00dcbereinstimmung mit den zum Zeitpunkt der F\u00e4lligkeit einer Geb\u00fchr oder eines Entgelts geltenden Tarifen und Abrechnungsbedingungen zu zahlen. Die \u00dcbertragung sensibler und privater Daten erfolgt \u00fcber einen SSL-gesicherten Kanal, ist verschl\u00fcsselt und durch digitale Signaturen gesch\u00fctzt. Die Dienste entsprechen den PCI-Standards f\u00fcr das Schwachstellenmanagement, um eine m\u00f6glichst sichere Umgebung f\u00fcr die Benutzer zu schaffen.  <\/p>\n<p class=\"p3\">Als zus\u00e4tzliche Sicherheitsma\u00dfnahme f\u00fchren wir regelm\u00e4\u00dfig Malware-Scans durch. Wir behalten uns das Recht vor, Produkte und Preise jederzeit zu \u00e4ndern. Wir behalten uns auch das Recht vor, jede Bestellung abzulehnen.  <\/p>\n<p class=\"p3\">Nach unserem alleinigen Ermessen k\u00f6nnen wir die pro Person, pro Haushalt oder pro Bestellung gekauften Mengen begrenzen oder stornieren. Diese Beschr\u00e4nkungen k\u00f6nnen auch f\u00fcr Bestellungen gelten, die von oder unter demselben Kundenkonto, derselben Kreditkarte oder unter derselben Rechnungs- und\/oder Lieferadresse aufgegeben wurden. <\/p>\n<p class=\"p3\">Wenn wir eine Bestellung \u00e4ndern oder stornieren, werden wir versuchen, Sie \u00fcber die E-Mail oder andere Kontaktinformationen zu benachrichtigen, die Sie zum Zeitpunkt der Bestellung angegeben haben.<\/p>\n<h2><b>Genauigkeit der Informationen<\/b><\/h2>\n<p class=\"p3\">Von Zeit zu Zeit k\u00f6nnen die \u00fcber die Dienste verf\u00fcgbaren Informationen typografische Fehler, Ungenauigkeiten oder Auslassungen in Bezug auf Produktbeschreibungen, Preise, Verf\u00fcgbarkeit, Werbeaktionen oder Angebote enthalten. Wir behalten uns das Recht vor, solche Fehler, Ungenauigkeiten oder Auslassungen zu korrigieren und Informationen zu \u00e4ndern oder zu aktualisieren oder Bestellungen zu stornieren, wenn Informationen in den Diensten ungenau sind, jederzeit und ohne vorherige Ank\u00fcndigung (auch nachdem Sie eine Bestellung aufgegeben haben). <\/p>\n<p class=\"p3\">Wir sind nicht verpflichtet, Informationen in den Diensten, einschlie\u00dflich Preisinformationen, zu aktualisieren, zu \u00e4ndern oder zu erl\u00e4utern, es sei denn, dies ist gesetzlich vorgeschrieben. Ein in den Diensten angegebenes Aktualisierungs- oder Auffrischungsdatum ist nicht als Hinweis darauf zu verstehen, dass alle Informationen ge\u00e4ndert oder aktualisiert wurden. <\/p>\n<h2><b>Dienstleistungen von Drittanbietern<\/b><\/h2>\n<p class=\"p3\">Wenn Sie sich daf\u00fcr entscheiden, Dienste von Drittanbietern zu aktivieren, auf sie zuzugreifen oder sie zu nutzen (z. B. Dienste zur Identit\u00e4ts\u00fcberpr\u00fcfung), erkennen Sie an, dass Ihr Zugang zu diesen Diensten und deren Nutzung ausschlie\u00dflich durch die Gesch\u00e4ftsbedingungen dieser Dienste geregelt werden. FBEE bef\u00fcrwortet diese Dienste nicht, ist nicht f\u00fcr sie verantwortlich oder haftbar und gibt keine Zusicherungen in Bezug auf irgendeinen Aspekt dieser Dienste ab, einschlie\u00dflich, aber nicht beschr\u00e4nkt auf ihren Inhalt, die Art und Weise, wie sie mit Daten (einschlie\u00dflich Ihrer pers\u00f6nlichen Daten) umgehen, oder jegliche Interaktion zwischen Ihnen und dem Anbieter dieser Dienste. <\/p>\n<p class=\"p3\">Sie verzichten unwiderruflich auf jegliche Anspr\u00fcche gegen FBEE in Bezug auf solche Dienste Dritter. FBEE haftet nicht f\u00fcr Sch\u00e4den oder Verluste, die durch oder in Verbindung mit Ihrer Erm\u00f6glichung, Ihrem Zugang oder Ihrer Nutzung solcher Dienste oder Ihrem Vertrauen auf deren Datenschutzrichtlinien, Datensicherheitsprozesse oder andere Richtlinien verursacht wurden oder angeblich verursacht wurden. <\/p>\n<p class=\"p3\">Es kann erforderlich sein, dass Sie sich f\u00fcr solche Dienste auf den jeweiligen Plattformen registrieren oder anmelden m\u00fcssen. Indem Sie solche Dienste aktivieren, erlauben Sie FBEE ausdr\u00fccklich, Ihre Daten weiterzugeben, soweit dies zur Erleichterung Ihrer Nutzung des Dienstes erforderlich ist. <\/p>\n<h2><b>Backups<\/b><\/h2>\n<p class=\"p3\">Wir erstellen regelm\u00e4\u00dfig Sicherungskopien der Website und ihrer Inhalte und bem\u00fchen uns nach besten Kr\u00e4ften, die Vollst\u00e4ndigkeit und Richtigkeit dieser Sicherungskopien zu gew\u00e4hrleisten. Im Falle eines Hardwareausfalls oder Datenverlusts werden die Backups automatisch wiederhergestellt, um die Auswirkungen und Ausfallzeiten zu minimieren. <\/p>\n<h2><b>Links zu anderen Ressourcen<\/b><\/h2>\n<p class=\"p3\">Obwohl die Dienste auf andere Ressourcen (z.B. Websites oder mobile Anwendungen) verlinken k\u00f6nnen, bedeutet dies nicht, dass wir diese bef\u00fcrworten, sponsern, unterst\u00fctzen oder anderweitig formell mit ihnen verbunden sind, es sei denn, dies ist ausdr\u00fccklich angegeben. Wir sind nicht daf\u00fcr verantwortlich, den Inhalt oder die Angebote solcher Ressourcen zu pr\u00fcfen oder zu bewerten, und wir \u00fcbernehmen keine Garantie daf\u00fcr. <\/p>\n<p class=\"p3\">Wir \u00fcbernehmen keine Verantwortung f\u00fcr die Handlungen, Produkte, Dienstleistungen oder Inhalte von Drittanbietern. Sie sollten die rechtlichen Hinweise und Nutzungsbedingungen jeder verlinkten Ressource, auf die Sie zugreifen, sorgf\u00e4ltig pr\u00fcfen. Die Nutzung von externen Links erfolgt auf Ihr eigenes Risiko.  <\/p>\n<h2><b>\u00dcberweisungen an Drittanbieter von h\u00e4uslichen Dienstleistungen<\/b><\/h2>\n<p class=\"p3\">Durch die Nutzung unserer Website oder App erkl\u00e4ren Sie sich damit einverstanden, dass wir Sie mit Drittanbietern verbinden oder an sie verweisen k\u00f6nnen, die auf die angeforderte Dienstleistung spezialisiert sind. In solchen F\u00e4llen agieren wir als Vermittler zwischen Ihnen und dem Anbieter. <\/p>\n<p class=\"p3\">In Bezug auf die Erbringung der Dienstleistung ist und bleibt der Dienstleister ein unabh\u00e4ngiger Auftragnehmer. Nichts in dieser Vereinbarung begr\u00fcndet eine Vereinigung, eine treuh\u00e4nderische Beziehung, eine Partnerschaft, ein Joint Venture oder eine andere gesch\u00e4ftliche Einheit zwischen uns und dem Anbieter und erlegt auch keine \u00e4hnliche Verpflichtung auf. <\/p>\n<h2><b>Verbotene Verwendungen<\/b><\/h2>\n<p class=\"p3\">Zus\u00e4tzlich zu den anderen in dieser Vereinbarung festgelegten Bedingungen ist es Ihnen untersagt, die Dienste oder Inhalte zu nutzen:<\/p>\n<p class=\"p3\">(a) f\u00fcr einen ungesetzlichen Zweck;<\/p>\n<p class=\"p3\">(b) andere zur Durchf\u00fchrung oder Teilnahme an rechtswidrigen Handlungen aufzufordern;<\/p>\n<p class=\"p3\">(c) internationale, bundesstaatliche, regionale oder lokale Gesetze, Regeln oder Vorschriften zu verletzen;<\/p>\n<p class=\"p3\">(d) die geistigen Eigentumsrechte von uns oder Dritten zu verletzen;<\/p>\n<p class=\"p3\">(e) Personen aufgrund ihres Geschlechts, ihrer sexuellen Orientierung, ihrer Religion, ihrer ethnischen Zugeh\u00f6rigkeit, ihrer Ethnie, ihres Alters, ihrer Nationalit\u00e4t oder ihrer Behinderung zu bel\u00e4stigen, zu beschimpfen, zu beleidigen, zu verleumden, einzusch\u00fcchtern, zu diskriminieren oder zu sch\u00e4digen;<\/p>\n<p class=\"p3\">(f) falsche oder irref\u00fchrende Angaben zu machen;<\/p>\n<p class=\"p3\">(g) Viren oder jede andere Art von b\u00f6sartigem Code hochzuladen oder zu \u00fcbertragen, die die Funktionalit\u00e4t oder den Betrieb der Dienste, der Produkte Dritter oder des Internets beeintr\u00e4chtigen k\u00f6nnen;<\/p>\n<p class=\"p3\">(h) f\u00fcr Spamming, Phishing, Pharming, Pretexting oder automatisches Scraping oder Crawling;<\/p>\n<p class=\"p3\">(i) zu einem obsz\u00f6nen oder unmoralischen Zweck; oder<\/p>\n<p class=\"p3\">(j) zu versuchen, die Sicherheitsfunktionen der Dienste oder anderer Produkte zu umgehen oder zu st\u00f6ren.<\/p>\n<p class=\"p3\">Wir behalten uns das Recht vor, Ihre Nutzung der Dienste zu beenden, wenn Sie gegen eine der verbotenen Nutzungen versto\u00dfen.<\/p>\n<h2><b>Rechte an geistigem Eigentum<\/b><\/h2>\n<p class=\"p3\">&#8222;Geistige Eigentumsrechte&#8220; bedeutet alle gegenw\u00e4rtigen und zuk\u00fcnftigen Rechte, die durch Gesetz, Gewohnheitsrecht oder Billigkeitsrecht an oder in Bezug auf Urheberrechte, Marken, Designs, Patente, Erfindungen, Goodwill, Nutzungsrechte und alle anderen geistigen Eigentumsrechte &#8211; registriert oder nicht registriert &#8211; gew\u00e4hrt werden, sowie alle Antr\u00e4ge auf Registrierung, \u00fcberall auf der Welt.<\/p>\n<p class=\"p3\">Durch diese Vereinbarung werden keine geistigen Eigentumsrechte von FBEE oder Dritten auf Sie \u00fcbertragen. Alle Rechte, Titel und Interessen verbleiben ausschlie\u00dflich bei FBEE. <\/p>\n<p class=\"p3\">Alle Marken, Dienstleistungsmarken, Grafiken und Logos, die in Verbindung mit den Dienstleistungen verwendet werden, sind Eigentum der FBEE oder ihrer Lizenzgeber. Ihre Nutzung der Dienste gew\u00e4hrt Ihnen kein Recht und keine Lizenz zur Reproduktion oder anderweitigen Nutzung dieser Marken. <\/p>\n<h2><b>Ausschluss von Garantien<\/b><\/h2>\n<p class=\"p3\">Die Dienste werden ohne M\u00e4ngelgew\u00e4hr und wie verf\u00fcgbar bereitgestellt, und Sie nutzen sie ausschlie\u00dflich auf eigenes Risiko. Wir lehnen ausdr\u00fccklich alle Garantien jeglicher Art ab, ob ausdr\u00fccklich oder stillschweigend, einschlie\u00dflich, aber nicht beschr\u00e4nkt auf, stillschweigende Garantien der Marktg\u00e4ngigkeit, der Eignung f\u00fcr einen bestimmten Zweck und der Nichtverletzung von Rechten. <\/p>\n<p class=\"p3\">Wir garantieren nicht, dass die Dienste Ihren Anforderungen entsprechen, unterbrechungsfrei, sicher oder fehlerfrei sind oder dass die Ergebnisse, die durch die Nutzung der Dienste erzielt werden, genau oder zuverl\u00e4ssig sind. Alle Materialien oder Daten, die Sie \u00fcber die Dienste herunterladen, werden auf Ihr eigenes Risiko heruntergeladen, und Sie tragen die alleinige Verantwortung f\u00fcr jeglichen Datenverlust oder Schaden an Ihrem Ger\u00e4t. <\/p>\n<h2><b>Einschr\u00e4nkung der Haftung<\/b><\/h2>\n<p class=\"p3\">FBEE, seine verbundenen Unternehmen, Direktoren, Mitarbeiter, Vertreter, Lieferanten und Lizenzgeber haften nicht f\u00fcr indirekte, zuf\u00e4llige, besondere oder Folgesch\u00e4den (einschlie\u00dflich, aber nicht beschr\u00e4nkt auf entgangene Gewinne, Einnahmen, Gesch\u00e4ftsm\u00f6glichkeiten, Firmenwert, Daten oder Gesch\u00e4ftsunterbrechungen), unabh\u00e4ngig davon, wie diese verursacht wurden, sei es durch Vertrag, Fahrl\u00e4ssigkeit oder eine andere Haftungstheorie.<\/p>\n<p class=\"p3\">Die Gesamthaftung von FBEE Ihnen gegen\u00fcber \u00fcbersteigt nicht 1 EUR oder den Betrag, den Sie innerhalb eines Monats vor dem Ereignis, das den Anspruch begr\u00fcndet, tats\u00e4chlich bezahlt haben, je nachdem, welcher Betrag h\u00f6her ist. Diese Beschr\u00e4nkungen gelten auch dann, wenn das oben genannte Rechtsmittel seinen wesentlichen Zweck verfehlt. <\/p>\n<h2><b>Entsch\u00e4digung<\/b><\/h2>\n<p class=\"p3\">Sie erkl\u00e4ren sich damit einverstanden, FBEE, seine verbundenen Unternehmen, Direktoren, Mitarbeiter, Vertreter und Lizenzgeber von allen Anspr\u00fcchen, Verlusten, Sch\u00e4den oder Kosten (einschlie\u00dflich angemessener Anwaltsgeb\u00fchren) freizustellen, die sich aus oder im Zusammenhang mit Ihren Inhalten, Ihrer Nutzung der Dienste oder Ihrem vors\u00e4tzlichen Fehlverhalten ergeben.<\/p>\n<h2><b>Trennbarkeit<\/b><\/h2>\n<p class=\"p3\">Alle Rechte und Einschr\u00e4nkungen in diesem Vertrag gelten nur insoweit, als sie nicht gegen geltendes Recht versto\u00dfen. Sollte eine Bestimmung von einem Gericht f\u00fcr ung\u00fcltig oder nicht durchsetzbar befunden werden, bleiben die \u00fcbrigen Bestimmungen in vollem Umfang in Kraft und wirksam. <\/p>\n<h2><b>Streitschlichtung<\/b><\/h2>\n<p class=\"p3\">Das Zustandekommen, die Auslegung und die Erf\u00fcllung dieses Vertrags unterliegen den materiellen und prozessualen Gesetzen der Gerichtsbarkeit, in der FBEE t\u00e4tig ist, ohne Ber\u00fccksichtigung von Kollisionsnormen. Die Gerichte dieser Gerichtsbarkeit haben die ausschlie\u00dfliche Zust\u00e4ndigkeit. <\/p>\n<h2><b>Zuweisung<\/b><\/h2>\n<p class=\"p3\">Sie sind nicht berechtigt, Ihre Rechte oder Pflichten aus dieser Vereinbarung ohne die vorherige schriftliche Zustimmung von FBEE abzutreten, unterzulizenzieren oder anderweitig zu \u00fcbertragen. FBEE kann seine Rechte oder Pflichten jederzeit an einen Dritten abtreten, zum Beispiel in Verbindung mit einem Unternehmensverkauf oder einer Fusion. <\/p>\n<h2><b>\u00c4nderungen und Erg\u00e4nzungen<\/b><\/h2>\n<p class=\"p3\">Wir behalten uns das Recht vor, diese Vereinbarung oder die Bedingungen der Services jederzeit nach eigenem Ermessen zu \u00e4ndern. Die aktualisierte Version tritt mit der Ver\u00f6ffentlichung in Kraft, sofern nicht anders angegeben. Wenn Sie die Services nach diesem Datum weiterhin nutzen, erkl\u00e4ren Sie sich mit den \u00c4nderungen einverstanden.  <\/p>\n<h2><b>\u00dcber gesundheitsbezogene Dienstleistungen<\/b><\/h2>\n<p class=\"p3\">F\u00fcr gesundheitsbezogene Dienstleistungen speichert FBEE keine pers\u00f6nlichen Gesundheitsdaten. Solche Daten werden ausschlie\u00dflich von Gesundheitsdienstleistern verarbeitet, die von den Aufsichtsbeh\u00f6rden zugelassen sind. Alle anderen Daten werden in \u00dcbereinstimmung mit unserer Datenschutzrichtlinie verarbeitet. Die Verantwortung f\u00fcr alle medizinischen Verfahren, einschlie\u00dflich Verabreichung, Tests, Analysen oder Diagnosen, liegt ausschlie\u00dflich bei den autorisierten Gesundheitsdienstleistern.   <\/p>\n<h2><b>Akzeptanz der Bedingungen<\/b><\/h2>\n<p class=\"p3\">Sie best\u00e4tigen, dass Sie diese Vereinbarung gelesen und verstanden haben und dass Sie mit allen Bedingungen einverstanden sind. Wenn Sie nicht einverstanden sind, d\u00fcrfen Sie die Services nicht nutzen. <\/p>\n<h2><b>Kontakt<\/b><\/h2>\n<p class=\"p3\">Wenn Sie Fragen, Kommentare oder Beschwerden zu dieser Vereinbarung haben, k\u00f6nnen Sie uns unter folgender Adresse kontaktieren:<\/p>\n<p class=\"p3\">E-Mail: office@fbee.me<\/p>\n","protected":false},"excerpt":{"rendered":"<p>Fbee.me ist eine Aggregator-Plattform f\u00fcr verschiedene Dienstleistungen, die mit externen Heimdienstleistern zusammenarbeitet, die bei den entsprechenden Lizenz- oder Regulierungsbeh\u00f6rden registriert sind. Die Dienstleistungen werden \u00fcber die Website oder die mobile App bestellt und von diesen Dienstleistern direkt an die Kunden geliefert. Diese Allgemeinen Gesch\u00e4ftsbedingungen (&#8222;Vereinbarung&#8220;) legen die allgemeinen Bedingungen f\u00fcr die Nutzung der fbee.me-Website (&#8222;Website&#8220;) [&hellip;]<\/p>\n","protected":false},"author":2,"featured_media":0,"parent":0,"menu_order":0,"comment_status":"closed","ping_status":"closed","template":"page-templates\/template-generic.php","meta":{"_acf_changed":false,"footnotes":""},"class_list":["post-2923","page","type-page","status-publish","hentry"],"acf":[],"yoast_head":"<!-- This site is optimized with the Yoast SEO plugin v26.0 - https:\/\/yoast.com\/wordpress\/plugins\/seo\/ -->\n<title>Bedingungen und Konditionen - FBEE<\/title>\n<meta name=\"robots\" content=\"index, follow, max-snippet:-1, max-image-preview:large, max-video-preview:-1\" \/>\n<link rel=\"canonical\" href=\"https:\/\/www.fbee.me\/de\/bedingungen-und-konditionen\/\" \/>\n<meta property=\"og:locale\" content=\"de_DE\" \/>\n<meta property=\"og:type\" content=\"article\" \/>\n<meta property=\"og:title\" content=\"Bedingungen und Konditionen - FBEE\" \/>\n<meta property=\"og:description\" content=\"Fbee.me ist eine Aggregator-Plattform f\u00fcr verschiedene Dienstleistungen, die mit externen Heimdienstleistern zusammenarbeitet, die bei den entsprechenden Lizenz- oder Regulierungsbeh\u00f6rden registriert sind. Die Dienstleistungen werden \u00fcber die Website oder die mobile App bestellt und von diesen Dienstleistern direkt an die Kunden geliefert. Diese Allgemeinen Gesch\u00e4ftsbedingungen (&#8222;Vereinbarung&#8220;) legen die allgemeinen Bedingungen f\u00fcr die Nutzung der fbee.me-Website (&#8222;Website&#8220;) [&hellip;]\" \/>\n<meta property=\"og:url\" content=\"https:\/\/www.fbee.me\/de\/bedingungen-und-konditionen\/\" \/>\n<meta property=\"og:site_name\" content=\"FBEE\" \/>\n<meta property=\"article:modified_time\" content=\"2025-10-20T11:18:09+00:00\" \/>\n<meta name=\"twitter:card\" content=\"summary_large_image\" \/>\n<meta name=\"twitter:label1\" content=\"Gesch\u00e4tzte Lesezeit\" \/>\n\t<meta name=\"twitter:data1\" content=\"11\u00a0Minuten\" \/>\n<script type=\"application\/ld+json\" class=\"yoast-schema-graph\">{\"@context\":\"https:\/\/schema.org\",\"@graph\":[{\"@type\":\"WebPage\",\"@id\":\"https:\/\/www.fbee.me\/de\/bedingungen-und-konditionen\/\",\"url\":\"https:\/\/www.fbee.me\/de\/bedingungen-und-konditionen\/\",\"name\":\"Bedingungen und Konditionen - FBEE\",\"isPartOf\":{\"@id\":\"https:\/\/www.fbee.me\/#website\"},\"datePublished\":\"2024-11-27T07:56:19+00:00\",\"dateModified\":\"2025-10-20T11:18:09+00:00\",\"breadcrumb\":{\"@id\":\"https:\/\/www.fbee.me\/de\/bedingungen-und-konditionen\/#breadcrumb\"},\"inLanguage\":\"de\",\"potentialAction\":[{\"@type\":\"ReadAction\",\"target\":[\"https:\/\/www.fbee.me\/de\/bedingungen-und-konditionen\/\"]}]},{\"@type\":\"BreadcrumbList\",\"@id\":\"https:\/\/www.fbee.me\/de\/bedingungen-und-konditionen\/#breadcrumb\",\"itemListElement\":[{\"@type\":\"ListItem\",\"position\":1,\"name\":\"Home\",\"item\":\"https:\/\/www.fbee.me\/de\/\"},{\"@type\":\"ListItem\",\"position\":2,\"name\":\"Bedingungen und Konditionen\"}]},{\"@type\":\"WebSite\",\"@id\":\"https:\/\/www.fbee.me\/#website\",\"url\":\"https:\/\/www.fbee.me\/\",\"name\":\"FBEE\",\"description\":\"\",\"publisher\":{\"@id\":\"https:\/\/www.fbee.me\/#organization\"},\"potentialAction\":[{\"@type\":\"SearchAction\",\"target\":{\"@type\":\"EntryPoint\",\"urlTemplate\":\"https:\/\/www.fbee.me\/?s={search_term_string}\"},\"query-input\":{\"@type\":\"PropertyValueSpecification\",\"valueRequired\":true,\"valueName\":\"search_term_string\"}}],\"inLanguage\":\"de\"},{\"@type\":\"Organization\",\"@id\":\"https:\/\/www.fbee.me\/#organization\",\"name\":\"FBEE\",\"url\":\"https:\/\/www.fbee.me\/\",\"logo\":{\"@type\":\"ImageObject\",\"inLanguage\":\"de\",\"@id\":\"https:\/\/www.fbee.me\/#\/schema\/logo\/image\/\",\"url\":\"https:\/\/www.fbee.me\/wp-content\/uploads\/2025\/01\/FBEE_logo_NEW_final_horizontal-2-1.svg\",\"contentUrl\":\"https:\/\/www.fbee.me\/wp-content\/uploads\/2025\/01\/FBEE_logo_NEW_final_horizontal-2-1.svg\",\"width\":1,\"height\":1,\"caption\":\"FBEE\"},\"image\":{\"@id\":\"https:\/\/www.fbee.me\/#\/schema\/logo\/image\/\"}}]}<\/script>\n<!-- \/ Yoast SEO plugin. -->","yoast_head_json":{"title":"Bedingungen und Konditionen - FBEE","robots":{"index":"index","follow":"follow","max-snippet":"max-snippet:-1","max-image-preview":"max-image-preview:large","max-video-preview":"max-video-preview:-1"},"canonical":"https:\/\/www.fbee.me\/de\/bedingungen-und-konditionen\/","og_locale":"de_DE","og_type":"article","og_title":"Bedingungen und Konditionen - FBEE","og_description":"Fbee.me ist eine Aggregator-Plattform f\u00fcr verschiedene Dienstleistungen, die mit externen Heimdienstleistern zusammenarbeitet, die bei den entsprechenden Lizenz- oder Regulierungsbeh\u00f6rden registriert sind. Die Dienstleistungen werden \u00fcber die Website oder die mobile App bestellt und von diesen Dienstleistern direkt an die Kunden geliefert. Diese Allgemeinen Gesch\u00e4ftsbedingungen (&#8222;Vereinbarung&#8220;) legen die allgemeinen Bedingungen f\u00fcr die Nutzung der fbee.me-Website (&#8222;Website&#8220;) [&hellip;]","og_url":"https:\/\/www.fbee.me\/de\/bedingungen-und-konditionen\/","og_site_name":"FBEE","article_modified_time":"2025-10-20T11:18:09+00:00","twitter_card":"summary_large_image","twitter_misc":{"Gesch\u00e4tzte Lesezeit":"11\u00a0Minuten"},"schema":{"@context":"https:\/\/schema.org","@graph":[{"@type":"WebPage","@id":"https:\/\/www.fbee.me\/de\/bedingungen-und-konditionen\/","url":"https:\/\/www.fbee.me\/de\/bedingungen-und-konditionen\/","name":"Bedingungen und Konditionen - FBEE","isPartOf":{"@id":"https:\/\/www.fbee.me\/#website"},"datePublished":"2024-11-27T07:56:19+00:00","dateModified":"2025-10-20T11:18:09+00:00","breadcrumb":{"@id":"https:\/\/www.fbee.me\/de\/bedingungen-und-konditionen\/#breadcrumb"},"inLanguage":"de","potentialAction":[{"@type":"ReadAction","target":["https:\/\/www.fbee.me\/de\/bedingungen-und-konditionen\/"]}]},{"@type":"BreadcrumbList","@id":"https:\/\/www.fbee.me\/de\/bedingungen-und-konditionen\/#breadcrumb","itemListElement":[{"@type":"ListItem","position":1,"name":"Home","item":"https:\/\/www.fbee.me\/de\/"},{"@type":"ListItem","position":2,"name":"Bedingungen und Konditionen"}]},{"@type":"WebSite","@id":"https:\/\/www.fbee.me\/#website","url":"https:\/\/www.fbee.me\/","name":"FBEE","description":"","publisher":{"@id":"https:\/\/www.fbee.me\/#organization"},"potentialAction":[{"@type":"SearchAction","target":{"@type":"EntryPoint","urlTemplate":"https:\/\/www.fbee.me\/?s={search_term_string}"},"query-input":{"@type":"PropertyValueSpecification","valueRequired":true,"valueName":"search_term_string"}}],"inLanguage":"de"},{"@type":"Organization","@id":"https:\/\/www.fbee.me\/#organization","name":"FBEE","url":"https:\/\/www.fbee.me\/","logo":{"@type":"ImageObject","inLanguage":"de","@id":"https:\/\/www.fbee.me\/#\/schema\/logo\/image\/","url":"https:\/\/www.fbee.me\/wp-content\/uploads\/2025\/01\/FBEE_logo_NEW_final_horizontal-2-1.svg","contentUrl":"https:\/\/www.fbee.me\/wp-content\/uploads\/2025\/01\/FBEE_logo_NEW_final_horizontal-2-1.svg","width":1,"height":1,"caption":"FBEE"},"image":{"@id":"https:\/\/www.fbee.me\/#\/schema\/logo\/image\/"}}]}},"_links":{"self":[{"href":"https:\/\/www.fbee.me\/de\/wp-json\/wp\/v2\/pages\/2923","targetHints":{"allow":["GET"]}}],"collection":[{"href":"https:\/\/www.fbee.me\/de\/wp-json\/wp\/v2\/pages"}],"about":[{"href":"https:\/\/www.fbee.me\/de\/wp-json\/wp\/v2\/types\/page"}],"author":[{"embeddable":true,"href":"https:\/\/www.fbee.me\/de\/wp-json\/wp\/v2\/users\/2"}],"replies":[{"embeddable":true,"href":"https:\/\/www.fbee.me\/de\/wp-json\/wp\/v2\/comments?post=2923"}],"version-history":[{"count":2,"href":"https:\/\/www.fbee.me\/de\/wp-json\/wp\/v2\/pages\/2923\/revisions"}],"predecessor-version":[{"id":3740,"href":"https:\/\/www.fbee.me\/de\/wp-json\/wp\/v2\/pages\/2923\/revisions\/3740"}],"wp:attachment":[{"href":"https:\/\/www.fbee.me\/de\/wp-json\/wp\/v2\/media?parent=2923"}],"curies":[{"name":"wp","href":"https:\/\/api.w.org\/{rel}","templated":true}]}}