{"id":2908,"date":"2025-07-21T21:16:50","date_gmt":"2025-07-21T21:16:50","guid":{"rendered":"https:\/\/www.fbee.me\/wartung\/"},"modified":"2025-10-18T02:55:53","modified_gmt":"2025-10-18T02:55:53","slug":"wartung","status":"publish","type":"page","link":"https:\/\/www.fbee.me\/de\/wartung\/","title":{"rendered":"WARTUNG"},"content":{"rendered":"<h3 class=\"p1\"><b>Wartung: Handyman Services &#8211; Perfektion in jedem Detail, Zuverl\u00e4ssigkeit ohne Kompromisse!<\/b><\/h3>\n<p>Der einwandfreie Betrieb einer Immobilie ist kein Zufall &#8211; er ist das Ergebnis sorgf\u00e4ltiger Pflege, un\u00fcbertroffener Fachkenntnisse und der F\u00e4higkeit, Probleme zu l\u00f6sen, bevor sie entstehen. Mit uns haben Sie die vollst\u00e4ndige Kontrolle \u00fcber jeden Aspekt Ihrer Immobilie &#8211; von kleinen Reparaturen bis hin zu umfassender Wartung. <\/p>\n<p>&nbsp;<\/p>\n<h3 class=\"p1\">Sie brauchen eine schnelle, effiziente und zuverl\u00e4ssige L\u00f6sung? Mit uns ist das garantiert! <\/h3>\n<p>Unser Team aus erfahrenen Fachleuten sorgt daf\u00fcr, dass Ihr Zuhause, Ihr B\u00fcro, Ihre Gesch\u00e4ftsr\u00e4ume oder Ihre Produktionsst\u00e4tte rund um die Uhr reibungslos funktioniert &#8211; kein Stress, keine Verz\u00f6gerungen, keine Kompromisse!<\/p>\n","protected":false},"excerpt":{"rendered":"<p>Wartung: Handyman Services &#8211; Perfektion in jedem Detail, Zuverl\u00e4ssigkeit ohne Kompromisse! Der einwandfreie Betrieb einer Immobilie ist kein Zufall &#8211; er ist das Ergebnis sorgf\u00e4ltiger Pflege, un\u00fcbertroffener Fachkenntnisse und der F\u00e4higkeit, Probleme zu l\u00f6sen, bevor sie entstehen. Mit uns haben Sie die vollst\u00e4ndige Kontrolle \u00fcber jeden Aspekt Ihrer Immobilie &#8211; von kleinen Reparaturen bis hin [&hellip;]<\/p>\n","protected":false},"author":2,"featured_media":0,"parent":0,"menu_order":0,"comment_status":"closed","ping_status":"closed","template":"page-templates\/template-category-page.php","meta":{"_acf_changed":false,"footnotes":""},"class_list":["post-2908","page","type-page","status-publish","hentry"],"acf":[],"yoast_head":"<!-- This site is optimized with the Yoast SEO plugin v26.0 - https:\/\/yoast.com\/wordpress\/plugins\/seo\/ -->\n<title>WARTUNG - FBEE<\/title>\n<meta name=\"robots\" content=\"index, follow, max-snippet:-1, max-image-preview:large, max-video-preview:-1\" \/>\n<link rel=\"canonical\" href=\"https:\/\/www.fbee.me\/de\/wartung\/\" \/>\n<meta property=\"og:locale\" content=\"de_DE\" \/>\n<meta property=\"og:type\" content=\"article\" \/>\n<meta property=\"og:title\" content=\"WARTUNG - FBEE\" \/>\n<meta property=\"og:description\" content=\"Wartung: Handyman Services &#8211; Perfektion in jedem Detail, Zuverl\u00e4ssigkeit ohne Kompromisse! Der einwandfreie Betrieb einer Immobilie ist kein Zufall &#8211; er ist das Ergebnis sorgf\u00e4ltiger Pflege, un\u00fcbertroffener Fachkenntnisse und der F\u00e4higkeit, Probleme zu l\u00f6sen, bevor sie entstehen. Mit uns haben Sie die vollst\u00e4ndige Kontrolle \u00fcber jeden Aspekt Ihrer Immobilie &#8211; von kleinen Reparaturen bis hin [&hellip;]\" \/>\n<meta property=\"og:url\" content=\"https:\/\/www.fbee.me\/de\/wartung\/\" \/>\n<meta property=\"og:site_name\" content=\"FBEE\" \/>\n<meta property=\"article:modified_time\" content=\"2025-10-18T02:55:53+00:00\" \/>\n<meta name=\"twitter:card\" content=\"summary_large_image\" \/>\n<meta name=\"twitter:label1\" content=\"Gesch\u00e4tzte Lesezeit\" \/>\n\t<meta name=\"twitter:data1\" content=\"1\u00a0Minute\" \/>\n<script type=\"application\/ld+json\" class=\"yoast-schema-graph\">{\"@context\":\"https:\/\/schema.org\",\"@graph\":[{\"@type\":\"WebPage\",\"@id\":\"https:\/\/www.fbee.me\/de\/wartung\/\",\"url\":\"https:\/\/www.fbee.me\/de\/wartung\/\",\"name\":\"WARTUNG - FBEE\",\"isPartOf\":{\"@id\":\"https:\/\/www.fbee.me\/#website\"},\"datePublished\":\"2025-07-21T21:16:50+00:00\",\"dateModified\":\"2025-10-18T02:55:53+00:00\",\"breadcrumb\":{\"@id\":\"https:\/\/www.fbee.me\/de\/wartung\/#breadcrumb\"},\"inLanguage\":\"de\",\"potentialAction\":[{\"@type\":\"ReadAction\",\"target\":[\"https:\/\/www.fbee.me\/de\/wartung\/\"]}]},{\"@type\":\"BreadcrumbList\",\"@id\":\"https:\/\/www.fbee.me\/de\/wartung\/#breadcrumb\",\"itemListElement\":[{\"@type\":\"ListItem\",\"position\":1,\"name\":\"Home\",\"item\":\"https:\/\/www.fbee.me\/de\/\"},{\"@type\":\"ListItem\",\"position\":2,\"name\":\"WARTUNG\"}]},{\"@type\":\"WebSite\",\"@id\":\"https:\/\/www.fbee.me\/#website\",\"url\":\"https:\/\/www.fbee.me\/\",\"name\":\"FBEE\",\"description\":\"\",\"publisher\":{\"@id\":\"https:\/\/www.fbee.me\/#organization\"},\"potentialAction\":[{\"@type\":\"SearchAction\",\"target\":{\"@type\":\"EntryPoint\",\"urlTemplate\":\"https:\/\/www.fbee.me\/?s={search_term_string}\"},\"query-input\":{\"@type\":\"PropertyValueSpecification\",\"valueRequired\":true,\"valueName\":\"search_term_string\"}}],\"inLanguage\":\"de\"},{\"@type\":\"Organization\",\"@id\":\"https:\/\/www.fbee.me\/#organization\",\"name\":\"FBEE\",\"url\":\"https:\/\/www.fbee.me\/\",\"logo\":{\"@type\":\"ImageObject\",\"inLanguage\":\"de\",\"@id\":\"https:\/\/www.fbee.me\/#\/schema\/logo\/image\/\",\"url\":\"https:\/\/www.fbee.me\/wp-content\/uploads\/2025\/01\/FBEE_logo_NEW_final_horizontal-2-1.svg\",\"contentUrl\":\"https:\/\/www.fbee.me\/wp-content\/uploads\/2025\/01\/FBEE_logo_NEW_final_horizontal-2-1.svg\",\"width\":1,\"height\":1,\"caption\":\"FBEE\"},\"image\":{\"@id\":\"https:\/\/www.fbee.me\/#\/schema\/logo\/image\/\"}}]}<\/script>\n<!-- \/ Yoast SEO plugin. -->","yoast_head_json":{"title":"WARTUNG - FBEE","robots":{"index":"index","follow":"follow","max-snippet":"max-snippet:-1","max-image-preview":"max-image-preview:large","max-video-preview":"max-video-preview:-1"},"canonical":"https:\/\/www.fbee.me\/de\/wartung\/","og_locale":"de_DE","og_type":"article","og_title":"WARTUNG - FBEE","og_description":"Wartung: Handyman Services &#8211; Perfektion in jedem Detail, Zuverl\u00e4ssigkeit ohne Kompromisse! Der einwandfreie Betrieb einer Immobilie ist kein Zufall &#8211; er ist das Ergebnis sorgf\u00e4ltiger Pflege, un\u00fcbertroffener Fachkenntnisse und der F\u00e4higkeit, Probleme zu l\u00f6sen, bevor sie entstehen. Mit uns haben Sie die vollst\u00e4ndige Kontrolle \u00fcber jeden Aspekt Ihrer Immobilie &#8211; von kleinen Reparaturen bis hin [&hellip;]","og_url":"https:\/\/www.fbee.me\/de\/wartung\/","og_site_name":"FBEE","article_modified_time":"2025-10-18T02:55:53+00:00","twitter_card":"summary_large_image","twitter_misc":{"Gesch\u00e4tzte Lesezeit":"1\u00a0Minute"},"schema":{"@context":"https:\/\/schema.org","@graph":[{"@type":"WebPage","@id":"https:\/\/www.fbee.me\/de\/wartung\/","url":"https:\/\/www.fbee.me\/de\/wartung\/","name":"WARTUNG - FBEE","isPartOf":{"@id":"https:\/\/www.fbee.me\/#website"},"datePublished":"2025-07-21T21:16:50+00:00","dateModified":"2025-10-18T02:55:53+00:00","breadcrumb":{"@id":"https:\/\/www.fbee.me\/de\/wartung\/#breadcrumb"},"inLanguage":"de","potentialAction":[{"@type":"ReadAction","target":["https:\/\/www.fbee.me\/de\/wartung\/"]}]},{"@type":"BreadcrumbList","@id":"https:\/\/www.fbee.me\/de\/wartung\/#breadcrumb","itemListElement":[{"@type":"ListItem","position":1,"name":"Home","item":"https:\/\/www.fbee.me\/de\/"},{"@type":"ListItem","position":2,"name":"WARTUNG"}]},{"@type":"WebSite","@id":"https:\/\/www.fbee.me\/#website","url":"https:\/\/www.fbee.me\/","name":"FBEE","description":"","publisher":{"@id":"https:\/\/www.fbee.me\/#organization"},"potentialAction":[{"@type":"SearchAction","target":{"@type":"EntryPoint","urlTemplate":"https:\/\/www.fbee.me\/?s={search_term_string}"},"query-input":{"@type":"PropertyValueSpecification","valueRequired":true,"valueName":"search_term_string"}}],"inLanguage":"de"},{"@type":"Organization","@id":"https:\/\/www.fbee.me\/#organization","name":"FBEE","url":"https:\/\/www.fbee.me\/","logo":{"@type":"ImageObject","inLanguage":"de","@id":"https:\/\/www.fbee.me\/#\/schema\/logo\/image\/","url":"https:\/\/www.fbee.me\/wp-content\/uploads\/2025\/01\/FBEE_logo_NEW_final_horizontal-2-1.svg","contentUrl":"https:\/\/www.fbee.me\/wp-content\/uploads\/2025\/01\/FBEE_logo_NEW_final_horizontal-2-1.svg","width":1,"height":1,"caption":"FBEE"},"image":{"@id":"https:\/\/www.fbee.me\/#\/schema\/logo\/image\/"}}]}},"_links":{"self":[{"href":"https:\/\/www.fbee.me\/de\/wp-json\/wp\/v2\/pages\/2908","targetHints":{"allow":["GET"]}}],"collection":[{"href":"https:\/\/www.fbee.me\/de\/wp-json\/wp\/v2\/pages"}],"about":[{"href":"https:\/\/www.fbee.me\/de\/wp-json\/wp\/v2\/types\/page"}],"author":[{"embeddable":true,"href":"https:\/\/www.fbee.me\/de\/wp-json\/wp\/v2\/users\/2"}],"replies":[{"embeddable":true,"href":"https:\/\/www.fbee.me\/de\/wp-json\/wp\/v2\/comments?post=2908"}],"version-history":[{"count":1,"href":"https:\/\/www.fbee.me\/de\/wp-json\/wp\/v2\/pages\/2908\/revisions"}],"predecessor-version":[{"id":2909,"href":"https:\/\/www.fbee.me\/de\/wp-json\/wp\/v2\/pages\/2908\/revisions\/2909"}],"wp:attachment":[{"href":"https:\/\/www.fbee.me\/de\/wp-json\/wp\/v2\/media?parent=2908"}],"curies":[{"name":"wp","href":"https:\/\/api.w.org\/{rel}","templated":true}]}}